{"id":35794,"date":"2024-03-11T10:41:51","date_gmt":"2024-03-11T08:41:51","guid":{"rendered":"https:\/\/www.masterveil-eu.com\/tilbehoer-der-supplerer-vores-lufttaepper\/"},"modified":"2025-04-14T05:43:41","modified_gmt":"2025-04-14T03:43:41","slug":"tilbehoer-der-supplerer-vores-lufttaepper","status":"publish","type":"page","link":"https:\/\/www.masterveil-eu.com\/da\/tilbehoer-der-supplerer-vores-lufttaepper\/","title":{"rendered":"Tilbeh\u00f8r, der supplerer vores luftt\u00e6pper"},"content":{"rendered":"\t<div class=\"g-block g-product\">\n\t\t<div class=\"g-s-p-related-product__container\">\n\t\t\t<div class=\"g-product-card\"><div class=\"g-product-card__image g-product-card-image\"><a href=\"https:\/\/www.masterveil-eu.com\/da\/tilbehor\/erx-nh-fm\/\"><img decoding=\"async\" class=\"g-image\" src=\"https:\/\/www.masterveil-eu.com\/app\/uploads\/2024\/04\/erx-nh-2-1366x1366.jpg\" srcset=\"https:\/\/www.masterveil-eu.com\/app\/uploads\/2024\/04\/erx-nh-2-1366x1366.jpg 1366w, https:\/\/www.masterveil-eu.com\/app\/uploads\/2024\/04\/erx-nh-2-683x683.jpg 683w, https:\/\/www.masterveil-eu.com\/app\/uploads\/2024\/04\/erx-nh-2-150x150.jpg 150w, https:\/\/www.masterveil-eu.com\/app\/uploads\/2024\/04\/erx-nh-2-768x768.jpg 768w, https:\/\/www.masterveil-eu.com\/app\/uploads\/2024\/04\/erx-nh-2-1536x1536.jpg 1536w, https:\/\/www.masterveil-eu.com\/app\/uploads\/2024\/04\/erx-nh-2-910x910.jpg 910w, https:\/\/www.masterveil-eu.com\/app\/uploads\/2024\/04\/erx-nh-2-455x455.jpg 455w, https:\/\/www.masterveil-eu.com\/app\/uploads\/2024\/04\/erx-nh-2-300x300.jpg 300w, https:\/\/www.masterveil-eu.com\/app\/uploads\/2024\/04\/erx-nh-2.jpg 1920w\" sizes=\"(max-width: 1366px) 100vw, 1366px\" width=\"1366\" height=\"1366\" alt=\"Masterveil ERX-NH styring til uden varme\" style=\"object-position: center center\">\n<\/a><\/div><div class=\"g-product-card__content\"><h3>ERX-NH-FM<\/h3><p>Til styring af luftt\u00e6pper uden varmepakke.<\/p><a class=\"g-button g-button--blank g-button--small\" href=\"https:\/\/www.masterveil-eu.com\/da\/tilbehor\/erx-nh-fm\/\">L\u00e6s mere om det<\/a><\/div><\/div><div class=\"g-product-card\"><div class=\"g-product-card__image g-product-card-image\"><a href=\"https:\/\/www.masterveil-eu.com\/da\/tilbehor\/erx-nh-fp\/\"><img decoding=\"async\" class=\"g-image\" src=\"https:\/\/www.masterveil-eu.com\/app\/uploads\/2024\/04\/erx-nh-2-1366x1366.jpg\" srcset=\"https:\/\/www.masterveil-eu.com\/app\/uploads\/2024\/04\/erx-nh-2-1366x1366.jpg 1366w, https:\/\/www.masterveil-eu.com\/app\/uploads\/2024\/04\/erx-nh-2-683x683.jpg 683w, https:\/\/www.masterveil-eu.com\/app\/uploads\/2024\/04\/erx-nh-2-150x150.jpg 150w, https:\/\/www.masterveil-eu.com\/app\/uploads\/2024\/04\/erx-nh-2-768x768.jpg 768w, https:\/\/www.masterveil-eu.com\/app\/uploads\/2024\/04\/erx-nh-2-1536x1536.jpg 1536w, https:\/\/www.masterveil-eu.com\/app\/uploads\/2024\/04\/erx-nh-2-910x910.jpg 910w, https:\/\/www.masterveil-eu.com\/app\/uploads\/2024\/04\/erx-nh-2-455x455.jpg 455w, https:\/\/www.masterveil-eu.com\/app\/uploads\/2024\/04\/erx-nh-2-300x300.jpg 300w, https:\/\/www.masterveil-eu.com\/app\/uploads\/2024\/04\/erx-nh-2.jpg 1920w\" sizes=\"(max-width: 1366px) 100vw, 1366px\" width=\"1366\" height=\"1366\" alt=\"Masterveil ERX-NH styring til uden varme\" style=\"object-position: center center\">\n<\/a><\/div><div class=\"g-product-card__content\"><h3>ERX-NH-FP<\/h3><p>Til styring af en central ventilatorenhed uden varmepakke og op til 6 luftt\u00e6pper.<\/p><a class=\"g-button g-button--blank g-button--small\" href=\"https:\/\/www.masterveil-eu.com\/da\/tilbehor\/erx-nh-fp\/\">L\u00e6s mere om det<\/a><\/div><\/div><div class=\"g-product-card\"><div class=\"g-product-card__image g-product-card-image\"><a href=\"https:\/\/www.masterveil-eu.com\/da\/tilbehor\/erx-wm-fm\/\"><img decoding=\"async\" class=\"g-image\" src=\"https:\/\/www.masterveil-eu.com\/app\/uploads\/2024\/04\/erx-wb-2-1366x1366.jpg\" srcset=\"https:\/\/www.masterveil-eu.com\/app\/uploads\/2024\/04\/erx-wb-2-1366x1366.jpg 1366w, https:\/\/www.masterveil-eu.com\/app\/uploads\/2024\/04\/erx-wb-2-683x683.jpg 683w, https:\/\/www.masterveil-eu.com\/app\/uploads\/2024\/04\/erx-wb-2-150x150.jpg 150w, https:\/\/www.masterveil-eu.com\/app\/uploads\/2024\/04\/erx-wb-2-768x768.jpg 768w, https:\/\/www.masterveil-eu.com\/app\/uploads\/2024\/04\/erx-wb-2-1536x1536.jpg 1536w, https:\/\/www.masterveil-eu.com\/app\/uploads\/2024\/04\/erx-wb-2-910x910.jpg 910w, https:\/\/www.masterveil-eu.com\/app\/uploads\/2024\/04\/erx-wb-2-455x455.jpg 455w, https:\/\/www.masterveil-eu.com\/app\/uploads\/2024\/04\/erx-wb-2-300x300.jpg 300w, https:\/\/www.masterveil-eu.com\/app\/uploads\/2024\/04\/erx-wb-2.jpg 1920w\" sizes=\"(max-width: 1366px) 100vw, 1366px\" width=\"1366\" height=\"1366\" alt=\"Masterveil ERX-WB styring til vandb&aring;ren varme\" style=\"object-position: center center\">\n<\/a><\/div><div class=\"g-product-card__content\"><h3>ERX-WM-FM<\/h3><p>Til styring af vandopvarmede luftt\u00e6pper.<\/p><a class=\"g-button g-button--blank g-button--small\" href=\"https:\/\/www.masterveil-eu.com\/da\/tilbehor\/erx-wm-fm\/\">L\u00e6s mere om det<\/a><\/div><\/div><div class=\"g-product-card\"><div class=\"g-product-card__image g-product-card-image\"><a href=\"https:\/\/www.masterveil-eu.com\/da\/tilbehor\/erx-wm-fp\/\"><img decoding=\"async\" class=\"g-image\" src=\"https:\/\/www.masterveil-eu.com\/app\/uploads\/2024\/04\/erx-wb-2-1366x1366.jpg\" srcset=\"https:\/\/www.masterveil-eu.com\/app\/uploads\/2024\/04\/erx-wb-2-1366x1366.jpg 1366w, https:\/\/www.masterveil-eu.com\/app\/uploads\/2024\/04\/erx-wb-2-683x683.jpg 683w, https:\/\/www.masterveil-eu.com\/app\/uploads\/2024\/04\/erx-wb-2-150x150.jpg 150w, https:\/\/www.masterveil-eu.com\/app\/uploads\/2024\/04\/erx-wb-2-768x768.jpg 768w, https:\/\/www.masterveil-eu.com\/app\/uploads\/2024\/04\/erx-wb-2-1536x1536.jpg 1536w, https:\/\/www.masterveil-eu.com\/app\/uploads\/2024\/04\/erx-wb-2-910x910.jpg 910w, https:\/\/www.masterveil-eu.com\/app\/uploads\/2024\/04\/erx-wb-2-455x455.jpg 455w, https:\/\/www.masterveil-eu.com\/app\/uploads\/2024\/04\/erx-wb-2-300x300.jpg 300w, https:\/\/www.masterveil-eu.com\/app\/uploads\/2024\/04\/erx-wb-2.jpg 1920w\" sizes=\"(max-width: 1366px) 100vw, 1366px\" width=\"1366\" height=\"1366\" alt=\"Masterveil ERX-WB styring til vandb&aring;ren varme\" style=\"object-position: center center\">\n<\/a><\/div><div class=\"g-product-card__content\"><h3>ERX-WM-FP<\/h3><p>Til styring af en centralenhed med vandvarme og op til 6 luftt\u00e6pper, inklusive filteroverv\u00e5gning.<\/p><a class=\"g-button g-button--blank g-button--small\" href=\"https:\/\/www.masterveil-eu.com\/da\/tilbehor\/erx-wm-fp\/\">L\u00e6s mere om det<\/a><\/div><\/div><div class=\"g-product-card\"><div class=\"g-product-card__image g-product-card-image\"><a href=\"https:\/\/www.masterveil-eu.com\/da\/tilbehor\/erx-wm-fm2\/\"><img decoding=\"async\" class=\"g-image\" src=\"https:\/\/www.masterveil-eu.com\/app\/uploads\/2024\/04\/erx-wb-2-1366x1366.jpg\" srcset=\"https:\/\/www.masterveil-eu.com\/app\/uploads\/2024\/04\/erx-wb-2-1366x1366.jpg 1366w, https:\/\/www.masterveil-eu.com\/app\/uploads\/2024\/04\/erx-wb-2-683x683.jpg 683w, https:\/\/www.masterveil-eu.com\/app\/uploads\/2024\/04\/erx-wb-2-150x150.jpg 150w, https:\/\/www.masterveil-eu.com\/app\/uploads\/2024\/04\/erx-wb-2-768x768.jpg 768w, https:\/\/www.masterveil-eu.com\/app\/uploads\/2024\/04\/erx-wb-2-1536x1536.jpg 1536w, https:\/\/www.masterveil-eu.com\/app\/uploads\/2024\/04\/erx-wb-2-910x910.jpg 910w, https:\/\/www.masterveil-eu.com\/app\/uploads\/2024\/04\/erx-wb-2-455x455.jpg 455w, https:\/\/www.masterveil-eu.com\/app\/uploads\/2024\/04\/erx-wb-2-300x300.jpg 300w, https:\/\/www.masterveil-eu.com\/app\/uploads\/2024\/04\/erx-wb-2.jpg 1920w\" sizes=\"(max-width: 1366px) 100vw, 1366px\" width=\"1366\" height=\"1366\" alt=\"Masterveil ERX-WB styring til vandb&aring;ren varme\" style=\"object-position: center center\">\n<\/a><\/div><div class=\"g-product-card__content\"><h3>ERX-WM-FM2<\/h3><p>Til styring af 2 kompakte vandopvarmede luftt\u00e6pper, f.eks. Compact 400.<\/p><a class=\"g-button g-button--blank g-button--small\" href=\"https:\/\/www.masterveil-eu.com\/da\/tilbehor\/erx-wm-fm2\/\">L\u00e6s mere om det<\/a><\/div><\/div><div class=\"g-product-card\"><div class=\"g-product-card__image g-product-card-image\"><a href=\"https:\/\/www.masterveil-eu.com\/da\/tilbehor\/erx-em-fm\/\"><img decoding=\"async\" class=\"g-image\" src=\"https:\/\/www.masterveil-eu.com\/app\/uploads\/2024\/04\/erx-eh-2-1366x1366.jpg\" srcset=\"https:\/\/www.masterveil-eu.com\/app\/uploads\/2024\/04\/erx-eh-2-1366x1366.jpg 1366w, https:\/\/www.masterveil-eu.com\/app\/uploads\/2024\/04\/erx-eh-2-683x683.jpg 683w, https:\/\/www.masterveil-eu.com\/app\/uploads\/2024\/04\/erx-eh-2-150x150.jpg 150w, https:\/\/www.masterveil-eu.com\/app\/uploads\/2024\/04\/erx-eh-2-768x768.jpg 768w, https:\/\/www.masterveil-eu.com\/app\/uploads\/2024\/04\/erx-eh-2-1536x1536.jpg 1536w, https:\/\/www.masterveil-eu.com\/app\/uploads\/2024\/04\/erx-eh-2-910x910.jpg 910w, https:\/\/www.masterveil-eu.com\/app\/uploads\/2024\/04\/erx-eh-2-455x455.jpg 455w, https:\/\/www.masterveil-eu.com\/app\/uploads\/2024\/04\/erx-eh-2-300x300.jpg 300w, https:\/\/www.masterveil-eu.com\/app\/uploads\/2024\/04\/erx-eh-2.jpg 1920w\" sizes=\"(max-width: 1366px) 100vw, 1366px\" width=\"1366\" height=\"1366\" alt=\"Masterveil ERX-EH styring til elvarme\" style=\"object-position: center center\">\n<\/a><\/div><div class=\"g-product-card__content\"><h3>ERX-EM-FM<\/h3><p>Til styring af elektrisk opvarmede luftgardiner.<\/p><a class=\"g-button g-button--blank g-button--small\" href=\"https:\/\/www.masterveil-eu.com\/da\/tilbehor\/erx-em-fm\/\">L\u00e6s mere om det<\/a><\/div><\/div><div class=\"g-product-card\"><div class=\"g-product-card__image g-product-card-image\"><a href=\"https:\/\/www.masterveil-eu.com\/da\/tilbehor\/erx-em-fp\/\"><img decoding=\"async\" class=\"g-image\" src=\"https:\/\/www.masterveil-eu.com\/app\/uploads\/2024\/04\/erx-eh-2-1366x1366.jpg\" srcset=\"https:\/\/www.masterveil-eu.com\/app\/uploads\/2024\/04\/erx-eh-2-1366x1366.jpg 1366w, https:\/\/www.masterveil-eu.com\/app\/uploads\/2024\/04\/erx-eh-2-683x683.jpg 683w, https:\/\/www.masterveil-eu.com\/app\/uploads\/2024\/04\/erx-eh-2-150x150.jpg 150w, https:\/\/www.masterveil-eu.com\/app\/uploads\/2024\/04\/erx-eh-2-768x768.jpg 768w, https:\/\/www.masterveil-eu.com\/app\/uploads\/2024\/04\/erx-eh-2-1536x1536.jpg 1536w, https:\/\/www.masterveil-eu.com\/app\/uploads\/2024\/04\/erx-eh-2-910x910.jpg 910w, https:\/\/www.masterveil-eu.com\/app\/uploads\/2024\/04\/erx-eh-2-455x455.jpg 455w, https:\/\/www.masterveil-eu.com\/app\/uploads\/2024\/04\/erx-eh-2-300x300.jpg 300w, https:\/\/www.masterveil-eu.com\/app\/uploads\/2024\/04\/erx-eh-2.jpg 1920w\" sizes=\"(max-width: 1366px) 100vw, 1366px\" width=\"1366\" height=\"1366\" alt=\"Masterveil ERX-EH styring til elvarme\" style=\"object-position: center center\">\n<\/a><\/div><div class=\"g-product-card__content\"><h3>ERX-EM-FP<\/h3><p>Til styring af en central enhed med elektrisk opvarmede luftt\u00e6pper og op til 6 luftt\u00e6pper.<\/p><a class=\"g-button g-button--blank g-button--small\" href=\"https:\/\/www.masterveil-eu.com\/da\/tilbehor\/erx-em-fp\/\">L\u00e6s mere om det<\/a><\/div><\/div><div class=\"g-product-card\"><div class=\"g-product-card__image g-product-card-image\"><a href=\"https:\/\/www.masterveil-eu.com\/da\/tilbehor\/pec-ke\/\"><img decoding=\"async\" class=\"g-image\" src=\"https:\/\/www.masterveil-eu.com\/app\/uploads\/2024\/04\/mastervieil-pec-ke-control-1366x1708.jpg\" srcset=\"https:\/\/www.masterveil-eu.com\/app\/uploads\/2024\/04\/mastervieil-pec-ke-control-1366x1708.jpg 1366w, https:\/\/www.masterveil-eu.com\/app\/uploads\/2024\/04\/mastervieil-pec-ke-control-546x683.jpg 546w, https:\/\/www.masterveil-eu.com\/app\/uploads\/2024\/04\/mastervieil-pec-ke-control-1093x1366.jpg 1093w, https:\/\/www.masterveil-eu.com\/app\/uploads\/2024\/04\/mastervieil-pec-ke-control-768x960.jpg 768w, https:\/\/www.masterveil-eu.com\/app\/uploads\/2024\/04\/mastervieil-pec-ke-control-1229x1536.jpg 1229w, https:\/\/www.masterveil-eu.com\/app\/uploads\/2024\/04\/mastervieil-pec-ke-control-910x1138.jpg 910w, https:\/\/www.masterveil-eu.com\/app\/uploads\/2024\/04\/mastervieil-pec-ke-control-683x854.jpg 683w, https:\/\/www.masterveil-eu.com\/app\/uploads\/2024\/04\/mastervieil-pec-ke-control-455x569.jpg 455w, https:\/\/www.masterveil-eu.com\/app\/uploads\/2024\/04\/mastervieil-pec-ke-control-240x300.jpg 240w, https:\/\/www.masterveil-eu.com\/app\/uploads\/2024\/04\/mastervieil-pec-ke-control.jpg 1536w\" sizes=\"(max-width: 1366px) 100vw, 1366px\" width=\"1366\" height=\"1708\" alt=\"Masterveil PEC-KE kontrol til koldluftt&aelig;ppe\" style=\"object-position: center center\">\n<\/a><\/div><div class=\"g-product-card__content\"><h3>PEC-KE<\/h3><p>Styresystem til uopvarmede luftt\u00e6pper med justerbar hastighed<\/p><a class=\"g-button g-button--blank g-button--small\" href=\"https:\/\/www.masterveil-eu.com\/da\/tilbehor\/pec-ke\/\">L\u00e6s mere om det<\/a><\/div><\/div><div class=\"g-product-card\"><div class=\"g-product-card__image g-product-card-image\"><a href=\"https:\/\/www.masterveil-eu.com\/da\/tilbehor\/natgardin-rulledoer\/\"><img decoding=\"async\" class=\"g-image\" src=\"https:\/\/www.masterveil-eu.com\/app\/uploads\/2024\/04\/masterveil-night-curtain-rolling-door-5-1366x1821.jpg\" srcset=\"https:\/\/www.masterveil-eu.com\/app\/uploads\/2024\/04\/masterveil-night-curtain-rolling-door-5-1366x1821.jpg 1366w, https:\/\/www.masterveil-eu.com\/app\/uploads\/2024\/04\/masterveil-night-curtain-rolling-door-5-512x683.jpg 512w, https:\/\/www.masterveil-eu.com\/app\/uploads\/2024\/04\/masterveil-night-curtain-rolling-door-5-1025x1366.jpg 1025w, https:\/\/www.masterveil-eu.com\/app\/uploads\/2024\/04\/masterveil-night-curtain-rolling-door-5-768x1024.jpg 768w, https:\/\/www.masterveil-eu.com\/app\/uploads\/2024\/04\/masterveil-night-curtain-rolling-door-5-1152x1536.jpg 1152w, https:\/\/www.masterveil-eu.com\/app\/uploads\/2024\/04\/masterveil-night-curtain-rolling-door-5-910x1213.jpg 910w, https:\/\/www.masterveil-eu.com\/app\/uploads\/2024\/04\/masterveil-night-curtain-rolling-door-5-683x911.jpg 683w, https:\/\/www.masterveil-eu.com\/app\/uploads\/2024\/04\/masterveil-night-curtain-rolling-door-5-455x607.jpg 455w, https:\/\/www.masterveil-eu.com\/app\/uploads\/2024\/04\/masterveil-night-curtain-rolling-door-5-225x300.jpg 225w, https:\/\/www.masterveil-eu.com\/app\/uploads\/2024\/04\/masterveil-night-curtain-rolling-door-5.jpg 1440w\" sizes=\"(max-width: 1366px) 100vw, 1366px\" width=\"1366\" height=\"1821\" alt=\"Lukket rullegardin ind til k&oslash;lezone i en dagligvarebutik.\" style=\"object-position: center center\">\n<\/a><\/div><div class=\"g-product-card__content\"><h3>Natgardin &#8211; Rulled\u00f8r<\/h3><p>Isoleret natgardin til frugt- og gr\u00f8nt-, mejeri- og k\u00f8dafdelinger i supermarkeder.<\/p><a class=\"g-button g-button--blank g-button--small\" href=\"https:\/\/www.masterveil-eu.com\/da\/tilbehor\/natgardin-rulledoer\/\">L\u00e6s mere om det<\/a><\/div><\/div><div class=\"g-product-card\"><div class=\"g-product-card__image g-product-card-image\"><a href=\"https:\/\/www.masterveil-eu.com\/da\/tilbehor\/kollisionsbeskyttelse-til-luftgardiner\/\"><img decoding=\"async\" class=\"g-image\" src=\"https:\/\/www.masterveil-eu.com\/app\/uploads\/2024\/04\/collision-protection-for-air-curtain-drums.jpg\" srcset=\"https:\/\/www.masterveil-eu.com\/app\/uploads\/2024\/04\/collision-protection-for-air-curtain-drums.jpg 855w, https:\/\/www.masterveil-eu.com\/app\/uploads\/2024\/04\/collision-protection-for-air-curtain-drums-512x683.jpg 512w, https:\/\/www.masterveil-eu.com\/app\/uploads\/2024\/04\/collision-protection-for-air-curtain-drums-768x1024.jpg 768w, https:\/\/www.masterveil-eu.com\/app\/uploads\/2024\/04\/collision-protection-for-air-curtain-drums-683x911.jpg 683w, https:\/\/www.masterveil-eu.com\/app\/uploads\/2024\/04\/collision-protection-for-air-curtain-drums-455x607.jpg 455w, https:\/\/www.masterveil-eu.com\/app\/uploads\/2024\/04\/collision-protection-for-air-curtain-drums-225x300.jpg 225w\" sizes=\"(max-width: 855px) 100vw, 855px\" alt=\"P&aring;k&oslash;rselsbeskyttelse og gulvafd&aelig;kning til Masterveils st&aring;ende luftt&aelig;pper\" style=\"object-position: center center\">\n<\/a><\/div><div class=\"g-product-card__content\"><h3>Kollisionsbeskyttelse til luftgardiner<\/h3><p>Kollisionsbeskyttelse til st\u00e5ende luftt\u00e6ppetromler.<\/p><a class=\"g-button g-button--blank g-button--small\" href=\"https:\/\/www.masterveil-eu.com\/da\/tilbehor\/kollisionsbeskyttelse-til-luftgardiner\/\">L\u00e6s mere om det<\/a><\/div><\/div><div class=\"g-product-card\"><div class=\"g-product-card__image g-product-card-image\"><a href=\"https:\/\/www.masterveil-eu.com\/da\/tilbehor\/skjult-gulvplade-til-lufttaeppetromler\/\"><img decoding=\"async\" class=\"g-image\" src=\"https:\/\/www.masterveil-eu.com\/app\/uploads\/2024\/04\/hidden-floor-plate-drum.jpg\" srcset=\"https:\/\/www.masterveil-eu.com\/app\/uploads\/2024\/04\/hidden-floor-plate-drum.jpg 728w, https:\/\/www.masterveil-eu.com\/app\/uploads\/2024\/04\/hidden-floor-plate-drum-512x683.jpg 512w, https:\/\/www.masterveil-eu.com\/app\/uploads\/2024\/04\/hidden-floor-plate-drum-683x911.jpg 683w, https:\/\/www.masterveil-eu.com\/app\/uploads\/2024\/04\/hidden-floor-plate-drum-455x607.jpg 455w, https:\/\/www.masterveil-eu.com\/app\/uploads\/2024\/04\/hidden-floor-plate-drum-225x300.jpg 225w\" sizes=\"(max-width: 728px) 100vw, 728px\" alt=\"Installation af vertikalt luftt&aelig;ppe ved en butikindgang med en skjult gulvplade.\" style=\"object-position: center center\">\n<\/a><\/div><div class=\"g-product-card__content\"><h3>Skjult gulvplade til luftt\u00e6ppetromler<\/h3><p>Gulvpladen er fors\u00e6nket i gardintromlen.<\/p><a class=\"g-button g-button--blank g-button--small\" href=\"https:\/\/www.masterveil-eu.com\/da\/tilbehor\/skjult-gulvplade-til-lufttaeppetromler\/\">L\u00e6s mere om det<\/a><\/div><\/div><div class=\"g-product-card\"><div class=\"g-product-card__image g-product-card-image\"><a href=\"https:\/\/www.masterveil-eu.com\/da\/tilbehor\/daekring-til-gulvplade-til-lufttaeppetromler\/\"><img decoding=\"async\" class=\"g-image\" src=\"https:\/\/www.masterveil-eu.com\/app\/uploads\/2024\/04\/coverring-for-floor-plate.jpg\" srcset=\"https:\/\/www.masterveil-eu.com\/app\/uploads\/2024\/04\/coverring-for-floor-plate.jpg 914w, https:\/\/www.masterveil-eu.com\/app\/uploads\/2024\/04\/coverring-for-floor-plate-513x683.jpg 513w, https:\/\/www.masterveil-eu.com\/app\/uploads\/2024\/04\/coverring-for-floor-plate-768x1023.jpg 768w, https:\/\/www.masterveil-eu.com\/app\/uploads\/2024\/04\/coverring-for-floor-plate-910x1213.jpg 910w, https:\/\/www.masterveil-eu.com\/app\/uploads\/2024\/04\/coverring-for-floor-plate-683x910.jpg 683w, https:\/\/www.masterveil-eu.com\/app\/uploads\/2024\/04\/coverring-for-floor-plate-455x606.jpg 455w, https:\/\/www.masterveil-eu.com\/app\/uploads\/2024\/04\/coverring-for-floor-plate-225x300.jpg 225w, https:\/\/www.masterveil-eu.com\/app\/uploads\/2024\/04\/coverring-for-floor-plate-512x683.jpg 512w\" sizes=\"(max-width: 914px) 100vw, 914px\" alt=\"P&aring;k&oslash;rselsbeskyttelse og gulvafd&aelig;kning til Masterveils st&aring;ende luftt&aelig;pper\" style=\"object-position: center center\">\n<\/a><\/div><div class=\"g-product-card__content\"><h3>D\u00e6kring til gulvplade til luftt\u00e6ppetromler<\/h3><p>D\u00e6kplade til bundpladen p\u00e5 luftt\u00e6ppetromler for at skjule skruerne.<\/p><a class=\"g-button g-button--blank g-button--small\" href=\"https:\/\/www.masterveil-eu.com\/da\/tilbehor\/daekring-til-gulvplade-til-lufttaeppetromler\/\">L\u00e6s mere om det<\/a><\/div><\/div>\t\t<\/div>\n\t<\/div>\n\t","protected":false},"excerpt":{"rendered":"","protected":false},"author":1,"featured_media":0,"parent":0,"menu_order":0,"comment_status":"closed","ping_status":"closed","template":"","meta":{"_acf_changed":false,"_seopress_robots_primary_cat":"","_seopress_titles_title":"Tilbeh\u00f8r %%sep%% Masterveil Luftt\u00e6ppe","_seopress_titles_desc":"Vores udvalg af tilbeh\u00f8r er designet til at forbedre ydeevnen, \u00f8ge energieffektiviteten og forl\u00e6nge levetiden for dine Masterveil-produkter.","_seopress_robots_index":"","_relevanssi_hide_post":"","_relevanssi_hide_content":"","_relevanssi_pin_for_all":"","_relevanssi_pin_keywords":"","_relevanssi_unpin_keywords":"","_relevanssi_related_keywords":"","_relevanssi_related_include_ids":"","_relevanssi_related_exclude_ids":"","_relevanssi_related_no_append":"","_relevanssi_related_not_related":"","_relevanssi_related_posts":"","_relevanssi_noindex_reason":"","footnotes":""},"class_list":["post-35794","page","type-page","status-publish","hentry"],"acf":[],"_links":{"self":[{"href":"https:\/\/www.masterveil-eu.com\/da\/wp-json\/wp\/v2\/pages\/35794","targetHints":{"allow":["GET"]}}],"collection":[{"href":"https:\/\/www.masterveil-eu.com\/da\/wp-json\/wp\/v2\/pages"}],"about":[{"href":"https:\/\/www.masterveil-eu.com\/da\/wp-json\/wp\/v2\/types\/page"}],"author":[{"embeddable":true,"href":"https:\/\/www.masterveil-eu.com\/da\/wp-json\/wp\/v2\/users\/1"}],"replies":[{"embeddable":true,"href":"https:\/\/www.masterveil-eu.com\/da\/wp-json\/wp\/v2\/comments?post=35794"}],"version-history":[{"count":1,"href":"https:\/\/www.masterveil-eu.com\/da\/wp-json\/wp\/v2\/pages\/35794\/revisions"}],"predecessor-version":[{"id":35796,"href":"https:\/\/www.masterveil-eu.com\/da\/wp-json\/wp\/v2\/pages\/35794\/revisions\/35796"}],"wp:attachment":[{"href":"https:\/\/www.masterveil-eu.com\/da\/wp-json\/wp\/v2\/media?parent=35794"}],"curies":[{"name":"wp","href":"https:\/\/api.w.org\/{rel}","templated":true}]}}