{"id":35817,"date":"2019-10-01T13:56:09","date_gmt":"2019-10-01T11:56:09","guid":{"rendered":"https:\/\/www.masterveil-eu.com\/fortrolighedspolitik\/"},"modified":"2025-05-22T11:54:19","modified_gmt":"2025-05-22T09:54:19","slug":"fortrolighedspolitik","status":"publish","type":"page","link":"https:\/\/www.masterveil-eu.com\/da\/fortrolighedspolitik\/","title":{"rendered":"Fortrolighedspolitik"},"content":{"rendered":"<h2>Introduktion<\/h2>\n<p>Masterveil danmark er ansvarlig for behandlingen af personoplysninger, der h\u00e5ndteres og opbevares af os eller af vores partnere. Vores m\u00e5l er at sikre, at dit privatliv respekteres, og at dine persondata behandles korrekt. Vi tager ansvar for at sikre, at personoplysninger, der behandles af os, kun bruges til de tilsigtede form\u00e5l og beskyttes mod uautoriseret adgang. Al behandling af personoplysninger inden for Masterveil danmark overholder EU&#8217;s generelle databeskyttelsesforordning (GDPR), som har v\u00e6ret i kraft siden 25\/5-2018.<\/p>\n<h2>Omfang<\/h2>\n<p>Privatlivspolitikken g\u00e6lder, n\u00e5r du er i kontakt med os, og i andre former for kontakt og kommunikation, der har til form\u00e5l at informere og vedligeholde et forretningsforhold. Nedenfor forklarer vi, hvorn\u00e5r og hvorfor vi indsamler og opbevarer persondata, hvordan vi bruger dem, hvordan vi opbevarer dem sikkert, og hvor l\u00e6nge de opbevares.<\/p>\n<p>Vi har en separat politik for, hvordan vi h\u00e5ndterer cookies. Du kan l\u00e6se mere om dette under Cookiepolitik.<\/p>\n<h2>Indsamling af personlige data<\/h2>\n<p>N\u00e5r du samarbejder med os, bes\u00f8ger vores hjemmeside (registrerer dig og\/eller logger ind p\u00e5 din konto), foretager et k\u00f8b eller ans\u00f8ger om et job hos os, indsamler vi personoplysninger gennem opfyldelse af kontrakter og\/eller samtykke. De indsamlede persondata best\u00e5r af navn, adresse, postadresse, e-mailadresse, telefonnummer, identifikationsoplysninger og oplysninger om din k\u00f8bs- og transaktionshistorik. Derudover kan Masterveil danmark indsamle tekniske data om de enheder, du bruger, herunder IP-adresse, browsertype og cookie-oplysninger.<\/p>\n<h2>Brug af personlige data<\/h2>\n<p>De personlige data, vi indsamler fra dig, bruges til:<\/p>\n<ul>\n<li>personligg\u00f8re din oplevelse hos os og opfylde dine personlige behov.<\/li>\n<li>give skr\u00e6ddersyet information.<\/li>\n<li>forbedre vores hjemmeside.<\/li>\n<li>forbedre vores kundeservice for at im\u00f8dekomme dine supportbehov.<\/li>\n<li>kontakte dig via e-mail.<\/li>\n<li>levere varer til den korrekte adresse.<\/li>\n<li>faktura og f\u00f8lge op p\u00e5 betalinger.<\/li>\n<\/ul>\n<h2>Dataansvarlige<\/h2>\n<p>Masterveil danmark er den dataansvarlige og behandler dine data i henhold til GDPR. Personoplysningerne vil kun blive behandlet af os, s\u00e5 l\u00e6nge det er n\u00f8dvendigt for at opfylde form\u00e5let med behandlingen eller for at opfylde Masterveil danmark juridiske forpligtelser. Dette omfatter blandt andet at sikre, at:<\/p>\n<ul>\n<li>Der er et klart form\u00e5l.<\/li>\n<li>der er et retsgrundlag.<\/li>\n<li>data er beskyttet.<\/li>\n<\/ul>\n<h2>Sikkerhed<\/h2>\n<p>Masterveil danmark er eneejer af de indsamlede personoplysninger, eller n\u00e5r du p\u00e5 anden m\u00e5de giver os dine personoplysninger. Dine personligt identificerbare oplysninger vil aldrig blive solgt, udvekslet, overf\u00f8rt eller delt med nogen anden virksomhed eller person til noget form\u00e5l uden dit samtykke. Dette sker kun, n\u00e5r det er n\u00f8dvendigt for, at vi kan levere dine varer, behandle en betaling eller opfylde en anmodning fra dig.<\/p>\n<p>Vi overf\u00f8rer ikke personligt identificerbare oplysninger til tredjeparter uden at bevare kontrollen over oplysningerne. Overf\u00f8rsel sker kun til betroede tredjeparter, der hj\u00e6lper os med at drive vores forretning, hjemmeside og betalinger, med krav om, at disse parter accepterer at holde oplysningerne fortrolige og sikre. Virksomheder, der h\u00e5ndterer personoplysninger p\u00e5 vegne af Masterveil danmark, underskriver altid aftaler med os for at sikre et h\u00f8jt beskyttelsesniveau for dine personoplysninger, ogs\u00e5 med vores partnere.<\/p>\n<h2>Databeskyttelse<\/h2>\n<p>Masterveil danmark v\u00e6rds\u00e6tter h\u00f8j sikkerhed for dine personlige data og tr\u00e6ffer passende tekniske og organisatoriske sikkerhedsforanstaltninger for at beskytte dine personlige data mod uautoriseret adgang, \u00e6ndring, videregivelse eller \u00f8del\u00e6ggelse. Kun medarbejdere, der skal udf\u00f8re specifikke opgaver s\u00e5som fakturering og\/eller kundeservice, har adgang til personligt identificerbare oplysninger. De servere, der opbevarer personligt identificerbare oplysninger, opbevares i et sikkert IT-milj\u00f8.<\/p>\n<h2>Ret til information og ret til at indgive klager<\/h2>\n<p>Forudsat at du ikke har en igangv\u00e6rende ordre eller en uafregnet faktura, har du i overensstemmelse med GDPR til enhver tid ret til at anmode om adgang til de personoplysninger, der behandles om dig. Det kan du g\u00f8re:<\/p>\n<ul>\n<li>g\u00f8re indsigelse mod behandlingen af personoplysninger.<\/li>\n<li>f\u00e5 rettet ukorrekte personoplysninger.<\/li>\n<li>anmode om, at behandlingen af dine personoplysninger begr\u00e6nses.<\/li>\n<li>ud\u00f8ve din ret til dataportabilitet.<\/li>\n<\/ul>\n<p>Kontakt Masterveil danmark efter behov. Se kontaktoplysninger \u00f8verst p\u00e5 siden.<\/p>\n<p>Du har ogs\u00e5 til enhver tid ret til at indgive en klage til den relevante tilsynsmyndighed, hvis du mener, at dine personoplysninger behandles i strid med g\u00e6ldende databeskyttelseslovgivning.<\/p>\n<h2>\u00c6ndringer af denne privatlivspolitik<\/h2>\n<p>Masterveil danmark kan foretage \u00e6ndringer i denne politik. Den seneste version af privatlivspolitikken er altid tilg\u00e6ngelig p\u00e5 vores hjemmeside.<\/p>\n<h2>Sm\u00e5kager<\/h2>\n<p>Denne cookiepolitik g\u00e6lder for Masterveil&#8217;s brug af cookies p\u00e5 vores hjemmeside. Denne cookiepolitik beskriver de typer af cookies, vi bruger p\u00e5 hjemmesiden, hvorfor vi bruger cookies, hvordan du kan blokere eller slette cookies, og hvor du kan l\u00e6se mere om de specifikke cookies, der bruges.<\/p>\n<h3 class=\"g-block g-heading\">Hvad er en cookie?<\/h3>\n<p>En cookie er en lille fil, der gemmes p\u00e5 din computer, n\u00e5r du bes\u00f8ger en hjemmeside. Denne fil gemmer oplysninger, som kan l\u00e6ses af webstedet, hvis du bes\u00f8ger det igen p\u00e5 et senere tidspunkt. Nogle cookies er n\u00f8dvendige for, at webstedet kan fungere korrekt. Andre cookies g\u00f8r det lettere for den bes\u00f8gende: De husker f.eks. dine login-oplysninger, eller hvilket sprog du har valgt. Cookies betyder, at du ikke beh\u00f8ver at udfylde de samme oplysninger igen. Cookies bruges ogs\u00e5 til markedsf\u00f8ringsform\u00e5l, da de g\u00f8r det muligt for webstedet at identificere dig som en tilbagevendende bes\u00f8gende og derefter kan give dig en mere personlig oplevelse.<\/p>\n\n<div class=\"cookiehub-declaration\"><\/div>\n<style>\n<p>.cookiehub-declaration p:nth-child(2) a { display: none; }<\/p>\n<\/style>\n","protected":false},"excerpt":{"rendered":"Introduktion Masterveil danmark er ansvarlig for behandlingen af personoplysninger, der h\u00e5ndteres og opbevares af os eller af vores partnere. Vores m\u00e5l er at sikre, at dit privatliv respekteres, og at dine persondata behandles korrekt. Vi tager ansvar for at sikre, at personoplysninger, der behandles af os, kun bruges til de tilsigtede form\u00e5l og beskyttes mod&#8230;","protected":false},"author":1,"featured_media":0,"parent":0,"menu_order":0,"comment_status":"closed","ping_status":"closed","template":"","meta":{"_acf_changed":false,"_seopress_robots_primary_cat":"","_seopress_titles_title":"Privatlivspolitik %%sep%% Masterveil luftt\u00e6pper","_seopress_titles_desc":"","_seopress_robots_index":"","_relevanssi_hide_post":"","_relevanssi_hide_content":"","_relevanssi_pin_for_all":"","_relevanssi_pin_keywords":"","_relevanssi_unpin_keywords":"","_relevanssi_related_keywords":"","_relevanssi_related_include_ids":"","_relevanssi_related_exclude_ids":"","_relevanssi_related_no_append":"","_relevanssi_related_not_related":"","_relevanssi_related_posts":"","_relevanssi_noindex_reason":"","footnotes":""},"class_list":["post-35817","page","type-page","status-publish","hentry"],"acf":[],"_links":{"self":[{"href":"https:\/\/www.masterveil-eu.com\/da\/wp-json\/wp\/v2\/pages\/35817","targetHints":{"allow":["GET"]}}],"collection":[{"href":"https:\/\/www.masterveil-eu.com\/da\/wp-json\/wp\/v2\/pages"}],"about":[{"href":"https:\/\/www.masterveil-eu.com\/da\/wp-json\/wp\/v2\/types\/page"}],"author":[{"embeddable":true,"href":"https:\/\/www.masterveil-eu.com\/da\/wp-json\/wp\/v2\/users\/1"}],"replies":[{"embeddable":true,"href":"https:\/\/www.masterveil-eu.com\/da\/wp-json\/wp\/v2\/comments?post=35817"}],"version-history":[{"count":3,"href":"https:\/\/www.masterveil-eu.com\/da\/wp-json\/wp\/v2\/pages\/35817\/revisions"}],"predecessor-version":[{"id":38876,"href":"https:\/\/www.masterveil-eu.com\/da\/wp-json\/wp\/v2\/pages\/35817\/revisions\/38876"}],"wp:attachment":[{"href":"https:\/\/www.masterveil-eu.com\/da\/wp-json\/wp\/v2\/media?parent=35817"}],"curies":[{"name":"wp","href":"https:\/\/api.w.org\/{rel}","templated":true}]}}