{"id":35927,"date":"2024-04-11T07:17:47","date_gmt":"2024-04-11T05:17:47","guid":{"rendered":"https:\/\/www.masterveil-eu.com\/air-curtains\/night-curtain-rulledoer-kun-paa-det-skandinaviske-marked\/"},"modified":"2026-03-06T12:56:49","modified_gmt":"2026-03-06T10:56:49","slug":"night-curtain-rulledoer-kun-paa-det-skandinaviske-marked","status":"publish","type":"product","link":"https:\/\/www.masterveil-eu.com\/da\/lufttaepper\/night-curtain-rulledoer-kun-paa-det-skandinaviske-marked\/","title":{"rendered":"NATGARDIN &#8211; Rulled\u00f8r (kun p\u00e5 det skandinaviske marked)"},"content":{"rendered":"<h2 class='g-block g-heading'>Information om produktet<\/h2><h3 class='g-block g-heading'>Funktioner og fordele<\/h3>\n<ul class=\"wp-block-list\">\n<li><strong>Isolerede aluminiumslameller:<\/strong> Disse lameller giver fremragende isolering og hj\u00e6lper med at holde dit rum varmt om vinteren og k\u00f8ligt om sommeren.<\/li>\n\n\n\n<li><strong>Automatisk stop af luftt\u00e6ppet, n\u00e5r natgardinet er lukket:<\/strong> Dette sikrer, at luftt\u00e6ppet ikke k\u00f8rer un\u00f8digt, n\u00e5r natgardinet er lukket, hvilket sparer energi.<\/li>\n\n\n\n<li><strong>Somfy-motorer:<\/strong> Somfy-motorer er kendt for deres p\u00e5lidelighed og st\u00f8jsvage drift.<\/li>\n\n\n\n<li><strong>Skr\u00e6ddersyet p\u00e5 bestilling:<\/strong> Natgardinet kan laves i alle st\u00f8rrelser, s\u00e5 det passer til dine specifikke behov.<\/li>\n\n\n\n<li><strong>Aftagelig midterglideskinne til store \u00e5bninger:<\/strong> Den giver nem adgang til rummet bag natgardinet.<\/li>\n<\/ul>\n\n<p>Dette isolerede natgardin til k\u00f8leceller er en vigtig del af butikkens temperaturkontrolsystem, der bidrager til at bevare produkternes kvalitet og friskhed, samtidig med at energiforbruget og driftsomkostningerne reduceres.<\/p>\n<h3 class='g-block g-heading'>Tekniske data<\/h3>\n<figure class=\"wp-block-table\"><table><thead><tr><th><\/th><th>ALUGIX-55-MV-1<\/th><th>ALUGIX-55-MV-2<\/th><th>ALUGIX-55-MV-3<\/th><\/tr><\/thead><tbody><tr><td>Dimension DxH mm<\/td><td>300&#215;300<\/td><td>300&#215;300<\/td><td>300&#215;300<\/td><\/tr><tr><td>L\u00e6ngde mm<\/td><td>Skr\u00e6ddersyet &lt;3000mm<\/td><td>Skr\u00e6ddersyet 3000-5000mm<\/td><td>Specialfremstillet &gt;5000mm<\/td><\/tr><tr><td>V\u00e6gt<\/td><td>Ca 18 kg\/m<\/td><td>Ca 18 kg\/m<\/td><td>Ca 18 kg\/m<\/td><\/tr><tr><td>Sp\u00e6nding V<\/td><td>230<\/td><td>230<\/td><td>230<\/td><\/tr><tr><td>Indgangseffekt motor kW<\/td><td>0,390<\/td><td>0,430<\/td><td>x<\/td><\/tr><tr><td>Motorstr\u00f8m A<\/td><td>3,4<\/td><td>3,8<\/td><td>x<\/td><\/tr><tr><td>Frekvens Hz<\/td><td>50<\/td><td>50<\/td><td>x<\/td><\/tr><tr><td>IP<\/td><td>44<\/td><td>44<\/td><td>44<\/td><\/tr><tr><td>Lyd (dBA)<\/td><td>65<\/td><td>67<\/td><td>x<\/td><\/tr><\/tbody><tfoot><tr><td><\/td><td><\/td><td><\/td><td><\/td><\/tr><\/tfoot><\/table><\/figure>\n","protected":false},"excerpt":{"rendered":"Isoleret natgardin til frugt- og gr\u00f8nt-, mejeri- og k\u00f8dafdelinger i supermarkeder.","protected":false},"featured_media":35928,"menu_order":0,"template":"","meta":{"_acf_changed":false,"_seopress_robots_primary_cat":"none","_seopress_titles_title":"Isoleret natgardin","_seopress_titles_desc":"","_seopress_robots_index":"","_relevanssi_hide_post":"","_relevanssi_hide_content":"","_relevanssi_pin_for_all":"","_relevanssi_pin_keywords":"","_relevanssi_unpin_keywords":"","_relevanssi_related_keywords":"","_relevanssi_related_include_ids":"","_relevanssi_related_exclude_ids":"","_relevanssi_related_no_append":"","_relevanssi_related_not_related":"","_relevanssi_related_posts":"","_relevanssi_noindex_reason":"","footnotes":""},"product_category":[305],"class_list":["post-35927","product","type-product","status-publish","has-post-thumbnail","hentry","product_category-night-curtain-kun-det-skandinaviske-marked"],"acf":[],"_links":{"self":[{"href":"https:\/\/www.masterveil-eu.com\/da\/wp-json\/wp\/v2\/product\/35927","targetHints":{"allow":["GET"]}}],"collection":[{"href":"https:\/\/www.masterveil-eu.com\/da\/wp-json\/wp\/v2\/product"}],"about":[{"href":"https:\/\/www.masterveil-eu.com\/da\/wp-json\/wp\/v2\/types\/product"}],"version-history":[{"count":5,"href":"https:\/\/www.masterveil-eu.com\/da\/wp-json\/wp\/v2\/product\/35927\/revisions"}],"predecessor-version":[{"id":58600,"href":"https:\/\/www.masterveil-eu.com\/da\/wp-json\/wp\/v2\/product\/35927\/revisions\/58600"}],"wp:featuredmedia":[{"embeddable":true,"href":"https:\/\/www.masterveil-eu.com\/da\/wp-json\/wp\/v2\/media\/35928"}],"wp:attachment":[{"href":"https:\/\/www.masterveil-eu.com\/da\/wp-json\/wp\/v2\/media?parent=35927"}],"wp:term":[{"taxonomy":"product_category","embeddable":true,"href":"https:\/\/www.masterveil-eu.com\/da\/wp-json\/wp\/v2\/product_category?post=35927"}],"curies":[{"name":"wp","href":"https:\/\/api.w.org\/{rel}","templated":true}]}}