{"id":35952,"date":"2024-04-11T06:25:12","date_gmt":"2024-04-11T04:25:12","guid":{"rendered":"https:\/\/www.masterveil-eu.com\/air-curtains\/ac-1000-lufttaeppe-lastbiltransporter\/"},"modified":"2026-02-11T17:52:47","modified_gmt":"2026-02-11T15:52:47","slug":"ac-1000-lufttaeppe-lastbiltransporter","status":"publish","type":"product","link":"https:\/\/www.masterveil-eu.com\/da\/lufttaepper\/ac-1000-lufttaeppe-lastbiltransporter\/","title":{"rendered":"AC 1000 luftt\u00e6ppe &#8211; lastbiltransporter"},"content":{"rendered":"<h2 class='g-block g-heading'>AC 1000 luftt\u00e6ppe &#8211; produktinformation<\/h2><h3 class='g-block g-heading'>Luftt\u00e6ppets vigtigste funktioner<\/h3>\n<ul class=\"wp-block-list\">\n<li>Skr\u00e6ddersyet til lastbilsdockinger for at optimere effektivitet og sikkerhed<\/li>\n\n\n\n<li>Airstop-dyse med knivstr\u00e5leteknologi for overlegen ydelse<\/li>\n\n\n\n<li>Nem installation og med flere modelmuligheder<\/li>\n\n\n\n<li>Forbedret klimakontrol og sikkerhed for l\u00e6sseramper<\/li>\n\n\n\n<li>Velegnet til d\u00f8rh\u00f8jder p\u00e5 op til ca. 3,2 meter<\/li>\n<\/ul>\n\n<p>V\u00e6lg AC 1000-luftt\u00e6ppet for at f\u00e5 uovertruffen luftt\u00e6ppeteknologi, der garanterer optimal ydeevne og sikkerhed ved lastbiltransporter.<\/p>\n\n<p>Kontakt os i dag for at udforske skr\u00e6ddersyede luftt\u00e6pper, der er tilpasset dine specifikke behov, og tag dine l\u00e6sseramper til nye h\u00f8jder!<\/p>\n<h3 class='g-block g-heading'>AC 1000 luftt\u00e6ppe &#8211; Tekniske data<\/h3>\n<figure class=\"wp-block-table\"><table><thead><tr><th><\/th><th><strong>AC 1000-1<\/strong>.14<\/th><th><strong>AC 1000-2<\/strong>.14<\/th><th><strong><strong>AC 1000<\/strong><\/strong>-3.14<\/th><th><strong><strong>AC 1000<\/strong><\/strong>-4.14<\/th><th><strong>AC 1000-5<\/strong>.14<\/th><th><strong><strong>AC 1000<\/strong><\/strong>-6.14<\/th><\/tr><\/thead><tbody><tr><td><strong><strong>Installationstype<\/strong><\/strong><\/td><td>Vandret<br\/>luftt\u00e6ppe<\/td><td>Vandret<br\/>luftt\u00e6ppe<\/td><td>Vandret<br\/>luftt\u00e6ppe<\/td><td>Vandret<br\/>luftt\u00e6ppe<\/td><td>Vandret<br\/>luftt\u00e6ppe<\/td><td>Vandret<br\/>luftt\u00e6ppe<\/td><\/tr><tr><td><strong><strong>Maks. d\u00f8rh\u00f8jde<\/strong><\/strong> (*)<\/td><td>3,2 meter<\/td><td>3,2 meter<\/td><td>3,2 meter<\/td><td>3,2 meter<\/td><td>3,2 meter<\/td><td>3,2 meter<\/td><\/tr><tr><td><strong><strong>Standardfarve<\/strong><\/strong><\/td><td>RAL 9010<\/td><td>RAL 9010<\/td><td>RAL 9010<\/td><td>RAL 9010<\/td><td>RAL 9010<\/td><td>RAL 9010<\/td><\/tr><tr><td><strong>L\u00e6ngde<\/strong> OL-luftforh\u00e6ng (**)<\/td><td>D\u00f8rbredde + ca. 100 mm <\/td><td>D\u00f8rbredde + ca. 100 mm <\/td><td>D\u00f8rbredde + ca. 100 mm <\/td><td>D\u00f8rbredde + ca. 100 mm <\/td><td>D\u00f8rbredde + ca. 100 mm <\/td><td>D\u00f8rbredde + ca. 100 mm <\/td><\/tr><tr><td><strong>L\u00e6ngde<\/strong> (fra)<\/td><td>900 mm<\/td><td>1100 mm<\/td><td>1700 mm<\/td><td>2200 mm<\/td><td>2700 mm<\/td><td>3300 mm<\/td><\/tr><tr><td><strong><strong>H\u00f8jde<\/strong> <\/strong><\/td><td>260mm<\/td><td>260mm<\/td><td>260mm<\/td><td>260mm<\/td><td>260mm<\/td><td>260mm<\/td><\/tr><tr><td><strong><strong>Dybde<\/strong> <\/strong><\/td><td>340mm<\/td><td>340mm<\/td><td>340mm<\/td><td>340mm<\/td><td>340mm<\/td><td>340mm<\/td><\/tr><tr><td><strong><strong>Luftstr\u00f8m<\/strong><\/strong><\/td><td>650 m\u00b3\/t<\/td><td>1300 m\u00b3\/t<\/td><td>1950 m\u00b3\/t<\/td><td>2500 m\u00b3\/t<\/td><td>3000 m\u00b3\/t<\/td><td>3600 m\u00b3\/t<\/td><\/tr><tr><td><strong><strong>Dyse<\/strong><\/strong><\/td><td>Airstop<\/td><td>Airstop<\/td><td>Airstop<\/td><td>Airstop<\/td><td>Airstop<\/td><td>Airstop<\/td><\/tr><tr><td><strong><strong>Sp\u00e6nding V<\/strong><\/strong><\/td><td>230<\/td><td>230<\/td><td>230<\/td><td>230<\/td><td>230<\/td><td>230<\/td><\/tr><tr><td><strong><strong>Effekt motor kW<\/strong><\/strong><\/td><td>0,146<\/td><td>0,292<\/td><td>0,438<\/td><td>0,584<\/td><td>0,730<\/td><td>0,876<\/td><\/tr><tr><td><strong><strong>Motorstr\u00f8m A<\/strong><\/strong><\/td><td>1,14<\/td><td>2,28<\/td><td>3,42<\/td><td>4,56<\/td><td>5,7<\/td><td>6,84<\/td><\/tr><tr><td><strong><strong>Frekvens Hz<\/strong><\/strong><\/td><td>50<\/td><td>50<\/td><td>50<\/td><td>50<\/td><td>50<\/td><td>50<\/td><\/tr><tr><td><strong>IP<\/strong><\/td><td>4X<\/td><td>4X<\/td><td>4X<\/td><td>4X<\/td><td>4X<\/td><td>4X<\/td><\/tr><\/tbody><tfoot><tr><td><\/td><td><\/td><td><\/td><td><\/td><td><\/td><td><\/td><td><\/td><\/tr><\/tfoot><\/table><figcaption class=\"wp-element-caption\">(*) D\u00f8rens mulige h\u00f8jde afh\u00e6nger af dens bredde.<br\/>(**) Vandret luftt\u00e6ppe = <strong>OL<\/strong> og dobbelt st\u00e5ende luftt\u00e6ppe = <strong>DS<\/strong><\/figcaption><\/figure>\n","protected":false},"excerpt":{"rendered":"Den kompakte luftt\u00e6ppel\u00f8sning til lastbilsdockinger","protected":false},"featured_media":35955,"menu_order":0,"template":"","meta":{"_acf_changed":false,"_seopress_robots_primary_cat":"none","_seopress_titles_title":"AC 1000 Luftt\u00e6ppe til lastbiltransporter","_seopress_titles_desc":"Masterveil AC 1000, den kompakte luftt\u00e6ppel\u00f8sning til lastbilsdocking.","_seopress_robots_index":"","_relevanssi_hide_post":"","_relevanssi_hide_content":"","_relevanssi_pin_for_all":"","_relevanssi_pin_keywords":"","_relevanssi_unpin_keywords":"","_relevanssi_related_keywords":"","_relevanssi_related_include_ids":"","_relevanssi_related_exclude_ids":"","_relevanssi_related_no_append":"","_relevanssi_related_not_related":"","_relevanssi_related_posts":"","_relevanssi_noindex_reason":"","footnotes":""},"product_category":[307,306],"class_list":["post-35952","product","type-product","status-publish","has-post-thumbnail","hentry","product_category-ac-1000-lufttaepper","product_category-logistik-og-industriporte"],"acf":[],"_links":{"self":[{"href":"https:\/\/www.masterveil-eu.com\/da\/wp-json\/wp\/v2\/product\/35952","targetHints":{"allow":["GET"]}}],"collection":[{"href":"https:\/\/www.masterveil-eu.com\/da\/wp-json\/wp\/v2\/product"}],"about":[{"href":"https:\/\/www.masterveil-eu.com\/da\/wp-json\/wp\/v2\/types\/product"}],"version-history":[{"count":3,"href":"https:\/\/www.masterveil-eu.com\/da\/wp-json\/wp\/v2\/product\/35952\/revisions"}],"predecessor-version":[{"id":38859,"href":"https:\/\/www.masterveil-eu.com\/da\/wp-json\/wp\/v2\/product\/35952\/revisions\/38859"}],"wp:featuredmedia":[{"embeddable":true,"href":"https:\/\/www.masterveil-eu.com\/da\/wp-json\/wp\/v2\/media\/35955"}],"wp:attachment":[{"href":"https:\/\/www.masterveil-eu.com\/da\/wp-json\/wp\/v2\/media?parent=35952"}],"wp:term":[{"taxonomy":"product_category","embeddable":true,"href":"https:\/\/www.masterveil-eu.com\/da\/wp-json\/wp\/v2\/product_category?post=35952"}],"curies":[{"name":"wp","href":"https:\/\/api.w.org\/{rel}","templated":true}]}}