{"id":36321,"date":"2024-02-23T14:07:18","date_gmt":"2024-02-23T12:07:18","guid":{"rendered":"https:\/\/www.masterveil-eu.com\/air-curtains\/mvp-s-999-lastbiler-gardiner\/"},"modified":"2026-02-11T17:54:19","modified_gmt":"2026-02-11T15:54:19","slug":"mvp-s-999-lastbiler-gardiner","status":"publish","type":"product","link":"https:\/\/www.masterveil-eu.com\/da\/lufttaepper\/mvp-s-999-lastbiler-gardiner\/","title":{"rendered":"MVP-S 999 &#8211; Lastbiler &#8211; luftt\u00e6ppe"},"content":{"rendered":"<h2 class='g-block g-heading'>MVP-S 999 luftt\u00e6ppe &#8211; Produktinformation<\/h2><h3 class='g-block g-heading'>Fordele ved luftt\u00e6ppet<\/h3>\n<p>Et meget effektivt luftt\u00e6ppe skabes af en ventilator, der sender luft gennem vores avancerede knivdyse ved h\u00f8j hastighed. Denne dyse adskiller temperaturzonen i lastrummet fra den omgivende luft. Godsh\u00e5ndteringen kan s\u00e5ledes foreg\u00e5 gnidningsl\u00f8st uden forhindringer, og der er ikke behov for plastikstrips eller gardiner, der blokerer udsynet.  <\/p>\n\n<ul class=\"wp-block-list\">\n<li>Meget effektiv temperaturbeskyttelse til k\u00f8lebiler.<\/li>\n\n\n\n<li>Pladsbesparende l\u00f8sning.<\/li>\n\n\n\n<li>Exceptionelt h\u00f8j effektivitet.<\/li>\n\n\n\n<li>Kan justeres til \u00e5bningsbredder mellem 1000-2600 mm.<\/li>\n\n\n\n<li>Fremmer effektiv h\u00e5ndtering af gods.<\/li>\n\n\n\n<li>Skaber et bedre arbejdsmilj\u00f8 uden forhindringer.<\/li>\n<\/ul>\n<h2 class='g-block g-heading'>MVP-S 999 luftt\u00e6ppe &#8211; Tekniske data<\/h2>\n<figure class=\"wp-block-table\"><table><thead><tr><th><\/th><th>MVP-S 999-1<\/th><th>MVP-S 999-2<\/th><\/tr><\/thead><tbody><tr><td><strong><strong>Type af installation<\/strong><\/strong><\/td><td>Vandret<br\/>luftt\u00e6ppe<\/td><td>Vandret<br\/>luftt\u00e6ppe<\/td><\/tr><tr><td><strong><strong>Standardfarve<\/strong><\/strong><\/td><td>Aluminium<\/td><td>Aluminium<\/td><\/tr><tr><td><strong><strong>L\u00e6ngde<\/strong><\/strong><\/td><td>1000-1300mm<\/td><td>2000-2600mm<\/td><\/tr><tr><td><strong><strong>H\u00f8jde<\/strong><\/strong><\/td><td>100mm<\/td><td>100mm<\/td><\/tr><tr><td><strong><strong>Dybde<\/strong><\/strong><\/td><td>350mm<\/td><td>350mm<\/td><\/tr><tr><td><strong><strong>Luftstr\u00f8m<\/strong><\/strong><\/td><td>600 m\u00b3\/t<\/td><td>1200 m\u00b3\/t<\/td><\/tr><tr><td><strong>Dyse<\/strong><\/td><td>Airstop<\/td><td>Airstop<\/td><\/tr><tr><td><strong>Sp\u00e6nding V<\/strong><\/td><td>24VDC<\/td><td>24VDC<\/td><\/tr><tr><td><strong>Effekt motor kW<\/strong><\/td><td>0,106<\/td><td>0,212<\/td><\/tr><tr><td><strong>Motorstr\u00f8m A<\/strong><\/td><td>5<\/td><td>10<\/td><\/tr><tr><td><strong>IP<\/strong><\/td><td>42<\/td><td>42<\/td><\/tr><\/tbody><tfoot><tr><td><\/td><td><\/td><td><\/td><\/tr><\/tfoot><\/table><\/figure>\n","protected":false},"excerpt":{"rendered":"MVP-S 999, et luftt\u00e6ppe til lastbiler, luftt\u00e6ppet har en minimal konstruktionsh\u00f8jde p\u00e5 kun 100 mm. Gardinet er lavet til at holde kulden inde i lastbilernes lastrum og hj\u00e6lper med at opretholde en konstant temperatur uden at g\u00e5 p\u00e5 kompromis med lasth\u00f8jden. S\u00f8rg for en uafbrudt k\u00f8lek\u00e6de med denne kompakte og effektive l\u00f8sning.  ","protected":false},"featured_media":36335,"menu_order":0,"template":"","meta":{"_acf_changed":false,"_seopress_robots_primary_cat":"none","_seopress_titles_title":"MVP-S 999 luftt\u00e6ppe til lastbiler %%sep%% Masterveil","_seopress_titles_desc":"Luftt\u00e6ppet er lavet til at holde kulden inde i lastbilernes lastrum og hj\u00e6lper med at holde en konstant temperatur uden at g\u00e5 p\u00e5 kompromis med lastens h\u00f8jde.","_seopress_robots_index":"","_relevanssi_hide_post":"","_relevanssi_hide_content":"","_relevanssi_pin_for_all":"","_relevanssi_pin_keywords":"","_relevanssi_unpin_keywords":"","_relevanssi_related_keywords":"","_relevanssi_related_include_ids":"","_relevanssi_related_exclude_ids":"","_relevanssi_related_no_append":"","_relevanssi_related_not_related":"","_relevanssi_related_posts":"","_relevanssi_noindex_reason":"","footnotes":""},"product_category":[312],"class_list":["post-36321","product","type-product","status-publish","has-post-thumbnail","hentry","product_category-lufttaeppe-til-lastbiler"],"acf":[],"_links":{"self":[{"href":"https:\/\/www.masterveil-eu.com\/da\/wp-json\/wp\/v2\/product\/36321","targetHints":{"allow":["GET"]}}],"collection":[{"href":"https:\/\/www.masterveil-eu.com\/da\/wp-json\/wp\/v2\/product"}],"about":[{"href":"https:\/\/www.masterveil-eu.com\/da\/wp-json\/wp\/v2\/types\/product"}],"version-history":[{"count":5,"href":"https:\/\/www.masterveil-eu.com\/da\/wp-json\/wp\/v2\/product\/36321\/revisions"}],"predecessor-version":[{"id":39136,"href":"https:\/\/www.masterveil-eu.com\/da\/wp-json\/wp\/v2\/product\/36321\/revisions\/39136"}],"wp:featuredmedia":[{"embeddable":true,"href":"https:\/\/www.masterveil-eu.com\/da\/wp-json\/wp\/v2\/media\/36335"}],"wp:attachment":[{"href":"https:\/\/www.masterveil-eu.com\/da\/wp-json\/wp\/v2\/media?parent=36321"}],"wp:term":[{"taxonomy":"product_category","embeddable":true,"href":"https:\/\/www.masterveil-eu.com\/da\/wp-json\/wp\/v2\/product_category?post=36321"}],"curies":[{"name":"wp","href":"https:\/\/api.w.org\/{rel}","templated":true}]}}