{"id":36609,"date":"2024-02-29T17:54:11","date_gmt":"2024-02-29T15:54:11","guid":{"rendered":"https:\/\/www.masterveil-eu.com\/air-curtains\/as-k-lufttaepper-koelerum\/"},"modified":"2026-02-11T17:53:07","modified_gmt":"2026-02-11T15:53:07","slug":"as-k-lufttaepper-koelerum","status":"publish","type":"product","link":"https:\/\/www.masterveil-eu.com\/da\/lufttaepper\/as-k-lufttaepper-koelerum\/","title":{"rendered":"AS-K luftt\u00e6pper &#8211; k\u00f8lerum"},"content":{"rendered":"<h2 class='g-block g-heading'>AS-K luftt\u00e6ppe &#8211; produktinformation<\/h2><h3 class='g-block g-heading'>Fleksibel installation og energieffektiv luftt\u00e6ppel\u00f8sning til k\u00f8lerum<\/h3><h4 class='g-block g-heading'>Luftt\u00e6ppe-trommer<\/h4>\n<p>Til AS-K-k\u00f8lerum f\u00e5s luftt\u00e6ppetromler i st\u00f8rrelser fra \u2300250 til \u2300400.<\/p>\n\n<p>Til mindre eller st\u00f8rre luftstr\u00f8mme tilbyder vi standardmodellerne S. \u2300250, S. \u2300315 og S. \u2300400. Vi har ogs\u00e5 cirkul\u00e6re luftt\u00e6ppetromler (C. \u2300250, C. \u2300315 og C. \u2300400) til specifikke installationskrav samt firkantede og rektangul\u00e6re modeller (F.250, F.315 og F.400), der passer til unikke forhold. Til installationer med begr\u00e6nset h\u00f8jde, f.eks. mellem et nedh\u00e6ngt loft og en d\u00f8r\u00e5bning, kan vi designe luftt\u00e6ppetromler med en lav totalh\u00f8jde.  <\/p>\n\n<p>Vi tilbyder ogs\u00e5 fleksibilitet i installationen. Spiralkanalen fra ventilatorenheden kan forbindes til et hvilket som helst punkt p\u00e5 luftt\u00e6ppetromlen, og tromlen kan udstyres med en forl\u00e6nget dyse for nem integration med nedh\u00e6ngte lofter. <\/p>\n\n<p>Kontakt os:<\/p>\n\n<p>Hvis du har s\u00e6rlige krav til installationen, s\u00e5 t\u00f8v ikke med at kontakte os. Vi hj\u00e6lper dig gerne med at finde den perfekte luftt\u00e6ppel\u00f8sning. <\/p>\n<h4 class='g-block g-heading'>Luftt\u00e6ppets vigtigste funktioner<\/h4>\n<ul class=\"wp-block-list\">\n<li>V\u00e6lg mellem fem forskellige st\u00f8rrelser af ventilatorenheder med kapaciteter fra 3500 m\u00b3\/t til 7000 m\u00b3\/t.<\/li>\n\n\n\n<li>Installer sidebl\u00e6sende eller overliggende luftt\u00e6pper, afh\u00e6ngigt af dine pr\u00e6ferencer og behov.<\/li>\n\n\n\n<li>Den selvst\u00e6ndige bl\u00e6serenhed leverer h\u00f8j ydelse for at sikre effektivitet og p\u00e5lidelighed.<\/li>\n\n\n\n<li>Den avancerede airstop-teknologi giver effektiv kontrol af luftstr\u00e5len.<\/li>\n\n\n\n<li>Enheden har kapacitet til at betjene et eller flere luftt\u00e6pper, hvilket giver \u00f8get fleksibilitet.<\/li>\n\n\n\n<li>Passer til d\u00f8rh\u00f8jder p\u00e5 op til ca. 5 meter.<\/li>\n\n\n\n<li>F\u00e5s i alle RAL-farver eller i rustfrit st\u00e5l.<\/li>\n<\/ul>\n<h3 class='g-block g-heading'>Tekniske data for AS-K luftt\u00e6ppet<\/h3>\n<figure class=\"wp-block-table\"><table><thead><tr><th><\/th><th>AS 531K luftt\u00e6ppe<\/th><th>AS 535K luftt\u00e6ppe<\/th><th>AS 40K luftt\u00e6ppe<\/th><th>AS 45K luftt\u00e6ppe<\/th><th>AS 50K luftt\u00e6ppe<\/th><\/tr><\/thead><tbody><tr><td><strong>Installationstype<\/strong><\/td><td>Ventilatorboks med luftt\u00e6ppetromle<\/td><td>Ventilatorboks med luftt\u00e6ppetromle<\/td><td>Fanbox med luft<br\/>gardintromle<\/td><td>Ventilatorboks med luftt\u00e6ppetromle<\/td><td>Fanbox med luft<br\/>gardintromle<\/td><\/tr><tr><td><strong>Maks. d\u00f8rh\u00f8jde<\/strong><\/td><td>5 meter<\/td><td>5 meter<\/td><td>5 meter<\/td><td>5 meter<\/td><td>5 meter<\/td><\/tr><tr><td><strong>Standardfarve<\/strong> (luftt\u00e6ppetromle)<\/td><td>RAL 9010<\/td><td>RAL 9010<\/td><td>RAL 9010<\/td><td>RAL 9010<\/td><td>RAL 9010<\/td><\/tr><tr><td><strong>Standardmateriale<\/strong> (Fanbox)<\/td><td>Galvaniseret<\/td><td>Galvaniseret<\/td><td>Galvaniseret<\/td><td>Galvaniseret<\/td><td>Galvaniseret<\/td><\/tr><tr><td><strong>L\u00e6ngde<\/strong> OL &#8211; luftt\u00e6ppetromle (**)<\/td><td>D\u00f8rbredde + ca. 100 mm <\/td><td>D\u00f8rbredde + ca. 100 mm <\/td><td>D\u00f8rbredde + ca. 100 mm <\/td><td>D\u00f8rbredde + ca. 100 mm <\/td><td>D\u00f8rbredde + ca. 100 mm <\/td><\/tr><tr><td><strong>L\u00e6ngde<\/strong> DS &#8211; luftt\u00e6ppetromler (**)<\/td><td>D\u00f8rh\u00f8jde + ca. 50 mm <\/td><td>D\u00f8rh\u00f8jde + ca. 50 mm <\/td><td>D\u00f8rh\u00f8jde + ca. 50 mm <\/td><td>D\u00f8rh\u00f8jde + ca. 50 mm <\/td><td>D\u00f8rh\u00f8jde + ca. 50 mm <\/td><\/tr><tr><td><strong>Diminsion<\/strong> OL &#8211; luftt\u00e6ppetromle (***)<\/td><td>250mm<\/td><td>250-315mm<\/td><td>250-315mm<\/td><td>250-400mm<\/td><td>250-400mm<\/td><\/tr><tr><td><strong>Diminsion<\/strong> DS &#8211; luftt\u00e6ppetromle (***)<\/td><td>250mm<\/td><td>250mm<\/td><td>250mm<\/td><td>250-315mm<\/td><td>250-315mm<\/td><\/tr><tr><td><strong>L\u00e6ngde<\/strong> (ventilatorboks)<\/td><td>Se tegning<\/td><td>Se tegning<\/td><td>Se tegning<\/td><td>Se tegning<\/td><td>Se tegning<\/td><\/tr><tr><td><strong>H\u00f8jde<\/strong> (ventilatorboks)<\/td><td>Se tegning<\/td><td>Se tegning<\/td><td>Se tegning<\/td><td>Se tegning<\/td><td>Se tegning<\/td><\/tr><tr><td><strong>Dybde<\/strong> (ventilatorboks)<\/td><td>Se tegning<\/td><td>Se tegning<\/td><td>Se tegning<\/td><td>Se tegning<\/td><td>Se tegning<\/td><\/tr><tr><td><strong>Luftstr\u00f8m<\/strong><\/td><td>3 500 m\u00b3\/t<\/td><td>4 000 m\u00b3\/h<\/td><td>5 000 m\u00b3\/h<\/td><td>6 000 m\u00b3\/h<\/td><td>7 000 m\u00b3\/h<\/td><\/tr><tr><td><strong>Dyse<\/strong><\/td><td>Airstop<\/td><td>Airstop<\/td><td>Airstop<\/td><td>Airstop<\/td><td>Airstop<\/td><\/tr><tr><td><strong>Sp\u00e6nding V<\/strong><\/td><td>400<\/td><td>400<\/td><td>400<\/td><td>400<\/td><td>400<\/td><\/tr><tr><td><strong>Effekt motor kW<\/strong><\/td><td>2,5<\/td><td>2,5<\/td><td>2,3<\/td><td>3,5<\/td><td>5,2<\/td><\/tr><tr><td><strong>Motorstr\u00f8m A<\/strong><\/td><td>3,9<\/td><td>3,8<\/td><td>3,5<\/td><td>5,4<\/td><td>8<\/td><\/tr><tr><td><strong>Frekvens Hz<\/strong><\/td><td>50<\/td><td>50<\/td><td>50<\/td><td>50<\/td><td>50<\/td><\/tr><tr><td><strong>IP<\/strong><\/td><td>54<\/td><td>54<\/td><td>54<\/td><td>54<\/td><td>54<\/td><\/tr><\/tbody><tfoot><tr><td><\/td><td><\/td><td><\/td><td><\/td><td><\/td><td><\/td><\/tr><\/tfoot><\/table><figcaption class=\"wp-element-caption\">(*) D\u00f8rens mulige h\u00f8jde afh\u00e6nger af dens bredde.<br\/>(**) Vandret luftt\u00e6ppetromle = <strong>OL<\/strong> og dobbelt st\u00e5ende luftt\u00e6ppetromle = <strong>DS<\/strong><br\/>(***) Diameter = luftt\u00e6ppetromlens tilslutningsst\u00f8rrelse afh\u00e6ngigt af antallet af luftt\u00e6ppetromler til den samme ventilator og den luftm\u00e6ngde, vi har brug for til hver d\u00f8r.<\/figcaption><\/figure>\n","protected":false},"excerpt":{"rendered":"Optimal termisk beskyttelse af \u00e5bninger til mellemstore og store k\u00f8lerum","protected":false},"featured_media":36588,"menu_order":0,"template":"","meta":{"_acf_changed":false,"_seopress_robots_primary_cat":"none","_seopress_titles_title":"Optimal beskyttelse af k\u00f8lerum med AS-K luftt\u00e6pper","_seopress_titles_desc":"S\u00f8rg for optimal temperaturstyring og energieffektivitet i dine k\u00f8lerum med Masterveils AS-K-luftt\u00e6pper til k\u00f8lerum.","_seopress_robots_index":"","_relevanssi_hide_post":"","_relevanssi_hide_content":"","_relevanssi_pin_for_all":"","_relevanssi_pin_keywords":"","_relevanssi_unpin_keywords":"","_relevanssi_related_keywords":"","_relevanssi_related_include_ids":"","_relevanssi_related_exclude_ids":"","_relevanssi_related_no_append":"","_relevanssi_related_not_related":"","_relevanssi_related_posts":"","_relevanssi_noindex_reason":"","footnotes":""},"product_category":[310,313],"class_list":["post-36609","product","type-product","status-publish","has-post-thumbnail","hentry","product_category-as-k-lufttaepper-ekstern-ventilatorenhed","product_category-kolerum"],"acf":[],"_links":{"self":[{"href":"https:\/\/www.masterveil-eu.com\/da\/wp-json\/wp\/v2\/product\/36609","targetHints":{"allow":["GET"]}}],"collection":[{"href":"https:\/\/www.masterveil-eu.com\/da\/wp-json\/wp\/v2\/product"}],"about":[{"href":"https:\/\/www.masterveil-eu.com\/da\/wp-json\/wp\/v2\/types\/product"}],"version-history":[{"count":3,"href":"https:\/\/www.masterveil-eu.com\/da\/wp-json\/wp\/v2\/product\/36609\/revisions"}],"predecessor-version":[{"id":38860,"href":"https:\/\/www.masterveil-eu.com\/da\/wp-json\/wp\/v2\/product\/36609\/revisions\/38860"}],"wp:featuredmedia":[{"embeddable":true,"href":"https:\/\/www.masterveil-eu.com\/da\/wp-json\/wp\/v2\/media\/36588"}],"wp:attachment":[{"href":"https:\/\/www.masterveil-eu.com\/da\/wp-json\/wp\/v2\/media?parent=36609"}],"wp:term":[{"taxonomy":"product_category","embeddable":true,"href":"https:\/\/www.masterveil-eu.com\/da\/wp-json\/wp\/v2\/product_category?post=36609"}],"curies":[{"name":"wp","href":"https:\/\/api.w.org\/{rel}","templated":true}]}}