{"id":55375,"date":"2024-02-27T15:03:44","date_gmt":"2024-02-27T13:03:44","guid":{"rendered":"https:\/\/www.masterveil-eu.com\/air-curtains\/portal-300-lufttaeppe-ventilatorenhed-med-lav-profil\/"},"modified":"2026-03-02T20:30:37","modified_gmt":"2026-03-02T18:30:37","slug":"portal-300-lufttaeppe-ventilatorenhed-med-lav-profil","status":"publish","type":"product","link":"https:\/\/www.masterveil-eu.com\/da\/lufttaepper\/portal-300-lufttaeppe-ventilatorenhed-med-lav-profil\/","title":{"rendered":"PORTAL 300 luftt\u00e6ppe &#8211; ventilatorenhed med lav profil"},"content":{"rendered":"<h2 class='g-block g-heading'>Portal 300 luftt\u00e6ppe &#8211; Produktinformation<\/h2><h3 class='g-block g-heading'>Portal, der kan tilpasses, med Airstop-dyseteknologi for overlegen luftt\u00e6ppeydelse<\/h3>\n<p>Den elegante boks er udstyret med en ventilator, et vandbatteri og et panelfilter. Boksen forbindes til dobbelte vertikale luftt\u00e6ppeudbl\u00e6sningskamre og kan tilpasses efter den \u00f8nskede bredde og h\u00f8jde. Luftt\u00e6ppet kan monteres som en del af loftet, over loftet eller som en helt selvst\u00e6ndig enhed.  <\/p>\n\n<p>Portal 300-luftt\u00e6ppet er udstyret med vores unikke specielle Airstop-dyse med knivstr\u00e5leteknologi, der giver h\u00f8jere effektivitet end traditionelle luftt\u00e6pper.<\/p>\n<h3 class='g-block g-heading'>Luftt\u00e6ppets vigtigste funktioner<\/h3>\n<ul class=\"wp-block-list\">\n<li>Kompakt luftt\u00e6ppe-enhed.<\/li>\n\n\n\n<li>Nem vedligeholdelse nedefra.<\/li>\n\n\n\n<li>Vandret placeret enhed med sidebl\u00e6sende tromler.<\/li>\n\n\n\n<li>Speciel dyse med knivstr\u00e5leteknologi.<\/li>\n\n\n\n<li>St\u00f8jsvag drift med fremragende modstandsdygtighed.<\/li>\n\n\n\n<li>Mulighed for at montere luftt\u00e6ppeenheden lodret.<\/li>\n\n\n\n<li>Passer til d\u00f8rh\u00f8jder p\u00e5 op til ca. 2,8 meter og en bredde p\u00e5 op til ca. 2,7 meter.<\/li>\n\n\n\n<li>F\u00e5s i alle RAL-farver eller i rustfrit st\u00e5l.<\/li>\n<\/ul>\n\n<p>Oplev Portal 300 luftt\u00e6ppet, din l\u00f8sning til effektiv klimakontrol med avanceret teknologi. Kontakt os for at f\u00e5 tilpassede muligheder, der opfylder dine specifikke behov. <\/p>\n<h3 class='g-block g-heading'>Portal 300 luftt\u00e6ppe &#8211; Tekniske data<\/h3>\n<figure class=\"wp-block-table\"><table><thead><tr><th><\/th><th><strong>Portal 300-4.<\/strong>16 luftt\u00e6ppe<\/th><\/tr><\/thead><tbody><tr><td><strong>Installationstype<\/strong><\/td><td>Ventilatorboks med sidebl\u00e6sende luftgardiner<\/td><\/tr><tr><td><strong>Maks. d\u00f8rh\u00f8jde<\/strong> (*)<\/td><td>2,8 meter<\/td><\/tr><tr><td><strong>Standardfarve<\/strong><\/td><td>RAL 9010<\/td><\/tr><tr><td><strong><strong><strong><strong>L\u00e6ngde<\/strong><\/strong> <\/strong><\/strong>DS-gardintromler (**)<\/td><td>D\u00f8rh\u00f8jde + ca. 50 mm <\/td><\/tr><tr><td><strong><strong>Diminution<\/strong><\/strong> DS-t\u00e6ppetrommer (***)<\/td><td>250mm<\/td><\/tr><tr><td><strong>L\u00e6ngde <\/strong>(ventilatorboks)<\/td><td>2000mm<\/td><\/tr><tr><td><strong>H\u00f8jde<\/strong> (ventilatorboks)<\/td><td>300mm<\/td><\/tr><tr><td><strong>Dybde<\/strong> (ventilatorboks)<\/td><td>900mm<\/td><\/tr><tr><td><strong>Luftstr\u00f8m<\/strong><\/td><td>4300m\u00b3\/h<\/td><\/tr><tr><td><strong>Dyse<\/strong><\/td><td>Airstop<\/td><\/tr><tr><td><strong><strong>Sp\u00e6nding V<\/strong><\/strong><\/td><td>230<\/td><\/tr><tr><td><strong><strong>Effekt motor kW<\/strong><\/strong><\/td><td>2,9<\/td><\/tr><tr><td><strong><strong>Motorstr\u00f8m A<\/strong><\/strong><\/td><td>12,8<\/td><\/tr><tr><td><strong><strong>Frekvens Hz<\/strong><\/strong><\/td><td>50<\/td><\/tr><tr><td><strong>IP<\/strong><\/td><td>54<\/td><\/tr><\/tbody><tfoot><tr><td><\/td><td><\/td><\/tr><\/tfoot><\/table><figcaption class=\"wp-element-caption\">(*) D\u00f8rens mulige h\u00f8jde afh\u00e6nger af dens bredde.<br\/>(**) Vandret luftt\u00e6ppetromle = <strong>OL<\/strong> og dobbelt st\u00e5ende luftt\u00e6ppetromle = <strong>DS<\/strong><br\/>(***) Diameter = luftt\u00e6ppetromlens tilslutningsst\u00f8rrelse<\/figcaption><\/figure>\n","protected":false},"excerpt":{"rendered":"Portalen repr\u00e6senterer en vellykket sammensmeltning af kraften i samlede modeller i et str\u00f8mlinet design. Her kombineres det bedste fra to forskellige teknologier for at skabe en enest\u00e5ende l\u00f8sning. ","protected":false},"featured_media":35964,"menu_order":0,"template":"","meta":{"_acf_changed":false,"_seopress_robots_primary_cat":"none","_seopress_titles_title":"PORTAL 300 - luftt\u00e6ppe med lav profil til ventilatorboks","_seopress_titles_desc":"Portalen repr\u00e6senterer en vellykket fusion af kraften fra et fanbox-luftt\u00e6ppe i et str\u00f8mlinet design. Her kombineres det bedste fra to forskellige teknologier for at skabe en enest\u00e5ende l\u00f8sning. ","_seopress_robots_index":"","_relevanssi_hide_post":"","_relevanssi_hide_content":"","_relevanssi_pin_for_all":"","_relevanssi_pin_keywords":"","_relevanssi_unpin_keywords":"","_relevanssi_related_keywords":"","_relevanssi_related_include_ids":"","_relevanssi_related_exclude_ids":"","_relevanssi_related_no_append":"","_relevanssi_related_not_related":"","_relevanssi_related_posts":"","_relevanssi_noindex_reason":"","footnotes":""},"product_category":[308],"class_list":["post-55375","product","type-product","status-publish","has-post-thumbnail","hentry","product_category-indgange"],"acf":[],"_links":{"self":[{"href":"https:\/\/www.masterveil-eu.com\/da\/wp-json\/wp\/v2\/product\/55375","targetHints":{"allow":["GET"]}}],"collection":[{"href":"https:\/\/www.masterveil-eu.com\/da\/wp-json\/wp\/v2\/product"}],"about":[{"href":"https:\/\/www.masterveil-eu.com\/da\/wp-json\/wp\/v2\/types\/product"}],"version-history":[{"count":3,"href":"https:\/\/www.masterveil-eu.com\/da\/wp-json\/wp\/v2\/product\/55375\/revisions"}],"predecessor-version":[{"id":58299,"href":"https:\/\/www.masterveil-eu.com\/da\/wp-json\/wp\/v2\/product\/55375\/revisions\/58299"}],"wp:featuredmedia":[{"embeddable":true,"href":"https:\/\/www.masterveil-eu.com\/da\/wp-json\/wp\/v2\/media\/35964"}],"wp:attachment":[{"href":"https:\/\/www.masterveil-eu.com\/da\/wp-json\/wp\/v2\/media?parent=55375"}],"wp:term":[{"taxonomy":"product_category","embeddable":true,"href":"https:\/\/www.masterveil-eu.com\/da\/wp-json\/wp\/v2\/product_category?post=55375"}],"curies":[{"name":"wp","href":"https:\/\/api.w.org\/{rel}","templated":true}]}}