{"id":55377,"date":"2024-02-27T14:48:56","date_gmt":"2024-02-27T12:48:56","guid":{"rendered":"https:\/\/www.masterveil-eu.com\/air-curtains\/roundel-lufttaeppe-karruseldoere\/"},"modified":"2026-03-02T20:32:16","modified_gmt":"2026-03-02T18:32:16","slug":"roundel-lufttaeppe-karruseldoere","status":"publish","type":"product","link":"https:\/\/www.masterveil-eu.com\/da\/lufttaepper\/roundel-lufttaeppe-karruseldoere\/","title":{"rendered":"ROUNDEL luftt\u00e6ppe &#8211; Karruseld\u00f8re"},"content":{"rendered":"<h2 class='g-block g-heading'>Roundel luftt\u00e6ppe &#8211; Produktinformation<\/h2><h3 class='g-block g-heading'>Luftt\u00e6ppets vigtigste funktioner<\/h3>\n<ul class=\"wp-block-list\">\n<li>Vandret, buet luftt\u00e6ppetromle.<\/li>\n\n\n\n<li>Specielt designet til karruseld\u00f8re.<\/li>\n\n\n\n<li>Kan suppleres med en ekstra gardintromle til sided\u00f8re.<\/li>\n\n\n\n<li>Kraftig beskyttelse mod kuldetr\u00e6k.<\/li>\n\n\n\n<li>Selvst\u00e6ndig enhed for h\u00f8jere ydelse.<\/li>\n\n\n\n<li>Airstop-teknologi til effektiv styring af luftstr\u00f8mmen.<\/li>\n\n\n\n<li>Varmebatteri medf\u00f8lger som standard.<\/li>\n\n\n\n<li>Velegnet til d\u00f8rh\u00f8jder p\u00e5 op til ca. 3,5 meter<\/li>\n\n\n\n<li>F\u00e5s i alle RAL-farver eller i rustfrit st\u00e5l.<\/li>\n<\/ul>\n\n<p>Oplev Roundel-luftt\u00e6ppet, din l\u00f8sning til effektiv klimakontrol i karruseld\u00f8re. Kontakt os for at f\u00e5 skr\u00e6ddersyede muligheder, der opfylder dine specifikke behov. <\/p>\n<h3 class='g-block g-heading'>Roundel luftt\u00e6ppe &#8211; Tekniske data<\/h3>\n<figure class=\"wp-block-table\"><table><thead><tr><th><\/th><th>AS 40K luftt\u00e6ppe<\/th><th>AS 45K luftt\u00e6ppe<\/th><\/tr><\/thead><tbody><tr><td><strong>Installationstype<\/strong><\/td><td>Fanbox med luftt\u00e6ppetromle til karruseld\u00f8r<\/td><td>Fanbox med luftt\u00e6ppetromle til karruseld\u00f8r<\/td><\/tr><tr><td><strong>Maks. d\u00f8rh\u00f8jde<\/strong><\/td><td>3,5 meter<\/td><td>3,5 meter<\/td><\/tr><tr><td><strong>Standardfarve<\/strong> (luftt\u00e6ppetromle)<br\/><em><sub>Fanbox-enheden leveres som standard i galvaniseret metalplade<\/sub><\/em><\/td><td>RAL 9010<\/td><td>RAL 9010<\/td><\/tr><tr><td><strong>L\u00e6ngde<\/strong> (luftt\u00e6ppetromle)<\/td><td>Karruseld\u00f8rens \u00e5bning + ca. 100 mm<\/td><td>Karruseld\u00f8rens \u00e5bning + ca. 100 mm<\/td><\/tr><tr><td><strong><strong>H\u00f8jde<\/strong><\/strong> (Luftt\u00e6ppetromle)<\/td><td>Se tegning<\/td><td>Se tegning<\/td><\/tr><tr><td><strong>Dybde<\/strong>(luftt\u00e6ppetromle)<\/td><td>Se tegning<\/td><td>Se tegning<\/td><\/tr><tr><td><strong>L\u00e6ngde<\/strong> (ventilatorboks)<\/td><td>Se tegning<\/td><td>Se tegning<\/td><\/tr><tr><td><strong>H\u00f8jde<\/strong> (ventilatorboks)<\/td><td>Se tegning<\/td><td>Se tegning<\/td><\/tr><tr><td><strong>Dybde<\/strong> (ventilatorboks)<\/td><td>Se tegning<\/td><td>Se tegning<\/td><\/tr><tr><td><strong>Luftstr\u00f8m<\/strong><\/td><td>5000 m\u00b3\/t<\/td><td>6000 m\u00b3\/t<\/td><\/tr><tr><td><strong>Dyse<\/strong><\/td><td>Airstop<\/td><td>Airstop<\/td><\/tr><tr><td><strong>Sp\u00e6nding V<\/strong><\/td><td>400<\/td><td>400<\/td><\/tr><tr><td><strong>Indgangseffekt motor kW<\/strong><\/td><td>2,3<\/td><td>3,5<\/td><\/tr><tr><td><strong>Motorstr\u00f8m A<\/strong><\/td><td>3,5<\/td><td>5,4<\/td><\/tr><tr><td><strong>Frekvens Hz<\/strong><\/td><td>50<\/td><td>50<\/td><\/tr><tr><td><strong>IP<\/strong><\/td><td>54<\/td><td>54<\/td><\/tr><\/tbody><tfoot><tr><td><\/td><td><\/td><td><\/td><\/tr><\/tfoot><\/table><\/figure>\n","protected":false},"excerpt":{"rendered":"Roundel er vores koncept for luftt\u00e6pper designet til karruseld\u00f8re. Vi kalder det et koncept, fordi vi forst\u00e5r, at l\u00f8sninger n\u00e6sten altid skal tilpasses de specifikke forhold p\u00e5 hvert enkelt sted. ","protected":false},"featured_media":36460,"menu_order":0,"template":"","meta":{"_acf_changed":false,"_seopress_robots_primary_cat":"none","_seopress_titles_title":"ROUNDEL - Luftt\u00e6ppe til karruseld\u00f8re | Masterveil","_seopress_titles_desc":"Karruseld\u00f8re kr\u00e6ver effektive luftt\u00e6pper. Det er ikke nok at bl\u00e6se varme ind i karruseld\u00f8ren. Det er afg\u00f8rende at stoppe det kolde tr\u00e6k, som d\u00f8rene fejer ind.  ","_seopress_robots_index":"","_relevanssi_hide_post":"","_relevanssi_hide_content":"","_relevanssi_pin_for_all":"","_relevanssi_pin_keywords":"","_relevanssi_unpin_keywords":"","_relevanssi_related_keywords":"","_relevanssi_related_include_ids":"","_relevanssi_related_exclude_ids":"","_relevanssi_related_no_append":"","_relevanssi_related_not_related":"","_relevanssi_related_posts":"","_relevanssi_noindex_reason":"","footnotes":""},"product_category":[308],"class_list":["post-55377","product","type-product","status-publish","has-post-thumbnail","hentry","product_category-indgange"],"acf":[],"_links":{"self":[{"href":"https:\/\/www.masterveil-eu.com\/da\/wp-json\/wp\/v2\/product\/55377","targetHints":{"allow":["GET"]}}],"collection":[{"href":"https:\/\/www.masterveil-eu.com\/da\/wp-json\/wp\/v2\/product"}],"about":[{"href":"https:\/\/www.masterveil-eu.com\/da\/wp-json\/wp\/v2\/types\/product"}],"version-history":[{"count":3,"href":"https:\/\/www.masterveil-eu.com\/da\/wp-json\/wp\/v2\/product\/55377\/revisions"}],"predecessor-version":[{"id":58301,"href":"https:\/\/www.masterveil-eu.com\/da\/wp-json\/wp\/v2\/product\/55377\/revisions\/58301"}],"wp:featuredmedia":[{"embeddable":true,"href":"https:\/\/www.masterveil-eu.com\/da\/wp-json\/wp\/v2\/media\/36460"}],"wp:attachment":[{"href":"https:\/\/www.masterveil-eu.com\/da\/wp-json\/wp\/v2\/media?parent=55377"}],"wp:term":[{"taxonomy":"product_category","embeddable":true,"href":"https:\/\/www.masterveil-eu.com\/da\/wp-json\/wp\/v2\/product_category?post=55377"}],"curies":[{"name":"wp","href":"https:\/\/api.w.org\/{rel}","templated":true}]}}