{"id":55378,"date":"2024-02-27T14:09:52","date_gmt":"2024-02-27T12:09:52","guid":{"rendered":"https:\/\/www.masterveil-eu.com\/air-curtains\/ellips-380-lufttaepper\/"},"modified":"2026-03-02T20:31:24","modified_gmt":"2026-03-02T18:31:24","slug":"ellips-380-lufttaepper","status":"publish","type":"product","link":"https:\/\/www.masterveil-eu.com\/da\/lufttaepper\/ellips-380-lufttaepper\/","title":{"rendered":"ELLIPS 380 luftt\u00e6pper"},"content":{"rendered":"<h2 class='g-block g-heading'>Ellips 380 luftt\u00e6ppe &#8211; Produktinformation<\/h2><h3 class='g-block g-heading'>H\u00e6ngende installation og justerbar gardinl\u00e6ngde<\/h3>\n<p>Ellips 380-luftt\u00e6ppet installeres elegant h\u00e6ngende, og luftt\u00e6ppets l\u00e6ngde er fleksibel og kan skr\u00e6ddersys, s\u00e5 det passer, fra 1200 til 3000 mm og f\u00e5s i alle RAL-farver eller i rustfrit st\u00e5l. Dette luftt\u00e6ppe giver en alsidig l\u00f8sning til forskellige rum og \u00e5bninger. Luftt\u00e6ppet p\u00e5 14 mm er velegnet til d\u00f8rh\u00f8jder p\u00e5 op til ca. 3 meter, og luftt\u00e6ppet p\u00e5 16 mm er velegnet til d\u00f8rh\u00f8jder p\u00e5 op til ca. 4 meter.  <\/p>\n<h3 class='g-block g-heading'>Et luftt\u00e6ppe med eksklusivt design og kraftfuld funktion<\/h3>\n<p>Det kompakte luftt\u00e6ppe imponerer ikke kun med sit eksklusive design, men leverer ogs\u00e5 en kraftfuld ydelse. Airstop-dysen er udstyret med en justerbar luftretning, som g\u00f8r det muligt at tilpasse den til forskellige behov og rumkonfigurationer. Varmespiralen er inkluderet som standard og giver effektiv temperaturkontrol og komfort.  <\/p>\n<h3 class='g-block g-heading'>Luftt\u00e6ppets vigtigste funktioner<\/h3>\n<ul class=\"wp-block-list\">\n<li>Ellips 380-luftt\u00e6ppet monteres elegant h\u00e6ngende, og t\u00e6ppets l\u00e6ngde kan tilpasses efter behov, fra 1200 til 3000 mm.<\/li>\n\n\n\n<li>Ellips 380 luftt\u00e6ppet findes i to forskellige ventilatorkonfigurationer, model 14 og model 16, hvor model 16 har en h\u00f8jere trykindstilling.<\/li>\n\n\n\n<li>Eksklusivt design og kraftfuld funktion.<\/li>\n\n\n\n<li>Airstop-dyse med justerbar luftretning.<\/li>\n\n\n\n<li>Varmebatteriet er inkluderet som standard og giver effektiv temperaturstyring og komfort.<\/li>\n\n\n\n<li>Al service og vedligeholdelse kan nemt udf\u00f8res nedefra, hvilket sparer tid og giver en smidig h\u00e5ndtering.<\/li>\n\n\n\n<li>Luftt\u00e6ppet 14 er velegnet til d\u00f8rh\u00f8jder p\u00e5 op til ca. 3 meter.<\/li>\n\n\n\n<li>Luftt\u00e6ppet 16 er velegnet til d\u00f8rh\u00f8jder p\u00e5 op til ca. 4 meter.<\/li>\n\n\n\n<li>Ellips 380 luftt\u00e6ppet f\u00e5s i alle RAL-farver eller i rustfrit st\u00e5l.<\/li>\n<\/ul>\n<h3 class='g-block g-heading'>Ellips 380 luftt\u00e6ppe &#8211; Tekniske data<\/h3>\n<figure class=\"wp-block-table\"><table><thead><tr><th>14 model<\/th><th><strong>Ellips 380-2<\/strong>.14<\/th><th><strong><strong>Ellipser 380<\/strong><\/strong>-3.14<\/th><th><strong><strong>Ellipser 380<\/strong><\/strong>-4.14<\/th><th><strong>Ellips 380-5<\/strong>.14<\/th><th><strong><strong>Ellipser 380<\/strong><\/strong>-6.14<\/th><\/tr><\/thead><tbody><tr><td><strong>Type af installation<\/strong><\/td><td>Vandret<br\/>luftt\u00e6ppe<\/td><td>Vandret<br\/>luftt\u00e6ppe<\/td><td>Vandret<br\/>luftt\u00e6ppe<\/td><td>Vandret<br\/>luftt\u00e6ppe<\/td><td>Vandret<br\/>luftt\u00e6ppe<\/td><\/tr><tr><td><strong>Maks. d\u00f8rh\u00f8jde<\/strong> (*)<\/td><td>3 meter<\/td><td>3 meter<\/td><td>3 meter<\/td><td>3 meter<\/td><td>3 meter<\/td><\/tr><tr><td><strong>Standardfarve<\/strong><\/td><td>RAL 9010<\/td><td>RAL 9010<\/td><td>RAL 9010<\/td><td>RAL 9010<\/td><td>RAL 9010<\/td><\/tr><tr><td><strong>L\u00e6ngde<\/strong> OL-luftforh\u00e6ng (**)<\/td><td><\/td><td><\/td><td><\/td><td><\/td><td><\/td><\/tr><tr><td><strong>L\u00e6ngde<\/strong><\/td><td>1200-1300mm<\/td><td>1400-1700mm<\/td><td>1800-2300mm<\/td><td>2400-2650mm<\/td><td>2750-3150mm<\/td><\/tr><tr><td><strong>H\u00f8jde<\/strong><\/td><td>380mm<\/td><td>380mm<\/td><td>380mm<\/td><td>380mm<\/td><td>380mm<\/td><\/tr><tr><td><strong>Dybde<\/strong><\/td><td>680mm<\/td><td>680mm<\/td><td>680mm<\/td><td>680mm<\/td><td>680mm<\/td><\/tr><tr><td><strong>Luftstr\u00f8m<\/strong><\/td><td>1300 m\u00b3\/t<\/td><td>1950 m\u00b3\/t<\/td><td>2500 m\u00b3\/t<\/td><td>3000 m\u00b3\/t<\/td><td>3600 m\u00b3\/t<\/td><\/tr><tr><td><strong>Sp\u00e6nding V<\/strong><\/td><td>230<\/td><td>230<\/td><td>230<\/td><td>230<\/td><td>230<\/td><\/tr><tr><td><strong>Effekt motor kW<\/strong><\/td><td>0,292<\/td><td>0,438<\/td><td>0,584<\/td><td>0,730<\/td><td>0,876<\/td><\/tr><tr><td><strong>Motorstr\u00f8m A<\/strong><\/td><td>2,28<\/td><td>3,42<\/td><td>4,56<\/td><td>5,7<\/td><td>6,84<\/td><\/tr><tr><td><strong>Frekvens Hz<\/strong><\/td><td>50<\/td><td>50<\/td><td>50<\/td><td>50<\/td><td>50<\/td><\/tr><tr><td><strong>IP<\/strong><\/td><td>40<\/td><td>40<\/td><td>40<\/td><td>40<\/td><td>40<\/td><\/tr><\/tbody><\/table><\/figure>\n\n<figure class=\"wp-block-table\"><table><thead><tr><th>16 model<\/th><th><strong><strong>Ellipser 380<\/strong><\/strong>-2.16<\/th><th><strong>Ellips 380-3<\/strong>.16<\/th><th><strong><strong>Ellipser 380<\/strong><\/strong>-4.16<\/th><th><\/th><th><\/th><\/tr><\/thead><tbody><tr><td><strong>Type af installation<\/strong><\/td><td>Vandret<br\/>luftt\u00e6ppe<\/td><td>Vandret<br\/>luftt\u00e6ppe<\/td><td>Vandret<br\/>luftt\u00e6ppe<\/td><td><\/td><td><\/td><\/tr><tr><td><strong>Maks. d\u00f8rh\u00f8jde<\/strong> (*)<\/td><td>4 meter<\/td><td>4 meter<\/td><td>4 meter<\/td><td><\/td><td><\/td><\/tr><tr><td><strong>Standardfarve<\/strong><\/td><td>RAL 9010<\/td><td>RAL 9010<\/td><td>RAL 9010<\/td><td><\/td><td><\/td><\/tr><tr><td><strong>L\u00e6ngde<\/strong> OL-luftforh\u00e6ng (**)<\/td><td>D\u00f8rbredde + ca. 100 mm <\/td><td>D\u00f8rbredde + ca. 100 mm <\/td><td>D\u00f8rbredde + ca. 100 mm <\/td><td><\/td><td><\/td><\/tr><tr><td><strong>L\u00e6ngde<\/strong><\/td><td>1200-1700mm<\/td><td>1800-2300mm<\/td><td>2400-3000mm<\/td><td><\/td><td><\/td><\/tr><tr><td><strong>H\u00f8jde<\/strong><\/td><td>380mm<\/td><td>380mm<\/td><td>380mm<\/td><td><\/td><td><\/td><\/tr><tr><td><strong>Dybde<\/strong><\/td><td>680mm<\/td><td>680mm<\/td><td>680mm<\/td><td><\/td><td><\/td><\/tr><tr><td><strong>Luftstr\u00f8m<\/strong><\/td><td>2100 m\u00b3\/t<\/td><td>3200 m\u00b3\/t<\/td><td>4300 m\u00b3\/t<\/td><td><\/td><td><\/td><\/tr><tr><td><strong>Sp\u00e6nding V<\/strong><\/td><td>230<\/td><td>230<\/td><td>230<\/td><td><\/td><td><\/td><\/tr><tr><td><strong>Effekt motor kW<\/strong><\/td><td>1,45<\/td><td>2,175<\/td><td>2,9<\/td><td><\/td><td><\/td><\/tr><tr><td><strong>Motorstr\u00f8m A<\/strong><\/td><td>6,4<\/td><td>9,6<\/td><td>12,8<\/td><td><\/td><td><\/td><\/tr><tr><td><strong>Frekvens Hz<\/strong><\/td><td>50<\/td><td>50<\/td><td>50<\/td><td><\/td><td><\/td><\/tr><tr><td><strong>IP<\/strong><\/td><td>54<\/td><td>54<\/td><td>54<\/td><td><\/td><td><\/td><\/tr><\/tbody><tfoot><tr><td><\/td><td><\/td><td><\/td><td><\/td><td><\/td><td><\/td><\/tr><\/tfoot><\/table><figcaption class=\"wp-element-caption\">(*) D\u00f8rens mulige h\u00f8jde afh\u00e6nger af dens bredde.<br\/>(**) Vandret luftt\u00e6ppe = <strong>OL<\/strong> og dobbelt st\u00e5ende luftt\u00e6ppe = <strong>DS<\/strong><\/figcaption><\/figure>\n","protected":false},"excerpt":{"rendered":"Oplev sofistikeret teknologi og stil med Ellipsen, et luftt\u00e6ppe, der ikke kun skiller sig ud med sit eksklusive design, men ogs\u00e5 imponerer med sin fantastiske ydeevne.","protected":false},"featured_media":36454,"menu_order":0,"template":"","meta":{"_acf_changed":false,"_seopress_robots_primary_cat":"none","_seopress_titles_title":"ELLIPS 380: Stilfuldt og h\u00f8jtydende luftt\u00e6ppe","_seopress_titles_desc":"Lav et statement med luftt\u00e6ppet ELLIPS 380, en h\u00f8jtydende l\u00f8sning, der leverer b\u00e5de effektivitet og \u00e6stetisk appel til dit indgangsparti.","_seopress_robots_index":"","_relevanssi_hide_post":"","_relevanssi_hide_content":"","_relevanssi_pin_for_all":"","_relevanssi_pin_keywords":"","_relevanssi_unpin_keywords":"","_relevanssi_related_keywords":"","_relevanssi_related_include_ids":"","_relevanssi_related_exclude_ids":"","_relevanssi_related_no_append":"","_relevanssi_related_not_related":"","_relevanssi_related_posts":"","_relevanssi_noindex_reason":"","footnotes":""},"product_category":[308],"class_list":["post-55378","product","type-product","status-publish","has-post-thumbnail","hentry","product_category-indgange"],"acf":[],"_links":{"self":[{"href":"https:\/\/www.masterveil-eu.com\/da\/wp-json\/wp\/v2\/product\/55378","targetHints":{"allow":["GET"]}}],"collection":[{"href":"https:\/\/www.masterveil-eu.com\/da\/wp-json\/wp\/v2\/product"}],"about":[{"href":"https:\/\/www.masterveil-eu.com\/da\/wp-json\/wp\/v2\/types\/product"}],"version-history":[{"count":3,"href":"https:\/\/www.masterveil-eu.com\/da\/wp-json\/wp\/v2\/product\/55378\/revisions"}],"predecessor-version":[{"id":58300,"href":"https:\/\/www.masterveil-eu.com\/da\/wp-json\/wp\/v2\/product\/55378\/revisions\/58300"}],"wp:featuredmedia":[{"embeddable":true,"href":"https:\/\/www.masterveil-eu.com\/da\/wp-json\/wp\/v2\/media\/36454"}],"wp:attachment":[{"href":"https:\/\/www.masterveil-eu.com\/da\/wp-json\/wp\/v2\/media?parent=55378"}],"wp:term":[{"taxonomy":"product_category","embeddable":true,"href":"https:\/\/www.masterveil-eu.com\/da\/wp-json\/wp\/v2\/product_category?post=55378"}],"curies":[{"name":"wp","href":"https:\/\/api.w.org\/{rel}","templated":true}]}}