{"id":21163,"date":"2024-02-29T08:22:18","date_gmt":"2024-02-29T06:22:18","guid":{"rendered":"https:\/\/www.masterveil-eu.com\/ueber-uns\/"},"modified":"2024-08-29T16:04:13","modified_gmt":"2024-08-29T14:04:13","slug":"ueber-uns","status":"publish","type":"page","link":"https:\/\/www.masterveil-eu.com\/de\/ueber-uns\/","title":{"rendered":"\u00dcber uns"},"content":{"rendered":"<h2 class='g-block g-heading'>Mehr \u00fcber uns<\/h2>\n\n<h3 class='g-block g-heading'>Unsere Vorteile gegen\u00fcber herk\u00f6mmlichen L\u00f6sungen<\/h3>\n\n\n<ul class=\"wp-block-list\">\n<li><strong>Konstante Temperatur das ganze Jahr \u00fcber:<\/strong> stabile Innentemperatur unabh\u00e4ngig von den Wetterbedingungen drau\u00dfen.<\/li>\n\n\n\n<li><strong>Sicherere und effizientere Logistik:<\/strong> bessere Sicht und Kontrolle \u00fcber \u00d6ffnungen und Eing\u00e4nge.<\/li>\n\n\n\n<li><strong>Niedrigere Betriebskosten:<\/strong> weniger Abtauzyklen und geringerer Energieverbrauch.<\/li>\n\n\n\n<li><strong>Hohe Qualit\u00e4t:<\/strong> Effizienz ohne die Notwendigkeit, Heiz- oder K\u00fchlverluste zu kompensieren.<\/li>\n\n\n\n<li><strong>Erh\u00f6hter Komfort:<\/strong> optimales Raumklima bei geringerem Energieverbrauch.<\/li>\n\n\n\n<li><strong>Flexible L\u00f6sungen:<\/strong> ma\u00dfgeschneiderte Produkte und L\u00f6sungen f\u00fcr die individuellen Bed\u00fcrfnisse eines jeden Kunden.<\/li>\n\n\n\n<li><strong>Komplettes Sortiment:<\/strong> optional k\u00f6nnen Sie neben den Luftschleiern auch Entfeuchtungsl\u00f6sungen anbieten.<\/li>\n<\/ul>\n\n\n<h3 class='g-block g-heading'>Airstop\u00ae<\/h3>\n\n\n<p>Die Palette der Luftschleier von Masterveil basiert auf der Grundlage von Airstop\u00ae, einer firmeneigenen, leistungsstarken Technologie.<\/p>\n\n\n\n<p>Unser Airstop-Hochdrucksystem ist in zwei Versionen erh\u00e4ltlich, je nach Art der T\u00fcr, den Anforderungen des Kunden und\/oder der Art der Anwendung:<\/p>\n\n\n\n<ul class=\"wp-block-list\">\n<li>Kompakte Versionen mit eingebauten L\u00fcftern<\/li>\n\n\n\n<li>Versionen, die zu 100% an die tats\u00e4chliche Situation angepasst sind, basierend auf einem externen Ventilator und Luftauslassmodulen.<\/li>\n<\/ul>\n\n\n\n<p>Der Ventilator basiert auf EC-Technologie gem\u00e4\u00df den neuesten ErP-Vorschriften.\nDie speziell entwickelte Luftstrahld\u00fcse wird verwendet, um den nat\u00fcrlichen Luftaustausch aufgrund von Temperaturunterschieden (kalt\/warm) zu blockieren. <\/p>\n\n\n\n<p>Der Ventilator wird \u00fcber ein Signal von der T\u00fcrsteuerung, vom F\u00f6rdersystem oder vom Geb\u00e4udemanagementsystem (0-10V) gesteuert. Sogar eine v\u00f6llig autonome, hochintelligente ERX-Regelung auf der Grundlage der T\u00fcrposition und 5 verschiedener Sensoren kann geliefert werden und garantiert eine vollautomatische L\u00f6sung zur Regulierung der Au\u00dfentemperatur mit 100%igem Komfort f\u00fcr Ihr Personal im Hinterkopf.<\/p>\n\n\n\n<p>Der Ventilator verf\u00fcgt \u00fcber einen einstellbaren Betriebspunkt, so dass in jedem Fall ein Nullpunkt als Beweis f\u00fcr die korrekte Funktion und den optimalen W\u00e4rmeschutz \u00fcberpr\u00fcft wird.\nUnser hochqualifiziertes Personal hat die M\u00f6glichkeit, Ihre Anwendung mit Hilfe von Anemometern, Thermologgern, Infrarotkameras und Pythometern im Detail zu optimieren.\nEs folgt ein Startprotokoll &#8211; Zertifikat f\u00fcr die h\u00f6chste Qualit\u00e4t von Masterveil  <\/p>\n\n\n\n<p>Alle Systemkonzepte wurden von einem unabh\u00e4ngigen Institut getestet und die Effizienz ist durch Inertgasmessungen nachgewiesen.\nBitte fragen Sie uns nach Details <\/p>\n\n\n\n<p>Die Ausblasmodule werden projektspezifisch in Form und L\u00e4nge gefertigt und nach Kundenwunsch in einer RAL-Farbe lackiert.<\/p>\n\n\n<h3 class='g-block g-heading'>Powerstream\u00ae  <\/h3>\n\n\n<p>Dieses Hochdruck-Luftschleiersystem wurde speziell f\u00fcr den Einsatz an T\u00fcren zwischen gro\u00dfen Tiefk\u00fchlschr\u00e4nken in Kombination mit gro\u00dfen klimatisierten Vorr\u00e4umen entwickelt. Hier wird die Funktion der Temperatur- und Feuchtigkeitstrennung in zwei Einzelfunktionen aufgeteilt. Die Temperaturtrennung wird durch einen vordefinierten Ausblaswinkel des Trennluftstrahls entgegen der nat\u00fcrlichen Str\u00f6mungsrichtung gew\u00e4hrleistet. Ein weiterer patentierter konditionierter Luftstrahl wird auf den Trennluftstrahl aufgebracht und sch\u00fctzt den Tiefk\u00fchlbereich vor eindringender Feuchtigkeit. Da dies mit einem hohen Wirkungsgrad geschieht, bezeichnen wir es als Isolierluftschicht.<\/p>\n\n\n\n<p>Das Powerstream\u00ae-System besteht aus einem externen Ventilator und zwei vertikalen Auslassmodulen.\nDieses Basissystem wird standardm\u00e4\u00dfig auf der Tiefk\u00fchlseite installiert.\nIm Gegensatz zum typischen Masterveil-Ansatz wird die ma\u00dfgeschneiderte L\u00e4nge durch die Kombination von Standardmodulen erreicht.\nDie Ausblasmodule werden links und rechts von der T\u00fcr positioniert.   <br>Je nach Bedarf wird die isolierte Luftschicht mit einem elektrischen Heizregister, einem Glykolregister oder einem aktiven Luftentfeuchter konditioniert. Durch die patentierte Funktionstrennung in Trenn- und Isolierluftstrahl wird der Energiebedarf auf ein Minimum reduziert. Noch nie auf dem Markt gesehen.<\/p>\n\n\n\n<p>Bei hohen Feuchtigkeitsbelastungen, gro\u00dfen Temperaturunterschieden oder zur Steigerung der Systemeffizienz kann das Basissystem durch ein Airlock-System auf der warmen Seite erg\u00e4nzt werden. Dieses Erweiterungssystem hat das gleiche Design, aber nur eine zus\u00e4tzliche Trennluftd\u00fcse.<\/p>\n\n\n\n<p>Das gesamte System wird \u00fcber einen Schaltschrank gesteuert und kann direkt an das Geb\u00e4udemanagementsystem angeschlossen werden. Das System kann \u00fcber einen potenzialfreien T\u00fcrkontakt oder direkt \u00fcber das Geb\u00e4udemanagementsystem gesteuert werden.<\/p>\n\n\n\n<p>Die Ventilatoren basieren auf EC-Technologie und entsprechen den neuesten ErP-Vorschriften. Sie haben einen einstellbaren Arbeitspunkt, so dass in jedem Fall ein Nullpunkt als Beweis f\u00fcr die korrekte Funktion und Abschirmung nachgewiesen wird. Die speziell entwickelten D\u00fcsen haben eine sehr glatte Oberfl\u00e4che, um kleinste Turbulenzen im Luftstrahl zu vermeiden.<\/p>\n\n\n\n<p>Alle Systemkonzepte werden von einem unabh\u00e4ngigen Institut getestet und die Effizienz wird mit Inertgasmessungen nachgewiesen. Die Systemkomponenten werden projektspezifisch nach Ma\u00df gefertigt und auf Wunsch mit einem speziell entwickelten Kollisionsschutz erg\u00e4nzt.<\/p>\n\n\n<h3 class='g-block g-heading'>Unsere Kooperationen mit akademischen Einrichtungen<\/h3>\n\n\n<p>Masterveil tr\u00e4gt aktiv zur Energieeffizienz bei und setzt sich f\u00fcr proaktive Ma\u00dfnahmen ein. Wir haben schon fr\u00fch erkannt, dass &#8220;messen hei\u00dft wissen&#8221; und das war f\u00fcr uns der Schl\u00fcssel zur st\u00e4ndigen Verbesserung unserer Produkte und Arbeitsmethoden. Lange vor den extremen Schwankungen der Energiepreise und dem zunehmenden Bewusstsein in der Gesellschaft, wie wichtig es ist, Energieverluste in Unternehmen zu reduzieren, entschied sich Masterveil f\u00fcr die Zusammenarbeit mit Wissenszentren wie der Universit\u00e4t Gent, Peutz, TNO und dem Sparkling Project. Diese Partnerschaften haben zu erfolgreichen Interaktionen und erfolgreichen Kooperationen gef\u00fchrt.<\/p>\n\n\n\n<p>Unser Service geht \u00fcber die blo\u00dfe Unterst\u00fctzung von Kunden durch eingehende Situationsanalysen und proaktive Energieberechnungen zur Bestimmung des Return on Investment (ROI) hinaus. Die multifunktionale Methode ist ein integraler Bestandteil unserer DNA und tr\u00e4gt dazu bei, unseren Erfolg im Bereich der Energieeffizienz voranzutreiben.<\/p>\n","protected":false},"excerpt":{"rendered":"Die Palette der Luftschleier von Masterveil basiert auf der Grundlage von Airstop\u00ae, einer firmeneigenen, leistungsstarken Technologie. Unser Airstop-Hochdrucksystem ist in zwei Versionen erh\u00e4ltlich, je nach Art der T\u00fcr, den Anforderungen des Kunden und\/oder der Art der Anwendung: Der Ventilator basiert auf EC-Technologie gem\u00e4\u00df den neuesten ErP-Vorschriften. Die speziell entwickelte Luftstrahld\u00fcse wird verwendet, um den nat\u00fcrlichen&#8230;","protected":false},"author":1,"featured_media":0,"parent":0,"menu_order":0,"comment_status":"closed","ping_status":"closed","template":"","meta":{"_acf_changed":false,"_seopress_robots_primary_cat":"","_seopress_titles_title":"\u00dcber Masterveil: Experten f\u00fcr Luftschleier","_seopress_titles_desc":"Erfahren Sie mehr \u00fcber Masterveil, einen f\u00fchrenden Anbieter von innovativen Luftschleierl\u00f6sungen. Entdecken Sie unsere Mission, unsere Werte und unser Engagement f\u00fcr Nachhaltigkeit.","_seopress_robots_index":"","_relevanssi_hide_post":"","_relevanssi_hide_content":"","_relevanssi_pin_for_all":"","_relevanssi_pin_keywords":"","_relevanssi_unpin_keywords":"","_relevanssi_related_keywords":"","_relevanssi_related_include_ids":"","_relevanssi_related_exclude_ids":"","_relevanssi_related_no_append":"","_relevanssi_related_not_related":"","_relevanssi_related_posts":"","_relevanssi_noindex_reason":"","footnotes":""},"class_list":["post-21163","page","type-page","status-publish","hentry"],"acf":[],"_links":{"self":[{"href":"https:\/\/www.masterveil-eu.com\/de\/wp-json\/wp\/v2\/pages\/21163","targetHints":{"allow":["GET"]}}],"collection":[{"href":"https:\/\/www.masterveil-eu.com\/de\/wp-json\/wp\/v2\/pages"}],"about":[{"href":"https:\/\/www.masterveil-eu.com\/de\/wp-json\/wp\/v2\/types\/page"}],"author":[{"embeddable":true,"href":"https:\/\/www.masterveil-eu.com\/de\/wp-json\/wp\/v2\/users\/1"}],"replies":[{"embeddable":true,"href":"https:\/\/www.masterveil-eu.com\/de\/wp-json\/wp\/v2\/comments?post=21163"}],"version-history":[{"count":5,"href":"https:\/\/www.masterveil-eu.com\/de\/wp-json\/wp\/v2\/pages\/21163\/revisions"}],"predecessor-version":[{"id":27721,"href":"https:\/\/www.masterveil-eu.com\/de\/wp-json\/wp\/v2\/pages\/21163\/revisions\/27721"}],"wp:attachment":[{"href":"https:\/\/www.masterveil-eu.com\/de\/wp-json\/wp\/v2\/media?parent=21163"}],"curies":[{"name":"wp","href":"https:\/\/api.w.org\/{rel}","templated":true}]}}