{"id":21311,"date":"2019-10-01T13:56:09","date_gmt":"2019-10-01T11:56:09","guid":{"rendered":"https:\/\/www.masterveil-eu.com\/datenschutzbestimmungen\/"},"modified":"2025-04-17T17:13:57","modified_gmt":"2025-04-17T15:13:57","slug":"datenschutzbestimmungen","status":"publish","type":"page","link":"https:\/\/www.masterveil-eu.com\/de\/datenschutzbestimmungen\/","title":{"rendered":"Datenschutz-bestimmungen"},"content":{"rendered":"<h2>Einf\u00fchrung<\/h2>\nMasterveil Europe ist verantwortlich f\u00fcr die Verarbeitung personenbezogener Daten, die von uns oder unseren Partnern verarbeitet und gespeichert werden. Unser Ziel ist es, sicherzustellen, dass Ihre pers\u00f6nliche Privatsph\u00e4re respektiert wird und dass Ihre pers\u00f6nlichen Daten korrekt verarbeitet werden. Wir \u00fcbernehmen die Verantwortung daf\u00fcr, dass die von uns verarbeiteten personenbezogenen Daten nur f\u00fcr die vorgesehenen Zwecke verwendet und vor unbefugtem Zugriff gesch\u00fctzt werden. Die gesamte Verarbeitung personenbezogener Daten innerhalb von Masterveil Europe entspricht der EU-Datenschutzgrundverordnung (GDPR), die seit dem 25.5.2018 in Kraft ist.\n<h2>Umfang<\/h2>\nDie Datenschutzrichtlinie gilt, wenn Sie mit uns in Kontakt treten, sowie bei anderen Arten von Kontakten und Mitteilungen, die der Information und der Pflege einer Gesch\u00e4ftsbeziehung dienen. Im Folgenden erl\u00e4utern wir, wann und warum wir personenbezogene Daten erheben und speichern, wie wir sie verwenden, wie wir sie sicher speichern und wie lange sie aufbewahrt werden.\n\nWe have a separate policy on how we handle cookies. More about this can be found under the Cookie Policy.\n<h2>Erhebung von personenbezogenen Daten<\/h2>\nWenn Sie mit uns in Kontakt treten, unsere Website besuchen (sich registrieren und\/oder in Ihr Konto einloggen), einen Kauf t\u00e4tigen oder sich bei uns um eine Stelle bewerben, erheben wir personenbezogene Daten im Rahmen der Erf\u00fcllung von Vertr\u00e4gen und\/oder Ihrer Zustimmung. Die gesammelten pers\u00f6nlichen Daten bestehen aus Name, Adresse, Postanschrift, E-Mail-Adresse, Telefonnummer, Identifizierungsinformationen und Informationen \u00fcber Ihren Kauf- und Transaktionsverlauf. Dar\u00fcber hinaus kann Masterveil Europe technische Daten \u00fcber die von Ihnen verwendeten Ger\u00e4te erfassen, einschlie\u00dflich IP-Adresse, Browsertyp und Cookie-Informationen.\n<h2>Verwendung von personenbezogenen Daten<\/h2>\nDie pers\u00f6nlichen Daten, die wir von Ihnen sammeln, werden verwendet, um:\n<ul>\n \t<li>Ihre Erfahrungen mit uns zu personalisieren und Ihre pers\u00f6nlichen Bed\u00fcrfnisse zu erf\u00fcllen.<\/li>\n \t<li>ma\u00dfgeschneiderte Informationen zu liefern.<\/li>\n \t<li>unsere Website zu verbessern.<\/li>\n \t<li>unseren Kundendienst zu verbessern, um Ihren Support-Bed\u00fcrfnissen gerecht zu werden.<\/li>\n \t<li>Sie per E-Mail kontaktieren.<\/li>\n \t<li>die Waren an die richtige Adresse zu liefern.<\/li>\n \t<li>Rechnungstellung und Verfolgung der Zahlungen.<\/li>\n<\/ul>\n<h2>Datenverantwortliche<\/h2>\nMasterveil Europe ist der Datenverantwortliche und verarbeitet Ihre Daten gem\u00e4\u00df GDPR. Die personenbezogenen Daten werden von uns nur so lange verarbeitet, wie es zur Erf\u00fcllung der Zwecke der Verarbeitung oder zur Erf\u00fcllung der rechtlichen Verpflichtungen von Masterveil Europe erforderlich ist. Dazu geh\u00f6rt unter anderem, dass wir sicherstellen, dass:\n<ul>\n \t<li>es gibt ein klares Ziel.<\/li>\n \t<li>es gibt eine Rechtsgrundlage.<\/li>\n \t<li>die Daten gesch\u00fctzt sind.<\/li>\n<\/ul>\n<h2>Sicherheit<\/h2>\nMasterveil Europe ist der alleinige Eigent\u00fcmer der gesammelten pers\u00f6nlichen Daten oder wenn Sie uns Ihre pers\u00f6nlichen Daten anderweitig zur Verf\u00fcgung stellen. Ihre personenbezogenen Daten werden niemals ohne Ihre Zustimmung verkauft, ausgetauscht, \u00fcbertragen oder an andere Unternehmen oder Personen weitergegeben. Dies geschieht nur dann, wenn es f\u00fcr uns notwendig ist, um Ihre Waren zu liefern, eine Zahlung zu bearbeiten oder eine Anfrage von Ihnen zu erf\u00fcllen.\n\nWir geben keine pers\u00f6nlich identifizierbaren Informationen an Dritte weiter, ohne die Kontrolle \u00fcber die Informationen zu behalten. Die Weitergabe erfolgt nur an vertrauensw\u00fcrdige Dritte, die uns beim Betrieb unseres Gesch\u00e4fts, unserer Website und bei Zahlungen unterst\u00fctzen, mit der Auflage, dass diese Parteien sich verpflichten, die Informationen vertraulich und sicher zu behandeln. Unternehmen, die personenbezogene Daten im Auftrag von Masterveil Europe verarbeiten, unterzeichnen stets Vereinbarungen mit uns, um ein hohes Schutzniveau f\u00fcr Ihre personenbezogenen Daten zu gew\u00e4hrleisten, auch bei unseren Partnern.\n<h2>Datenschutz<\/h2>\nMasterveil Europe legt gro\u00dfen Wert auf die Sicherheit Ihrer pers\u00f6nlichen Daten und ergreift angemessene technische und organisatorische Sicherheitsma\u00dfnahmen, um Ihre pers\u00f6nlichen Daten vor unbefugtem Zugriff, Ver\u00e4nderung, Offenlegung oder Zerst\u00f6rung zu sch\u00fctzen. Nur Mitarbeiter, die bestimmte Aufgaben wie z. B. die Rechnungsstellung und\/oder den Kundendienst wahrnehmen, haben Zugang zu personenbezogenen Daten. Die Server, auf denen personenbezogene Daten gespeichert werden, sind in einer sicheren IT-Umgebung untergebracht.\n<h2>Recht auf Information und Recht auf Einreichung von Beschwerden<\/h2>\nSofern es sich nicht um einen laufenden Auftrag oder eine offene Rechnung handelt, haben Sie gem\u00e4\u00df der DSGVO das Recht, jederzeit Auskunft \u00fcber die \u00fcber Sie verarbeiteten personenbezogenen Daten zu verlangen. Das k\u00f6nnen Sie:\n<ul>\n \t<li>der Verarbeitung personenbezogener Daten zu widersprechen.<\/li>\n \t<li>unrichtige personenbezogene Daten berichtigen zu lassen.<\/li>\n \t<li>zu verlangen, dass die Verarbeitung Ihrer personenbezogenen Daten eingeschr\u00e4nkt wird.<\/li>\n \t<li>Ihr Recht auf Daten\u00fcbertragbarkeit aus\u00fcben.<\/li>\n<\/ul>\nWenden Sie sich gegebenenfalls an Masterveil Europe. Siehe Kontaktinformationen oben auf der Seite.\n\nSie haben auch das Recht, jederzeit eine Beschwerde bei der zust\u00e4ndigen Aufsichtsbeh\u00f6rde einzureichen, wenn Sie der Meinung sind, dass die Verarbeitung Ihrer personenbezogenen Daten gegen die geltenden Datenschutzvorschriften verst\u00f6\u00dft.\n<h2>\u00c4nderungen an dieser Datenschutzrichtlinie<\/h2>\nMasterveil Europe kann \u00c4nderungen an dieser Richtlinie vornehmen. Die neueste Version der Datenschutzrichtlinie ist immer auf unserer Website verf\u00fcgbar.\n<h2>Cookies<\/h2>\nDiese Cookie-Richtlinie gilt f\u00fcr die Verwendung von Cookies durch Masterveil auf unserer Website. Diese Cookie-Richtlinie beschreibt die Arten von Cookies, die wir auf der Website verwenden, warum wir Cookies verwenden, wie Sie Cookies blockieren oder l\u00f6schen k\u00f6nnen und wo Sie mehr \u00fcber die verwendeten Cookies erfahren k\u00f6nnen.\n<h3 class=\"g-block g-heading\">Was sind cookies?<\/h3>\nEin Cookie ist eine kleine Datei, die auf Ihrem Computer gespeichert wird, wenn Sie eine Website besuchen. In dieser Datei werden Informationen gespeichert, die von der Website gelesen werden k\u00f6nnen, wenn Sie sie zu einem sp\u00e4teren Zeitpunkt erneut besuchen. Einige Cookies sind f\u00fcr das ordnungsgem\u00e4\u00dfe Funktionieren der Website erforderlich. Andere Cookies machen es dem Besucher leichter: Sie merken sich zum Beispiel Ihre Anmeldedaten oder welche Sprache Sie gew\u00e4hlt haben. Cookies bedeuten, dass Sie die gleichen Informationen nicht noch einmal eingeben m\u00fcssen. Cookies werden auch f\u00fcr Marketingzwecke verwendet, da sie es der Website erm\u00f6glichen, Sie als wiederkehrenden Besucher zu identifizieren und Ihnen dann ein individuelleres Erlebnis zu bieten.","protected":false},"excerpt":{"rendered":"Einf\u00fchrung Masterveil Europe ist verantwortlich f\u00fcr die Verarbeitung personenbezogener Daten, die von uns oder unseren Partnern verarbeitet und gespeichert werden. Unser Ziel ist es, sicherzustellen, dass Ihre pers\u00f6nliche Privatsph\u00e4re respektiert wird und dass Ihre pers\u00f6nlichen Daten korrekt verarbeitet werden. Wir \u00fcbernehmen die Verantwortung daf\u00fcr, dass die von uns verarbeiteten personenbezogenen Daten nur f\u00fcr die vorgesehenen&#8230;","protected":false},"author":1,"featured_media":0,"parent":0,"menu_order":0,"comment_status":"closed","ping_status":"closed","template":"","meta":{"_acf_changed":false,"_seopress_robots_primary_cat":"","_seopress_titles_title":"Datenschutzbestimmungen %%sep%% Masterveil Luftschleier","_seopress_titles_desc":"","_seopress_robots_index":"","_relevanssi_hide_post":"","_relevanssi_hide_content":"","_relevanssi_pin_for_all":"","_relevanssi_pin_keywords":"","_relevanssi_unpin_keywords":"","_relevanssi_related_keywords":"","_relevanssi_related_include_ids":"","_relevanssi_related_exclude_ids":"","_relevanssi_related_no_append":"","_relevanssi_related_not_related":"","_relevanssi_related_posts":"","_relevanssi_noindex_reason":"","footnotes":""},"class_list":["post-21311","page","type-page","status-publish","hentry"],"acf":[],"_links":{"self":[{"href":"https:\/\/www.masterveil-eu.com\/de\/wp-json\/wp\/v2\/pages\/21311","targetHints":{"allow":["GET"]}}],"collection":[{"href":"https:\/\/www.masterveil-eu.com\/de\/wp-json\/wp\/v2\/pages"}],"about":[{"href":"https:\/\/www.masterveil-eu.com\/de\/wp-json\/wp\/v2\/types\/page"}],"author":[{"embeddable":true,"href":"https:\/\/www.masterveil-eu.com\/de\/wp-json\/wp\/v2\/users\/1"}],"replies":[{"embeddable":true,"href":"https:\/\/www.masterveil-eu.com\/de\/wp-json\/wp\/v2\/comments?post=21311"}],"version-history":[{"count":5,"href":"https:\/\/www.masterveil-eu.com\/de\/wp-json\/wp\/v2\/pages\/21311\/revisions"}],"predecessor-version":[{"id":36776,"href":"https:\/\/www.masterveil-eu.com\/de\/wp-json\/wp\/v2\/pages\/21311\/revisions\/36776"}],"wp:attachment":[{"href":"https:\/\/www.masterveil-eu.com\/de\/wp-json\/wp\/v2\/media?parent=21311"}],"curies":[{"name":"wp","href":"https:\/\/api.w.org\/{rel}","templated":true}]}}