{"id":20545,"date":"2024-04-11T06:41:09","date_gmt":"2024-04-11T04:41:09","guid":{"rendered":"https:\/\/www.masterveil-eu.com\/air-curtains\/compact-330-eingaenge\/"},"modified":"2026-04-11T19:36:01","modified_gmt":"2026-04-11T17:36:01","slug":"compact-330-eingaenge","status":"publish","type":"product","link":"https:\/\/www.masterveil-eu.com\/de\/luftschleier\/compact-330-eingaenge\/","title":{"rendered":"COMPACT 330 &#8211; Eing\u00e4nge"},"content":{"rendered":"<h2 class='g-block g-heading'>Informationen zum Produkt<\/h2>\n\n<h3 class='g-block g-heading'>Erleben Sie optimale Klimakontrolle mit dem beheizten horizontalen Hochleistungs-Luftschleier COMPACT 330<\/h3>\n\n\n<p>W\u00e4hlen Sie COMPACT 330 f\u00fcr einen beheizten horizontalen Luftschleier, der elegante \u00c4sthetik mit hoher Leistung verbindet. Setzen Sie sich noch heute mit uns in Verbindung, um zu erfahren, wie diese L\u00f6sung auf Ihre speziellen Bed\u00fcrfnisse zugeschnitten werden kann, um eine optimale Klimakontrolle und Energieeffizienz zu gew\u00e4hrleisten.<\/p>\n\n\n<h3 class='g-block g-heading'>Wesentliche Merkmale<\/h3>\n\n\n<ul class=\"wp-block-list\">\n<li>Effektiver Schutz vor kalter Zugluft.<\/li>\n\n\n\n<li>Verstellbare D\u00fcse f\u00fcr individuelle Luftstromsteuerung.<\/li>\n\n\n\n<li>Airstop-Technologie f\u00fcr effizientes Luftstrommanagement.<\/li>\n\n\n\n<li>Flexible Vorhangl\u00e4nge zwischen 1200 und 3000 mm.<\/li>\n\n\n\n<li>Geeignet f\u00fcr T\u00fcrh\u00f6hen von bis zu ca. 3 Metern.<\/li>\n\n\n\n<li>Erh\u00e4ltlich in jeder RAL-Farbe oder in Edelstahloptik.<\/li>\n<\/ul>\n\n\n<h3 class='g-block g-heading'>Technische Daten<\/h3>\n\n\n<figure class=\"wp-block-table\"><table><thead><tr><th><\/th><th><strong>Compact 330-2<\/strong>.14<\/th><th><strong>Compact 330-3<\/strong>.14<\/th><th><strong>Compact 330-4<\/strong>.14<\/th><th>Compact 330-5.14<\/th><th><strong>Compact 330-6<\/strong>.14<\/th><\/tr><\/thead><tbody><tr><td><strong>Art der Installation<\/strong><\/td><td>Horizontal<\/td><td>Horizontal<\/td><td>Horizontal<\/td><td>Horizontal<\/td><td>Horizontal<\/td><\/tr><tr><td><strong>Max T\u00fcrh\u00f6he<\/strong> (*)<\/td><td>3 Meter<\/td><td>3 Meter<\/td><td>3 Meter<\/td><td>3 Meter<\/td><td>3 Meter<\/td><\/tr><tr><td><strong>Standard Farbe<\/strong><\/td><td>RAL 9010<\/td><td>RAL 9010<\/td><td>RAL 9010<\/td><td>RAL 9010<\/td><td>RAL 9010<\/td><\/tr><tr><td><strong>L\u00e4nge<\/strong> OL-Luftschleier (**)<\/td><td>T\u00fcrbreite + ca. 100mm<\/td><td>T\u00fcrbreite + ca. 100mm<\/td><td>T\u00fcrbreite + ca. 100mm<\/td><td>T\u00fcrbreite + ca. 100mm<\/td><td>T\u00fcrbreite + ca. 100mm<\/td><\/tr><tr><td><strong>L\u00e4nge<\/strong><\/td><td>1200-1300mm<\/td><td>1400-1700mm<\/td><td>1800-2300mm<\/td><td>2400-2650mm<\/td><td>2750-3000mm<\/td><\/tr><tr><td><strong>H\u00f6he<\/strong><\/td><td>330mm<\/td><td>330mm<\/td><td>330mm<\/td><td>330mm<\/td><td>330mm<\/td><\/tr><tr><td><strong>Tiefe<\/strong><\/td><td>430mm<\/td><td>430mm<\/td><td>430mm<\/td><td>430mm<\/td><td>430mm<\/td><\/tr><tr><td><strong>Luftstrom<\/strong><\/td><td>1300 m\u00b3\/h<\/td><td>1950 m\u00b3\/h<\/td><td>2500 m\u00b3\/h<\/td><td>3000 m\u00b3\/h<\/td><td>3600 m\u00b3\/h<\/td><\/tr><tr><td><strong>Spannung V<\/strong><\/td><td>230<\/td><td>230<\/td><td>230<\/td><td>230<\/td><td>230<\/td><\/tr><tr><td><strong>Leistung Motor kW<\/strong><\/td><td>0,292<\/td><td>0,438<\/td><td>0,584<\/td><td>0,730<\/td><td>0,876<\/td><\/tr><tr><td><strong>Motorstrom A<\/strong><\/td><td>2,28<\/td><td>3,42<\/td><td>4,56<\/td><td>5,7<\/td><td>6,84<\/td><\/tr><tr><td><strong>Frequenz Hz<\/strong><\/td><td>50<\/td><td>50<\/td><td>50<\/td><td>50<\/td><td>50<\/td><\/tr><tr><td><strong>IP<\/strong><\/td><td>40<\/td><td>40<\/td><td>40<\/td><td>40<\/td><td>40<\/td><\/tr><\/tbody><tfoot><tr><td><\/td><td><\/td><td><\/td><td><\/td><td><\/td><td><\/td><\/tr><\/tfoot><\/table><figcaption class=\"wp-element-caption\">(*) Die m\u00f6gliche H\u00f6he der T\u00fcr h\u00e4ngt von ihrer Breite ab.<br>(**) Horizontaler Luftschleier = <strong>OL<\/strong> und doppelt stehende Luftschleier = <strong>DS<\/strong><\/figcaption><\/figure>\n","protected":false},"excerpt":{"rendered":"Ein leistungsstarker, eleganter Deckenluftschleier, perfekt f\u00fcr eine effiziente Klimakontrolle und Energieeffizienz.","protected":false},"featured_media":20562,"menu_order":0,"template":"","meta":{"_acf_changed":false,"_seopress_robots_primary_cat":"none","_seopress_titles_title":"COMPACT 330 Luftschleier f\u00fcr Eing\u00e4nge","_seopress_titles_desc":"Ein leistungsstarker, eleganter Deckenluftschleier von Masterveil, perfekt f\u00fcr effiziente Klimakontrolle und Energieeffizienz.","_seopress_robots_index":"","_relevanssi_hide_post":"","_relevanssi_hide_content":"","_relevanssi_pin_for_all":"","_relevanssi_pin_keywords":"","_relevanssi_unpin_keywords":"","_relevanssi_related_keywords":"","_relevanssi_related_include_ids":"","_relevanssi_related_exclude_ids":"","_relevanssi_related_no_append":"","_relevanssi_related_not_related":"","_relevanssi_related_posts":"","_relevanssi_noindex_reason":"","footnotes":""},"product_category":[253,252],"class_list":["post-20545","product","type-product","status-publish","has-post-thumbnail","hentry","product_category-compact-330","product_category-eingange"],"acf":[],"_links":{"self":[{"href":"https:\/\/www.masterveil-eu.com\/de\/wp-json\/wp\/v2\/product\/20545","targetHints":{"allow":["GET"]}}],"collection":[{"href":"https:\/\/www.masterveil-eu.com\/de\/wp-json\/wp\/v2\/product"}],"about":[{"href":"https:\/\/www.masterveil-eu.com\/de\/wp-json\/wp\/v2\/types\/product"}],"version-history":[{"count":4,"href":"https:\/\/www.masterveil-eu.com\/de\/wp-json\/wp\/v2\/product\/20545\/revisions"}],"predecessor-version":[{"id":63439,"href":"https:\/\/www.masterveil-eu.com\/de\/wp-json\/wp\/v2\/product\/20545\/revisions\/63439"}],"wp:featuredmedia":[{"embeddable":true,"href":"https:\/\/www.masterveil-eu.com\/de\/wp-json\/wp\/v2\/media\/20562"}],"wp:attachment":[{"href":"https:\/\/www.masterveil-eu.com\/de\/wp-json\/wp\/v2\/media?parent=20545"}],"wp:term":[{"taxonomy":"product_category","embeddable":true,"href":"https:\/\/www.masterveil-eu.com\/de\/wp-json\/wp\/v2\/product_category?post=20545"}],"curies":[{"name":"wp","href":"https:\/\/api.w.org\/{rel}","templated":true}]}}