{"id":20623,"date":"2024-02-29T17:51:41","date_gmt":"2024-02-29T15:51:41","guid":{"rendered":"https:\/\/www.masterveil-eu.com\/air-curtains\/as-k-eingaenge\/"},"modified":"2024-12-13T10:07:36","modified_gmt":"2024-12-13T08:07:36","slug":"as-k-eingaenge","status":"publish","type":"product","link":"https:\/\/www.masterveil-eu.com\/de\/luftschleier\/as-k-eingaenge\/","title":{"rendered":"AS-K &#8211; Eing\u00e4nge"},"content":{"rendered":"<h2 class='g-block g-heading'>Informationen zum Produkt<\/h2>\n\n<h3 class='g-block g-heading'>Flexible Installation und energieeffiziente Luftschleierl\u00f6sungen f\u00fcr Eing\u00e4nge<\/h3>\n\n<h4 class='g-block g-heading'>Luftschleier-Trommeln<\/h4>\n\n\n<p>F\u00fcr AS-K-Eing\u00e4nge sind die Standardgr\u00f6\u00dfen f\u00fcr Luftschleiertrommeln \u2300315 mm f\u00fcr \u00dcberkopfmontage und \u2300250 mm f\u00fcr doppelte vertikale Luftschleiertrommeln.<\/p>\n\n\n\n<p>F\u00fcr kleinere oder gr\u00f6\u00dfere Luftstr\u00f6me bieten wir die Standardmodelle S.\u2300250, S.\u2300315, und S.\u2300400. Wir haben auch runde Luftschleiertrommeln (C.\u2300250, C.\u2300315 und C.\u2300400) f\u00fcr spezielle Installationsanforderungen sowie quadratische und rechteckige Modelle (F.250, F.315 und F.400) f\u00fcr besondere Bedingungen. F\u00fcr Installationen mit begrenzter H\u00f6he, wie z.B. zwischen einer abgeh\u00e4ngten Decke und einer T\u00fcr\u00f6ffnung, k\u00f6nnen wir Luftschleiertrommeln mit einer geringen Gesamth\u00f6he entwerfen.<\/p>\n\n\n\n<p>Wir bieten auch Flexibilit\u00e4t bei der Installation. Die Spiralleitung vom Gebl\u00e4se kann an jedem beliebigen Punkt der Luftschleiertrommel angeschlossen werden, und die Trommel kann mit einer verl\u00e4ngerten D\u00fcse zur einfachen Integration in abgeh\u00e4ngte Decken ausgestattet werden.<\/p>\n\n\n\n<p>Kontaktieren Sie uns:<\/p>\n\n\n\n<p>wenn Sie spezielle Installationsanforderungen haben, z\u00f6gern Sie nicht, uns zu kontaktieren. Wir helfen Ihnen gerne, die perfekte Luftschleierl\u00f6sung zu finden.<\/p>\n\n\n<h4 class='g-block g-heading'>Wesentliche Merkmale<\/h4>\n\n\n<ul class=\"wp-block-list\">\n<li>W\u00e4hlen Sie aus drei verschiedenen Gr\u00f6\u00dfen von Gebl\u00e4seeinheiten mit Kapazit\u00e4ten von 5000 m\u00b3\/h bis zu 7000 m\u00b3\/h.<\/li>\n\n\n\n<li>Installieren Sie je nach Ihren Vorlieben und Bed\u00fcrfnissen seitlich oder oben angebrachte Luftschleier.<\/li>\n\n\n\n<li>Die eigenst\u00e4ndige L\u00fcftereinheit liefert eine hohe Leistung, um Effizienz und Zuverl\u00e4ssigkeit zu gew\u00e4hrleisten.<\/li>\n\n\n\n<li>Die fortschrittliche Airstop-Technologie sorgt f\u00fcr eine effektive Kontrolle des Luftstrahls.<\/li>\n\n\n\n<li>W\u00e4hlen Sie zwischen elektrischer Heizung oder Wasserheizung.<\/li>\n\n\n\n<li>Die L\u00f6sung mit Wasserheizung umfasst Luftfilter f\u00fcr optimale Luftqualit\u00e4t.<\/li>\n\n\n\n<li>Das Ger\u00e4t hat die M\u00f6glichkeit, einen oder mehrere Luftschleier zu betreiben und bietet so mehr Flexibilit\u00e4t.<\/li>\n\n\n\n<li>Geeignet f\u00fcr T\u00fcrh\u00f6hen von bis zu ca. 5 Metern.<\/li>\n\n\n\n<li>Erh\u00e4ltlich in jeder RAL-Farbe oder in Edelstahloptik.<\/li>\n<\/ul>\n\n\n<h3 class='g-block g-heading'>Technische Daten<\/h3>\n\n\n<figure class=\"wp-block-table\"><table><thead><tr><th><\/th><th>AS 40K<\/th><th>AS 45K<\/th><th>AS 50K<\/th><\/tr><\/thead><tbody><tr><td><strong>Art der Installation<\/strong><\/td><td>Fanbox mit Luftschleiertrommel<\/td><td>Fanbox mit Luftschleiertrommel<\/td><td>Fanbox mit Luftschleiertrommel<\/td><\/tr><tr><td><strong>Maximale T\u00fcrh\u00f6he<\/strong><\/td><td>5 Meter<\/td><td>5 Meter<\/td><td>5 Meter<\/td><\/tr><tr><td><strong>Standardfarbe<\/strong> (Luftschleiertrommel)<\/td><td>RAL 9010<\/td><td>RAL 9010<\/td><td>RAL 9010<\/td><\/tr><tr><td><strong>Standardmaterial<\/strong> (Fanbox)<\/td><td>Verzinkt<\/td><td>Verzinkt<\/td><td>Verzinkt<\/td><\/tr><tr><td><strong>L\u00e4nge<\/strong> OL-Luftschleiertrommel (**)<\/td><td>T\u00fcrbreite + ca. 100mm<\/td><td>T\u00fcrbreite + ca. 100mm<\/td><td>T\u00fcrbreite + ca. 100mm<\/td><\/tr><tr><td><strong>L\u00e4nge<\/strong> DS-Luftschleiertrommeln (**)<\/td><td>T\u00fcrh\u00f6he + ca. 50mm<\/td><td>T\u00fcrh\u00f6he + ca. 50mm<\/td><td>T\u00fcrh\u00f6he + ca. 50mm<\/td><\/tr><tr><td><strong>Dimensionen<\/strong> OL-Luftschleiertrommel (***)<\/td><td>250-315mm<\/td><td>250-400mm<\/td><td>250-400mm<\/td><\/tr><tr><td><strong>Dimensionen<\/strong> DS-Luftschleiertrommel (***)<\/td><td>250mm<\/td><td>250-315mm<\/td><td>250-315mm<\/td><\/tr><tr><td><strong>L\u00e4nge<\/strong> (Fanbox)<\/td><td>Siehe Zeichnung<\/td><td>Siehe Zeichnung<\/td><td>Siehe Zeichnung<\/td><\/tr><tr><td><strong>H\u00f6he<\/strong> (Fanbox)<\/td><td>Siehe Zeichnung<\/td><td>Siehe Zeichnung<\/td><td>Siehe Zeichnung<\/td><\/tr><tr><td><strong>Tiefe<\/strong> (Fanbox)<\/td><td>Siehe Zeichnung<\/td><td>Siehe Zeichnung<\/td><td>Siehe Zeichnung<\/td><\/tr><tr><td><strong>Luftstrom<\/strong><\/td><td>5 000 m\u00b3\/h<\/td><td>6 000 m\u00b3\/h<\/td><td>7 000 m\u00b3\/h<\/td><\/tr><tr><td><strong>D\u00fcse<\/strong><\/td><td>Airstop<\/td><td>Airstop<\/td><td>Airstop<\/td><\/tr><tr><td><strong>Spannung V<\/strong><\/td><td>400<\/td><td>400<\/td><td>400<\/td><\/tr><tr><td><strong>Leistung Motor kW<\/strong><\/td><td>2,3<\/td><td>3,5<\/td><td>5,2<\/td><\/tr><tr><td><strong>Motorstrom A<\/strong><\/td><td>3,5<\/td><td>5,4<\/td><td>8<\/td><\/tr><tr><td><strong>Frequenz Hz<\/strong><\/td><td>50<\/td><td>50<\/td><td>50<\/td><\/tr><tr><td><strong>IP<\/strong><\/td><td>54<\/td><td>54<\/td><td>54<\/td><\/tr><\/tbody><tfoot><tr><td><\/td><td><\/td><td><\/td><td><\/td><\/tr><\/tfoot><\/table><figcaption class=\"wp-element-caption\">(*) Die m\u00f6gliche H\u00f6he der T\u00fcr h\u00e4ngt von ihrer Breite ab.<br>(**) Horizontale Luftschleiertrommel = <strong>OL<\/strong> und doppelt stehende Luftschleiertrommeln = <strong>DS<\/strong><br>(***) Durchmesser = Anschlussgr\u00f6\u00dfe der Luftschleiertrommel, abh\u00e4ngig von der Anzahl der Schleiertrommeln am selben Gebl\u00e4se und dem Luftvolumen, das wir f\u00fcr jede T\u00fcr ben\u00f6tigen<\/figcaption><\/figure>\n\n\n\n<p><\/p>\n","protected":false},"excerpt":{"rendered":"Effektive Luftschleierl\u00f6sungen f\u00fcr mittlere und gro\u00dfe Eing\u00e4nge","protected":false},"featured_media":20660,"menu_order":0,"template":"","meta":{"_acf_changed":false,"_seopress_robots_primary_cat":"none","_seopress_titles_title":"Verbessern Sie Ihren Eingangsbereich mit den Hochleistungs-Luftschleiern von Masterveil","_seopress_titles_desc":"Entdecken Sie die AS-K Luftschleier von Masterveil, die f\u00fcr eine optimale Klimakontrolle und ein elegantes, modernes Aussehen f\u00fcr mittlere und gro\u00dfe Eing\u00e4nge sorgen.","_seopress_robots_index":"","_relevanssi_hide_post":"","_relevanssi_hide_content":"","_relevanssi_pin_for_all":"","_relevanssi_pin_keywords":"","_relevanssi_unpin_keywords":"","_relevanssi_related_keywords":"","_relevanssi_related_include_ids":"","_relevanssi_related_exclude_ids":"","_relevanssi_related_no_append":"","_relevanssi_related_not_related":"","_relevanssi_related_posts":"","_relevanssi_noindex_reason":"","footnotes":""},"product_category":[255,252],"class_list":["post-20623","product","type-product","status-publish","has-post-thumbnail","hentry","product_category-as-k-externe-luftereinheit","product_category-eingange"],"acf":[],"_links":{"self":[{"href":"https:\/\/www.masterveil-eu.com\/de\/wp-json\/wp\/v2\/product\/20623","targetHints":{"allow":["GET"]}}],"collection":[{"href":"https:\/\/www.masterveil-eu.com\/de\/wp-json\/wp\/v2\/product"}],"about":[{"href":"https:\/\/www.masterveil-eu.com\/de\/wp-json\/wp\/v2\/types\/product"}],"version-history":[{"count":4,"href":"https:\/\/www.masterveil-eu.com\/de\/wp-json\/wp\/v2\/product\/20623\/revisions"}],"predecessor-version":[{"id":32352,"href":"https:\/\/www.masterveil-eu.com\/de\/wp-json\/wp\/v2\/product\/20623\/revisions\/32352"}],"wp:featuredmedia":[{"embeddable":true,"href":"https:\/\/www.masterveil-eu.com\/de\/wp-json\/wp\/v2\/media\/20660"}],"wp:attachment":[{"href":"https:\/\/www.masterveil-eu.com\/de\/wp-json\/wp\/v2\/media?parent=20623"}],"wp:term":[{"taxonomy":"product_category","embeddable":true,"href":"https:\/\/www.masterveil-eu.com\/de\/wp-json\/wp\/v2\/product_category?post=20623"}],"curies":[{"name":"wp","href":"https:\/\/api.w.org\/{rel}","templated":true}]}}