{"id":20643,"date":"2024-03-05T14:40:15","date_gmt":"2024-03-05T12:40:15","guid":{"rendered":"https:\/\/www.masterveil-eu.com\/air-curtains\/powerstream-dsb\/"},"modified":"2026-01-21T12:35:46","modified_gmt":"2026-01-21T10:35:46","slug":"powerstream-dsb","status":"publish","type":"product","link":"https:\/\/www.masterveil-eu.com\/de\/luftschleier\/powerstream-dsb\/","title":{"rendered":"POWERSTREAM DSB"},"content":{"rendered":"<h2 class='g-block g-heading'>Informationen zum Produkt<\/h2><h3 class='g-block g-heading'>Hauptmerkmale<\/h3>\n<ul class=\"wp-block-list\">\n<li>Ma\u00dfgeschneidertes modulares Design<\/li>\n\n\n\n<li>F\u00fcr logistische Tiefk\u00fchlumgebungen mit austauschbaren Komponenten, um die Kosten auf ein absolutes Minimum zu beschr\u00e4nken.<\/li>\n\n\n\n<li>Speziell entwickelt f\u00fcr verschiedene Situationen und Bereiche mit unterschiedlicher Feuchtigkeitsbelastung.<\/li>\n\n\n\n<li>Auch in hygienischem Edelstahl erh\u00e4ltlich.<\/li>\n<\/ul>\n<h3 class='g-block g-heading'>Powerstream\u00ae.<\/h3>\n<p>Das Powerstream\u00ae-System besteht aus einem externen Ventilator und zwei vertikalen Auslassmodulen. Dieses Basissystem wird standardm\u00e4\u00dfig auf der Gefrierseite installiert. Im Gegensatz zum typischen Masterveil-Ansatz wird die ma\u00dfgeschneiderte L\u00e4nge durch die Kombination von Standardmodulen erreicht. Die Ausblasmodule befinden sich links und rechts von der T\u00fcr.<\/p>\n<h3 class='g-block g-heading'>Mehr Eigenschaften<\/h3>\n<ul class=\"wp-block-list\">\n<li>Je nach Bedarf wird die isolierte Luftschicht mit einem elektrischen Heizregister, einem Glykolregister oder einem aktiven Entfeuchter konditioniert.<\/li>\n\n\n\n<li>Durch die patentierte Funktionstrennung in Trenn- und Isolierluftstrahl wird der Energiebedarf auf ein Minimum reduziert.<\/li>\n\n\n\n<li>Das gesamte System wird \u00fcber einen Schaltschrank gesteuert und kann direkt an das Geb\u00e4udemanagementsystem angeschlossen werden.<\/li>\n\n\n\n<li>Die Ventilatoren basieren auf EC-Technologie und entsprechen den neuesten ErP-Vorschriften.<\/li>\n\n\n\n<li>Sie haben einen einstellbaren Arbeitspunkt, so dass in jedem Fall ein Nullpunkt als Beweis f\u00fcr die korrekte Funktion und Abschirmung nachgewiesen wird.<\/li>\n\n\n\n<li>Die speziell entwickelten D\u00fcsen haben eine sehr glatte Oberfl\u00e4che, um kleinste Turbulenzen im Luftstrahl zu vermeiden.<\/li>\n<\/ul>\n","protected":false},"excerpt":{"rendered":"Holen Sie sich die h\u00f6chste Effizienz und den niedrigsten Energieverbrauch mit diesem Luftschleier f\u00fcr Gefrierschr\u00e4nke","protected":false},"featured_media":20677,"menu_order":0,"template":"","meta":{"_acf_changed":false,"_seopress_robots_primary_cat":"none","_seopress_titles_title":"POWERSTREAM DSB: Niedrigenergie-Luftschleier f\u00fcr Gefriert\u00fcren","_seopress_titles_desc":"Optimieren Sie die Leistung Ihres Gefrierschranks mit dem Powerstream DSB Luftschleier. Hocheffizienter Luftschleier mit geringem Energieverbrauch f\u00fcr effektives Temperaturmanagement.","_seopress_robots_index":"","_relevanssi_hide_post":"","_relevanssi_hide_content":"","_relevanssi_pin_for_all":"","_relevanssi_pin_keywords":"","_relevanssi_unpin_keywords":"","_relevanssi_related_keywords":"","_relevanssi_related_include_ids":"","_relevanssi_related_exclude_ids":"","_relevanssi_related_no_append":"","_relevanssi_related_not_related":"","_relevanssi_related_posts":"","_relevanssi_noindex_reason":"","footnotes":""},"product_category":[256],"class_list":["post-20643","product","type-product","status-publish","has-post-thumbnail","hentry","product_category-tiefkuehlraeume-luftschleier"],"acf":[],"_links":{"self":[{"href":"https:\/\/www.masterveil-eu.com\/de\/wp-json\/wp\/v2\/product\/20643","targetHints":{"allow":["GET"]}}],"collection":[{"href":"https:\/\/www.masterveil-eu.com\/de\/wp-json\/wp\/v2\/product"}],"about":[{"href":"https:\/\/www.masterveil-eu.com\/de\/wp-json\/wp\/v2\/types\/product"}],"version-history":[{"count":5,"href":"https:\/\/www.masterveil-eu.com\/de\/wp-json\/wp\/v2\/product\/20643\/revisions"}],"predecessor-version":[{"id":51838,"href":"https:\/\/www.masterveil-eu.com\/de\/wp-json\/wp\/v2\/product\/20643\/revisions\/51838"}],"wp:featuredmedia":[{"embeddable":true,"href":"https:\/\/www.masterveil-eu.com\/de\/wp-json\/wp\/v2\/media\/20677"}],"wp:attachment":[{"href":"https:\/\/www.masterveil-eu.com\/de\/wp-json\/wp\/v2\/media?parent=20643"}],"wp:term":[{"taxonomy":"product_category","embeddable":true,"href":"https:\/\/www.masterveil-eu.com\/de\/wp-json\/wp\/v2\/product_category?post=20643"}],"curies":[{"name":"wp","href":"https:\/\/api.w.org\/{rel}","templated":true}]}}