{"id":20728,"date":"2024-04-11T06:53:42","date_gmt":"2024-04-11T04:53:42","guid":{"rendered":"https:\/\/www.masterveil-eu.com\/air-curtains\/ase-k-grosse-industrietore\/"},"modified":"2024-12-13T11:39:19","modified_gmt":"2024-12-13T09:39:19","slug":"ase-k-grosse-industrietore","status":"publish","type":"product","link":"https:\/\/www.masterveil-eu.com\/de\/luftschleier\/ase-k-grosse-industrietore\/","title":{"rendered":"ASE-K &#8211; Gro\u00dfe Industrietore"},"content":{"rendered":"<h2 class='g-block g-heading'>Informationen zum Produkt<\/h2>\n\n<h3 class='g-block g-heading'>Vielseitige Installation und nahtloser Betrieb von Luftschleiern<\/h3>\n\n\n<p>Der Luftschleier kann sichtbar aufrecht, horizontal oder verdeckt in der Wand oder Decke installiert werden, wenn er mit verl\u00e4ngerten D\u00fcsen ausgestattet ist. Mit ASE K k\u00f6nnen Sie mehrere Luftschleier gleichzeitig bedienen. Das Ger\u00e4t wird an einen oder mehrere Luftvorh\u00e4nge angeschlossen, und die L\u00e4nge des Vorhangs kann leicht an die Breite und H\u00f6he der \u00d6ffnung angepasst werden. Die innovativen Luftschleier sind mit unserer einzigartigen Airstop-D\u00fcse mit Messerstrahltechnologie ausgestattet. Der Luftschleier wird mit oder ohne Heizung geliefert, und die Leistung kann je nach den Bedingungen vor Ort angepasst werden.<\/p>\n\n\n<h3 class='g-block g-heading'>Luftschleier-Trommeln<\/h3>\n\n\n<p>ASE-K Gro\u00dfe Industrietore sind mit Luftschleiertrommeln ab \u2300400 mm f\u00fcr die \u00dcberkopfmontage und ab \u2300315 mm f\u00fcr doppelt stehende Luftschleiertrommeln erh\u00e4ltlich.<\/p>\n\n\n\n<p>F\u00fcr kleinere oder gr\u00f6\u00dfere Luftstr\u00f6me bieten wir die Standardmodelle S.\u2300315, und S.\u2300400. Wir haben auch runde Luftschleiertrommeln (C.\u2300315 und C.\u2300400) f\u00fcr spezielle Installationsanforderungen sowie quadratische und rechteckige Modelle (F.315 und F.400) f\u00fcr besondere Bedingungen. F\u00fcr Installationen mit begrenzter H\u00f6he, z.B. zwischen einer abgeh\u00e4ngten Decke und einer T\u00fcr\u00f6ffnung, k\u00f6nnen wir Luftschleiertrommeln mit einer geringen Gesamth\u00f6he entwerfen.<\/p>\n\n\n\n<p>Wir bieten auch Flexibilit\u00e4t bei der Installation. Die Spiralleitung vom Gebl\u00e4se kann an jedem beliebigen Punkt der Luftschleiertrommel angeschlossen werden, und die Trommel kann mit einer verl\u00e4ngerten D\u00fcse zur einfachen Integration in abgeh\u00e4ngte Decken ausgestattet werden.<\/p>\n\n\n\n<p>Kontaktieren Sie uns:<\/p>\n\n\n\n<p>Wenn Sie spezielle Installationsanforderungen haben, z\u00f6gern Sie nicht, uns zu kontaktieren. Wir helfen Ihnen gerne, die perfekte Luftschleierl\u00f6sung zu finden.<\/p>\n\n\n<h3 class='g-block g-heading'>Unendliche Anpassungsm\u00f6glichkeiten<\/h3>\n\n\n<ul class=\"wp-block-list\">\n<li>W\u00e4hlen Sie aus zwei verschiedenen Gr\u00f6\u00dfen von Gebl\u00e4seeinheiten mit einer Kapazit\u00e4t von 10.000 m\u00b3\/h bis 13.000 m\u00b3\/h.<\/li>\n\n\n\n<li>Die Ventilatoreinheit ist f\u00fcr optimale Energieeffizienz isoliert.<\/li>\n\n\n\n<li>Installieren Sie je nach Ihren Vorlieben und Bed\u00fcrfnissen aufrecht stehende oder \u00fcber Kopf angebrachte Luftschleier.<\/li>\n\n\n\n<li>Die eigenst\u00e4ndige L\u00fcftereinheit liefert eine hohe Leistung, um Effizienz und Zuverl\u00e4ssigkeit zu gew\u00e4hrleisten.<\/li>\n\n\n\n<li>Die fortschrittliche Messerstrahltechnologie erm\u00f6glicht eine effektive Steuerung des Luftstrahls f\u00fcr beste Ergebnisse.<\/li>\n\n\n\n<li>Das Ger\u00e4t hat die M\u00f6glichkeit, einen oder mehrere Luftschleier zu betreiben und bietet so mehr Flexibilit\u00e4t.<\/li>\n\n\n\n<li>W\u00e4hlen Sie zwischen elektrischer Heizung, Wasserheizung oder ohne Heizung, um die L\u00f6sung an Ihre speziellen Anforderungen anzupassen.<\/li>\n\n\n\n<li>Die L\u00f6sung mit Wasserheizung umfasst Luftfilter f\u00fcr optimale Luftqualit\u00e4t.<\/li>\n\n\n\n<li>Geeignet f\u00fcr T\u00fcrh\u00f6hen von bis zu ca. 6 Metern.<\/li>\n\n\n\n<li>Erh\u00e4ltlich in jeder RAL-Farbe oder in Edelstahloptik.<\/li>\n<\/ul>\n\n\n\n<p>Mit dem Luftschleier ASE K erhalten Sie eine ma\u00dfgeschneiderte und leistungsstarke L\u00f6sung zur Optimierung der Klimakontrolle an allen T\u00fcr\u00f6ffnungen und Eing\u00e4ngen. Setzen Sie sich noch heute mit uns in Verbindung, um zu besprechen, wie wir das System genau auf Ihre Bed\u00fcrfnisse abstimmen und die Effizienz in Ihrem Unternehmen steigern k\u00f6nnen.<\/p>\n\n\n<h3 class='g-block g-heading'>Technische Daten<\/h3>\n\n\n<figure class=\"wp-block-table\"><table><thead><tr><th><\/th><th>ASE 500K-3<\/th><th>ASE 500K-4<\/th><\/tr><\/thead><tbody><tr><td><strong>Art der Installation<\/strong><\/td><td>Fanbox mit Luftschleiertrommel<\/td><td>Fanbox mit Luftschleiertrommel<\/td><\/tr><tr><td><strong>Maximale T\u00fcrh\u00f6he<\/strong> (*)<\/td><td>6 Meter<\/td><td>6 Meter<\/td><\/tr><tr><td><strong>Standardfarbe<\/strong> (Luftschleiertrommel)<\/td><td>RAL 9010<\/td><td>RAL 9010<\/td><\/tr><tr><td><strong>Standardmaterial<\/strong> (Fanbox)<\/td><td>Verzinkt<\/td><td>Verzinkt<\/td><\/tr><tr><td><strong>L\u00e4nge<\/strong> OL-Luftschleiertrommel (**)<\/td><td>T\u00fcrbreite + ca. 100mm<\/td><td>T\u00fcrbreite + ca. 100mm<\/td><\/tr><tr><td><strong><br>  <strong>L\u00e4nge<\/strong><br><\/strong> DS-Luftschleiertrommeln (**)<\/td><td>T\u00fcrh\u00f6he + ca. 50mm<\/td><td>T\u00fcrh\u00f6he + ca. 50mm<\/td><\/tr><tr><td><strong><br>  <strong>Dim<\/strong>ensionen<br><\/strong> OL-Luftschleiertrommel (***)<\/td><td>400mm<\/td><td>400mm<\/td><\/tr><tr><td><strong><br>  <strong>Dim<\/strong>ensionen<br><\/strong> DS-Luftschleiertrommeln (***)<\/td><td>315mm<\/td><td>400mm<\/td><\/tr><tr><td><strong>L\u00e4nge<\/strong> (Fanbox)<\/td><td>Siehe Zeichnung<\/td><td>Siehe Zeichnung<\/td><\/tr><tr><td><strong>H\u00f6he<\/strong> (Fanbox)<\/td><td>Siehe Zeichnung<\/td><td>Siehe Zeichnung<\/td><\/tr><tr><td><strong>Tiefe<\/strong> (Fanbox)<\/td><td>Siehe Zeichnung<\/td><td>Siehe Zeichnung<\/td><\/tr><tr><td><strong>Luftstrom<\/strong><\/td><td>10 000 m\u00b3\/h<\/td><td>13 000 m\u00b3\/h<\/td><\/tr><tr><td><strong>D\u00fcse<\/strong><\/td><td>Airstop<\/td><td>Airstop<\/td><\/tr><tr><td><strong>Spannung V<\/strong><\/td><td>400<\/td><td>400<\/td><\/tr><tr><td><strong>Leistung Motor kW<\/strong><\/td><td>11,7<\/td><td>15,6<\/td><\/tr><tr><td><strong>Motorstrom A<\/strong><\/td><td>17,4<\/td><td>23,2<\/td><\/tr><tr><td><strong>Frequenz Hz<\/strong><\/td><td>50<\/td><td>50<\/td><\/tr><tr><td><strong>IP<\/strong><\/td><td>54<\/td><td>54<\/td><\/tr><\/tbody><tfoot><tr><td><\/td><td><\/td><td><\/td><\/tr><\/tfoot><\/table><figcaption class=\"wp-element-caption\">(*) Die m\u00f6gliche H\u00f6he der T\u00fcr h\u00e4ngt von ihrer Breite ab.<br>(**) Horizontale Luftschleiertrommel = <strong>OL<\/strong> und doppelt stehende Luftschleiertrommeln = <strong>DS<\/strong><br>(***) Durchmesser = Anschlussgr\u00f6\u00dfe der Luftschleiertrommel<\/figcaption><\/figure>\n","protected":false},"excerpt":{"rendered":"Mit dem Luftschleier ASE K erhalten Sie eine ma\u00dfgeschneiderte und leistungsstarke L\u00f6sung zur Optimierung der Klimakontrolle an gro\u00dfen Industrietoren.","protected":false},"featured_media":20732,"menu_order":0,"template":"","meta":{"_acf_changed":false,"_seopress_robots_primary_cat":"none","_seopress_titles_title":"Luftschleier ASE-K f\u00fcr gro\u00dfe Industrietore","_seopress_titles_desc":"Mit dem Luftschleier ASE K von Masterveil erhalten Sie eine ma\u00dfgeschneiderte und leistungsstarke L\u00f6sung zur Optimierung der Klimakontrolle an gro\u00dfen Industrietoren.","_seopress_robots_index":"","_relevanssi_hide_post":"","_relevanssi_hide_content":"","_relevanssi_pin_for_all":"","_relevanssi_pin_keywords":"","_relevanssi_unpin_keywords":"","_relevanssi_related_keywords":"","_relevanssi_related_include_ids":"","_relevanssi_related_exclude_ids":"","_relevanssi_related_no_append":"","_relevanssi_related_not_related":"","_relevanssi_related_posts":"","_relevanssi_noindex_reason":"","footnotes":""},"product_category":[254,258],"class_list":["post-20728","product","type-product","status-publish","has-post-thumbnail","hentry","product_category-ase-k-externe-luftereinheit","product_category-grose-industrietore-luftschleier"],"acf":[],"_links":{"self":[{"href":"https:\/\/www.masterveil-eu.com\/de\/wp-json\/wp\/v2\/product\/20728","targetHints":{"allow":["GET"]}}],"collection":[{"href":"https:\/\/www.masterveil-eu.com\/de\/wp-json\/wp\/v2\/product"}],"about":[{"href":"https:\/\/www.masterveil-eu.com\/de\/wp-json\/wp\/v2\/types\/product"}],"version-history":[{"count":5,"href":"https:\/\/www.masterveil-eu.com\/de\/wp-json\/wp\/v2\/product\/20728\/revisions"}],"predecessor-version":[{"id":32359,"href":"https:\/\/www.masterveil-eu.com\/de\/wp-json\/wp\/v2\/product\/20728\/revisions\/32359"}],"wp:featuredmedia":[{"embeddable":true,"href":"https:\/\/www.masterveil-eu.com\/de\/wp-json\/wp\/v2\/media\/20732"}],"wp:attachment":[{"href":"https:\/\/www.masterveil-eu.com\/de\/wp-json\/wp\/v2\/media?parent=20728"}],"wp:term":[{"taxonomy":"product_category","embeddable":true,"href":"https:\/\/www.masterveil-eu.com\/de\/wp-json\/wp\/v2\/product_category?post=20728"}],"curies":[{"name":"wp","href":"https:\/\/api.w.org\/{rel}","templated":true}]}}