{"id":20800,"date":"2024-04-11T07:06:10","date_gmt":"2024-04-11T05:06:10","guid":{"rendered":"https:\/\/www.masterveil-eu.com\/air-curtains\/terminal-mehrere-tueren\/"},"modified":"2025-04-25T14:41:02","modified_gmt":"2025-04-25T12:41:02","slug":"terminal-mehrere-tueren","status":"publish","type":"product","link":"https:\/\/www.masterveil-eu.com\/de\/luftschleier\/terminal-mehrere-tueren\/","title":{"rendered":"TERMINAL Luftschleier &#8211; Mehrere T\u00fcren"},"content":{"rendered":"<h2 class='g-block g-heading'>Informationen zum Produkt<\/h2>\n\n<h3 class='g-block g-heading'>Masterveils Terminal Lutfschleier System &#8211; Die offensichtliche Wahl<\/h3>\n\n\n<p>Das Terminalsystem minimiert die Installations- und Materialkosten, da nur eine Ventilatoreinheit f\u00fcr bis zu 6 T\u00fcren ben\u00f6tigt wird. So sparen Sie Zeit und Geld, ohne Kompromisse bei der Leistung einzugehen.<\/p>\n\n\n\n<p>Mit einer benutzerfreundlichen Steuereinheit und fortschrittlichen Sensorsteuerungen kann das Terminalsystem den Luftstrom zu jeder T\u00fcr zum richtigen Zeitpunkt pr\u00e4zise regulieren und so optimale Leistung und Energieeffizienz gew\u00e4hrleisten.\nUnsere Steuereinheiten bieten au\u00dferdem eine intuitive Verwaltung des Betriebsstatus und der Einstellungen f\u00fcr eine einfache Bedienung. <\/p>\n\n\n\n<p>Unser System bietet au\u00dferdem anpassbare Heizoptionen.\nJe nach Bedarf k\u00f6nnen Sie zwischen Wasserbatterien, Elektrobatterien oder gar keiner Heizung w\u00e4hlen. So erhalten Sie eine flexible L\u00f6sung, die perfekt zu Ihrem Betrieb passt. <\/p>\n\n\n\n<p>Ein weiteres wichtiges Merkmal sind unsere einzigartigen Airstop-Luftschleier.\nDiese reduzieren Energieverluste und verhindern unerw\u00fcnschtes Eindringen von Luft an den \u00d6ffnungen, so dass Sie eine energieeffiziente und nachhaltige L\u00f6sung f\u00fcr Ihre Einrichtung erhalten. <\/p>\n\n\n<h3 class='g-block g-heading'>Luftschleier-Module<\/h3>\n\n\n<p>F\u00fcr das Terminal-Luftschleiersystem sind die Standardgr\u00f6\u00dfen f\u00fcr Luftschleiermodule \u2300315 mm.<\/p>\n\n\n\n<p>F\u00fcr kleinere oder gr\u00f6\u00dfere Luftmengen bieten wir die Standardmodelle S. \u2300250, S. \u2300315 und S. \u2300400 an. Wir haben auch runde Luftschleiermodule (C. \u2300250, C. \u2300315 und C. \u2300400) f\u00fcr spezielle Installationsanforderungen sowie quadratische und rechteckige Modelle (F.250, F.315 und F.400) f\u00fcr besondere Bedingungen. F\u00fcr Installationen mit begrenzter H\u00f6he, wie z.B. zwischen einer abgeh\u00e4ngten Decke und einer T\u00fcr\u00f6ffnung, k\u00f6nnen wir Luftschleiermodule mit einer geringen Gesamth\u00f6he entwerfen.<\/p>\n\n\n\n<p>Wir bieten auch Flexibilit\u00e4t bei der Installation. Die Spiralleitung vom Gebl\u00e4se kann an jedem beliebigen Punkt des Luftschleiermodules angeschlossen werden, und das Modul kann mit einer verl\u00e4ngerten D\u00fcse zur einfachen Integration in abgeh\u00e4ngte Decken ausgestattet werden.<\/p>\n\n\n\n<p><strong>Kontaktieren Sie uns:<\/strong><\/p>\n\n\n\n<p>wenn Sie spezielle Installationsanforderungen haben, z\u00f6gern Sie nicht, uns zu kontaktieren. Wir helfen Ihnen gerne, die perfekte Luftschleierl\u00f6sung zu finden.<\/p>\n\n\n<h3 class='g-block g-heading'>Funktionen und Optionen Luftschleier<\/h3>\n\n\n<ul class=\"wp-block-list\">\n<li>W\u00e4hlen Sie aus verschiedenen Gr\u00f6\u00dfen von Gebl\u00e4seeinheiten mit Kapazit\u00e4ten von bis zu 16.000 m\u00b3\/h.<\/li>\n\n\n\n<li>Die ASE Ventilatoreinheiten sind isoliert.<\/li>\n\n\n\n<li>Installieren Sie doppelte vertikale oder horizontale Luftschleier, je nach Ihren Vorlieben und Bed\u00fcrfnissen.<\/li>\n\n\n\n<li>Die Messerstrahltechnologie erm\u00f6glicht eine effektive Steuerung des Luftstrahls f\u00fcr beste Ergebnisse.<\/li>\n\n\n\n<li>Das Gebl\u00e4se kann 2 bis 6 T\u00fcren mit unserer druckgesteuerten ERX-Steuerung antreiben.<\/li>\n\n\n\n<li>W\u00e4hlen Sie zwischen elektrischer Heizung, Wasserheizung oder keiner Heizung, um die L\u00f6sung an Ihre speziellen Bed\u00fcrfnisse anzupassen.<\/li>\n\n\n\n<li>Die L\u00f6sung mit Wasserheizung enth\u00e4lt standardm\u00e4\u00dfig einen Luftfilter.<\/li>\n\n\n\n<li>Konzipiert f\u00fcr T\u00fcrh\u00f6hen von bis zu ca. 4 Metern.<\/li>\n\n\n\n<li>Die Luftschleiermodule k\u00f6nnen auch in jeder RAL-Farbe oder in Edelstahl gew\u00e4hlt werden. Standardm\u00e4\u00dfig sind sie verzinkt.<\/li>\n\n\n\n<li>Ma\u00dfgeschneiderte Luftschleiermodule: Quadratisch, rechteckig mit niedriger Bauh\u00f6he, etc. (z.B. f\u00fcr enge R\u00e4ume \u00fcber der T\u00fcr).<\/li>\n\n\n\n<li>Kreisf\u00f6rmige Luftschleiermodule als Option<\/li>\n<\/ul>\n\n\n<h3 class='g-block g-heading'>Technische Daten &#8211; Terminal Luftschleier<\/h3>\n\n\n<figure class=\"wp-block-table\"><table><thead><tr><th><\/th><th>AS 40K-Terminal<\/th><th>AS 45K-Terminal<\/th><th>AS 50K-Terminal<\/th><\/tr><\/thead><tbody><tr><td><strong>Art der Installation<\/strong><\/td><td>Fanbox mit Luftschleiermodule<\/td><td>Fanbox mit Luftschleiermodule<\/td><td>Fanbox mit Luftschleiermodule<\/td><\/tr><tr><td><strong>Maximale T\u00fcrh\u00f6he<\/strong><\/td><td>4 Meter<\/td><td>4 Meter<\/td><td>4 Meter<\/td><\/tr><tr><td><strong>Standardfarbe<\/strong> (Luftschleiermodule)<\/td><td>Verzinkt<\/td><td>Verzinkt<\/td><td>Verzinkt<\/td><\/tr><tr><td><strong>Standardmaterial<\/strong> (Fanbox)<\/td><td>Verzinkt<\/td><td>Verzinkt<\/td><td>Verzinkt<\/td><\/tr><tr><td><strong>L\u00e4nge<\/strong> OL-Luftschleiermodule (**)<\/td><td>T\u00fcrbreite + ca. 100mm<\/td><td>T\u00fcrbreite + ca. 100mm<\/td><td>T\u00fcrbreite + ca. 100mm<\/td><\/tr><tr><td><strong>L\u00e4nge<\/strong> DS-Luftschleiermodule (**)<\/td><td>T\u00fcrh\u00f6he + ca. 50mm<\/td><td>T\u00fcrh\u00f6he + ca. 50mm<\/td><td>T\u00fcrh\u00f6he + ca. 50mm<\/td><\/tr><tr><td><strong>Diminsion<\/strong> OL-Luftschleiermodul (***)<\/td><td>315mm<\/td><td>315mm<\/td><td>315mm<\/td><\/tr><tr><td><strong>Diminsion<\/strong> DS-Luftschleiermodul (***)<\/td><td>315mm<\/td><td>315mm<\/td><td>315mm<\/td><\/tr><tr><td><strong>L\u00e4nge<\/strong> (Fanbox)<\/td><td>Siehe Zeichnung<\/td><td>Siehe Zeichnung<\/td><td>Siehe Zeichnung<\/td><\/tr><tr><td><strong>H\u00f6he<\/strong> (Fanbox)<\/td><td>Siehe Zeichnung<\/td><td>Siehe Zeichnung<\/td><td>Siehe Zeichnung<\/td><\/tr><tr><td><strong>Tiefe<\/strong> (Fanbox)<\/td><td>Siehe Zeichnung<\/td><td>Siehe Zeichnung<\/td><td>Siehe Zeichnung<\/td><\/tr><tr><td><strong>Luftstrom<\/strong><\/td><td>max 5 500 m\u00b3\/h<\/td><td>max 7 000 m\u00b3\/h<\/td><td>max 8 500 m\u00b3\/h<\/td><\/tr><tr><td><strong>D\u00fcse<\/strong><\/td><td>Airstop<\/td><td>Airstop<\/td><td>Airstop<\/td><\/tr><tr><td><strong>Spannung V<\/strong><\/td><td>400<\/td><td>400<\/td><td>400<\/td><\/tr><tr><td><strong>Leistung Motor kW<\/strong><\/td><td>2,3<\/td><td>3,5<\/td><td>5,2<\/td><\/tr><tr><td><strong>Motorstrom A<\/strong><\/td><td>3,5<\/td><td>5,4<\/td><td>8<\/td><\/tr><tr><td><strong>Frequenz Hz<\/strong><\/td><td>50<\/td><td>50<\/td><td>50<\/td><\/tr><tr><td><strong>IP<\/strong><\/td><td>54<\/td><td>54<\/td><td>54<\/td><\/tr><\/tbody><\/table><\/figure>\n\n\n\n<figure class=\"wp-block-table\"><table><thead><tr><th><\/th><th>ASE 500K-2-Terminal<\/th><th>ASE 500K-3-Terminal<\/th><th>ASE 500K-4-Terminal<\/th><\/tr><\/thead><tbody><tr><td><strong>Art der Installation<\/strong><\/td><td>Fanbox mit Luftschleiermodule<\/td><td>Fanbox mit Luftschleiermodule<\/td><td>Fanbox mit Luftschleiermodule<\/td><\/tr><tr><td><strong>Maximale T\u00fcrh\u00f6he<\/strong> (*)<\/td><td>4 Meter<\/td><td>4 Meter<\/td><td>4 Meter<\/td><\/tr><tr><td><strong>Standardfarbe<\/strong> (Luftschleiermodule)<\/td><td>Verzinkt<\/td><td>Verzinkt<\/td><td>Verzinkt<\/td><\/tr><tr><td><strong>Standardmaterial<\/strong> (Fanbox)<\/td><td>Verzinkt<\/td><td>Verzinkt<\/td><td>Verzinkt<\/td><\/tr><tr><td><strong>L\u00e4nge<\/strong> OL-Luftschleiermodule (**)<\/td><td>T\u00fcrbreite + ca. 100mm<\/td><td>T\u00fcrbreite + ca. 100mm<\/td><td>T\u00fcrbreite + ca. 100mm<\/td><\/tr><tr><td><strong>L\u00e4nge<\/strong> DS-Luftschleiermodule (**)<\/td><td>T\u00fcrh\u00f6he + ca. 50mm<\/td><td>T\u00fcrh\u00f6he + ca. 50mm<\/td><td>T\u00fcrh\u00f6he + ca. 50mm<\/td><\/tr><tr><td><strong>Diminsion<\/strong> OL-Luftschleiermodul (***)<\/td><td>315mm<\/td><td>315mm<\/td><td>315mm<\/td><\/tr><tr><td><strong>Diminsion<\/strong> DS-Luftschleiermodul (***)<\/td><td>315mm<\/td><td>315mm<\/td><td>315mm<\/td><\/tr><tr><td><strong>L\u00e4nge<\/strong> (Fanbox)<\/td><td>Siehe Zeichnung<\/td><td>Siehe Zeichnung<\/td><td>Siehe Zeichnung<\/td><\/tr><tr><td><strong>H\u00f6he<\/strong> (Fanbox)<\/td><td>Siehe Zeichnung<\/td><td>Siehe Zeichnung<\/td><td>Siehe Zeichnung<\/td><\/tr><tr><td><strong>Tiefe<\/strong> (Fanbox)<\/td><td>Siehe Zeichnung<\/td><td>Siehe Zeichnung<\/td><td>Siehe Zeichnung<\/td><\/tr><tr><td><strong>Luftstrom<\/strong><\/td><td>max 9 000 m\u00b3\/h<\/td><td>max 12 000 m\u00b3\/h<\/td><td>max 16 000 m\u00b3\/h<\/td><\/tr><tr><td><strong>D\u00fcse<\/strong><\/td><td>Airstop<\/td><td>Airstop<\/td><td>Airstop<\/td><\/tr><tr><td><strong>Spannung V<\/strong><\/td><td>400<\/td><td>400<\/td><td>400<\/td><\/tr><tr><td><strong>Eingangsleistung Motor kW<\/strong><\/td><td>7,8<\/td><td>11,7<\/td><td>15,6<\/td><\/tr><tr><td><strong>Motorstrom A<\/strong><\/td><td>11,6<\/td><td>17,4<\/td><td>23,2<\/td><\/tr><tr><td><strong>Frequenz Hz<\/strong><\/td><td>50<\/td><td>50<\/td><td>50<\/td><\/tr><tr><td><strong>IP<\/strong><\/td><td>54<\/td><td>54<\/td><td>54<\/td><\/tr><\/tbody><tfoot><tr><td><\/td><td><\/td><td><\/td><td><\/td><\/tr><\/tfoot><\/table><\/figure>\n\n\n\n<p>(*) Die m\u00f6gliche H\u00f6he der T\u00fcr h\u00e4ngt von ihrer Breite ab.<br>(**) Horizontale Luftschleiermodule = <strong>OL<\/strong> und doppelt stehende Luftschleiermodule = <strong>DS<\/strong><br>(***) Durchmesser = Anschlussgr\u00f6\u00dfe des Luftschleiermodules, abh\u00e4ngig von der Anzahl der Luftschleiermodulen zum gleichen Gebl\u00e4se und dem Luftvolumen, das wir f\u00fcr jede T\u00fcr ben\u00f6tigen. Es ist auch in den Gr\u00f6\u00dfen 250 und 400 mm erh\u00e4ltlich.<\/p>\n","protected":false},"excerpt":{"rendered":"Unser Terminal-System ist ma\u00dfgeschneidert f\u00fcr Verladeterminals mit mehreren nebeneinander liegenden T\u00fcren, bei denen eine effiziente Luftverteilung und Klimakontrolle entscheidend sind.  \nMit einer benutzerfreundlichen Steuereinheit und fortschrittlichen Sensorsteuerungen kann das Terminal System den Luftstrom zu jeder T\u00fcr zum richtigen Zeitpunkt pr\u00e4zise regulieren und so eine optimale Leistung und Energieeffizienz gew\u00e4hrleisten.  ","protected":false},"featured_media":20805,"menu_order":0,"template":"","meta":{"_acf_changed":false,"_seopress_robots_primary_cat":"none","_seopress_titles_title":"Masterveil Terminal - Luftschleiersystem","_seopress_titles_desc":"Das Masterveil Terminal System ist ma\u00dfgeschneidert f\u00fcr Verladeterminals mit mehreren nebeneinander liegenden T\u00fcren, bei denen eine effiziente Luftverteilung und Klimakontrolle entscheidend sind.","_seopress_robots_index":"","_relevanssi_hide_post":"","_relevanssi_hide_content":"","_relevanssi_pin_for_all":"","_relevanssi_pin_keywords":"","_relevanssi_unpin_keywords":"","_relevanssi_related_keywords":"","_relevanssi_related_include_ids":"","_relevanssi_related_exclude_ids":"","_relevanssi_related_no_append":"","_relevanssi_related_not_related":"","_relevanssi_related_posts":"","_relevanssi_noindex_reason":"","footnotes":""},"product_category":[249],"class_list":["post-20800","product","type-product","status-publish","has-post-thumbnail","hentry","product_category-logistik-und-industrietore-luftschleier"],"acf":[],"_links":{"self":[{"href":"https:\/\/www.masterveil-eu.com\/de\/wp-json\/wp\/v2\/product\/20800","targetHints":{"allow":["GET"]}}],"collection":[{"href":"https:\/\/www.masterveil-eu.com\/de\/wp-json\/wp\/v2\/product"}],"about":[{"href":"https:\/\/www.masterveil-eu.com\/de\/wp-json\/wp\/v2\/types\/product"}],"version-history":[{"count":5,"href":"https:\/\/www.masterveil-eu.com\/de\/wp-json\/wp\/v2\/product\/20800\/revisions"}],"predecessor-version":[{"id":37041,"href":"https:\/\/www.masterveil-eu.com\/de\/wp-json\/wp\/v2\/product\/20800\/revisions\/37041"}],"wp:featuredmedia":[{"embeddable":true,"href":"https:\/\/www.masterveil-eu.com\/de\/wp-json\/wp\/v2\/media\/20805"}],"wp:attachment":[{"href":"https:\/\/www.masterveil-eu.com\/de\/wp-json\/wp\/v2\/media?parent=20800"}],"wp:term":[{"taxonomy":"product_category","embeddable":true,"href":"https:\/\/www.masterveil-eu.com\/de\/wp-json\/wp\/v2\/product_category?post=20800"}],"curies":[{"name":"wp","href":"https:\/\/api.w.org\/{rel}","templated":true}]}}