{"id":20864,"date":"2024-02-27T14:09:52","date_gmt":"2024-02-27T12:09:52","guid":{"rendered":"https:\/\/www.masterveil-eu.com\/air-curtains\/ellips-380\/"},"modified":"2025-04-25T14:14:15","modified_gmt":"2025-04-25T12:14:15","slug":"ellips-380","status":"publish","type":"product","link":"https:\/\/www.masterveil-eu.com\/de\/luftschleier\/ellips-380\/","title":{"rendered":"ELLIPS 380 Luftschleier"},"content":{"rendered":"<h2 class='g-block g-heading'>Informationen zum Produkt<\/h2><h3 class='g-block g-heading'>H\u00e4ngende Montage und einstellbare Vorhangl\u00e4nge<\/h3>\n<p>Ellips 380 wird elegant h\u00e4ngend installiert, und die L\u00e4nge des Luftschleiers ist flexibel und kann individuell angepasst werden. Sie reicht von 1200 bis 3000 mm und ist in jeder RAL-Farbe oder in Edelstahloptik erh\u00e4ltlich. Dies bietet eine vielseitige L\u00f6sung f\u00fcr verschiedene R\u00e4ume und \u00d6ffnungen. Das Modell 14 ist f\u00fcr T\u00fcrh\u00f6hen bis zu ca. 3 Metern geeignet, das Modell 16 f\u00fcr T\u00fcrh\u00f6hen bis zu ca. 4 Metern.<\/p>\n<h3 class='g-block g-heading'>Exklusives Design und leistungsstarke Funktion<\/h3>\n<p>Das kompakte Modell besticht nicht nur durch sein exklusives Design, sondern liefert auch eine starke Leistung. Die Airstop-D\u00fcse ist mit einer einstellbaren Luftrichtung ausgestattet, die eine Anpassung an unterschiedliche Bed\u00fcrfnisse und Raumkonfigurationen erm\u00f6glicht. Die Heizspirale ist standardm\u00e4\u00dfig enthalten und sorgt f\u00fcr eine effektive Temperaturkontrolle und Komfort.<\/p>\n<h3 class='g-block g-heading'>Wesentliche Merkmale<\/h3>\n<ul class=\"wp-block-list\">\n<li>Ellips 380 wird elegant h\u00e4ngend montiert, und die L\u00e4nge des Vorhangs kann je nach Bedarf von 1200 bis 3000 mm angepasst werden.<\/li>\n\n\n\n<li>Ellips 380 ist in zwei verschiedenen Gebl\u00e4sekonfigurationen erh\u00e4ltlich, Modell 14 und Modell 16, wobei Modell 16 eine h\u00f6here Druckeinstellung hat.<\/li>\n\n\n\n<li>Exklusives Design und leistungsstarke Funktion.<\/li>\n\n\n\n<li>Airstop-D\u00fcse mit einstellbarer Luftrichtung.<\/li>\n\n\n\n<li>Die Heizbatterie ist serienm\u00e4\u00dfig enthalten und sorgt f\u00fcr eine effiziente Temperaturregelung und Komfort.<\/li>\n\n\n\n<li>Alle Service- und Wartungsarbeiten k\u00f6nnen einfach von unten durchgef\u00fchrt werden, was Zeit spart und eine reibungslose Handhabung erm\u00f6glicht.<\/li>\n\n\n\n<li>Das Modell 14 ist f\u00fcr T\u00fcrh\u00f6hen bis zu etwa 3 Metern geeignet.<\/li>\n\n\n\n<li>Das Modell 16 ist f\u00fcr T\u00fcrh\u00f6hen bis zu etwa 4 Metern geeignet.<\/li>\n\n\n\n<li>Ellips 380 ist in jeder RAL-Farbe oder in Edelstahl erh\u00e4ltlich.<\/li>\n<\/ul>\n<h3 class='g-block g-heading'>Technische Daten<\/h3>\n<figure class=\"wp-block-table\"><table><thead><tr><th>14 Modell<\/th><th><strong>Ellips 380-2<\/strong>.14<\/th><th><strong>\n  <strong>Ellipsen 380<\/strong>\n<\/strong>-3.14<\/th><th><strong>\n  <strong>Ellipsen 380<\/strong>\n<\/strong>-4.14<\/th><th><strong>Ellips 380-5<\/strong>.14<\/th><th><strong>\n  <strong>Ellipsen 380<\/strong>\n<\/strong>-6.14<\/th><\/tr><\/thead><tbody><tr><td><strong>Art der Installation<\/strong><\/td><td>Horizontal<\/td><td>Horizontal<\/td><td>Horizontal<\/td><td>Horizontal<\/td><td>Horizontal<\/td><\/tr><tr><td><strong>Max dorr H\u00f6he<\/strong> (*)<\/td><td>3 Meter<\/td><td>3 Meter<\/td><td>3 Meter<\/td><td>3 Meter<\/td><td>3 Meter<\/td><\/tr><tr><td><strong>Standard Farbe<\/strong><\/td><td>RAL 9010<\/td><td>RAL 9010<\/td><td>RAL 9010<\/td><td>RAL 9010<\/td><td>RAL 9010<\/td><\/tr><tr><td><strong>L\u00e4nge<\/strong> OL-Luftschleier (**)<\/td><td><\/td><td><\/td><td><\/td><td><\/td><td><\/td><\/tr><tr><td><strong>L\u00e4nge<\/strong><\/td><td>1200-1300mm<\/td><td>1400-1700mm<\/td><td>1800-2300mm<\/td><td>2400-2650mm<\/td><td>2750-3150mm<\/td><\/tr><tr><td><strong>H\u00f6he<\/strong><\/td><td>380mm<\/td><td>380mm<\/td><td>380mm<\/td><td>380mm<\/td><td>380mm<\/td><\/tr><tr><td><strong>Tiefe<\/strong><\/td><td>680mm<\/td><td>680mm<\/td><td>680mm<\/td><td>680mm<\/td><td>680mm<\/td><\/tr><tr><td><strong>Luftstrom<\/strong><\/td><td>1300 m\u00b3\/h<\/td><td>1950 m\u00b3\/h<\/td><td>2500 m\u00b3\/h<\/td><td>3000 m\u00b3\/h<\/td><td>3600 m\u00b3\/h<\/td><\/tr><tr><td><strong>Spannung V<\/strong><\/td><td>230<\/td><td>230<\/td><td>230<\/td><td>230<\/td><td>230<\/td><\/tr><tr><td><strong>Leistung Motor kW<\/strong><\/td><td>0,292<\/td><td>0,438<\/td><td>0,584<\/td><td>0,730<\/td><td>0,876<\/td><\/tr><tr><td><strong>Motorstrom A<\/strong><\/td><td>2,28<\/td><td>3,42<\/td><td>4,56<\/td><td>5,7<\/td><td>6,84<\/td><\/tr><tr><td><strong>Frequenz Hz<\/strong><\/td><td>50<\/td><td>50<\/td><td>50<\/td><td>50<\/td><td>50<\/td><\/tr><tr><td><strong>IP<\/strong><\/td><td>40<\/td><td>40<\/td><td>40<\/td><td>40<\/td><td>40<\/td><\/tr><\/tbody><\/table><\/figure>\n\n<figure class=\"wp-block-table\"><table><thead><tr><th>16 Modell<\/th><th><strong>\n  <strong>Ellipsen 380<\/strong>\n<\/strong>-2.16<\/th><th><strong>Ellips 380-3<\/strong>.16<\/th><th><strong>\n  <strong>Ellipsen 380<\/strong>\n<\/strong>-4.16<\/th><th><\/th><th><\/th><\/tr><\/thead><tbody><tr><td><strong>Art der Installation<\/strong><\/td><td>Horizontal<\/td><td>Horizontal<\/td><td>Horizontal<\/td><td><\/td><td><\/td><\/tr><tr><td><strong>Max dorr H\u00f6he<\/strong> (*)<\/td><td>4 Meter<\/td><td>4 Meter<\/td><td>4 Meter<\/td><td><\/td><td><\/td><\/tr><tr><td><strong>Standard Farbe<\/strong><\/td><td>RAL 9010<\/td><td>RAL 9010<\/td><td>RAL 9010<\/td><td><\/td><td><\/td><\/tr><tr><td><strong>L\u00e4nge<\/strong> OL-Luftschleier (**)<\/td><td>T\u00fcrbreite + ca. 100mm<\/td><td>T\u00fcrbreite + ca. 100mm<\/td><td>T\u00fcrbreite + ca. 100mm<\/td><td><\/td><td><\/td><\/tr><tr><td><strong>L\u00e4nge<\/strong><\/td><td>1200-1700mm<\/td><td>1800-2300mm<\/td><td>2400-3000mm<\/td><td><\/td><td><\/td><\/tr><tr><td><strong>H\u00f6he<\/strong><\/td><td>380mm<\/td><td>380mm<\/td><td>380mm<\/td><td><\/td><td><\/td><\/tr><tr><td><strong>Tiefe<\/strong><\/td><td>680mm<\/td><td>680mm<\/td><td>680mm<\/td><td><\/td><td><\/td><\/tr><tr><td><strong>Luftstrom<\/strong><\/td><td>2100 m\u00b3\/h<\/td><td>3200 m\u00b3\/h<\/td><td>4300 m\u00b3\/h<\/td><td><\/td><td><\/td><\/tr><tr><td><strong>Spannung V<\/strong><\/td><td>230<\/td><td>230<\/td><td>230<\/td><td><\/td><td><\/td><\/tr><tr><td><strong>Leistung Motor kW<\/strong><\/td><td>1,45<\/td><td>2,175<\/td><td>2,9<\/td><td><\/td><td><\/td><\/tr><tr><td><strong>Motorstrom A<\/strong><\/td><td>6,4<\/td><td>9,6<\/td><td>12,8<\/td><td><\/td><td><\/td><\/tr><tr><td><strong>Frequenz Hz<\/strong><\/td><td>50<\/td><td>50<\/td><td>50<\/td><td><\/td><td><\/td><\/tr><tr><td><strong>IP<\/strong><\/td><td>54<\/td><td>54<\/td><td>54<\/td><td><\/td><td><\/td><\/tr><\/tbody><tfoot><tr><td><\/td><td><\/td><td><\/td><td><\/td><td><\/td><td><\/td><\/tr><\/tfoot><\/table><figcaption class=\"wp-element-caption\">(*) Die m\u00f6gliche H\u00f6he des Tores h\u00e4ngt von seiner Breite ab.<br\/>(**) Horizontaler Luftschleier = <strong>OL<\/strong> und doppelt stehende Luftschleier = <strong>DS<\/strong><\/figcaption><\/figure>\n","protected":false},"excerpt":{"rendered":"Erleben Sie ausgefeilte Technik und Stil mit Ellipsen, einem Luftschleier, der nicht nur durch sein exklusives Design auff\u00e4llt, sondern auch durch seine fantastische Leistung beeindruckt.","protected":false},"featured_media":20885,"menu_order":0,"template":"","meta":{"_acf_changed":false,"_seopress_robots_primary_cat":"none","_seopress_titles_title":"ELLIPS 380: Eleganter & leistungsstarker Luftschleier","_seopress_titles_desc":"Setzen Sie ein Zeichen mit dem ELLIPS 380 Luftschleier, einer leistungsstarken L\u00f6sung, die sowohl effizient als auch \u00e4sthetisch ansprechend f\u00fcr Ihren Eingang ist.","_seopress_robots_index":"","_relevanssi_hide_post":"","_relevanssi_hide_content":"","_relevanssi_pin_for_all":"","_relevanssi_pin_keywords":"","_relevanssi_unpin_keywords":"","_relevanssi_related_keywords":"","_relevanssi_related_include_ids":"","_relevanssi_related_exclude_ids":"","_relevanssi_related_no_append":"","_relevanssi_related_not_related":"","_relevanssi_related_posts":"","_relevanssi_noindex_reason":"","footnotes":""},"product_category":[252],"class_list":["post-20864","product","type-product","status-publish","has-post-thumbnail","hentry","product_category-eingange"],"acf":[],"_links":{"self":[{"href":"https:\/\/www.masterveil-eu.com\/de\/wp-json\/wp\/v2\/product\/20864","targetHints":{"allow":["GET"]}}],"collection":[{"href":"https:\/\/www.masterveil-eu.com\/de\/wp-json\/wp\/v2\/product"}],"about":[{"href":"https:\/\/www.masterveil-eu.com\/de\/wp-json\/wp\/v2\/types\/product"}],"version-history":[{"count":5,"href":"https:\/\/www.masterveil-eu.com\/de\/wp-json\/wp\/v2\/product\/20864\/revisions"}],"predecessor-version":[{"id":37031,"href":"https:\/\/www.masterveil-eu.com\/de\/wp-json\/wp\/v2\/product\/20864\/revisions\/37031"}],"wp:featuredmedia":[{"embeddable":true,"href":"https:\/\/www.masterveil-eu.com\/de\/wp-json\/wp\/v2\/media\/20885"}],"wp:attachment":[{"href":"https:\/\/www.masterveil-eu.com\/de\/wp-json\/wp\/v2\/media?parent=20864"}],"wp:term":[{"taxonomy":"product_category","embeddable":true,"href":"https:\/\/www.masterveil-eu.com\/de\/wp-json\/wp\/v2\/product_category?post=20864"}],"curies":[{"name":"wp","href":"https:\/\/api.w.org\/{rel}","templated":true}]}}