{"id":20922,"date":"2024-02-23T14:07:18","date_gmt":"2024-02-23T12:07:18","guid":{"rendered":"https:\/\/www.masterveil-eu.com\/air-curtains\/mvp-s-999-lastkraftwagen\/"},"modified":"2024-12-16T15:18:40","modified_gmt":"2024-12-16T13:18:40","slug":"mvp-s-999-lastkraftwagen","status":"publish","type":"product","link":"https:\/\/www.masterveil-eu.com\/de\/luftschleier\/mvp-s-999-lastkraftwagen\/","title":{"rendered":"MVP-S 999 &#8211; Lastkraftwagen"},"content":{"rendered":"<h2 class='g-block g-heading'>Informationen zum Produkt<\/h2><h3 class='g-block g-heading'>Vorteile<\/h3>\n<p>Ein hocheffizienter Luftvorhang wird durch ein Gebl\u00e4se erzeugt, das die Luft mit hoher Geschwindigkeit durch unsere fortschrittliche Messerstrahld\u00fcse treibt. Diese D\u00fcse trennt die Temperaturzone im Laderaum von der Umgebungsluft. Der Frachtumschlag kann somit reibungslos und ohne Hindernisse durchgef\u00fchrt werden, ohne dass st\u00f6rende Kunststoffstreifen oder Vorh\u00e4nge, die die Sicht behindern w\u00fcrden, erforderlich sind.<\/p>\n\n<ul class=\"wp-block-list\">\n<li>Hochwirksamer Temperaturschutz f\u00fcr K\u00fchlfahrzeuge.<\/li>\n\n\n\n<li>Platzsparende L\u00f6sung.<\/li>\n\n\n\n<li>Au\u00dfergew\u00f6hnlich hohe Effizienz.<\/li>\n\n\n\n<li>Einstellbar f\u00fcr \u00d6ffnungsbreiten zwischen 1000-2600 mm.<\/li>\n\n\n\n<li>F\u00f6rdert einen effizienten Frachtumschlag.<\/li>\n\n\n\n<li>Schafft eine verbesserte Arbeitsumgebung ohne Hindernisse.<\/li>\n<\/ul>\n<h2 class='g-block g-heading'>Technische Daten<\/h2>\n<figure class=\"wp-block-table\"><table><thead><tr><th><\/th><th>MVP-S 999-1<\/th><th>MVP-S 999-2<\/th><\/tr><\/thead><tbody><tr><td><strong><strong>Art der Installation<\/strong><\/strong><\/td><td>Horizontal<\/td><td>Horizontal<\/td><\/tr><tr><td><strong><strong>Standard Farbe<\/strong><\/strong><\/td><td>Aluminium<\/td><td>Aluminium<\/td><\/tr><tr><td><strong><strong>L\u00e4nge<\/strong><\/strong><\/td><td>1000-1300mm<\/td><td>2000-2600mm<\/td><\/tr><tr><td><strong><strong>H\u00f6he<\/strong><\/strong><\/td><td>100mm<\/td><td>100mm<\/td><\/tr><tr><td><strong><strong>Tiefe<\/strong><\/strong><\/td><td>350mm<\/td><td>350mm<\/td><\/tr><tr><td><strong><strong>Luftstrom<\/strong><\/strong><\/td><td>600 m\u00b3\/h<\/td><td>1200 m\u00b3\/h<\/td><\/tr><tr><td><strong>D\u00fcse<\/strong><\/td><td>Airstop<\/td><td>Airstop<\/td><\/tr><tr><td><strong>Spannung V<\/strong><\/td><td>24VDC<\/td><td>24VDC<\/td><\/tr><tr><td><strong>Leistung Motor kW<\/strong><\/td><td>0,106<\/td><td>0,212<\/td><\/tr><tr><td><strong>Motorstrom A<\/strong><\/td><td>5<\/td><td>10<\/td><\/tr><tr><td><strong>IP<\/strong><\/td><td>42<\/td><td>42<\/td><\/tr><\/tbody><tfoot><tr><td><\/td><td><\/td><td><\/td><\/tr><\/tfoot><\/table><\/figure>\n","protected":false},"excerpt":{"rendered":"MVP-S 999, ein Luftschleier f\u00fcr Lastwagen. Der Luftschleier hat eine minimale Bauh\u00f6he von nur 100 mm. Der Vorhang h\u00e4lt die K\u00e4lte im Laderaum des Lkw zur\u00fcck und sorgt f\u00fcr eine konstante Temperatur, ohne die Ladeh\u00f6he zu beeintr\u00e4chtigen. Sorgen Sie f\u00fcr eine ununterbrochene K\u00fchlkette mit dieser kompakten und effizienten L\u00f6sung.","protected":false},"featured_media":20927,"menu_order":0,"template":"","meta":{"_acf_changed":false,"_seopress_robots_primary_cat":"none","_seopress_titles_title":"MVP-S 999 Luftschleier f\u00fcr Lastwagen %%sep%% Masterveil","_seopress_titles_desc":"Der Luftschleier dient dazu, die K\u00e4lte im Laderaum des Lkw zu halten und hilft, die Temperatur konstant zu halten, ohne die Ladeh\u00f6he zu beeintr\u00e4chtigen.","_seopress_robots_index":"","_relevanssi_hide_post":"","_relevanssi_hide_content":"","_relevanssi_pin_for_all":"","_relevanssi_pin_keywords":"","_relevanssi_unpin_keywords":"","_relevanssi_related_keywords":"","_relevanssi_related_include_ids":"","_relevanssi_related_exclude_ids":"","_relevanssi_related_no_append":"","_relevanssi_related_not_related":"","_relevanssi_related_posts":"","_relevanssi_noindex_reason":"","footnotes":""},"product_category":[265],"class_list":["post-20922","product","type-product","status-publish","has-post-thumbnail","hentry","product_category-lkw-luftschleier"],"acf":[],"_links":{"self":[{"href":"https:\/\/www.masterveil-eu.com\/de\/wp-json\/wp\/v2\/product\/20922","targetHints":{"allow":["GET"]}}],"collection":[{"href":"https:\/\/www.masterveil-eu.com\/de\/wp-json\/wp\/v2\/product"}],"about":[{"href":"https:\/\/www.masterveil-eu.com\/de\/wp-json\/wp\/v2\/types\/product"}],"version-history":[{"count":5,"href":"https:\/\/www.masterveil-eu.com\/de\/wp-json\/wp\/v2\/product\/20922\/revisions"}],"predecessor-version":[{"id":32974,"href":"https:\/\/www.masterveil-eu.com\/de\/wp-json\/wp\/v2\/product\/20922\/revisions\/32974"}],"wp:featuredmedia":[{"embeddable":true,"href":"https:\/\/www.masterveil-eu.com\/de\/wp-json\/wp\/v2\/media\/20927"}],"wp:attachment":[{"href":"https:\/\/www.masterveil-eu.com\/de\/wp-json\/wp\/v2\/media?parent=20922"}],"wp:term":[{"taxonomy":"product_category","embeddable":true,"href":"https:\/\/www.masterveil-eu.com\/de\/wp-json\/wp\/v2\/product_category?post=20922"}],"curies":[{"name":"wp","href":"https:\/\/api.w.org\/{rel}","templated":true}]}}