{"id":20939,"date":"2024-02-27T14:48:56","date_gmt":"2024-02-27T12:48:56","guid":{"rendered":"https:\/\/www.masterveil-eu.com\/air-curtains\/roundel-karusselltueren\/"},"modified":"2024-12-13T17:22:37","modified_gmt":"2024-12-13T15:22:37","slug":"roundel-karusselltueren","status":"publish","type":"product","link":"https:\/\/www.masterveil-eu.com\/de\/luftschleier\/roundel-karusselltueren\/","title":{"rendered":"ROUNDEL &#8211; Karussellt\u00fcren"},"content":{"rendered":"<h2 class='g-block g-heading'>Informationen zum Produkt<\/h2>\n\n<h3 class='g-block g-heading'>Wesentliche Merkmale<\/h3>\n\n\n<ul class=\"wp-block-list\">\n<li>Horizontale, gebogene Luftschleiertrommel.<\/li>\n\n\n\n<li>Speziell f\u00fcr Karussellt\u00fcren entwickelt.<\/li>\n\n\n\n<li>Kann mit einer zus\u00e4tzlichen Luftschleiertrommel f\u00fcr Seitent\u00fcren erg\u00e4nzt werden.<\/li>\n\n\n\n<li>Starker Schutz vor kalter Zugluft.<\/li>\n\n\n\n<li>Eigenst\u00e4ndiges Ger\u00e4t f\u00fcr mehr Leistung.<\/li>\n\n\n\n<li>Airstop-Technologie f\u00fcr effektive Luftstromkontrolle.<\/li>\n\n\n\n<li>Heizbatterie standardm\u00e4\u00dfig enthalten.<\/li>\n\n\n\n<li>Geeignet f\u00fcr T\u00fcrh\u00f6hen von bis zu ca. 3,5 Metern<\/li>\n\n\n\n<li>Erh\u00e4ltlich in jeder RAL-Farbe oder in Edelstahloptik.<\/li>\n<\/ul>\n\n\n\n<p>Entdecken Sie Roundel, Ihre L\u00f6sung f\u00fcr eine effektive Klimakontrolle in Karussellt\u00fcren. Kontaktieren Sie uns f\u00fcr ma\u00dfgeschneiderte Optionen, die Ihren speziellen Bed\u00fcrfnissen entsprechen.<\/p>\n\n\n<h3 class='g-block g-heading'>Technische Daten<\/h3>\n\n\n<figure class=\"wp-block-table\"><table><thead><tr><th><\/th><th>AS 40K<\/th><th>AS 45K<\/th><\/tr><\/thead><tbody><tr><td><strong>Art der Installation<\/strong><\/td><td>Fanbox mit Luftschleiertrommel f\u00fcr Karussellt\u00fcr<\/td><td>Fanbox mit Luftschleiertrommel f\u00fcr Karussellt\u00fcr<\/td><\/tr><tr><td><strong>Maximale T\u00fcrh\u00f6he<\/strong><\/td><td>3,5 Meter<\/td><td>3,5 Meter<\/td><\/tr><tr><td><strong>Standardfarbe<\/strong> (Luftschleiertrommel)<br><em><sub>Die Fanbox wird standardm\u00e4\u00dfig aus verzinktem Blech geliefert<\/sub><\/em><\/td><td>RAL 9010<\/td><td>RAL 9010<\/td><\/tr><tr><td><strong>L\u00e4nge<\/strong> (Luftschleiertrommel)<\/td><td>Die \u00d6ffnung der Karussellt\u00fcr + ca. 100 mm<\/td><td>Die \u00d6ffnung der Karussellt\u00fcr + ca. 100 mm<\/td><\/tr><tr><td><strong>\n  <strong>H\u00f6he<\/strong>\n<\/strong> (Luftschleiertrommel)<\/td><td>Siehe Zeichnung<\/td><td>Siehe Zeichnung<\/td><\/tr><tr><td><strong>Tiefe<\/strong>(Luftschleiertrommel)<\/td><td>Siehe Zeichnung<\/td><td>Siehe Zeichnung<\/td><\/tr><tr><td><strong>L\u00e4nge<\/strong> (Fanbox)<\/td><td>Siehe Zeichnung<\/td><td>Siehe Zeichnung<\/td><\/tr><tr><td><strong>H\u00f6he<\/strong> (Fanbox)<\/td><td>Siehe Zeichnung<\/td><td>Siehe Zeichnung<\/td><\/tr><tr><td><strong>Tiefe<\/strong> (Fanbox)<\/td><td>Siehe Zeichnung<\/td><td>Siehe Zeichnung<\/td><\/tr><tr><td><strong>Luftstrom<\/strong><\/td><td>5000 m\u00b3\/h<\/td><td>6000 m\u00b3\/h<\/td><\/tr><tr><td><strong>D\u00fcse<\/strong><\/td><td>Airstop<\/td><td>Airstop<\/td><\/tr><tr><td><strong>Spannung V<\/strong><\/td><td>400<\/td><td>400<\/td><\/tr><tr><td><strong>Eingangsleistung Motor kW<\/strong><\/td><td>2,3<\/td><td>3,5<\/td><\/tr><tr><td><strong>Motorstrom A<\/strong><\/td><td>3,5<\/td><td>5,4<\/td><\/tr><tr><td><strong>Frequenz Hz<\/strong><\/td><td>50<\/td><td>50<\/td><\/tr><tr><td><strong>IP<\/strong><\/td><td>54<\/td><td>54<\/td><\/tr><\/tbody><tfoot><tr><td><\/td><td><\/td><td><\/td><\/tr><\/tfoot><\/table><\/figure>\n","protected":false},"excerpt":{"rendered":"Roundel ist unser Konzept f\u00fcr Luftschleier f\u00fcr Karussellt\u00fcren. Wir nennen es ein Konzept, weil wir wissen, dass L\u00f6sungen fast immer an die spezifischen Bedingungen an jedem einzelnen Standort angepasst werden m\u00fcssen.","protected":false},"featured_media":20943,"menu_order":0,"template":"","meta":{"_acf_changed":false,"_seopress_robots_primary_cat":"none","_seopress_titles_title":"ROUNDEL - Luftschleier f\u00fcr Karussellt\u00fcren | Masterveil","_seopress_titles_desc":"Karussellt\u00fcren ben\u00f6tigen effektive Luftschleier. Es reicht nicht aus, W\u00e4rme in die Dreht\u00fcr zu blasen. Es ist wichtig, den kalten Luftzug zu stoppen, der durch die T\u00fcren eindringt.","_seopress_robots_index":"","_relevanssi_hide_post":"","_relevanssi_hide_content":"","_relevanssi_pin_for_all":"","_relevanssi_pin_keywords":"","_relevanssi_unpin_keywords":"","_relevanssi_related_keywords":"","_relevanssi_related_include_ids":"","_relevanssi_related_exclude_ids":"","_relevanssi_related_no_append":"","_relevanssi_related_not_related":"","_relevanssi_related_posts":"","_relevanssi_noindex_reason":"","footnotes":""},"product_category":[252],"class_list":["post-20939","product","type-product","status-publish","has-post-thumbnail","hentry","product_category-eingange"],"acf":[],"_links":{"self":[{"href":"https:\/\/www.masterveil-eu.com\/de\/wp-json\/wp\/v2\/product\/20939","targetHints":{"allow":["GET"]}}],"collection":[{"href":"https:\/\/www.masterveil-eu.com\/de\/wp-json\/wp\/v2\/product"}],"about":[{"href":"https:\/\/www.masterveil-eu.com\/de\/wp-json\/wp\/v2\/types\/product"}],"version-history":[{"count":5,"href":"https:\/\/www.masterveil-eu.com\/de\/wp-json\/wp\/v2\/product\/20939\/revisions"}],"predecessor-version":[{"id":32401,"href":"https:\/\/www.masterveil-eu.com\/de\/wp-json\/wp\/v2\/product\/20939\/revisions\/32401"}],"wp:featuredmedia":[{"embeddable":true,"href":"https:\/\/www.masterveil-eu.com\/de\/wp-json\/wp\/v2\/media\/20943"}],"wp:attachment":[{"href":"https:\/\/www.masterveil-eu.com\/de\/wp-json\/wp\/v2\/media?parent=20939"}],"wp:term":[{"taxonomy":"product_category","embeddable":true,"href":"https:\/\/www.masterveil-eu.com\/de\/wp-json\/wp\/v2\/product_category?post=20939"}],"curies":[{"name":"wp","href":"https:\/\/api.w.org\/{rel}","templated":true}]}}