{"id":21002,"date":"2024-02-27T13:45:29","date_gmt":"2024-02-27T11:45:29","guid":{"rendered":"https:\/\/www.masterveil-eu.com\/air-curtains\/compact-400\/"},"modified":"2025-04-25T14:05:03","modified_gmt":"2025-04-25T12:05:03","slug":"compact-400","status":"publish","type":"product","link":"https:\/\/www.masterveil-eu.com\/de\/luftschleier\/compact-400\/","title":{"rendered":"COMPACT 400 Luftschleier"},"content":{"rendered":"<h2 class='g-block g-heading'>Informationen zum Produkt<\/h2>\n\n<h3 class='g-block g-heading'>Air-Stop-Technologie f\u00fcr nahtlose Integration und vielseitige Anschlussm\u00f6glichkeiten<\/h3>\n\n\n<p>Ausgestattet mit unserer einzigartigen Airstop-D\u00fcse mit Messerstrahltechnologie bietet der COMPACT 400 eine h\u00f6here Effizienz im Vergleich zu herk\u00f6mmlichen Luftschleiern. Mit einer verl\u00e4ngerten D\u00fcse k\u00f6nnen die Vorh\u00e4nge nahtlos in die Decke oder Wand integriert werden. Bei vertikalen Vorh\u00e4ngen k\u00f6nnen Sie den Anschluss von oben oder unten f\u00fcr Strom und Wasser w\u00e4hlen. Horizontale Luftschleier k\u00f6nnen entweder auf der linken oder rechten Seite angeschlossen werden.<\/p>\n\n\n<h3 class='g-block g-heading'>Eigenschaften<\/h3>\n\n\n<ul class=\"wp-block-list\">\n<li>Leicht anpassbar an Ihre pers\u00f6nlichen Vorlieben.<\/li>\n\n\n\n<li>Eingebaute leistungsstarke Radialventilatoren.<\/li>\n\n\n\n<li>Messerd\u00fcsentechnologie f\u00fcr eine effektive Kontrolle des Luftstroms.<\/li>\n\n\n\n<li>Effizienter Schutz gegen kalte Temperaturen.<\/li>\n\n\n\n<li>Einfache Installation, entweder vertikal oder \u00fcber Kopf.<\/li>\n\n\n\n<li>Standardm\u00e4\u00dfig mit einer Heizbatterie ausgestattet.<\/li>\n\n\n\n<li>Luftschleierl\u00e4nge einstellbar von 2100 bis 3000 mm.<\/li>\n\n\n\n<li>F\u00fcr T\u00fcrbreiten von ca. 2,7 Metern mit doppelten, seitlich ausblasenden Luftschleiern.<\/li>\n\n\n\n<li>Geeignet f\u00fcr T\u00fcrh\u00f6hen bis zu ca. 3 Metern bei horizontalem Einbau.<\/li>\n\n\n\n<li>Erh\u00e4ltlich in jeder RAL-Farbe oder in Edelstahloptik.<\/li>\n<\/ul>\n\n\n<h3 class='g-block g-heading'>Technische Daten<\/h3>\n\n\n<figure class=\"wp-block-table\"><table><thead><tr><th><\/th><th><strong><strong><strong>COMPACT 400<\/strong><\/strong><\/strong>-4.14<\/th><th>COMPACT 400-5.14<\/th><\/tr><\/thead><tbody><tr><td><strong>Art der Installation<\/strong><\/td><td>Horizontal \/ Vertikal<\/td><td>Horizontal \/ Vertikal<\/td><\/tr><tr><td><strong>Max T\u00fcrh\u00f6he<\/strong> OL-Luftschleier (*)<\/td><td>3 Meter<\/td><td>3 Meter<\/td><\/tr><tr><td><strong>Maximale T\u00fcrbreite<\/strong> DS-Luftschleier (*)<\/td><td>2,7 Meter<\/td><td>2,7 Meter<\/td><\/tr><tr><td><strong>Standard Farbe<\/strong><\/td><td>RAL 9010<\/td><td>RAL 9010<\/td><\/tr><tr><td><strong>L\u00e4nge<\/strong> OL-Luftschleier (**)<\/td><td>T\u00fcrbreite + ca. 100mm<\/td><td>T\u00fcrbreite + ca. 100mm<\/td><\/tr><tr><td><strong>L\u00e4nge<\/strong> DS-Luftschleier (**)<\/td><td>T\u00fcrh\u00f6he + ca. 50mm<\/td><td>T\u00fcrh\u00f6he + ca. 50mm<\/td><\/tr><tr><td><strong>L\u00e4nge<\/strong><\/td><td>2100mm-2500mm<\/td><td>2500mm-3000mm<\/td><\/tr><tr><td><strong>Durchmesser<\/strong><\/td><td>400mm<\/td><td>400mm<\/td><\/tr><tr><td><strong>Luftstrom<\/strong><\/td><td>2500 m\u00b3\/h<\/td><td>3000 m\u00b3\/h<\/td><\/tr><tr><td><strong>Spannung V<\/strong><\/td><td>230<\/td><td>230<\/td><\/tr><tr><td><strong>Leistung Motor kW<\/strong><\/td><td>0,584<\/td><td>0,730<\/td><\/tr><tr><td><strong>Motorstrom A<\/strong><\/td><td>4,56<\/td><td>5,7<\/td><\/tr><tr><td><strong>Frequenz Hz<\/strong><\/td><td>50<\/td><td>50<\/td><\/tr><tr><td><strong>IP<\/strong><\/td><td>40<\/td><td>40<br><\/td><\/tr><\/tbody><tfoot><tr><td><\/td><td><\/td><td><\/td><\/tr><\/tfoot><\/table><figcaption class=\"wp-element-caption\">(*) Die m\u00f6gliche H\u00f6he der T\u00fcr h\u00e4ngt von ihrer Breite ab.<br>(**) Horizontaler Luftschleier = <strong>OL<\/strong> und doppelt stehende Luftschleier = <strong>DS<\/strong><\/figcaption><\/figure>\n","protected":false},"excerpt":{"rendered":"Entscheiden Sie sich f\u00fcr COMPACT 400, wenn Sie einen eleganten und effizienten Luftschleier suchen, der sich an Ihre speziellen Bed\u00fcrfnisse anpassen l\u00e4sst.","protected":false},"featured_media":21016,"menu_order":0,"template":"","meta":{"_acf_changed":false,"_seopress_robots_primary_cat":"none","_seopress_titles_title":"Masterveil COMPACT 400: Eleganter und effizienter Luftschleier","_seopress_titles_desc":"Versch\u00f6nern Sie Ihren Eingang mit COMPACT 400. Ein eleganter und effizienter Luftschleier f\u00fcr optimale Klimakontrolle und Energieeinsparung.","_seopress_robots_index":"","_relevanssi_hide_post":"","_relevanssi_hide_content":"","_relevanssi_pin_for_all":"","_relevanssi_pin_keywords":"","_relevanssi_unpin_keywords":"","_relevanssi_related_keywords":"","_relevanssi_related_include_ids":"","_relevanssi_related_exclude_ids":"","_relevanssi_related_no_append":"","_relevanssi_related_not_related":"","_relevanssi_related_posts":"","_relevanssi_noindex_reason":"","footnotes":""},"product_category":[252],"class_list":["post-21002","product","type-product","status-publish","has-post-thumbnail","hentry","product_category-eingange"],"acf":[],"_links":{"self":[{"href":"https:\/\/www.masterveil-eu.com\/de\/wp-json\/wp\/v2\/product\/21002","targetHints":{"allow":["GET"]}}],"collection":[{"href":"https:\/\/www.masterveil-eu.com\/de\/wp-json\/wp\/v2\/product"}],"about":[{"href":"https:\/\/www.masterveil-eu.com\/de\/wp-json\/wp\/v2\/types\/product"}],"version-history":[{"count":5,"href":"https:\/\/www.masterveil-eu.com\/de\/wp-json\/wp\/v2\/product\/21002\/revisions"}],"predecessor-version":[{"id":37027,"href":"https:\/\/www.masterveil-eu.com\/de\/wp-json\/wp\/v2\/product\/21002\/revisions\/37027"}],"wp:featuredmedia":[{"embeddable":true,"href":"https:\/\/www.masterveil-eu.com\/de\/wp-json\/wp\/v2\/media\/21016"}],"wp:attachment":[{"href":"https:\/\/www.masterveil-eu.com\/de\/wp-json\/wp\/v2\/media?parent=21002"}],"wp:term":[{"taxonomy":"product_category","embeddable":true,"href":"https:\/\/www.masterveil-eu.com\/de\/wp-json\/wp\/v2\/product_category?post=21002"}],"curies":[{"name":"wp","href":"https:\/\/api.w.org\/{rel}","templated":true}]}}