{"id":21146,"date":"2024-04-11T07:17:47","date_gmt":"2024-04-11T05:17:47","guid":{"rendered":"https:\/\/www.masterveil-eu.com\/air-curtains\/night-curtain-rolltor\/"},"modified":"2025-02-07T15:42:00","modified_gmt":"2025-02-07T13:42:00","slug":"night-curtain-rolltor","status":"publish","type":"product","link":"https:\/\/www.masterveil-eu.com\/de\/luftschleier\/night-curtain-rolltor\/","title":{"rendered":"NIGHT CURTAIN &#8211; Rolltor (nur skandinavischer Markt)"},"content":{"rendered":"<h2 class='g-block g-heading'>Informationen zum Produkt<\/h2>\n\n<h3 class='g-block g-heading'>Merkmale und Vorteile<\/h3>\n\n\n<ul class=\"wp-block-list\">\n<li><strong>Isolierte Aluminiumlamellen:<\/strong> diese Lamellen bieten eine hervorragende Isolierung, die dazu beitr\u00e4gt, dass Ihr Raum im Winter warm und im Sommer k\u00fchl bleibt.<\/li>\n\n\n\n<li><strong>Automatisches Anhalten des Luftvorhangs, wenn der Nachtvorhang geschlossen ist:<\/strong> dies sorgt daf\u00fcr, dass der Luftvorhang nicht unn\u00f6tig l\u00e4uft, wenn der Nachtvorhang geschlossen ist, und spart so Energie.<\/li>\n\n\n\n<li><strong>Somfy-Motoren:<\/strong> Somfy-Motoren sind bekannt f\u00fcr ihre Zuverl\u00e4ssigkeit und ihren leisen Betrieb.<\/li>\n\n\n\n<li><strong>Ma\u00dfanfertigung:<\/strong> der Nachtvorhang kann in jeder beliebigen Gr\u00f6\u00dfe angefertigt werden, um Ihren speziellen Bed\u00fcrfnissen zu entsprechen.<\/li>\n\n\n\n<li><strong>Abnehmbare mittlere Gleitschiene f\u00fcr gro\u00dfe \u00d6ffnungen:<\/strong> Sie erm\u00f6glicht einen einfachen Zugang zu dem Raum hinter dem Nachtvorhang.<\/li>\n<\/ul>\n\n\n\n<p>Dieser isolierte Nachtvorhang f\u00fcr K\u00fchlzellen ist ein wichtiger Bestandteil des Temperaturkontrollsystems des Gesch\u00e4fts. Er tr\u00e4gt dazu bei, die Qualit\u00e4t und Frische der Produkte zu erhalten und gleichzeitig den Energieverbrauch und die Betriebskosten zu senken.<\/p>\n\n\n<h3 class='g-block g-heading'>Technische Daten<\/h3>\n\n\n<figure class=\"wp-block-table\"><table><thead><tr><th><\/th><th>ALUGIX-55-MV-1<\/th><th>ALUGIX-55-MV-2<\/th><th>ALUGIX-55-MV-3<\/th><\/tr><\/thead><tbody><tr><td>Abmessung TxH mm<\/td><td>300&#215;300<\/td><td>300&#215;300<\/td><td>300&#215;300<\/td><\/tr><tr><td>L\u00e4nge mm<\/td><td>Ma\u00dfgeschneidert &lt;3000mm<\/td><td>Ma\u00dfgeschneidert 3000-5000mm<\/td><td>Ma\u00dfgeschneidert &gt;5000mm<\/td><\/tr><tr><td>Gewicht<\/td><td>Ca 18 kg\/m<\/td><td>Ca 18 kg\/m<\/td><td>Ca 18 kg\/m<\/td><\/tr><tr><td>Spannung V<\/td><td>230<\/td><td>230<\/td><td>230<\/td><\/tr><tr><td>Eingangsleistung Motor kW<\/td><td>0,390<\/td><td>0,430<\/td><td>x<\/td><\/tr><tr><td>Motorstrom A<\/td><td>3,4<\/td><td>3,8<\/td><td>x<\/td><\/tr><tr><td>Frequenz Hz<\/td><td>50<\/td><td>50<\/td><td>x<\/td><\/tr><tr><td>IP<\/td><td>44<\/td><td>44<\/td><td>44<\/td><\/tr><tr><td>Ger\u00e4usch (dBA)<\/td><td>65<\/td><td>67<\/td><td>x<\/td><\/tr><\/tbody><tfoot><tr><td><\/td><td><\/td><td><\/td><td><\/td><\/tr><\/tfoot><\/table><\/figure>\n","protected":false},"excerpt":{"rendered":"Isolierter Nachtvorhang f\u00fcr Obst- und Gem\u00fcse-, Molkerei- und Fleischabteilungen in Superm\u00e4rkten.","protected":false},"featured_media":20839,"menu_order":0,"template":"","meta":{"_acf_changed":false,"_seopress_robots_primary_cat":"none","_seopress_titles_title":"Isolierter Nachtvorhang","_seopress_titles_desc":"","_seopress_robots_index":"","_relevanssi_hide_post":"","_relevanssi_hide_content":"","_relevanssi_pin_for_all":"","_relevanssi_pin_keywords":"","_relevanssi_unpin_keywords":"","_relevanssi_related_keywords":"","_relevanssi_related_include_ids":"","_relevanssi_related_exclude_ids":"","_relevanssi_related_no_append":"","_relevanssi_related_not_related":"","_relevanssi_related_posts":"","_relevanssi_noindex_reason":"","footnotes":""},"product_category":[266],"class_list":["post-21146","product","type-product","status-publish","has-post-thumbnail","hentry","product_category-night-curtain-de-2"],"acf":[],"_links":{"self":[{"href":"https:\/\/www.masterveil-eu.com\/de\/wp-json\/wp\/v2\/product\/21146","targetHints":{"allow":["GET"]}}],"collection":[{"href":"https:\/\/www.masterveil-eu.com\/de\/wp-json\/wp\/v2\/product"}],"about":[{"href":"https:\/\/www.masterveil-eu.com\/de\/wp-json\/wp\/v2\/types\/product"}],"version-history":[{"count":4,"href":"https:\/\/www.masterveil-eu.com\/de\/wp-json\/wp\/v2\/product\/21146\/revisions"}],"predecessor-version":[{"id":33789,"href":"https:\/\/www.masterveil-eu.com\/de\/wp-json\/wp\/v2\/product\/21146\/revisions\/33789"}],"wp:featuredmedia":[{"embeddable":true,"href":"https:\/\/www.masterveil-eu.com\/de\/wp-json\/wp\/v2\/media\/20839"}],"wp:attachment":[{"href":"https:\/\/www.masterveil-eu.com\/de\/wp-json\/wp\/v2\/media?parent=21146"}],"wp:term":[{"taxonomy":"product_category","embeddable":true,"href":"https:\/\/www.masterveil-eu.com\/de\/wp-json\/wp\/v2\/product_category?post=21146"}],"curies":[{"name":"wp","href":"https:\/\/api.w.org\/{rel}","templated":true}]}}