{"id":21234,"date":"2024-04-11T07:12:30","date_gmt":"2024-04-11T05:12:30","guid":{"rendered":"https:\/\/www.masterveil-eu.com\/air-curtains\/night-curtain-rollierender-vorhang\/"},"modified":"2025-02-07T15:45:16","modified_gmt":"2025-02-07T13:45:16","slug":"night-curtain-rollierender-vorhang","status":"publish","type":"product","link":"https:\/\/www.masterveil-eu.com\/de\/luftschleier\/night-curtain-rollierender-vorhang\/","title":{"rendered":"NIGHT CURTAIN &#8211; Rollierender Vorhang (nur skandinavischer Markt)"},"content":{"rendered":"<h3 class='g-block g-heading'>Merkmale und Vorteile<\/h3>\n\n\n<ul class=\"wp-block-list\">\n<li><strong>Temperaturkontrolle:<\/strong> der Nachtvorhang tr\u00e4gt dazu bei, die Temperatur in den K\u00fchlzellen oder im Produktionsraum w\u00e4hrend der Nacht konstant und optimal zu halten, was f\u00fcr den Erhalt der Qualit\u00e4t und Frische der Produkte entscheidend ist.<\/li>\n\n\n\n<li><strong>Energieeffizienz: <\/strong>durch die Isolierung des K\u00fchlzellenraums von den Umgebungsbedingungen reduziert der Nachtvorhang die Energieverluste und tr\u00e4gt zur Senkung der Betriebskosten des K\u00fchlsystems bei.<\/li>\n\n\n\n<li><strong>Anpassungsf\u00e4higkeit: <\/strong>der Nachtvorhang kann an verschiedene Gr\u00f6\u00dfen und Typen von K\u00fchlzellen und Produktionsr\u00e4umen angepasst werden, um eine effektive Abdeckung und optimale Lagerung der Produkte w\u00e4hrend der Nacht zu gew\u00e4hrleisten.<\/li>\n<\/ul>\n\n\n\n<p>Dieser Nachtvorhang f\u00fcr K\u00fchlzellen ist ein wichtiger Bestandteil des Temperaturkontrollsystems des Gesch\u00e4fts. Er tr\u00e4gt dazu bei, die Qualit\u00e4t und Frische der Produkte zu erhalten und gleichzeitig den Energieverbrauch und die Betriebskosten zu senken.<\/p>\n","protected":false},"excerpt":{"rendered":"Nachtvorhang f\u00fcr Superm\u00e4rkte &#8211; die perfekte Wahl f\u00fcr Obst- und Gem\u00fcse-, Molkerei- und Fleischabteilungen.","protected":false},"featured_media":21231,"menu_order":0,"template":"","meta":{"_acf_changed":false,"_seopress_robots_primary_cat":"none","_seopress_titles_title":"","_seopress_titles_desc":"","_seopress_robots_index":"","_relevanssi_hide_post":"","_relevanssi_hide_content":"","_relevanssi_pin_for_all":"","_relevanssi_pin_keywords":"","_relevanssi_unpin_keywords":"","_relevanssi_related_keywords":"","_relevanssi_related_include_ids":"","_relevanssi_related_exclude_ids":"","_relevanssi_related_no_append":"","_relevanssi_related_not_related":"","_relevanssi_related_posts":"","_relevanssi_noindex_reason":"","footnotes":""},"product_category":[266],"class_list":["post-21234","product","type-product","status-publish","has-post-thumbnail","hentry","product_category-night-curtain-de-2"],"acf":[],"_links":{"self":[{"href":"https:\/\/www.masterveil-eu.com\/de\/wp-json\/wp\/v2\/product\/21234","targetHints":{"allow":["GET"]}}],"collection":[{"href":"https:\/\/www.masterveil-eu.com\/de\/wp-json\/wp\/v2\/product"}],"about":[{"href":"https:\/\/www.masterveil-eu.com\/de\/wp-json\/wp\/v2\/types\/product"}],"version-history":[{"count":4,"href":"https:\/\/www.masterveil-eu.com\/de\/wp-json\/wp\/v2\/product\/21234\/revisions"}],"predecessor-version":[{"id":33793,"href":"https:\/\/www.masterveil-eu.com\/de\/wp-json\/wp\/v2\/product\/21234\/revisions\/33793"}],"wp:featuredmedia":[{"embeddable":true,"href":"https:\/\/www.masterveil-eu.com\/de\/wp-json\/wp\/v2\/media\/21231"}],"wp:attachment":[{"href":"https:\/\/www.masterveil-eu.com\/de\/wp-json\/wp\/v2\/media?parent=21234"}],"wp:term":[{"taxonomy":"product_category","embeddable":true,"href":"https:\/\/www.masterveil-eu.com\/de\/wp-json\/wp\/v2\/product_category?post=21234"}],"curies":[{"name":"wp","href":"https:\/\/api.w.org\/{rel}","templated":true}]}}