{"id":21336,"date":"2024-02-23T14:35:52","date_gmt":"2024-02-23T12:35:52","guid":{"rendered":"https:\/\/www.masterveil-eu.com\/air-curtains\/ac-1000-kuehlraeume\/"},"modified":"2024-12-13T11:43:26","modified_gmt":"2024-12-13T09:43:26","slug":"ac-1000-kuehlraeume","status":"publish","type":"product","link":"https:\/\/www.masterveil-eu.com\/de\/luftschleier\/ac-1000-kuehlraeume\/","title":{"rendered":"AC 1000 &#8211; K\u00fchlr\u00e4ume"},"content":{"rendered":"<h2 class='g-block g-heading'>Informationen zum Produkt<\/h2>\n\n<h3 class='g-block g-heading'>Wesentliche Merkmale<\/h3>\n\n\n<ul class=\"wp-block-list\">\n<li>Entwickelt f\u00fcr K\u00fchlr\u00e4ume und gek\u00fchlte Bereiche in Gesch\u00e4ften.<\/li>\n\n\n\n<li>Vielseitig einsetzbar.<\/li>\n\n\n\n<li>Hohe Effizienz.<\/li>\n\n\n\n<li>Effektive Luftkontrolle durch Airstop\u00ae Messerd\u00fcsentechnologie.<\/li>\n\n\n\n<li>Mehrere Modellversionen.<\/li>\n\n\n\n<li>Geeignet f\u00fcr T\u00fcrh\u00f6hen von bis zu ca. 3,2 Metern.<\/li>\n<\/ul>\n\n\n\n<p>Entscheiden Sie sich f\u00fcr AC 1000, die fortschrittliche Luftschleiertechnologie, die optimale Klimakontrolle und Schutz f\u00fcr Ihre kalten Umgebungen gew\u00e4hrleistet. Kontaktieren Sie uns f\u00fcr ma\u00dfgeschneiderte L\u00f6sungen, die Ihren speziellen Anforderungen entsprechen. <\/p>\n\n\n<h3 class='g-block g-heading'>Technische Daten<\/h3>\n\n\n<figure class=\"wp-block-table\"><table><thead><tr><th><\/th><th><strong>AC 1000-1<\/strong>.14<\/th><th><strong>AC 1000-2<\/strong>.14<\/th><th><strong><strong>AC 1000<\/strong><\/strong>-3.14<\/th><th><strong><strong>AC 1000<\/strong><\/strong>-4.14<\/th><th><strong>AC 1000-5<\/strong>.14<\/th><th><strong><strong>AC 1000<\/strong><\/strong>-6.14<\/th><\/tr><\/thead><tbody><tr><td><strong><strong>Art der Installation<\/strong><\/strong><\/td><td>Horizontal<\/td><td>Horizontal<\/td><td>Horizontal<\/td><td>Horizontal<\/td><td>Horizontal<\/td><td>Horizontal<\/td><\/tr><tr><td><strong><strong>Maximale T\u00fcrh\u00f6he<\/strong><\/strong> (*)<\/td><td>3,2 Meter<\/td><td>3,2 Meter<\/td><td>3,2 Meter<\/td><td>3,2 Meter<\/td><td>3,2 Meter<\/td><td>3,2 Meter<\/td><\/tr><tr><td><strong><strong>Standard Farbe<\/strong><\/strong><\/td><td>RAL 9010<\/td><td>RAL 9010<\/td><td>RAL 9010<\/td><td>RAL 9010<\/td><td>RAL 9010<\/td><td>RAL 9010<\/td><\/tr><tr><td><strong>L\u00e4nge<\/strong> OL-Luftschleier (**)<\/td><td>T\u00fcrbreite + ca. 100mm<\/td><td>T\u00fcrbreite + ca. 100mm<\/td><td>T\u00fcrbreite + ca. 100mm<\/td><td>T\u00fcrbreite + ca. 100mm<\/td><td>T\u00fcrbreite + ca. 100mm<\/td><td>T\u00fcrbreite + ca. 100mm<\/td><\/tr><tr><td><strong>L\u00e4nge<\/strong> (von)<\/td><td>900mm &#8211;<\/td><td>1100mm &#8211;<\/td><td>1700mm &#8211;<\/td><td>2200mm &#8211;<\/td><td>2700mm &#8211;<\/td><td>3300mm &#8211;<\/td><\/tr><tr><td><strong><strong>H\u00f6he<\/strong> <\/strong><\/td><td>260mm<\/td><td>260mm<\/td><td>260mm<\/td><td>260mm<\/td><td>260mm<\/td><td>260mm<\/td><\/tr><tr><td><strong><strong>Tiefe<\/strong> <\/strong><\/td><td>340mm<\/td><td>340mm<\/td><td>340mm<\/td><td>340mm<\/td><td>340mm<\/td><td>340mm<\/td><\/tr><tr><td><strong><strong>Luftstrom<\/strong><\/strong><\/td><td>650 m\u00b3\/h<\/td><td>1300 m\u00b3\/h<\/td><td>1950 m\u00b3\/h<\/td><td>2500 m\u00b3\/h<\/td><td>3000 m\u00b3\/h<\/td><td>3600 m\u00b3\/h<\/td><\/tr><tr><td><strong><strong>D\u00fcse<\/strong><\/strong><\/td><td>Airstop<\/td><td>Airstop<\/td><td>Airstop<\/td><td>Airstop<\/td><td>Airstop<\/td><td>Airstop<\/td><\/tr><tr><td><strong><strong>Spannung V<\/strong><\/strong><\/td><td>230<\/td><td>230<\/td><td>230<\/td><td>230<\/td><td>230<\/td><td>230<\/td><\/tr><tr><td><strong><strong>Leistung Motor kW<\/strong><\/strong><\/td><td>0,146<\/td><td>0,292<\/td><td>0,438<\/td><td>0,584<\/td><td>0,730<\/td><td>0,876<\/td><\/tr><tr><td><strong><strong>Motorstrom A<\/strong><\/strong><\/td><td>1,14<\/td><td>2,28<\/td><td>3,42<\/td><td>4,56<\/td><td>5,7<\/td><td>6,84<\/td><\/tr><tr><td><strong><strong>Frequenz Hz<\/strong><\/strong><\/td><td>50<\/td><td>50<\/td><td>50<\/td><td>50<\/td><td>50<\/td><td>50<\/td><\/tr><tr><td><strong>IP<\/strong><\/td><td>4X<\/td><td>4X<\/td><td>4X<\/td><td>4X<\/td><td>4X<\/td><td>4X<\/td><\/tr><\/tbody><tfoot><tr><td><\/td><td><\/td><td><\/td><td><\/td><td><\/td><td><\/td><td><\/td><\/tr><\/tfoot><\/table><figcaption class=\"wp-element-caption\">(*) Die m\u00f6gliche H\u00f6he der T\u00fcr h\u00e4ngt von ihrer Breite ab.<br>(**) Horizontaler Luftschleier = <strong>OL<\/strong> und doppelt stehende Luftschleier = <strong>DS<\/strong><br><\/figcaption><\/figure>\n","protected":false},"excerpt":{"rendered":"Erleben Sie fortschrittliche Technologie mit AC 1000, einem kompakten Luftschleier, der speziell f\u00fcr K\u00fchlr\u00e4ume und gek\u00fchlte Bereiche in Gesch\u00e4ften entwickelt wurde.","protected":false},"featured_media":21351,"menu_order":0,"template":"","meta":{"_acf_changed":false,"_seopress_robots_primary_cat":"none","_seopress_titles_title":"Luftschleier AC 1000 f\u00fcr K\u00fchlr\u00e4ume %%sep%% Masterveil","_seopress_titles_desc":"Masterveil AC 1000, ein kompakter Luftschleier, der speziell f\u00fcr K\u00fchlr\u00e4ume und gek\u00fchlte Bereiche in Gesch\u00e4ften entwickelt wurde.","_seopress_robots_index":"","_relevanssi_hide_post":"","_relevanssi_hide_content":"","_relevanssi_pin_for_all":"","_relevanssi_pin_keywords":"","_relevanssi_unpin_keywords":"","_relevanssi_related_keywords":"","_relevanssi_related_include_ids":"","_relevanssi_related_exclude_ids":"","_relevanssi_related_no_append":"","_relevanssi_related_not_related":"","_relevanssi_related_posts":"","_relevanssi_noindex_reason":"","footnotes":""},"product_category":[250,257],"class_list":["post-21336","product","type-product","status-publish","has-post-thumbnail","hentry","product_category-ac-1000","product_category-kuhlraume"],"acf":[],"_links":{"self":[{"href":"https:\/\/www.masterveil-eu.com\/de\/wp-json\/wp\/v2\/product\/21336","targetHints":{"allow":["GET"]}}],"collection":[{"href":"https:\/\/www.masterveil-eu.com\/de\/wp-json\/wp\/v2\/product"}],"about":[{"href":"https:\/\/www.masterveil-eu.com\/de\/wp-json\/wp\/v2\/types\/product"}],"version-history":[{"count":5,"href":"https:\/\/www.masterveil-eu.com\/de\/wp-json\/wp\/v2\/product\/21336\/revisions"}],"predecessor-version":[{"id":32362,"href":"https:\/\/www.masterveil-eu.com\/de\/wp-json\/wp\/v2\/product\/21336\/revisions\/32362"}],"wp:featuredmedia":[{"embeddable":true,"href":"https:\/\/www.masterveil-eu.com\/de\/wp-json\/wp\/v2\/media\/21351"}],"wp:attachment":[{"href":"https:\/\/www.masterveil-eu.com\/de\/wp-json\/wp\/v2\/media?parent=21336"}],"wp:term":[{"taxonomy":"product_category","embeddable":true,"href":"https:\/\/www.masterveil-eu.com\/de\/wp-json\/wp\/v2\/product_category?post=21336"}],"curies":[{"name":"wp","href":"https:\/\/api.w.org\/{rel}","templated":true}]}}