{"id":21358,"date":"2024-03-05T14:09:24","date_gmt":"2024-03-05T12:09:24","guid":{"rendered":"https:\/\/www.masterveil-eu.com\/air-curtains\/powerstream-dsb-schleuse\/"},"modified":"2026-01-21T12:35:56","modified_gmt":"2026-01-21T10:35:56","slug":"powerstream-dsb-schleuse","status":"publish","type":"product","link":"https:\/\/www.masterveil-eu.com\/de\/luftschleier\/powerstream-dsb-schleuse\/","title":{"rendered":"POWERSTREAM DSB AIRLOCK"},"content":{"rendered":"<h2 class='g-block g-heading'>Informationen zum Produkt<\/h2>\n\n<h3 class='g-block g-heading'>Wesentliche Merkmale<\/h3>\n\n\n<ul class=\"wp-block-list\">\n<li>Maximale Effizienz und niedriger Energieverbrauch sind die Schl\u00fcsselw\u00f6rter, die das System am besten beschreiben.<\/li>\n\n\n\n<li>Speziell entwickelt f\u00fcr logistische Tiefk\u00fchlumgebungen mit austauschbaren Komponenten, um die Kosten auf ein absolutes Minimum zu reduzieren.<\/li>\n\n\n\n<li>Auch in hygienischem Edelstahl erh\u00e4ltlich<\/li>\n\n\n\n<li>Speziell entwickelt f\u00fcr verschiedene Situationen und Bereiche mit unterschiedlicher Feuchtigkeitsbelastung.<\/li>\n<\/ul>\n\n\n<h3 class='g-block g-heading'>Powerstream\u00ae.<\/h3>\n\n\n<p>Das Powerstream\u00ae-System besteht aus einem externen Ventilator und zwei vertikalen Auslassmodulen. Dieses Basissystem wird standardm\u00e4\u00dfig auf der Tiefk\u00fchlseite installiert. Im Gegensatz zum typischen Masterveil-Ansatz wird die ma\u00dfgeschneiderte L\u00e4nge durch die Kombination von Standardmodulen erreicht. Die Ausblasmodule befinden sich links und rechts von der T\u00fcr.<\/p>\n\n\n<h3 class='g-block g-heading'>Mehr Eigenschaften<\/h3>\n\n\n<ul class=\"wp-block-list\">\n<li>Je nach Bedarf wird die isolierte Luftschicht mit einem elektrischen Heizregister, einem Glykolregister oder einem aktiven Entfeuchter konditioniert.<\/li>\n\n\n\n<li>Durch die patentierte Funktionstrennung in Trenn- und Isolierluftstrahl wird der Energiebedarf auf ein Minimum reduziert.<\/li>\n\n\n\n<li>Das gesamte System wird \u00fcber einen Schaltschrank gesteuert und kann direkt an das Geb\u00e4udemanagementsystem angeschlossen werden.<\/li>\n\n\n\n<li>Die Ventilatoren basieren auf EC-Technologie und entsprechen den neuesten ErP-Vorschriften.<\/li>\n\n\n\n<li>Sie haben einen einstellbaren Arbeitspunkt, so dass in jedem Fall ein Nullpunkt als Beweis f\u00fcr die korrekte Funktion und Abschirmung nachgewiesen wird.<\/li>\n\n\n\n<li>Die speziell entwickelten D\u00fcsen haben eine sehr glatte Oberfl\u00e4che, um kleinste Turbulenzen im Luftstrahl zu vermeiden.<\/li>\n<\/ul>\n\n\n<h3 class='g-block g-heading'>Basissystem erweitert mit:<\/h3>\n\n\n<p>Airlocksystem auf der warmen Seite f\u00fcr gro\u00dfe Feuchtigkeitslasten, gro\u00dfe Temperaturunterschiede oder zur Steigerung der Systemeffizienz um 15 %. <\/p>\n\n\n\n<p>Dieses Erweiterungssystem hat das gleiche Design, aber nur eine zus\u00e4tzliche Trennluftd\u00fcse.<\/p>\n","protected":false},"excerpt":{"rendered":"Schleusensystem auf der warmen Seite f\u00fcr gro\u00dfe Feuchtigkeitslasten, gro\u00dfe Temperaturunterschiede oder zur Steigerung der Systemeffizienz um 15 %. ","protected":false},"featured_media":21373,"menu_order":0,"template":"","meta":{"_acf_changed":false,"_seopress_robots_primary_cat":"none","_seopress_titles_title":"Powerstream DSB AIRLOCK: Hocheffizienter Luftschleier f\u00fcr Gefrierschrankt\u00fcren","_seopress_titles_desc":"Powerstream DSB AIRLOCK, der hocheffiziente Luftschleier mit geringem Energieverbrauch f\u00fcr Gefriert\u00fcren. Sparen Sie Energie und halten Sie die optimale Temperatur.","_seopress_robots_index":"","_relevanssi_hide_post":"","_relevanssi_hide_content":"","_relevanssi_pin_for_all":"","_relevanssi_pin_keywords":"","_relevanssi_unpin_keywords":"","_relevanssi_related_keywords":"","_relevanssi_related_include_ids":"","_relevanssi_related_exclude_ids":"","_relevanssi_related_no_append":"","_relevanssi_related_not_related":"","_relevanssi_related_posts":"21108,21092,21071,21303,21265,21034","_relevanssi_noindex_reason":"","footnotes":""},"product_category":[256],"class_list":["post-21358","product","type-product","status-publish","has-post-thumbnail","hentry","product_category-tiefkuehlraeume-luftschleier"],"acf":[],"_links":{"self":[{"href":"https:\/\/www.masterveil-eu.com\/de\/wp-json\/wp\/v2\/product\/21358","targetHints":{"allow":["GET"]}}],"collection":[{"href":"https:\/\/www.masterveil-eu.com\/de\/wp-json\/wp\/v2\/product"}],"about":[{"href":"https:\/\/www.masterveil-eu.com\/de\/wp-json\/wp\/v2\/types\/product"}],"version-history":[{"count":5,"href":"https:\/\/www.masterveil-eu.com\/de\/wp-json\/wp\/v2\/product\/21358\/revisions"}],"predecessor-version":[{"id":51839,"href":"https:\/\/www.masterveil-eu.com\/de\/wp-json\/wp\/v2\/product\/21358\/revisions\/51839"}],"wp:featuredmedia":[{"embeddable":true,"href":"https:\/\/www.masterveil-eu.com\/de\/wp-json\/wp\/v2\/media\/21373"}],"wp:attachment":[{"href":"https:\/\/www.masterveil-eu.com\/de\/wp-json\/wp\/v2\/media?parent=21358"}],"wp:term":[{"taxonomy":"product_category","embeddable":true,"href":"https:\/\/www.masterveil-eu.com\/de\/wp-json\/wp\/v2\/product_category?post=21358"}],"curies":[{"name":"wp","href":"https:\/\/api.w.org\/{rel}","templated":true}]}}