{"id":15586,"date":"2024-04-11T06:41:09","date_gmt":"2024-04-11T04:41:09","guid":{"rendered":"https:\/\/www.masterveil-eu.com\/air-curtains\/compact-330-entrees\/"},"modified":"2026-04-11T19:40:58","modified_gmt":"2026-04-11T17:40:58","slug":"compact-330-entrees","status":"publish","type":"product","link":"https:\/\/www.masterveil-eu.com\/fr\/rideaux-dair\/compact-330-entrees\/","title":{"rendered":"COMPACT 330 &#8211; Entr\u00e9es"},"content":{"rendered":"<h2 class='g-block g-heading'>Informations sur le produit<\/h2>\n\n<h3 class='g-block g-heading'>Faites l&#039;exp\u00e9rience d&#039;un contr\u00f4le climatique optimal avec le rideau d&#039;air horizontal chauffant haute performance COMPACT 330<\/h3>\n\n\n<p>Choisissez COMPACT 330 pour un rideau d&#8217;air horizontal chauffant qui allie une esth\u00e9tique \u00e9l\u00e9gante \u00e0 des performances \u00e9lev\u00e9es. Contactez-nous d\u00e8s aujourd&#8217;hui pour d\u00e9couvrir comment cette solution peut \u00eatre adapt\u00e9e \u00e0 vos besoins sp\u00e9cifiques, afin de garantir un contr\u00f4le climatique et une efficacit\u00e9 \u00e9nerg\u00e9tique optimaux.<\/p>\n\n\n<h3 class='g-block g-heading'>Caract\u00e9ristiques principales<\/h3>\n\n\n<ul class=\"wp-block-list\">\n<li>Protection efficace contre les courants d&#8217;air froid.<\/li>\n\n\n\n<li>Embout r\u00e9glable pour un contr\u00f4le personnalis\u00e9 du d\u00e9bit d&#8217;air.<\/li>\n\n\n\n<li>Technologie Airstop pour une gestion efficace des flux d&#8217;air.<\/li>\n\n\n\n<li>Longueur de rideau flexible entre 1200 et 3000 mm.<\/li>\n\n\n\n<li>Convient pour des hauteurs de porte allant jusqu&#8217;\u00e0 environ 3 m\u00e8tres.<\/li>\n\n\n\n<li>Disponible dans toutes les couleurs RAL ou en acier inoxydable.<\/li>\n<\/ul>\n\n\n<h3 class='g-block g-heading'>Donn\u00e9es techniques<\/h3>\n\n\n<figure class=\"wp-block-table\"><table><thead><tr><th><\/th><th><strong>Compact 330-2<\/strong>.14<\/th><th><strong>Compact 330-3<\/strong>.14<\/th><th><strong>Compact 330-4<\/strong>.14<\/th><th>Compact 330-5.14<\/th><th><strong>Compact 330-6<\/strong>.14<\/th><\/tr><\/thead><tbody><tr><td><strong>Type d&#8217;installation<\/strong><\/td><td>Horizontal<\/td><td>Horizontal<\/td><td>Horizontal<\/td><td>Horizontal<\/td><td>Horizontal<\/td><\/tr><tr><td><strong>Hauteur maximale de la porte<\/strong> (*)<\/td><td>3 m\u00e8tres<\/td><td>3 m\u00e8tres<\/td><td>3 m\u00e8tres<\/td><td>3 m\u00e8tres<\/td><td>3 m\u00e8tres<\/td><\/tr><tr><td><strong>Couleur standard<\/strong><\/td><td>RAL 9010<\/td><td>RAL 9010<\/td><td>RAL 9010<\/td><td>RAL 9010<\/td><td>RAL 9010<\/td><\/tr><tr><td><strong>Longueur<\/strong> du rideau d&#8217;air OL (**)<\/td><td>Largeur de la porte + env. 100mm<\/td><td>Largeur de la porte + env. 100mm<\/td><td>Largeur de la porte + env. 100mm<\/td><td>Largeur de la porte + env. 100mm<\/td><td>Largeur de la porte + env. 100mm<\/td><\/tr><tr><td><strong>Longueur<\/strong><\/td><td>1200-1300mm<\/td><td>1400-1700mm<\/td><td>1800-2300mm<\/td><td>2400-2650mm<\/td><td>2750-3000mm<\/td><\/tr><tr><td><strong>Hauteur<\/strong><\/td><td>330mm<\/td><td>330mm<\/td><td>330mm<\/td><td>330mm<\/td><td>330mm<\/td><\/tr><tr><td><strong>Profondeur<\/strong><\/td><td>430mm<\/td><td>430mm<\/td><td>430mm<\/td><td>430mm<\/td><td>430mm<\/td><\/tr><tr><td><strong>D\u00e9bit d&#8217;air<\/strong><\/td><td>1300 m\u00b3\/h<\/td><td>1950 m\u00b3\/h<\/td><td>2500 m\u00b3\/h<\/td><td>3000 m\u00b3\/h<\/td><td>3600 m\u00b3\/h<\/td><\/tr><tr><td><strong>Tension V<\/strong><\/td><td>230<\/td><td>230<\/td><td>230<\/td><td>230<\/td><td>230<\/td><\/tr><tr><td><strong>Puissance du moteur kW<\/strong><\/td><td>0,292<\/td><td>0,438<\/td><td>0,584<\/td><td>0,730<\/td><td>0,876<\/td><\/tr><tr><td><strong>Courant du moteur A<\/strong><\/td><td>2,28<\/td><td>3,42<\/td><td>4,56<\/td><td>5,7<\/td><td>6,84<\/td><\/tr><tr><td><strong>Fr\u00e9quence Hz<\/strong><\/td><td>50<\/td><td>50<\/td><td>50<\/td><td>50<\/td><td>50<\/td><\/tr><tr><td><strong>IP<\/strong><\/td><td>40<\/td><td>40<\/td><td>40<\/td><td>40<\/td><td>40<\/td><\/tr><\/tbody><tfoot><tr><td><\/td><td><\/td><td><\/td><td><\/td><td><\/td><td><\/td><\/tr><\/tfoot><\/table><figcaption class=\"wp-element-caption\">(*) La hauteur possible de la porte d\u00e9pend de sa largeur.<br>(**) Rideau d&#8217;air horizontal = <strong>OL<\/strong> et Rideau d&#8217;air double = <strong>DS<\/strong><\/figcaption><\/figure>\n","protected":false},"excerpt":{"rendered":"Un rideau d&#8217;air a\u00e9rien performant et \u00e9l\u00e9gant, parfait pour un contr\u00f4le efficace du climat et de l&#8217;efficacit\u00e9 \u00e9nerg\u00e9tique.","protected":false},"featured_media":15600,"menu_order":0,"template":"","meta":{"_acf_changed":false,"_seopress_robots_primary_cat":"none","_seopress_titles_title":"Rideau d'air COMPACT 330 pour les entr\u00e9es","_seopress_titles_desc":"Un rideau d'air a\u00e9rien performant et \u00e9l\u00e9gant de Masterveil, parfait pour un contr\u00f4le efficace du climat et de l'efficacit\u00e9 \u00e9nerg\u00e9tique.","_seopress_robots_index":"","_relevanssi_hide_post":"","_relevanssi_hide_content":"","_relevanssi_pin_for_all":"","_relevanssi_pin_keywords":"","_relevanssi_unpin_keywords":"","_relevanssi_related_keywords":"","_relevanssi_related_include_ids":"","_relevanssi_related_exclude_ids":"","_relevanssi_related_no_append":"","_relevanssi_related_not_related":"","_relevanssi_related_posts":"","_relevanssi_noindex_reason":"","footnotes":""},"product_category":[222,221],"class_list":["post-15586","product","type-product","status-publish","has-post-thumbnail","hentry","product_category-compact-330-fr-2","product_category-entrees"],"acf":[],"_links":{"self":[{"href":"https:\/\/www.masterveil-eu.com\/fr\/wp-json\/wp\/v2\/product\/15586","targetHints":{"allow":["GET"]}}],"collection":[{"href":"https:\/\/www.masterveil-eu.com\/fr\/wp-json\/wp\/v2\/product"}],"about":[{"href":"https:\/\/www.masterveil-eu.com\/fr\/wp-json\/wp\/v2\/types\/product"}],"version-history":[{"count":5,"href":"https:\/\/www.masterveil-eu.com\/fr\/wp-json\/wp\/v2\/product\/15586\/revisions"}],"predecessor-version":[{"id":63443,"href":"https:\/\/www.masterveil-eu.com\/fr\/wp-json\/wp\/v2\/product\/15586\/revisions\/63443"}],"wp:featuredmedia":[{"embeddable":true,"href":"https:\/\/www.masterveil-eu.com\/fr\/wp-json\/wp\/v2\/media\/15600"}],"wp:attachment":[{"href":"https:\/\/www.masterveil-eu.com\/fr\/wp-json\/wp\/v2\/media?parent=15586"}],"wp:term":[{"taxonomy":"product_category","embeddable":true,"href":"https:\/\/www.masterveil-eu.com\/fr\/wp-json\/wp\/v2\/product_category?post=15586"}],"curies":[{"name":"wp","href":"https:\/\/api.w.org\/{rel}","templated":true}]}}