{"id":15695,"date":"2024-04-11T07:12:30","date_gmt":"2024-04-11T05:12:30","guid":{"rendered":"https:\/\/www.masterveil-eu.com\/air-curtains\/rideau-de-nuit-rideau-a-enroulement\/"},"modified":"2025-02-07T15:44:34","modified_gmt":"2025-02-07T13:44:34","slug":"rideau-de-nuit-rideau-a-enroulement","status":"publish","type":"product","link":"https:\/\/www.masterveil-eu.com\/fr\/rideaux-dair\/rideau-de-nuit-rideau-a-enroulement\/","title":{"rendered":"RIDEAU DE NUIT &#8211; Rideau \u00e0 enroulement (march\u00e9 scandinave uniquement)"},"content":{"rendered":"<h3 class='g-block g-heading'>Caract\u00e9ristiques et avantages<\/h3>\n\n\n<ul class=\"wp-block-list\">\n<li><strong>Contr\u00f4le de la temp\u00e9rature :<\/strong> le rideau de nuit permet de maintenir une temp\u00e9rature constante et optimale \u00e0 l&#8217;int\u00e9rieur des r\u00e9fr\u00e9girateurs ou de la chambre de production pendant la nuit, ce qui est essentiel pour pr\u00e9server la qualit\u00e9 et la fra\u00eecheur des produits.<\/li>\n\n\n\n<li><strong>Efficacit\u00e9 \u00e9nerg\u00e9tique : <\/strong>en isolant le r\u00e9fr\u00e9girateur des conditions environnementales ambiantes, le rideau de nuit r\u00e9duit les pertes d&#8217;\u00e9nergie et contribue \u00e0 diminuer les co\u00fbts d&#8217;exploitation du syst\u00e8me de refroidissement.<\/li>\n\n\n\n<li><strong>Personnalisation : <\/strong>le rideau de nuit peut \u00eatre personnalis\u00e9 pour s&#8217;adapter aux diff\u00e9rentes tailles et types de r\u00e9fr\u00e9girateurs et de chambres de production, afin de garantir une couverture efficace et un stockage optimal des produits pendant la nuit.<\/li>\n<\/ul>\n\n\n\n<p>Ce rideau de nuit pour r\u00e9fr\u00e9girateurs est un \u00e9l\u00e9ment important du syst\u00e8me de contr\u00f4le de la temp\u00e9rature du magasin, contribuant \u00e0 pr\u00e9server la qualit\u00e9 et la fra\u00eecheur des produits tout en r\u00e9duisant la consommation d&#8217;\u00e9nergie et les co\u00fbts d&#8217;exploitation.<\/p>\n","protected":false},"excerpt":{"rendered":"Rideau de nuit pour supermarch\u00e9s &#8211; le choix id\u00e9al pour les rayons fruits et l\u00e9gumes, produits laitiers et viande.","protected":false},"featured_media":15677,"menu_order":0,"template":"","meta":{"_acf_changed":false,"_seopress_robots_primary_cat":"none","_seopress_titles_title":"","_seopress_titles_desc":"","_seopress_robots_index":"","_relevanssi_hide_post":"","_relevanssi_hide_content":"","_relevanssi_pin_for_all":"","_relevanssi_pin_keywords":"","_relevanssi_unpin_keywords":"","_relevanssi_related_keywords":"","_relevanssi_related_include_ids":"","_relevanssi_related_exclude_ids":"","_relevanssi_related_no_append":"","_relevanssi_related_not_related":"","_relevanssi_related_posts":"","_relevanssi_noindex_reason":"","footnotes":""},"product_category":[223],"class_list":["post-15695","product","type-product","status-publish","has-post-thumbnail","hentry","product_category-rideau-de-nuit"],"acf":[],"_links":{"self":[{"href":"https:\/\/www.masterveil-eu.com\/fr\/wp-json\/wp\/v2\/product\/15695","targetHints":{"allow":["GET"]}}],"collection":[{"href":"https:\/\/www.masterveil-eu.com\/fr\/wp-json\/wp\/v2\/product"}],"about":[{"href":"https:\/\/www.masterveil-eu.com\/fr\/wp-json\/wp\/v2\/types\/product"}],"version-history":[{"count":5,"href":"https:\/\/www.masterveil-eu.com\/fr\/wp-json\/wp\/v2\/product\/15695\/revisions"}],"predecessor-version":[{"id":33792,"href":"https:\/\/www.masterveil-eu.com\/fr\/wp-json\/wp\/v2\/product\/15695\/revisions\/33792"}],"wp:featuredmedia":[{"embeddable":true,"href":"https:\/\/www.masterveil-eu.com\/fr\/wp-json\/wp\/v2\/media\/15677"}],"wp:attachment":[{"href":"https:\/\/www.masterveil-eu.com\/fr\/wp-json\/wp\/v2\/media?parent=15695"}],"wp:term":[{"taxonomy":"product_category","embeddable":true,"href":"https:\/\/www.masterveil-eu.com\/fr\/wp-json\/wp\/v2\/product_category?post=15695"}],"curies":[{"name":"wp","href":"https:\/\/api.w.org\/{rel}","templated":true}]}}