{"id":15761,"date":"2024-03-05T14:40:15","date_gmt":"2024-03-05T12:40:15","guid":{"rendered":"https:\/\/www.masterveil-eu.com\/air-curtains\/powerstream-dsb\/"},"modified":"2026-01-21T12:34:55","modified_gmt":"2026-01-21T10:34:55","slug":"powerstream-dsb","status":"publish","type":"product","link":"https:\/\/www.masterveil-eu.com\/fr\/rideaux-dair\/powerstream-dsb\/","title":{"rendered":"POWERSTREAM DSB"},"content":{"rendered":"<h2 class='g-block g-heading'>Informations sur le produit<\/h2>\n\n<h3 class='g-block g-heading'>Caract\u00e9ristiques principales<\/h3>\n\n\n<ul class=\"wp-block-list\">\n<li>Conception modulaire sur mesure<\/li>\n\n\n\n<li>Pour les environnements de cong\u00e9lation logistique avec des composants modifiables afin de r\u00e9duire les co\u00fbts au minimum.<\/li>\n\n\n\n<li>Sp\u00e9cialement con\u00e7u pour diff\u00e9rents types de situations et de zones avec diff\u00e9rents niveaux de charge d&#8217;humidit\u00e9.<\/li>\n\n\n\n<li>\u00c9galement disponible en acier inoxydable hygi\u00e9nique.<\/li>\n<\/ul>\n\n\n<h3 class='g-block g-heading'>Powerstream<\/h3>\n\n\n<p>Le syst\u00e8me Powerstream\u00ae se compose d&#8217;un ventilateur externe et de deux modules de d\u00e9charge verticale. En standard, ce syst\u00e8me de base est install\u00e9 du c\u00f4t\u00e9 du cong\u00e9lateur. Contrairement \u00e0 l&#8217;approche typique de Masterveil, la longueur sur mesure est obtenue en combinant des modules standard. Les modules de soufflage sont plac\u00e9s \u00e0 gauche et \u00e0 droite de la porte.<\/p>\n\n\n<h3 class='g-block g-heading'>Plus d&#039;informations<\/h3>\n\n\n<ul class=\"wp-block-list\">\n<li>Selon les besoins, la couche d&#8217;air isolante est conditionn\u00e9e par une batterie de chauffage \u00e9lectrique, une batterie au glycol ou un d\u00e9shumidificateur actif.<\/li>\n\n\n\n<li>Gr\u00e2ce \u00e0 la s\u00e9paration brevet\u00e9e des fonctions de s\u00e9paration et d&#8217;isolation du jet d&#8217;air, les besoins en \u00e9nergie sont r\u00e9duits au minimum.<\/li>\n\n\n\n<li>L&#8217;ensemble du syst\u00e8me est contr\u00f4l\u00e9 par un panneau de commande et peut \u00eatre connect\u00e9 directement au syst\u00e8me de gestion du b\u00e2timent.<\/li>\n\n\n\n<li>Les ventilateurs sont bas\u00e9s sur la technologie EC, conform\u00e9ment aux derni\u00e8res r\u00e9glementations ErP.<\/li>\n\n\n\n<li>Ils ont un point de fonctionnement r\u00e9glable, de sorte qu&#8217;un point z\u00e9ro est d\u00e9montr\u00e9 dans chaque cas comme preuve du bon fonctionnement et du d\u00e9pistage.<\/li>\n\n\n\n<li>Les embouts sp\u00e9cialement con\u00e7us ont une surface tr\u00e8s lisse pour \u00e9viter les moindres turbulences dans le jet d&#8217;air.<\/li>\n<\/ul>\n","protected":false},"excerpt":{"rendered":"Ce rideau d&#8217;air pour cong\u00e9lateurs vous permet d&#8217;obtenir une efficacit\u00e9 maximale et une consommation d&#8217;\u00e9nergie r\u00e9duite.","protected":false},"featured_media":15780,"menu_order":0,"template":"","meta":{"_acf_changed":false,"_seopress_robots_primary_cat":"none","_seopress_titles_title":"POWERSTREAM DSB : Rideau d'air \u00e0 basse \u00e9nergie pour portes de cong\u00e9lateurs","_seopress_titles_desc":"Optimisez les performances de votre cong\u00e9lateur avec le rideau d'air Powerstream DSB. Rideau d'air \u00e0 haut rendement et \u00e0 faible consommation d'\u00e9nergie pour une gestion efficace de la temp\u00e9rature.","_seopress_robots_index":"","_relevanssi_hide_post":"","_relevanssi_hide_content":"","_relevanssi_pin_for_all":"","_relevanssi_pin_keywords":"","_relevanssi_unpin_keywords":"","_relevanssi_related_keywords":"","_relevanssi_related_include_ids":"","_relevanssi_related_exclude_ids":"","_relevanssi_related_no_append":"","_relevanssi_related_not_related":"","_relevanssi_related_posts":"","_relevanssi_noindex_reason":"","footnotes":""},"product_category":[229],"class_list":["post-15761","product","type-product","status-publish","has-post-thumbnail","hentry","product_category-locaux-de-congelation"],"acf":[],"_links":{"self":[{"href":"https:\/\/www.masterveil-eu.com\/fr\/wp-json\/wp\/v2\/product\/15761","targetHints":{"allow":["GET"]}}],"collection":[{"href":"https:\/\/www.masterveil-eu.com\/fr\/wp-json\/wp\/v2\/product"}],"about":[{"href":"https:\/\/www.masterveil-eu.com\/fr\/wp-json\/wp\/v2\/types\/product"}],"version-history":[{"count":5,"href":"https:\/\/www.masterveil-eu.com\/fr\/wp-json\/wp\/v2\/product\/15761\/revisions"}],"predecessor-version":[{"id":51834,"href":"https:\/\/www.masterveil-eu.com\/fr\/wp-json\/wp\/v2\/product\/15761\/revisions\/51834"}],"wp:featuredmedia":[{"embeddable":true,"href":"https:\/\/www.masterveil-eu.com\/fr\/wp-json\/wp\/v2\/media\/15780"}],"wp:attachment":[{"href":"https:\/\/www.masterveil-eu.com\/fr\/wp-json\/wp\/v2\/media?parent=15761"}],"wp:term":[{"taxonomy":"product_category","embeddable":true,"href":"https:\/\/www.masterveil-eu.com\/fr\/wp-json\/wp\/v2\/product_category?post=15761"}],"curies":[{"name":"wp","href":"https:\/\/api.w.org\/{rel}","templated":true}]}}