{"id":15931,"date":"2024-02-29T17:54:11","date_gmt":"2024-02-29T15:54:11","guid":{"rendered":"https:\/\/www.masterveil-eu.com\/air-curtains\/as-k-chambres-froides\/"},"modified":"2024-11-28T11:23:09","modified_gmt":"2024-11-28T09:23:09","slug":"as-k-chambres-froides","status":"publish","type":"product","link":"https:\/\/www.masterveil-eu.com\/fr\/rideaux-dair\/as-k-chambres-froides\/","title":{"rendered":"AS-K &#8211; Chambres froides"},"content":{"rendered":"<h2 class='g-block g-heading'>Informations sur le produit<\/h2>\n\n<h3 class='g-block g-heading'>Installation flexible et solution de rideau d&#039;air pour chambre froide \u00e0 haut rendement \u00e9nerg\u00e9tique<\/h3>\n\n<h4 class='g-block g-heading'>Tambours de rideau d&#039;air<\/h4>\n\n\n<p>Pour les chambres froides AS-K, les tambours de rideau d&#8217;air sont disponibles dans des tailles allant de \u2300250 \u00e0 \u2300400.<\/p>\n\n\n\n<p>Pour les d\u00e9bits d&#8217;air plus ou moins importants, nous proposons les mod\u00e8les standard S. \u2300250, S. \u2300315 et S. \u2300400. Nous proposons \u00e9galement des tambours de rideau d&#8217;air circulaires (C. \u2300250, C. \u2300315, et C. \u2300400) pour r\u00e9pondre \u00e0 des exigences d&#8217;installation sp\u00e9cifiques, ainsi que des mod\u00e8les carr\u00e9s et rectangulaires (F.250, F.315, et F.400) pour s&#8217;adapter \u00e0 des conditions uniques. Pour les installations de hauteur limit\u00e9e, par exemple entre un plafond suspendu et une porte, nous pouvons concevoir des tambours de rideau d&#8217;air de faible hauteur.<\/p>\n\n\n\n<p>Nous offrons \u00e9galement une certaine flexibilit\u00e9 dans l&#8217;installation. Le conduit en spirale de l&#8217;unit\u00e9 de ventilation peut \u00eatre raccord\u00e9 \u00e0 n&#8217;importe quel point du tambour du rideau d&#8217;air, et le tambour peut \u00eatre \u00e9quip\u00e9 d&#8217;une buse allong\u00e9e pour faciliter l&#8217;int\u00e9gration dans les plafonds suspendus.<\/p>\n\n\n\n<p>Contactez nous :<\/p>\n\n\n\n<p>Si vous avez des exigences particuli\u00e8res en mati\u00e8re d&#8217;installation, n&#8217;h\u00e9sitez pas \u00e0 nous contacter. Nous nous ferons un plaisir de vous aider \u00e0 trouver la solution de rideau d&#8217;air id\u00e9ale.<\/p>\n\n\n<h4 class='g-block g-heading'>Caract\u00e9ristiques principales<\/h4>\n\n\n<ul class=\"wp-block-list\">\n<li>Choisissez parmi cinq tailles diff\u00e9rentes d&#8217;unit\u00e9s de ventilation, avec des capacit\u00e9s allant de 3500 m\u00b3\/h \u00e0 7000 m\u00b3\/h.<\/li>\n\n\n\n<li>Installez des rideaux d&#8217;air lat\u00e9raux ou a\u00e9riens, en fonction de vos pr\u00e9f\u00e9rences et de vos besoins.<\/li>\n\n\n\n<li>L&#8217;unit\u00e9 de ventilation autonome offre des performances \u00e9lev\u00e9es pour garantir l&#8217;efficacit\u00e9 et la fiabilit\u00e9.<\/li>\n\n\n\n<li>La technologie avanc\u00e9e de l&#8217;airstop permet de contr\u00f4ler efficacement le jet d&#8217;air.<\/li>\n\n\n\n<li>L&#8217;unit\u00e9 a la capacit\u00e9 de faire fonctionner un ou plusieurs rideaux d&#8217;air, ce qui offre une plus grande flexibilit\u00e9.<\/li>\n\n\n\n<li>Convient pour des hauteurs de porte allant jusqu&#8217;\u00e0 environ 5 m\u00e8tres.<\/li>\n\n\n\n<li>Disponible dans toutes les couleurs RAL ou en acier inoxydable.<\/li>\n<\/ul>\n\n\n<h3 class='g-block g-heading'>Donn\u00e9es techniques<\/h3>\n\n\n<figure class=\"wp-block-table\"><table><thead><tr><th><\/th><th>AS 531K<\/th><th>AS 535K<\/th><th>AS 40K<\/th><th>AS 45K<\/th><th>AS 50K<\/th><\/tr><\/thead><tbody><tr><td><strong>Type d&#8217;installation<\/strong><\/td><td>Ventilateur avec rideau d&#8217;air<\/td><td>Ventilateur avec rideau d&#8217;air<\/td><td>Ventilateur avec rideau d&#8217;air<\/td><td>Ventilateur avec rideau d&#8217;air<\/td><td>Ventilateur avec rideau d&#8217;air<\/td><\/tr><tr><td><strong>Hauteur maximale de la porte<\/strong><\/td><td>5 m\u00e8tres<\/td><td>5 m\u00e8tres<\/td><td>5 m\u00e8tres<\/td><td>5 m\u00e8tres<\/td><td>5 m\u00e8tres<\/td><\/tr><tr><td><strong>Couleur standard<\/strong> (tambour du rideau d&#8217;air)<\/td><td>RAL 9010<\/td><td>RAL 9010<\/td><td>RAL 9010<\/td><td>RAL 9010<\/td><td>RAL 9010<\/td><\/tr><tr><td><strong>Mat\u00e9riel standard<\/strong> (Fanbox)<\/td><td>Galvanis\u00e9<\/td><td>Galvanis\u00e9<\/td><td>Galvanis\u00e9<\/td><td>Galvanis\u00e9<\/td><td>Galvanis\u00e9<\/td><\/tr><tr><td><strong>Longueur<\/strong> tambour du rideau OL (**)<\/td><td>Largeur de la porte + env. 100mm<\/td><td>Largeur de la porte + env. 100mm<\/td><td>Largeur de la porte + env. 100mm<\/td><td>Largeur de la porte + env. 100mm<\/td><td>Largeur de la porte + env. 100mm<\/td><\/tr><tr><td><strong>Longueur des<\/strong> tambours du rideau DD (**)<\/td><td>Hauteur de la porte + env. 50 mm<\/td><td>Hauteur de la porte + env. 50 mm<\/td><td>Hauteur de la porte + env. 50 mm<\/td><td>Hauteur de la porte + env. 50 mm<\/td><td>Hauteur de la porte + env. 50 mm<\/td><\/tr><tr><td><strong>Dimensions<\/strong> tambour du rideau OL (***)<\/td><td>250mm<\/td><td>250-315mm<\/td><td>250-315mm<\/td><td>250-400mm<\/td><td>250-400mm<\/td><\/tr><tr><td><strong>Dimensions<\/strong> DD-tambour du rideau (***)<\/td><td>250mm<\/td><td>250mm<\/td><td>250mm<\/td><td>250-315mm<\/td><td>250-315mm<\/td><\/tr><tr><td><strong>Longueur<\/strong> (boite ventilateur)<\/td><td>Voir le dessin<\/td><td>Voir le dessin<\/td><td>Voir le dessin<\/td><td>Voir le dessin<\/td><td>Voir le dessin<\/td><\/tr><tr><td><strong>Hauteur<\/strong> (boite ventilateur)<\/td><td>Voir le dessin<\/td><td>Voir le dessin<\/td><td>Voir le dessin<\/td><td>Voir le dessin<\/td><td>Voir le dessin<\/td><\/tr><tr><td><strong>Profondeur<\/strong> (boite ventilateur)<\/td><td>Voir le dessin<\/td><td>Voir le dessin<\/td><td>Voir le dessin<\/td><td>Voir le dessin<\/td><td>Voir le dessin<\/td><\/tr><tr><td><strong>D\u00e9bit d&#8217;air<\/strong><\/td><td>3 500 m\u00b3\/h<\/td><td>4 000 m\u00b3\/h<\/td><td>5 000 m\u00b3\/h<\/td><td>6 000 m\u00b3\/h<\/td><td>7 000 m\u00b3\/h<\/td><\/tr><tr><td><strong>Embout<\/strong><\/td><td>Airstop<\/td><td>Airstop<\/td><td>Airstop<\/td><td>Airstop<\/td><td>Airstop<\/td><\/tr><tr><td><strong>Tension V<\/strong><\/td><td>400<\/td><td>400<\/td><td>400<\/td><td>400<\/td><td>400<\/td><\/tr><tr><td><strong>Puissance du moteur kW<\/strong><\/td><td>2,5<\/td><td>2,5<\/td><td>2,3<\/td><td>3,5<\/td><td>5,2<\/td><\/tr><tr><td><strong>Courant du moteur A<\/strong><\/td><td>3,9<\/td><td>3,8<\/td><td>3,5<\/td><td>5,4<\/td><td>8<\/td><\/tr><tr><td><strong>Fr\u00e9quence Hz<\/strong><\/td><td>50<\/td><td>50<\/td><td>50<\/td><td>50<\/td><td>50<\/td><\/tr><tr><td><strong>IP<\/strong><\/td><td>54<\/td><td>54<\/td><td>54<\/td><td>54<\/td><td>54<\/td><\/tr><\/tbody><tfoot><tr><td><\/td><td><\/td><td><\/td><td><\/td><td><\/td><td><\/td><\/tr><\/tfoot><\/table><figcaption class=\"wp-element-caption\">(*) La hauteur possible de la porte d\u00e9pend de sa largeur.<br>(**) Tambour rideau d&#8217;air horizontal = <strong>OL<\/strong> et tambours rideau d&#8217;air double debout = <strong>DD<\/strong><br>(***) Diam\u00e8tre = Taille de raccordement du tambour du rideau d&#8217;air en fonction du nombre de tambours du m\u00eame ventilateur et du volume d&#8217;air n\u00e9cessaire pour chaque porte.<\/figcaption><\/figure>\n","protected":false},"excerpt":{"rendered":"Protection thermique optimale des ouvertures pour les chambres froides de moyenne et grande taille","protected":false},"featured_media":15933,"menu_order":0,"template":"","meta":{"_acf_changed":false,"_seopress_robots_primary_cat":"none","_seopress_titles_title":"Protection optimale des chambres froides avec les rideaux d'air AS-K","_seopress_titles_desc":"Les rideaux d'air pour chambres froides AS-K de Masterveil assurent un contr\u00f4le optimal de la temp\u00e9rature et de l'efficacit\u00e9 \u00e9nerg\u00e9tique dans vos chambres froides.","_seopress_robots_index":"","_relevanssi_hide_post":"","_relevanssi_hide_content":"","_relevanssi_pin_for_all":"","_relevanssi_pin_keywords":"","_relevanssi_unpin_keywords":"","_relevanssi_related_keywords":"","_relevanssi_related_include_ids":"","_relevanssi_related_exclude_ids":"","_relevanssi_related_no_append":"","_relevanssi_related_not_related":"","_relevanssi_related_posts":"","_relevanssi_noindex_reason":"","footnotes":""},"product_category":[230,231],"class_list":["post-15931","product","type-product","status-publish","has-post-thumbnail","hentry","product_category-as-k-unite-de-ventilation-externe","product_category-chambres-froides"],"acf":[],"_links":{"self":[{"href":"https:\/\/www.masterveil-eu.com\/fr\/wp-json\/wp\/v2\/product\/15931","targetHints":{"allow":["GET"]}}],"collection":[{"href":"https:\/\/www.masterveil-eu.com\/fr\/wp-json\/wp\/v2\/product"}],"about":[{"href":"https:\/\/www.masterveil-eu.com\/fr\/wp-json\/wp\/v2\/types\/product"}],"version-history":[{"count":4,"href":"https:\/\/www.masterveil-eu.com\/fr\/wp-json\/wp\/v2\/product\/15931\/revisions"}],"predecessor-version":[{"id":31348,"href":"https:\/\/www.masterveil-eu.com\/fr\/wp-json\/wp\/v2\/product\/15931\/revisions\/31348"}],"wp:featuredmedia":[{"embeddable":true,"href":"https:\/\/www.masterveil-eu.com\/fr\/wp-json\/wp\/v2\/media\/15933"}],"wp:attachment":[{"href":"https:\/\/www.masterveil-eu.com\/fr\/wp-json\/wp\/v2\/media?parent=15931"}],"wp:term":[{"taxonomy":"product_category","embeddable":true,"href":"https:\/\/www.masterveil-eu.com\/fr\/wp-json\/wp\/v2\/product_category?post=15931"}],"curies":[{"name":"wp","href":"https:\/\/api.w.org\/{rel}","templated":true}]}}