{"id":16034,"date":"2024-02-27T14:48:56","date_gmt":"2024-02-27T12:48:56","guid":{"rendered":"https:\/\/www.masterveil-eu.com\/air-curtains\/roundel-portes-tournantes\/"},"modified":"2024-11-28T16:49:29","modified_gmt":"2024-11-28T14:49:29","slug":"roundel-portes-tournantes","status":"publish","type":"product","link":"https:\/\/www.masterveil-eu.com\/fr\/rideaux-dair\/roundel-portes-tournantes\/","title":{"rendered":"ROUNDEL &#8211; Portes tournantes"},"content":{"rendered":"<h2 class='g-block g-heading'>Informations sur le produit<\/h2>\n\n<h3 class='g-block g-heading'>Caract\u00e9ristiques principales<\/h3>\n\n\n<ul class=\"wp-block-list\">\n<li>Tambour de rideau d&#8217;air horizontal et incurv\u00e9.<\/li>\n\n\n\n<li>Sp\u00e9cialement con\u00e7u pour les portes tournantes.<\/li>\n\n\n\n<li>Peut \u00eatre compl\u00e9t\u00e9 par un tambour de rideau suppl\u00e9mentaire pour les portes lat\u00e9rales.<\/li>\n\n\n\n<li>Protection efficace contre les courants d&#8217;air froid.<\/li>\n\n\n\n<li>Unit\u00e9 autonome pour des performances accrues.<\/li>\n\n\n\n<li>Technologie Airstop pour un contr\u00f4le efficace du flux d&#8217;air.<\/li>\n\n\n\n<li>Pile chauffante incluse en standard.<\/li>\n\n\n\n<li>Convient pour des hauteurs de porte allant jusqu&#8217;\u00e0 environ 3,5 m\u00e8tres<\/li>\n\n\n\n<li>Disponible dans toutes les couleurs RAL ou en acier inoxydable.<\/li>\n<\/ul>\n\n\n\n<p>D\u00e9couvrez Roundel, votre solution pour une climatisation efficace des portes tournantes. Contactez-nous pour des options sur mesure qui r\u00e9pondent \u00e0 vos besoins sp\u00e9cifiques.<\/p>\n\n\n<h3 class='g-block g-heading'>Donn\u00e9es techniques<\/h3>\n\n\n<figure class=\"wp-block-table\"><table><thead><tr><th><\/th><th>AS 40K<\/th><th>AS 45K<\/th><\/tr><\/thead><tbody><tr><td><strong>Type d&#8217;installation<\/strong><\/td><td>Ventilateur avec rideau d&#8217;air pour porte tournante<\/td><td>Ventilateur avec rideau d&#8217;air pour porte tournante<\/td><\/tr><tr><td><strong>Hauteur maximale de la porte<\/strong><\/td><td>3,5 m\u00e8tres<\/td><td>3,5 m\u00e8tres<\/td><\/tr><tr><td><strong>Couleur standard<\/strong> (tambour du rideau d&#8217;air)<br><em><sub>L&#8217;unit\u00e9 de ventilation est livr\u00e9e en s\u00e9rie en t\u00f4le galvanis\u00e9e.<\/sub><\/em><\/td><td>RAL 9010<\/td><td>RAL 9010<\/td><\/tr><tr><td><strong>Longueur<\/strong> (tambour du rideau d&#8217;air)<\/td><td>Ouverture de la porte tournante + environ 100 mm<\/td><td>Ouverture de la porte tournante + environ 100 mm<\/td><\/tr><tr><td><strong>\n  <strong>Hauteur<\/strong>\n<\/strong> (tambour du rideau d&#8217;air)<\/td><td>Voir le dessin<\/td><td>Voir le dessin<\/td><\/tr><tr><td><strong>Profondeur<\/strong>(tambour du rideau d&#8217;air)<\/td><td>Voir le dessin<\/td><td>Voir le dessin<\/td><\/tr><tr><td><strong>Longueur<\/strong> (boite de ventilateur)<\/td><td>Voir le dessin<\/td><td>Voir le dessin<\/td><\/tr><tr><td><strong>Hauteur<\/strong> (boite de ventilateur)<\/td><td>Voir le dessin<\/td><td>Voir le dessin<\/td><\/tr><tr><td><strong>Profondeur<\/strong> (boite de ventilateur)<\/td><td>Voir le dessin<\/td><td>Voir le dessin<\/td><\/tr><tr><td><strong>D\u00e9bit d&#8217;air<\/strong><\/td><td>5000 m\u00b3\/h<\/td><td>6000 m\u00b3\/h<\/td><\/tr><tr><td><strong>Embout<\/strong><\/td><td>Airstop<\/td><td>Airstop<\/td><\/tr><tr><td><strong>Tension V<\/strong><\/td><td>400<\/td><td>400<\/td><\/tr><tr><td><strong>Puissance d&#8217;entr\u00e9e du moteur kW<\/strong><\/td><td>2,3<\/td><td>3,5<\/td><\/tr><tr><td><strong>Courant du moteur A<\/strong><\/td><td>3,5<\/td><td>5,4<\/td><\/tr><tr><td><strong>Fr\u00e9quence Hz<\/strong><\/td><td>50<\/td><td>50<\/td><\/tr><tr><td><strong>IP<\/strong><\/td><td>54<\/td><td>54<\/td><\/tr><\/tbody><tfoot><tr><td><\/td><td><\/td><td><\/td><\/tr><\/tfoot><\/table><\/figure>\n","protected":false},"excerpt":{"rendered":"Roundel est notre concept de rideau d&#8217;air con\u00e7u pour les portes tournantes. Nous parlons de concept parce que nous comprenons que les solutions doivent presque toujours \u00eatre adapt\u00e9es aux conditions sp\u00e9cifiques de chaque site.","protected":false},"featured_media":16039,"menu_order":0,"template":"","meta":{"_acf_changed":false,"_seopress_robots_primary_cat":"none","_seopress_titles_title":"ROUNDEL - Rideau d'air pour portes tournantes | Masterveil","_seopress_titles_desc":"Les portes tournantes n\u00e9cessitent des rideaux d'air efficaces. Il ne suffit pas d'insuffler de la chaleur dans la porte tournante. Il est essentiel d'arr\u00eater le courant d'air froid que les portes laissent passer.","_seopress_robots_index":"","_relevanssi_hide_post":"","_relevanssi_hide_content":"","_relevanssi_pin_for_all":"","_relevanssi_pin_keywords":"","_relevanssi_unpin_keywords":"","_relevanssi_related_keywords":"","_relevanssi_related_include_ids":"","_relevanssi_related_exclude_ids":"","_relevanssi_related_no_append":"","_relevanssi_related_not_related":"","_relevanssi_related_posts":"16201,16290,16340,30552,16221,16298","_relevanssi_noindex_reason":"","footnotes":""},"product_category":[221],"class_list":["post-16034","product","type-product","status-publish","has-post-thumbnail","hentry","product_category-entrees"],"acf":[],"_links":{"self":[{"href":"https:\/\/www.masterveil-eu.com\/fr\/wp-json\/wp\/v2\/product\/16034","targetHints":{"allow":["GET"]}}],"collection":[{"href":"https:\/\/www.masterveil-eu.com\/fr\/wp-json\/wp\/v2\/product"}],"about":[{"href":"https:\/\/www.masterveil-eu.com\/fr\/wp-json\/wp\/v2\/types\/product"}],"version-history":[{"count":5,"href":"https:\/\/www.masterveil-eu.com\/fr\/wp-json\/wp\/v2\/product\/16034\/revisions"}],"predecessor-version":[{"id":31381,"href":"https:\/\/www.masterveil-eu.com\/fr\/wp-json\/wp\/v2\/product\/16034\/revisions\/31381"}],"wp:featuredmedia":[{"embeddable":true,"href":"https:\/\/www.masterveil-eu.com\/fr\/wp-json\/wp\/v2\/media\/16039"}],"wp:attachment":[{"href":"https:\/\/www.masterveil-eu.com\/fr\/wp-json\/wp\/v2\/media?parent=16034"}],"wp:term":[{"taxonomy":"product_category","embeddable":true,"href":"https:\/\/www.masterveil-eu.com\/fr\/wp-json\/wp\/v2\/product_category?post=16034"}],"curies":[{"name":"wp","href":"https:\/\/api.w.org\/{rel}","templated":true}]}}