{"id":16053,"date":"2024-02-27T15:03:44","date_gmt":"2024-02-27T13:03:44","guid":{"rendered":"https:\/\/www.masterveil-eu.com\/air-curtains\/portal-300-unite-de-ventilation-a-profil-bas\/"},"modified":"2024-11-28T16:43:55","modified_gmt":"2024-11-28T14:43:55","slug":"portail-300-unite-de-ventilation-a-profil-bas","status":"publish","type":"product","link":"https:\/\/www.masterveil-eu.com\/fr\/rideaux-dair\/portail-300-unite-de-ventilation-a-profil-bas\/","title":{"rendered":"PORTAIL 300 &#8211; Unit\u00e9 de ventilation \u00e0 profil bas"},"content":{"rendered":"<h2 class='g-block g-heading'>Informations sur le produit<\/h2>\n\n<h3 class='g-block g-heading'>Portail personnalisable avec la technologie d&#039;embout Airstop pour une performance sup\u00e9rieure du rideau d&#039;air<\/h3>\n\n\n<p>La bo\u00eete \u00e9l\u00e9gante est \u00e9quip\u00e9e d&#8217;un ventilateur, d&#8217;une batterie d&#8217;eau et d&#8217;un filtre \u00e0 panneaux. Le caisson se raccorde \u00e0 des plenums de soufflage \u00e0 double rideau d&#8217;air vertical et peut \u00eatre personnalis\u00e9 en fonction de la largeur et de la hauteur souhait\u00e9es. Il peut \u00eatre mont\u00e9 dans le plafond, au-dessus du plafond ou en tant qu&#8217;unit\u00e9 compl\u00e8tement autonome.<\/p>\n\n\n\n<p>Le Portail est \u00e9quip\u00e9 de notre embout sp\u00e9cial Airstop, unique en son genre, dot\u00e9e de la technologie des jets de lames, qui offre une efficacit\u00e9 sup\u00e9rieure \u00e0 celle des rideaux d&#8217;air traditionnels.<\/p>\n\n\n<h3 class='g-block g-heading'>Caract\u00e9ristiques principales<\/h3>\n\n\n<ul class=\"wp-block-list\">\n<li>Unit\u00e9 compacte de rideau d&#8217;air.<\/li>\n\n\n\n<li>Service d&#8217;entretien facile par le bas.<\/li>\n\n\n\n<li>Unit\u00e9 horizontale plac\u00e9e avec des tambours \u00e0 soufflage lat\u00e9ral.<\/li>\n\n\n\n<li>Embout sp\u00e9cial avec technologie de jet de lame.<\/li>\n\n\n\n<li>Fonctionnement silencieux avec une excellente r\u00e9sistance.<\/li>\n\n\n\n<li>Possibilit\u00e9 de monter l&#8217;unit\u00e9 du rideau d&#8217;air en position verticale.<\/li>\n\n\n\n<li>Convient pour des portes d&#8217;une hauteur maximale d&#8217;environ 2,8 m\u00e8tres et d&#8217;une largeur maximale d&#8217;environ 2,7 m\u00e8tres.<\/li>\n\n\n\n<li>Disponible dans toutes les couleurs RAL ou en acier inoxydable.<\/li>\n<\/ul>\n\n\n\n<p>D\u00e9couvrez le Portail, votre solution pour une climatisation efficace gr\u00e2ce \u00e0 une technologie avanc\u00e9e. Contactez-nous pour des options personnalis\u00e9es qui r\u00e9pondent \u00e0 vos besoins sp\u00e9cifiques.<\/p>\n\n\n<h3 class='g-block g-heading'>Donn\u00e9es techniques<\/h3>\n\n\n<figure class=\"wp-block-table\"><table><thead><tr><th><\/th><th><strong>Portail 300-4<\/strong>.16<\/th><\/tr><\/thead><tbody><tr><td><strong>Type d&#8217;installation<\/strong><\/td><td>Boite de ventilation avec rideaux d&#8217;air \u00e0 soufflage lat\u00e9ral<\/td><\/tr><tr><td><strong>Hauteur maximale de la porte<\/strong> (*)<\/td><td>2,8 m\u00e8tres<\/td><\/tr><tr><td><strong>Couleur standard<\/strong><\/td><td>RAL 9010<\/td><\/tr><tr><td>Longueur Tambours de rideau DD (**)<\/td><td>Hauteur de la porte + env. 50 mm<\/td><\/tr><tr><td><strong><br>  <strong>Dim<\/strong>ensions<br><\/strong> Tambours de rideau DS (***)<\/td><td>250mm<\/td><\/tr><tr><td>Longueur (boite de ventilation)<\/td><td>2000mm<\/td><\/tr><tr><td><strong>Hauteur<\/strong> (boite de ventilation)<\/td><td>300mm<\/td><\/tr><tr><td><strong>Profondeur<\/strong> (boite de ventilation)<\/td><td>900mm<\/td><\/tr><tr><td><strong>D\u00e9bit d&#8217;air<\/strong><\/td><td>4300m\u00b3\/h<\/td><\/tr><tr><td><strong>Embout<\/strong><\/td><td>Airstop<\/td><\/tr><tr><td><strong><strong>Tension V<\/strong><\/strong><\/td><td>230<\/td><\/tr><tr><td><strong><strong>Puissance du moteur kW<\/strong><\/strong><\/td><td>2,9<\/td><\/tr><tr><td><strong><strong>Courant du moteur A<\/strong><\/strong><\/td><td>12,8<\/td><\/tr><tr><td><strong><strong>Fr\u00e9quence Hz<\/strong><\/strong><\/td><td>50<\/td><\/tr><tr><td><strong>IP<\/strong><\/td><td>54<\/td><\/tr><\/tbody><tfoot><tr><td><\/td><td><\/td><\/tr><\/tfoot><\/table><figcaption class=\"wp-element-caption\">(*) La hauteur possible de la porte d\u00e9pend de sa largeur.<br>(**) Tambour \u00e0 rideau d&#8217;air horizontal = <strong>OL<\/strong> et tambours \u00e0 rideau d&#8217;air double debout = <strong>DD<\/strong><br>(***) Diam\u00e8tre = Taille de raccordement du tambour du rideau d&#8217;air<\/figcaption><\/figure>\n","protected":false},"excerpt":{"rendered":"Le Portail 300 repr\u00e9sente une fusion r\u00e9ussie de la puissance des mod\u00e8les agr\u00e9g\u00e9s dans un design rationalis\u00e9. Ici, le meilleur de deux technologies diff\u00e9rentes est combin\u00e9 pour cr\u00e9er une solution exceptionnelle.","protected":false},"featured_media":16055,"menu_order":0,"template":"","meta":{"_acf_changed":false,"_seopress_robots_primary_cat":"none","_seopress_titles_title":"PORTAL 300 - rideau d'air \u00e0 caisson de ventilation surbaiss\u00e9","_seopress_titles_desc":"Le Portalen repr\u00e9sente une fusion r\u00e9ussie de la puissance d'un rideau d'air de type fanbox dans un design \u00e9pur\u00e9. Ici, le meilleur de deux technologies diff\u00e9rentes est combin\u00e9 pour cr\u00e9er une solution exceptionnelle.","_seopress_robots_index":"","_relevanssi_hide_post":"","_relevanssi_hide_content":"","_relevanssi_pin_for_all":"","_relevanssi_pin_keywords":"","_relevanssi_unpin_keywords":"","_relevanssi_related_keywords":"","_relevanssi_related_include_ids":"","_relevanssi_related_exclude_ids":"","_relevanssi_related_no_append":"","_relevanssi_related_not_related":"","_relevanssi_related_posts":"16318,15847,16242,16228,16252,16340","_relevanssi_noindex_reason":"","footnotes":""},"product_category":[221],"class_list":["post-16053","product","type-product","status-publish","has-post-thumbnail","hentry","product_category-entrees"],"acf":[],"_links":{"self":[{"href":"https:\/\/www.masterveil-eu.com\/fr\/wp-json\/wp\/v2\/product\/16053","targetHints":{"allow":["GET"]}}],"collection":[{"href":"https:\/\/www.masterveil-eu.com\/fr\/wp-json\/wp\/v2\/product"}],"about":[{"href":"https:\/\/www.masterveil-eu.com\/fr\/wp-json\/wp\/v2\/types\/product"}],"version-history":[{"count":5,"href":"https:\/\/www.masterveil-eu.com\/fr\/wp-json\/wp\/v2\/product\/16053\/revisions"}],"predecessor-version":[{"id":31371,"href":"https:\/\/www.masterveil-eu.com\/fr\/wp-json\/wp\/v2\/product\/16053\/revisions\/31371"}],"wp:featuredmedia":[{"embeddable":true,"href":"https:\/\/www.masterveil-eu.com\/fr\/wp-json\/wp\/v2\/media\/16055"}],"wp:attachment":[{"href":"https:\/\/www.masterveil-eu.com\/fr\/wp-json\/wp\/v2\/media?parent=16053"}],"wp:term":[{"taxonomy":"product_category","embeddable":true,"href":"https:\/\/www.masterveil-eu.com\/fr\/wp-json\/wp\/v2\/product_category?post=16053"}],"curies":[{"name":"wp","href":"https:\/\/api.w.org\/{rel}","templated":true}]}}