{"id":16054,"date":"2024-02-23T14:07:18","date_gmt":"2024-02-23T12:07:18","guid":{"rendered":"https:\/\/www.masterveil-eu.com\/air-curtains\/mvp-s-999-camions\/"},"modified":"2024-12-16T15:21:34","modified_gmt":"2024-12-16T13:21:34","slug":"mvp-s-999-camions","status":"publish","type":"product","link":"https:\/\/www.masterveil-eu.com\/fr\/rideaux-dair\/mvp-s-999-camions\/","title":{"rendered":"MVP-S 999 &#8211; Camions"},"content":{"rendered":"<h2 class='g-block g-heading'>Informations sur le produit<\/h2>\n\n<h3 class='g-block g-heading'>Avantages<\/h3>\n\n\n<p>Un rideau d&#8217;air tr\u00e8s efficace est cr\u00e9\u00e9 par un ventilateur qui propulse l&#8217;air \u00e0 travers notre embout\u00e0 jet plat \u00e0 grande vitesse. Cet embout s\u00e9pare la zone de temp\u00e9rature de l&#8217;espace de chargement de l&#8217;air ambiant. La manutention des cargaisons peut ainsi s&#8217;effectuer en douceur, sans obstacles, ce qui \u00e9limine la n\u00e9cessit\u00e9 d&#8217;utiliser des bandes de plastique ou des rideaux qui g\u00eaneraient la visibilit\u00e9.<\/p>\n\n\n\n<ul class=\"wp-block-list\">\n<li>Protection thermique tr\u00e8s efficace pour les camions frigorifiques.<\/li>\n\n\n\n<li>Solution peu encombrante.<\/li>\n\n\n\n<li>Rendement exceptionnellement \u00e9lev\u00e9.<\/li>\n\n\n\n<li>R\u00e9glable pour des largeurs d&#8217;ouverture comprises entre 1000 et 2600 mm.<\/li>\n\n\n\n<li>Favorise une manutention efficace des marchandises.<\/li>\n\n\n\n<li>Cr\u00e9e un environnement de travail am\u00e9lior\u00e9 sans obstacles.<\/li>\n<\/ul>\n\n\n<h2 class='g-block g-heading'>Donn\u00e9es techniques<\/h2>\n\n\n<figure class=\"wp-block-table\"><table><thead><tr><th><\/th><th>MVP-S 999-1<\/th><th>MVP-S 999-2<\/th><\/tr><\/thead><tbody><tr><td><strong><strong>Type d&#8217;installation<\/strong><\/strong><\/td><td>Horizontal<\/td><td>Horizontal<\/td><\/tr><tr><td><strong><strong>Couleur standard<\/strong><\/strong><\/td><td>Aluminium<\/td><td>Aluminium<\/td><\/tr><tr><td><strong><strong>Longueur<\/strong><\/strong><\/td><td>1000-1300mm<\/td><td>2000-2600mm<\/td><\/tr><tr><td><strong><strong>Hauteur<\/strong><\/strong><\/td><td>100mm<\/td><td>100mm<\/td><\/tr><tr><td><strong><strong>Profondeur<\/strong><\/strong><\/td><td>350mm<\/td><td>350mm<\/td><\/tr><tr><td><strong><strong>D\u00e9bit d&#8217;air<\/strong><\/strong><\/td><td>600 m\u00b3\/h<\/td><td>1200 m\u00b3\/h<\/td><\/tr><tr><td><strong>Embout<\/strong><\/td><td>Airstop<\/td><td>Airstop<\/td><\/tr><tr><td><strong>Tension V<\/strong><\/td><td>24VDC<\/td><td>24VDC<\/td><\/tr><tr><td><strong>Puissance du moteur kW<\/strong><\/td><td>0,106<\/td><td>0,212<\/td><\/tr><tr><td><strong>Courant du moteur A<\/strong><\/td><td>5<\/td><td>10<\/td><\/tr><tr><td><strong>IP<\/strong><\/td><td>42<\/td><td>42<\/td><\/tr><\/tbody><tfoot><tr><td><\/td><td><\/td><td><\/td><\/tr><\/tfoot><\/table><\/figure>\n","protected":false},"excerpt":{"rendered":"MVP-S 999, un rideau d&#8217;air pour les camions, le rideau d&#8217;air a une hauteur de construction minimale de seulement 100 mm. Le rideau est con\u00e7u pour retenir le froid \u00e0 l&#8217;int\u00e9rieur des zones de chargement des camions et permet de maintenir une temp\u00e9rature constante sans compromettre la hauteur de chargement. Garantissez une cha\u00eene du froid ininterrompue gr\u00e2ce \u00e0 cette solution compacte et efficace.","protected":false},"featured_media":16066,"menu_order":0,"template":"","meta":{"_acf_changed":false,"_seopress_robots_primary_cat":"none","_seopress_titles_title":"Rideau d'air MVP-S 999 pour camions %%sep%% Masterveil","_seopress_titles_desc":"Le rideau d'air est con\u00e7u pour retenir le froid \u00e0 l'int\u00e9rieur des zones de chargement des camions et permet de maintenir une temp\u00e9rature constante sans compromettre la hauteur de chargement.","_seopress_robots_index":"","_relevanssi_hide_post":"","_relevanssi_hide_content":"","_relevanssi_pin_for_all":"","_relevanssi_pin_keywords":"","_relevanssi_unpin_keywords":"","_relevanssi_related_keywords":"","_relevanssi_related_include_ids":"","_relevanssi_related_exclude_ids":"","_relevanssi_related_no_append":"","_relevanssi_related_not_related":"","_relevanssi_related_posts":"","_relevanssi_noindex_reason":"","footnotes":""},"product_category":[234],"class_list":["post-16054","product","type-product","status-publish","has-post-thumbnail","hentry","product_category-rideaux-dair-camion"],"acf":[],"_links":{"self":[{"href":"https:\/\/www.masterveil-eu.com\/fr\/wp-json\/wp\/v2\/product\/16054","targetHints":{"allow":["GET"]}}],"collection":[{"href":"https:\/\/www.masterveil-eu.com\/fr\/wp-json\/wp\/v2\/product"}],"about":[{"href":"https:\/\/www.masterveil-eu.com\/fr\/wp-json\/wp\/v2\/types\/product"}],"version-history":[{"count":4,"href":"https:\/\/www.masterveil-eu.com\/fr\/wp-json\/wp\/v2\/product\/16054\/revisions"}],"predecessor-version":[{"id":32978,"href":"https:\/\/www.masterveil-eu.com\/fr\/wp-json\/wp\/v2\/product\/16054\/revisions\/32978"}],"wp:featuredmedia":[{"embeddable":true,"href":"https:\/\/www.masterveil-eu.com\/fr\/wp-json\/wp\/v2\/media\/16066"}],"wp:attachment":[{"href":"https:\/\/www.masterveil-eu.com\/fr\/wp-json\/wp\/v2\/media?parent=16054"}],"wp:term":[{"taxonomy":"product_category","embeddable":true,"href":"https:\/\/www.masterveil-eu.com\/fr\/wp-json\/wp\/v2\/product_category?post=16054"}],"curies":[{"name":"wp","href":"https:\/\/api.w.org\/{rel}","templated":true}]}}