{"id":16108,"date":"2024-02-27T14:25:08","date_gmt":"2024-02-27T12:25:08","guid":{"rendered":"https:\/\/www.masterveil-eu.com\/air-curtains\/mtc-entrees\/"},"modified":"2024-11-28T16:01:38","modified_gmt":"2024-11-28T14:01:38","slug":"mtc-entrees","status":"publish","type":"product","link":"https:\/\/www.masterveil-eu.com\/fr\/rideaux-dair\/mtc-entrees\/","title":{"rendered":"MTC &#8211; Entr\u00e9es"},"content":{"rendered":"<h2 class='g-block g-heading'>Informations sur le produit<\/h2>\n\n<h3 class='g-block g-heading'>Rideau d&#039;air avec embout Airstop et options de longueur flexibles<\/h3>\n\n\n<p>Le rideau d&#8217;air est disponible dans des longueurs allant de 1200 \u00e0 3000 mm et dans deux versions de ventilateurs diff\u00e9rentes, les mod\u00e8les 14 et 16, le mod\u00e8le 16 ayant un r\u00e9glage de pression plus \u00e9lev\u00e9. Avec une longueur de rideau de 3000 mm, il peut facilement couvrir une ouverture de porte d&#8217;une largeur de 2900 mm. Gr\u00e2ce \u00e0 sa faible hauteur de construction de seulement 280 mm, le MTC peut \u00eatre install\u00e9 sans probl\u00e8me au-dessus de la porte. Le MTC est \u00e9galement \u00e9quip\u00e9 de notre embout unique Airstop, dot\u00e9e de la technologie du jet de couteau, qui offre une plus grande efficacit\u00e9 par rapport aux rideaux d&#8217;air traditionnels.<\/p>\n\n\n<h3 class='g-block g-heading'>Caract\u00e9ristiques principales<\/h3>\n\n\n<ul class=\"wp-block-list\">\n<li>Tr\u00e8s flexible gr\u00e2ce \u00e0 ses dimensions compactes.<\/li>\n\n\n\n<li>Diff\u00e9rentes possibilit\u00e9s de montage.<\/li>\n\n\n\n<li>Installation horizontale &#8211; visible ou encastr\u00e9e dans le plafond.<\/li>\n\n\n\n<li>La technologie du jet \u00e0 lame permet de contr\u00f4ler efficacement le flux d&#8217;air.<\/li>\n\n\n\n<li>Embout avec direction d&#8217;air r\u00e9glable.<\/li>\n\n\n\n<li>Batterie de chauffage optimis\u00e9e incluse en standard.<\/li>\n\n\n\n<li>Longueur du rideau 1200-3000 mm.<\/li>\n\n\n\n<li>Le mod\u00e8le 14 convient pour des hauteurs de porte allant jusqu&#8217;\u00e0 environ 3 m\u00e8tres.<\/li>\n\n\n\n<li>Le mod\u00e8le 16 convient pour des hauteurs de porte allant jusqu&#8217;\u00e0 environ 4 m\u00e8tres.<\/li>\n\n\n\n<li>Disponible dans toutes les couleurs RAL ou en acier inoxydable.<\/li>\n<\/ul>\n\n\n<h3 class='g-block g-heading'>Donn\u00e9es techniques<\/h3>\n\n\n<figure class=\"wp-block-table\"><table><thead><tr><th>14 mod\u00e8le<\/th><th><strong>MTC xV-2<\/strong>.14<\/th><th><strong>\n  <strong>\n    <strong>MTC xV<\/strong>\n  <\/strong>\n<\/strong>-3.14<\/th><th><strong>\n  <strong>\n    <strong>MTC xV<\/strong>\n  <\/strong>\n<\/strong>-4.14<\/th><th><strong>\n  <strong>MTC xV<\/strong>\n<\/strong>-5.14<\/th><th><strong>\n  <strong>\n    <strong>MTC xV<\/strong>\n  <\/strong>\n<\/strong>-6.14<\/th><\/tr><\/thead><tbody><tr><td><strong>Type d&#8217;installation<\/strong><\/td><td>Horizontal<\/td><td>Horizontal<\/td><td>Horizontal<\/td><td>Horizontal<\/td><td>Horizontal<\/td><\/tr><tr><td><strong>Hauteur maximale de la porte<\/strong> (*)<\/td><td>3 m\u00e8tres<\/td><td>3 m\u00e8tres<\/td><td>3 m\u00e8tres<\/td><td>3 m\u00e8tres<\/td><td>3 m\u00e8tres<\/td><\/tr><tr><td><strong>Couleur standard<\/strong><\/td><td>RAL 9010<\/td><td>RAL 9010<\/td><td>RAL 9010<\/td><td>RAL 9010<\/td><td>RAL 9010<\/td><\/tr><tr><td><strong>Longueur<\/strong> rideau d&#8217;air OL (**)<\/td><td>Largeur de la porte + env. 100mm<\/td><td>Largeur de la porte + env. 100mm<\/td><td>Largeur de la porte + env. 100mm<\/td><td>Largeur de la porte + env. 100mm<\/td><td>Largeur de la porte + env. 100mm<\/td><\/tr><tr><td><strong>Longueur<\/strong><\/td><td>1200-1300mm<\/td><td>1400-1700mm<\/td><td>1800-2300mm<\/td><td>2400-2650mm<\/td><td>2750-3150mm<\/td><\/tr><tr><td><strong>Hauteur<\/strong><\/td><td>Voir le dessin<\/td><td>Voir le dessin<\/td><td>Voir le dessin<\/td><td>Voir le dessin<\/td><td>Voir le dessin<\/td><\/tr><tr><td><strong>Profondeur<\/strong><\/td><td>Voir le dessin<\/td><td>Voir le dessin<\/td><td>Voir le dessin<\/td><td>Voir le dessin<\/td><td>Voir le dessin<\/td><\/tr><tr><td><strong>D\u00e9bit d&#8217;air<\/strong><\/td><td>1300 m\u00b3\/h<\/td><td>1950 m\u00b3\/h<\/td><td>2500 m\u00b3\/h<\/td><td>3000 m\u00b3\/h<\/td><td>3600 m\u00b3\/h<\/td><\/tr><tr><td><strong>Tension V<\/strong><\/td><td>230<\/td><td>230<\/td><td>230<\/td><td>230<\/td><td>230<\/td><\/tr><tr><td><strong>Puissance du moteur kW<\/strong><\/td><td>0,292<\/td><td>0,438<\/td><td>0,584<\/td><td>0,730<\/td><td>0,876<\/td><\/tr><tr><td><strong>Courant du moteur A<\/strong><\/td><td>2,28<\/td><td>3,42<\/td><td>4,56<\/td><td>5,7<\/td><td>6,84<\/td><\/tr><tr><td><strong>Fr\u00e9quence Hz<\/strong><\/td><td>50<\/td><td>50<\/td><td>50<\/td><td>50<\/td><td>50<\/td><\/tr><tr><td><strong>IP<\/strong><\/td><td>40<\/td><td>40<\/td><td>40<\/td><td>40<\/td><td>40<\/td><\/tr><\/tbody><\/table><\/figure>\n\n\n\n<figure class=\"wp-block-table\"><table><thead><tr><th>16 mod\u00e8le<\/th><th><strong>\n  <strong>\n    <strong>MTC xV<\/strong>\n  <\/strong>\n<\/strong>-2.16<\/th><th><strong>\n  <strong>MTC xV<\/strong>\n<\/strong>-3.16<\/th><th><strong>\n  <strong>\n    <strong>MTC xV<\/strong>\n  <\/strong>\n<\/strong>-4.16<\/th><th><\/th><th><\/th><\/tr><\/thead><tbody><tr><td><strong>Type d&#8217;installation<\/strong><\/td><td>Horizontal<\/td><td>Horizontal<\/td><td>Horizontal<\/td><td><\/td><td><\/td><\/tr><tr><td><strong>Hauteur maximale de la porte<\/strong> (*)<\/td><td>4 m\u00e8tres<\/td><td>4 m\u00e8tres<\/td><td>4 m\u00e8tres<\/td><td><\/td><td><\/td><\/tr><tr><td><strong>Couleur standard<\/strong><\/td><td>RAL 9010<\/td><td>RAL 9010<\/td><td>RAL 9010<\/td><td><\/td><td><\/td><\/tr><tr><td><strong>Longueur<\/strong> rideau d&#8217;air OL (**)<\/td><td>Largeur de la porte + env. 100mm<\/td><td>Largeur de la porte + env. 100mm<\/td><td>Largeur de la porte + env. 100mm<\/td><td><\/td><td><\/td><\/tr><tr><td><strong>Longueur<\/strong><\/td><td>1200-1700mm<\/td><td>1800-2300mm<\/td><td>2400-3000mm<\/td><td><\/td><td><\/td><\/tr><tr><td><strong>Hauteur<\/strong><\/td><td>Voir le dessin<\/td><td>Voir le dessin<\/td><td>Voir le dessin<\/td><td><\/td><td><\/td><\/tr><tr><td><strong>Profondeur<\/strong><\/td><td>Voir le dessin<\/td><td>Voir le dessin<\/td><td>Voir le dessin<\/td><td><\/td><td><\/td><\/tr><tr><td><strong>D\u00e9bit d&#8217;air<\/strong><\/td><td>2100 m\u00b3\/h<\/td><td>3200 m\u00b3\/h<\/td><td>4300 m\u00b3\/h<\/td><td><\/td><td><\/td><\/tr><tr><td><strong>Tension V<\/strong><\/td><td>230<\/td><td>230<\/td><td>230<\/td><td><\/td><td><\/td><\/tr><tr><td><strong>Puissance du moteur kW<\/strong><\/td><td>1,45<\/td><td>2,175<\/td><td>2,9<\/td><td><\/td><td><\/td><\/tr><tr><td><strong>Courant du moteur A<\/strong><\/td><td>6,4<\/td><td>9,6<\/td><td>12,8<\/td><td><\/td><td><\/td><\/tr><tr><td><strong>Fr\u00e9quence Hz<\/strong><\/td><td>50<\/td><td>50<\/td><td>50<\/td><td><\/td><td><\/td><\/tr><tr><td><strong>IP<\/strong><\/td><td>54<\/td><td>54<\/td><td>54<\/td><td><\/td><td><\/td><\/tr><\/tbody><tfoot><tr><td><\/td><td><\/td><td><\/td><td><\/td><td><\/td><td><\/td><\/tr><\/tfoot><\/table><figcaption class=\"wp-element-caption\">(*) La hauteur possible de la porte d\u00e9pend de sa largeur.<br>(**) Rideau d&#8217;air horizontal = <strong>OL<\/strong> et Rideau d&#8217;air double debout= <strong>DD<\/strong><\/figcaption><\/figure>\n","protected":false},"excerpt":{"rendered":"Ce mod\u00e8le a \u00e9t\u00e9 d\u00e9velopp\u00e9 en mettant l&#8217;accent sur une grande flexibilit\u00e9 gr\u00e2ce \u00e0 ses dimensions compactes.\nCe qui rend le MTC encore plus adaptable, c&#8217;est la possibilit\u00e9 d&#8217;avoir une entr\u00e9e d&#8217;air par l&#8217;avant, le haut ou le bas. ","protected":false},"featured_media":16111,"menu_order":0,"template":"","meta":{"_acf_changed":false,"_seopress_robots_primary_cat":"none","_seopress_titles_title":"Rideau d'air MTC pour les entr\u00e9es %%sep%% Masterveil","_seopress_titles_desc":"Ce rideau d'air a \u00e9t\u00e9 d\u00e9velopp\u00e9 en mettant l'accent sur une grande flexibilit\u00e9 gr\u00e2ce \u00e0 ses dimensions compactes.","_seopress_robots_index":"","_relevanssi_hide_post":"","_relevanssi_hide_content":"","_relevanssi_pin_for_all":"","_relevanssi_pin_keywords":"","_relevanssi_unpin_keywords":"","_relevanssi_related_keywords":"","_relevanssi_related_include_ids":"","_relevanssi_related_exclude_ids":"","_relevanssi_related_no_append":"","_relevanssi_related_not_related":"","_relevanssi_related_posts":"31184,16368,16266,16339,16298,16228","_relevanssi_noindex_reason":"","footnotes":""},"product_category":[226,221],"class_list":["post-16108","product","type-product","status-publish","has-post-thumbnail","hentry","product_category-mtc-fr","product_category-entrees"],"acf":[],"_links":{"self":[{"href":"https:\/\/www.masterveil-eu.com\/fr\/wp-json\/wp\/v2\/product\/16108","targetHints":{"allow":["GET"]}}],"collection":[{"href":"https:\/\/www.masterveil-eu.com\/fr\/wp-json\/wp\/v2\/product"}],"about":[{"href":"https:\/\/www.masterveil-eu.com\/fr\/wp-json\/wp\/v2\/types\/product"}],"version-history":[{"count":5,"href":"https:\/\/www.masterveil-eu.com\/fr\/wp-json\/wp\/v2\/product\/16108\/revisions"}],"predecessor-version":[{"id":31367,"href":"https:\/\/www.masterveil-eu.com\/fr\/wp-json\/wp\/v2\/product\/16108\/revisions\/31367"}],"wp:featuredmedia":[{"embeddable":true,"href":"https:\/\/www.masterveil-eu.com\/fr\/wp-json\/wp\/v2\/media\/16111"}],"wp:attachment":[{"href":"https:\/\/www.masterveil-eu.com\/fr\/wp-json\/wp\/v2\/media?parent=16108"}],"wp:term":[{"taxonomy":"product_category","embeddable":true,"href":"https:\/\/www.masterveil-eu.com\/fr\/wp-json\/wp\/v2\/product_category?post=16108"}],"curies":[{"name":"wp","href":"https:\/\/api.w.org\/{rel}","templated":true}]}}