{"id":16153,"date":"2024-02-23T16:11:29","date_gmt":"2024-02-23T14:11:29","guid":{"rendered":"https:\/\/www.masterveil-eu.com\/air-curtains\/ase-k-entrees\/"},"modified":"2024-11-28T15:23:14","modified_gmt":"2024-11-28T13:23:14","slug":"ase-k-entrees","status":"publish","type":"product","link":"https:\/\/www.masterveil-eu.com\/fr\/rideaux-dair\/ase-k-entrees\/","title":{"rendered":"ASE-K &#8211; Entr\u00e9es"},"content":{"rendered":"<h2 class='g-block g-heading'>Informations sur le produit<\/h2>\n\n<h3 class='g-block g-heading'>Installation polyvalente et fonctionnement sans faille des rideaux d&#039;air<\/h3>\n\n\n<p>Le rideau d&#8217;air peut \u00eatre install\u00e9 visiblement \u00e0 la verticale, \u00e0 l&#8217;horizontale ou dissimul\u00e9 dans le mur ou le plafond s&#8217;il est \u00e9quip\u00e9 d&#8217;embouts allong\u00e9s. Le syst\u00e8me ASE K vous permet de faire fonctionner plusieurs rideaux d&#8217;air simultan\u00e9ment. L&#8217;unit\u00e9 est reli\u00e9e \u00e0 un ou plusieurs rideaux d&#8217;air, et la longueur du rideau peut \u00eatre facilement ajust\u00e9e \u00e0 la largeur et \u00e0 la hauteur de l&#8217;ouverture. Les rideaux d&#8217;air innovants sont \u00e9quip\u00e9s de notre embout unique Airstop avec technologie de jet de lame. Le rideau d&#8217;air est livr\u00e9 avec un chauffage, et la puissance peut \u00eatre personnalis\u00e9e en fonction des conditions sur place.<\/p>\n\n\n<h3 class='g-block g-heading'>Tambours de rideau d&#039;air<\/h3>\n\n\n<p>Les entr\u00e9es ASE-K sont disponibles avec des tambours de rideau d&#8217;air de \u2300250 mm pour un montage en hauteur et de \u2300250 mm pour des tambours de rideau d&#8217;air doubles.<\/p>\n\n\n\n<p>Pour des d\u00e9bits d&#8217;air plus ou moins importants, nous proposons les mod\u00e8les standard S.\u2300250, S.\u2300315 et S.\u2300400. Nous proposons \u00e9galement des tambours de rideau d&#8217;air circulaires (C.\u2300250, C.\u2300315, et C.\u2300400) pour r\u00e9pondre \u00e0 des exigences d&#8217;installation sp\u00e9cifiques, ainsi que des mod\u00e8les carr\u00e9s et rectangulaires (F.250, F.315, et F.400) pour s&#8217;adapter \u00e0 des conditions uniques. Pour les installations de hauteur limit\u00e9e, par exemple entre un plafond suspendu et une porte, nous pouvons concevoir des tambours de rideau d&#8217;air de faible hauteur totale.<\/p>\n\n\n\n<p>Nous offrons \u00e9galement une certaine flexibilit\u00e9 dans l&#8217;installation. Le conduit en spirale de l&#8217;unit\u00e9 de ventilation peut \u00eatre raccord\u00e9 \u00e0 n&#8217;importe quel point du tambour du rideau d&#8217;air, et le tambour peut \u00eatre \u00e9quip\u00e9 d&#8217;une buse allong\u00e9e pour faciliter l&#8217;int\u00e9gration dans les plafonds suspendus.<\/p>\n\n\n\n<p>Contactez nous :<\/p>\n\n\n\n<p>Si vous avez des exigences particuli\u00e8res en mati\u00e8re d&#8217;installation, n&#8217;h\u00e9sitez pas \u00e0 nous contacter. Nous nous ferons un plaisir de vous aider \u00e0 trouver la solution de rideau d&#8217;air id\u00e9ale.<\/p>\n\n\n<h3 class='g-block g-heading'>Des options de personnalisation infinies<\/h3>\n\n\n<ul class=\"wp-block-list\">\n<li>Vous avez le choix entre quatre tailles diff\u00e9rentes d&#8217;unit\u00e9s de ventilation, avec des capacit\u00e9s allant de 4 000 m\u00b3\/h \u00e0 13 000 m\u00b3\/h.<\/li>\n\n\n\n<li>L&#8217;unit\u00e9 de ventilation est isol\u00e9e pour une efficacit\u00e9 \u00e9nerg\u00e9tique optimale.<\/li>\n\n\n\n<li>Installez des rideaux d&#8217;air verticaux ou suspendus, en fonction de vos pr\u00e9f\u00e9rences et de vos besoins.<\/li>\n\n\n\n<li>L&#8217;unit\u00e9 de ventilation autonome offre des performances \u00e9lev\u00e9es pour garantir l&#8217;efficacit\u00e9 et la fiabilit\u00e9.<\/li>\n\n\n\n<li>La technologie avanc\u00e9e du jet de lame permet de contr\u00f4ler efficacement le jet d&#8217;air pour obtenir les meilleurs r\u00e9sultats.<\/li>\n\n\n\n<li>L&#8217;unit\u00e9 a la capacit\u00e9 de faire fonctionner un ou plusieurs rideaux d&#8217;air, ce qui offre une plus grande flexibilit\u00e9.<\/li>\n\n\n\n<li>Choisissez entre le chauffage \u00e9lectrique et le chauffage \u00e0 eau pour adapter la solution \u00e0 vos besoins sp\u00e9cifiques.<\/li>\n\n\n\n<li>La solution de chauffage \u00e0 eau comprend des filtres \u00e0 air pour une qualit\u00e9 d&#8217;air optimale.<\/li>\n\n\n\n<li>Convient pour des hauteurs de porte allant jusqu&#8217;\u00e0 environ 6 m\u00e8tres.<\/li>\n\n\n\n<li>Disponible dans toutes les couleurs RAL ou en acier inoxydable.<\/li>\n<\/ul>\n\n\n\n<p>Avec le rideau d&#8217;air ASE K, vous disposez d&#8217;une solution adapt\u00e9e et performante pour optimiser la climatisation au niveau de toutes les ouvertures de portes et entr\u00e9es. Contactez-nous d\u00e8s aujourd&#8217;hui pour discuter de la mani\u00e8re dont nous pouvons adapter le syst\u00e8me \u00e0 vos besoins exacts et am\u00e9liorer l&#8217;efficacit\u00e9 de votre entreprise.<\/p>\n\n\n<h3 class='g-block g-heading'>Donn\u00e9es techniques<\/h3>\n\n\n<figure class=\"wp-block-table\"><table><thead><tr><th><\/th><th>ASE-K 500K-1<\/th><th>ASE 500K-2<\/th><th>ASE 500K-3<\/th><th>ASE 500K-4<\/th><\/tr><\/thead><tbody><tr><td><strong>Type d&#8217;installation<\/strong><\/td><td>Ventilateur avec rideau d&#8217;air<\/td><td>Ventilateur avec rideau d&#8217;air<\/td><td>Ventilateur avec rideau d&#8217;air<\/td><td>Ventilateur avec rideau d&#8217;air<\/td><\/tr><tr><td><strong>Hauteur maximale de la porte<\/strong> (*)<\/td><td>5 m\u00e8tres<\/td><td>6 m\u00e8tres<\/td><td>6 m\u00e8tres<\/td><td>6 m\u00e8tres<\/td><\/tr><tr><td><strong>Couleur standard<\/strong> (tambour rideau d&#8217;air)<\/td><td>RAL 9010<\/td><td>RAL 9010<\/td><td>RAL 9010<\/td><td>RAL 9010<\/td><\/tr><tr><td><strong>Mat\u00e9riel standard<\/strong> (Fanbox)<\/td><td>Galvanis\u00e9<\/td><td>Galvanis\u00e9<\/td><td>Galvanis\u00e9<\/td><td>Galvanis\u00e9<\/td><\/tr><tr><td><strong>Longueur<\/strong> tambour de rideau OL (**)<\/td><td>Largeur de la porte + env. 100mm<\/td><td>Largeur de la porte + env. 100mm<\/td><td>Largeur de la porte + env. 100mm<\/td><td>Largeur de la porte + env. 100mm<\/td><\/tr><tr><td><strong><br>  <strong>Longueur<\/strong><br><\/strong> Tambours de rideau DD (**)<\/td><td>Hauteur de la porte + env. 50 mm<\/td><td>Hauteur de la porte + env. 50 mm<\/td><td>Hauteur de la porte + env. 50 mm<\/td><td>Hauteur de la porte + env. 50 mm<\/td><\/tr><tr><td><strong><br>  <strong>Dim<\/strong>ensions<br><\/strong> Tambour rideau OL (***)<\/td><td>250-315mm<\/td><td>250-400mm<\/td><td>250-400mm<\/td><td>250-400mm<\/td><\/tr><tr><td><strong><br>  <strong>Dim<\/strong>ensions<br><\/strong> Tambours rideau DD (***)<\/td><td>250mm<\/td><td>250-315mm<\/td><td>250-315mm<\/td><td>250-400mm<\/td><\/tr><tr><td><strong>Longueur<\/strong> (boite ventilateur)<\/td><td>Voir le dessin<\/td><td>Voir le dessin<\/td><td>Voir le dessin<\/td><td>Voir le dessin<\/td><\/tr><tr><td><strong>Hauteur<\/strong> (boite ventilateur)<\/td><td>Voir le dessin<\/td><td>Voir le dessin<\/td><td>Voir le dessin<\/td><td>Voir le dessin<\/td><\/tr><tr><td><strong>Profondeur<\/strong> (boite ventilateur)<\/td><td>Voir le dessin<\/td><td>Voir le dessin<\/td><td>Voir le dessin<\/td><td>Voir le dessin<\/td><\/tr><tr><td><strong>D\u00e9bit d&#8217;air<\/strong><\/td><td>4 000 m\u00b3\/h<\/td><td>7 500 m\u00b3\/h<\/td><td>10 000 m\u00b3\/h<\/td><td>13 000 m\u00b3\/h<\/td><\/tr><tr><td><strong>Embout<\/strong><\/td><td>Airstop<\/td><td>Airstop<\/td><td>Airstop<\/td><td>Airstop<\/td><\/tr><tr><td><strong>Tension V<\/strong><\/td><td>400<\/td><td>400<\/td><td>400<\/td><td>400<\/td><\/tr><tr><td><strong>Puissance d&#8217;entr\u00e9e du moteur kW<\/strong><\/td><td>3,9<\/td><td>7,8<\/td><td>11,7<\/td><td>15,6<\/td><\/tr><tr><td><strong>Courant du moteur A<\/strong><\/td><td>5,8<\/td><td>11,6<\/td><td>17,4<\/td><td>23,2<\/td><\/tr><tr><td><strong>Fr\u00e9quence Hz<\/strong><\/td><td>50<\/td><td>50<\/td><td>50<\/td><td>50<\/td><\/tr><tr><td><strong>IP<\/strong><\/td><td>54<\/td><td>54<\/td><td>54<\/td><td>54<\/td><\/tr><\/tbody><tfoot><tr><td><\/td><td><\/td><td><\/td><td><\/td><td><\/td><\/tr><\/tfoot><\/table><figcaption class=\"wp-element-caption\">(*) La hauteur possible de la porte d\u00e9pend de sa largeur.<br>(**) Tambour rideau d&#8217;air horizontal = <strong>OL<\/strong> et tambours rideau d&#8217;air double debout = <strong>DD<\/strong><br>(***) Diam\u00e8tre = Taille de raccordement du tambour du rideau d&#8217;air en fonction du nombre de tambours du m\u00eame ventilateur et du volume d&#8217;air n\u00e9cessaire pour chaque porte.<\/figcaption><\/figure>\n","protected":false},"excerpt":{"rendered":"Avec le rideau d&#8217;air ASE K, vous disposez d&#8217;une solution adapt\u00e9e et performante pour optimiser la climatisation des entr\u00e9es.","protected":false},"featured_media":16165,"menu_order":0,"template":"","meta":{"_acf_changed":false,"_seopress_robots_primary_cat":"none","_seopress_titles_title":"ASE-K Syst\u00e8me puissant de rideau d'air %%sep%% Masterveil","_seopress_titles_desc":"Avec le rideau d'air ASE K, vous disposez d'une solution adapt\u00e9e et performante pour optimiser la climatisation des entr\u00e9es.","_seopress_robots_index":"","_relevanssi_hide_post":"","_relevanssi_hide_content":"","_relevanssi_pin_for_all":"","_relevanssi_pin_keywords":"","_relevanssi_unpin_keywords":"","_relevanssi_related_keywords":"","_relevanssi_related_include_ids":"","_relevanssi_related_exclude_ids":"","_relevanssi_related_no_append":"","_relevanssi_related_not_related":"","_relevanssi_related_posts":"","_relevanssi_noindex_reason":"","footnotes":""},"product_category":[227,221],"class_list":["post-16153","product","type-product","status-publish","has-post-thumbnail","hentry","product_category-ase-k-unite-de-ventilation-externe","product_category-entrees"],"acf":[],"_links":{"self":[{"href":"https:\/\/www.masterveil-eu.com\/fr\/wp-json\/wp\/v2\/product\/16153","targetHints":{"allow":["GET"]}}],"collection":[{"href":"https:\/\/www.masterveil-eu.com\/fr\/wp-json\/wp\/v2\/product"}],"about":[{"href":"https:\/\/www.masterveil-eu.com\/fr\/wp-json\/wp\/v2\/types\/product"}],"version-history":[{"count":4,"href":"https:\/\/www.masterveil-eu.com\/fr\/wp-json\/wp\/v2\/product\/16153\/revisions"}],"predecessor-version":[{"id":31355,"href":"https:\/\/www.masterveil-eu.com\/fr\/wp-json\/wp\/v2\/product\/16153\/revisions\/31355"}],"wp:featuredmedia":[{"embeddable":true,"href":"https:\/\/www.masterveil-eu.com\/fr\/wp-json\/wp\/v2\/media\/16165"}],"wp:attachment":[{"href":"https:\/\/www.masterveil-eu.com\/fr\/wp-json\/wp\/v2\/media?parent=16153"}],"wp:term":[{"taxonomy":"product_category","embeddable":true,"href":"https:\/\/www.masterveil-eu.com\/fr\/wp-json\/wp\/v2\/product_category?post=16153"}],"curies":[{"name":"wp","href":"https:\/\/api.w.org\/{rel}","templated":true}]}}