{"id":16180,"date":"2024-02-27T14:09:52","date_gmt":"2024-02-27T12:09:52","guid":{"rendered":"https:\/\/www.masterveil-eu.com\/air-curtains\/ellips-380\/"},"modified":"2025-04-25T14:13:23","modified_gmt":"2025-04-25T12:13:23","slug":"ellips-380","status":"publish","type":"product","link":"https:\/\/www.masterveil-eu.com\/fr\/rideaux-dair\/ellips-380\/","title":{"rendered":"Rideau d&#8217;air ELLIPS 380"},"content":{"rendered":"<h2 class='g-block g-heading'>Informations sur le produit<\/h2><h3 class='g-block g-heading'>Installation suspendue et longueur de rideau r\u00e9glable<\/h3>\n<p>Ellips 380 est \u00e9l\u00e9gamment install\u00e9 en suspension, et la longueur du rideau d&#8217;air est flexible et peut \u00eatre adapt\u00e9e, allant de 1200 \u00e0 3000 mm et disponible dans n&#8217;importe quelle couleur RAL ou en finition acier inoxydable. Il s&#8217;agit d&#8217;une solution polyvalente pour diff\u00e9rents espaces et ouvertures. Le mod\u00e8le 14 convient pour des hauteurs de porte allant jusqu&#8217;\u00e0 environ 3 m\u00e8tres, et le mod\u00e8le 16 convient pour des hauteurs de porte allant jusqu&#8217;\u00e0 environ 4 m\u00e8tres.<\/p>\n<h3 class='g-block g-heading'>Un design exclusif et une fonction puissante<\/h3>\n<p>Ce mod\u00e8le compact s\u00e9duit non seulement par son design exclusif, mais aussi par ses performances. La buse Airstop est \u00e9quip\u00e9e d&#8217;une direction d&#8217;air r\u00e9glable, ce qui permet de l&#8217;adapter aux diff\u00e9rents besoins et configurations des pi\u00e8ces. Le serpentin chauffant est inclus de s\u00e9rie, ce qui permet de contr\u00f4ler efficacement la temp\u00e9rature et d&#8217;assurer le confort.<\/p>\n<h3 class='g-block g-heading'>Caract\u00e9ristiques principales<\/h3>\n<ul class=\"wp-block-list\">\n<li>L&#8217;Ellips 380 est \u00e9l\u00e9gamment suspendu, et la longueur du rideau est adapt\u00e9e aux besoins, allant de 1200 \u00e0 3000 mm.<\/li>\n\n\n\n<li>L&#8217;Ellips 380 est disponible en deux configurations de ventilateur diff\u00e9rentes, le mod\u00e8le 14 et le mod\u00e8le 16, ce dernier ayant un r\u00e9glage de pression plus \u00e9lev\u00e9.<\/li>\n\n\n\n<li>Un design exclusif et une fonction puissante.<\/li>\n\n\n\n<li>Buse d&#8217;aspiration avec direction d&#8217;air r\u00e9glable.<\/li>\n\n\n\n<li>La batterie de chauffage est incluse en standard et permet un contr\u00f4le efficace de la temp\u00e9rature et du confort.<\/li>\n\n\n\n<li>Tous les travaux d&#8217;entretien et de maintenance peuvent \u00eatre facilement effectu\u00e9s par le dessous, ce qui permet de gagner du temps et d&#8217;assurer une manipulation en douceur.<\/li>\n\n\n\n<li>Le mod\u00e8le 14 convient pour des hauteurs de porte allant jusqu&#8217;\u00e0 environ 3 m\u00e8tres.<\/li>\n\n\n\n<li>Le mod\u00e8le 16 convient pour des hauteurs de porte allant jusqu&#8217;\u00e0 environ 4 m\u00e8tres.<\/li>\n\n\n\n<li>L&#8217;Ellips 380 est disponible dans toutes les couleurs RAL ou en acier inoxydable.<\/li>\n<\/ul>\n<h3 class='g-block g-heading'>Donn\u00e9es techniques<\/h3>\n<figure class=\"wp-block-table\"><table><thead><tr><th>14 mod\u00e8le<\/th><th><strong>Ellips 380-2<\/strong>.14<\/th><th><strong>\n  <strong>Ellipses 380<\/strong>\n<\/strong>-3.14<\/th><th><strong>\n  <strong>Ellipses 380<\/strong>\n<\/strong>-4.14<\/th><th><strong>Ellips 380-5<\/strong>.14<\/th><th><strong>\n  <strong>Ellipses 380<\/strong>\n<\/strong>-6.14<\/th><\/tr><\/thead><tbody><tr><td><strong>Type d&#8217;installation<\/strong><\/td><td>Horizontal<\/td><td>Horizontal<\/td><td>Horizontal<\/td><td>Horizontal<\/td><td>Horizontal<\/td><\/tr><tr><td><strong>Hauteur maximale de la porte<\/strong> (*)<\/td><td>3 m\u00e8tres<\/td><td>3 m\u00e8tres<\/td><td>3 m\u00e8tres<\/td><td>3 m\u00e8tres<\/td><td>3 m\u00e8tres<\/td><\/tr><tr><td><strong>Couleur standard<\/strong><\/td><td>RAL 9010<\/td><td>RAL 9010<\/td><td>RAL 9010<\/td><td>RAL 9010<\/td><td>RAL 9010<\/td><\/tr><tr><td><strong>Longueur<\/strong> du rideau d&#8217;air OL (**)<\/td><td><\/td><td><\/td><td><\/td><td><\/td><td><\/td><\/tr><tr><td><strong>Longueur<\/strong><\/td><td>1200-1300mm<\/td><td>1400-1700mm<\/td><td>1800-2300mm<\/td><td>2400-2650mm<\/td><td>2750-3150mm<\/td><\/tr><tr><td><strong>Hauteur<\/strong><\/td><td>380mm<\/td><td>380mm<\/td><td>380mm<\/td><td>380mm<\/td><td>380mm<\/td><\/tr><tr><td><strong>Profondeur<\/strong><\/td><td>680mm<\/td><td>680mm<\/td><td>680mm<\/td><td>680mm<\/td><td>680mm<\/td><\/tr><tr><td><strong>D\u00e9bit d&#8217;air<\/strong><\/td><td>1300 m\u00b3\/h<\/td><td>1950 m\u00b3\/h<\/td><td>2500 m\u00b3\/h<\/td><td>3000 m\u00b3\/h<\/td><td>3600 m\u00b3\/h<\/td><\/tr><tr><td><strong>Tension V<\/strong><\/td><td>230<\/td><td>230<\/td><td>230<\/td><td>230<\/td><td>230<\/td><\/tr><tr><td><strong>Puissance du moteur kW<\/strong><\/td><td>0,292<\/td><td>0,438<\/td><td>0,584<\/td><td>0,730<\/td><td>0,876<\/td><\/tr><tr><td><strong>Courant du moteur A<\/strong><\/td><td>2,28<\/td><td>3,42<\/td><td>4,56<\/td><td>5,7<\/td><td>6,84<\/td><\/tr><tr><td><strong>Fr\u00e9quence Hz<\/strong><\/td><td>50<\/td><td>50<\/td><td>50<\/td><td>50<\/td><td>50<\/td><\/tr><tr><td><strong>IP<\/strong><\/td><td>40<\/td><td>40<\/td><td>40<\/td><td>40<\/td><td>40<\/td><\/tr><\/tbody><\/table><\/figure>\n\n<figure class=\"wp-block-table\"><table><thead><tr><th>16 mod\u00e8le<\/th><th><strong>\n  <strong>Ellipses 380<\/strong>\n<\/strong>-2.16<\/th><th><strong>Ellips 380-3<\/strong>.16<\/th><th><strong>\n  <strong>Ellipses 380<\/strong>\n<\/strong>-4.16<\/th><th><\/th><th><\/th><\/tr><\/thead><tbody><tr><td><strong>Type d&#8217;installation<\/strong><\/td><td>Horizontal<\/td><td>Horizontal<\/td><td>Horizontal<\/td><td><\/td><td><\/td><\/tr><tr><td><strong>Hauteur maximale de la porte<\/strong> (*)<\/td><td>4 m\u00e8tres<\/td><td>4 m\u00e8tres<\/td><td>4 m\u00e8tres<\/td><td><\/td><td><\/td><\/tr><tr><td><strong>Couleur standard<\/strong><\/td><td>RAL 9010<\/td><td>RAL 9010<\/td><td>RAL 9010<\/td><td><\/td><td><\/td><\/tr><tr><td><strong>Longueur<\/strong> du rideau d&#8217;air OL (**)<\/td><td>Largeur de la porte + env. 100mm<\/td><td>Largeur de la porte + env. 100mm<\/td><td>Largeur de la porte + env. 100mm<\/td><td><\/td><td><\/td><\/tr><tr><td><strong>Longueur<\/strong><\/td><td>1200-1700mm<\/td><td>1800-2300mm<\/td><td>2400-3000mm<\/td><td><\/td><td><\/td><\/tr><tr><td><strong>Hauteur<\/strong><\/td><td>380mm<\/td><td>380mm<\/td><td>380mm<\/td><td><\/td><td><\/td><\/tr><tr><td><strong>Profondeur<\/strong><\/td><td>680mm<\/td><td>680mm<\/td><td>680mm<\/td><td><\/td><td><\/td><\/tr><tr><td><strong>D\u00e9bit d&#8217;air<\/strong><\/td><td>2100 m\u00b3\/h<\/td><td>3200 m\u00b3\/h<\/td><td>4300 m\u00b3\/h<\/td><td><\/td><td><\/td><\/tr><tr><td><strong>Tension V<\/strong><\/td><td>230<\/td><td>230<\/td><td>230<\/td><td><\/td><td><\/td><\/tr><tr><td><strong>Puissance du moteur kW<\/strong><\/td><td>1,45<\/td><td>2,175<\/td><td>2,9<\/td><td><\/td><td><\/td><\/tr><tr><td><strong>Courant du moteur A<\/strong><\/td><td>6,4<\/td><td>9,6<\/td><td>12,8<\/td><td><\/td><td><\/td><\/tr><tr><td><strong>Fr\u00e9quence Hz<\/strong><\/td><td>50<\/td><td>50<\/td><td>50<\/td><td><\/td><td><\/td><\/tr><tr><td><strong>IP<\/strong><\/td><td>54<\/td><td>54<\/td><td>54<\/td><td><\/td><td><\/td><\/tr><\/tbody><tfoot><tr><td><\/td><td><\/td><td><\/td><td><\/td><td><\/td><td><\/td><\/tr><\/tfoot><\/table><figcaption class=\"wp-element-caption\">(*) La hauteur possible de la porte d\u00e9pend de sa largeur.<br\/>(**) Rideau d&#8217;air horizontal = <strong>OL<\/strong> et rideau d&#8217;air double = <strong>DS<\/strong><\/figcaption><\/figure>\n","protected":false},"excerpt":{"rendered":"Faites l&#8217;exp\u00e9rience d&#8217;une technologie et d&#8217;un style sophistiqu\u00e9s avec Ellipsen, un rideau d&#8217;air qui se distingue non seulement par son design exclusif, mais qui impressionne \u00e9galement par ses performances fantastiques.","protected":false},"featured_media":16198,"menu_order":0,"template":"","meta":{"_acf_changed":false,"_seopress_robots_primary_cat":"none","_seopress_titles_title":"ELLIPS 380 : Rideau d'air \u00e9l\u00e9gant et performant","_seopress_titles_desc":"Faites-vous remarquer avec le rideau d'air ELLIPS 380, une solution haute performance qui offre \u00e0 la fois efficacit\u00e9 et esth\u00e9tique \u00e0 votre entr\u00e9e.","_seopress_robots_index":"","_relevanssi_hide_post":"","_relevanssi_hide_content":"","_relevanssi_pin_for_all":"","_relevanssi_pin_keywords":"","_relevanssi_unpin_keywords":"","_relevanssi_related_keywords":"","_relevanssi_related_include_ids":"","_relevanssi_related_exclude_ids":"","_relevanssi_related_no_append":"","_relevanssi_related_not_related":"","_relevanssi_related_posts":"16242,16281,16298,16232,16339,16328","_relevanssi_noindex_reason":"","footnotes":""},"product_category":[221],"class_list":["post-16180","product","type-product","status-publish","has-post-thumbnail","hentry","product_category-entrees"],"acf":[],"_links":{"self":[{"href":"https:\/\/www.masterveil-eu.com\/fr\/wp-json\/wp\/v2\/product\/16180","targetHints":{"allow":["GET"]}}],"collection":[{"href":"https:\/\/www.masterveil-eu.com\/fr\/wp-json\/wp\/v2\/product"}],"about":[{"href":"https:\/\/www.masterveil-eu.com\/fr\/wp-json\/wp\/v2\/types\/product"}],"version-history":[{"count":5,"href":"https:\/\/www.masterveil-eu.com\/fr\/wp-json\/wp\/v2\/product\/16180\/revisions"}],"predecessor-version":[{"id":37030,"href":"https:\/\/www.masterveil-eu.com\/fr\/wp-json\/wp\/v2\/product\/16180\/revisions\/37030"}],"wp:featuredmedia":[{"embeddable":true,"href":"https:\/\/www.masterveil-eu.com\/fr\/wp-json\/wp\/v2\/media\/16198"}],"wp:attachment":[{"href":"https:\/\/www.masterveil-eu.com\/fr\/wp-json\/wp\/v2\/media?parent=16180"}],"wp:term":[{"taxonomy":"product_category","embeddable":true,"href":"https:\/\/www.masterveil-eu.com\/fr\/wp-json\/wp\/v2\/product_category?post=16180"}],"curies":[{"name":"wp","href":"https:\/\/api.w.org\/{rel}","templated":true}]}}