{"id":16417,"date":"2024-03-05T12:46:11","date_gmt":"2024-03-05T10:46:11","guid":{"rendered":"https:\/\/www.masterveil-eu.com\/air-curtains\/powerstream-dsb-comfort\/"},"modified":"2026-01-21T12:35:16","modified_gmt":"2026-01-21T10:35:16","slug":"powerstream-dsb-comfort","status":"publish","type":"product","link":"https:\/\/www.masterveil-eu.com\/fr\/rideaux-dair\/powerstream-dsb-comfort\/","title":{"rendered":"POWERSTREAM DSB COMFORT"},"content":{"rendered":"<h2 class='g-block g-heading'>Informations sur le produit<\/h2>\n\n<h3 class='g-block g-heading'>Caract\u00e9ristiques principales<\/h3>\n\n\n<ul class=\"wp-block-list\">\n<li>Sp\u00e9cialement con\u00e7u pour \u00eatre utilis\u00e9 au niveau des portes entre les grands cong\u00e9lateurs en combinaison avec les chambres d&#8217;entr\u00e9e \u00e0 temp\u00e9rature contr\u00f4l\u00e9e.<\/li>\n\n\n\n<li>Efficacit\u00e9 maximale et faible consommation d&#8217;\u00e9nergie.<\/li>\n\n\n\n<li>Conception sur mesure et modulaire.<\/li>\n\n\n\n<li>\u00c9galement disponible en acier inoxydable hygi\u00e9nique.<\/li>\n<\/ul>\n\n\n<h3 class='g-block g-heading'>Powerstream\u00ae<\/h3>\n\n\n<p>Gr\u00e2ce \u00e0 la s\u00e9paration brevet\u00e9e des fonctions de s\u00e9paration et d&#8217;isolation du jet d&#8217;air, les besoins en \u00e9nergie sont r\u00e9duits au minimum. En standard, ce syst\u00e8me de base est install\u00e9 du c\u00f4t\u00e9 du cong\u00e9lateur. Contrairement \u00e0 l&#8217;approche typique de Masterveil, la longueur sur mesure est obtenue en combinant des modules standard. Les modules de soufflage sont plac\u00e9s \u00e0 gauche et \u00e0 droite de la porte. Selon les besoins, la couche d&#8217;air isol\u00e9e est conditionn\u00e9e par une batterie de chauffage \u00e9lectrique, une batterie au glycol ou un d\u00e9shumidificateur actif. <strong>Powerstream DSB comfort<\/strong> est install\u00e9 du c\u00f4t\u00e9 chaud et adapt\u00e9 avec une ligne d&#8217;isolation ML1350.<\/p>\n\n\n<h4 class='g-block g-heading'>Plus d&#039;informations<\/h4>\n\n\n<ul class=\"wp-block-list\">\n<li>L&#8217;ensemble du syst\u00e8me est contr\u00f4l\u00e9 par un panneau de commande et peut \u00eatre connect\u00e9 directement au syst\u00e8me de gestion du b\u00e2timent.<\/li>\n\n\n\n<li>Les ventilateurs sont bas\u00e9s sur la technologie EC, conform\u00e9ment aux derni\u00e8res r\u00e9glementations ErP.<\/li>\n\n\n\n<li>Ils ont un point de fonctionnement r\u00e9glable, de sorte qu&#8217;un point z\u00e9ro est d\u00e9montr\u00e9 dans chaque cas comme preuve du bon fonctionnement et du d\u00e9pistage.<\/li>\n\n\n\n<li>Les embouts sp\u00e9cialement con\u00e7us ont une surface tr\u00e8s lisse pour \u00e9viter les moindres turbulences dans le jet d&#8217;air.<\/li>\n<\/ul>\n","protected":false},"excerpt":{"rendered":"Ce syst\u00e8me unique de rideau d&#8217;air \u00e0 haute pression a \u00e9t\u00e9 sp\u00e9cialement d\u00e9velopp\u00e9 pour les portes entre les grands cong\u00e9lateurs combin\u00e9s avec les grandes salles avant climatis\u00e9es.","protected":false},"featured_media":16424,"menu_order":0,"template":"","meta":{"_acf_changed":false,"_seopress_robots_primary_cat":"none","_seopress_titles_title":"Powerstream DSB Comfort : Rideau d'air efficace pour le cong\u00e9lateur","_seopress_titles_desc":"Powerstream DSB Comfort : Le rideau d'air \u00e9conome en \u00e9nergie pour les cong\u00e9lateurs. Maximisez l'efficacit\u00e9, maintenez les temp\u00e9ratures et r\u00e9duisez les co\u00fbts.","_seopress_robots_index":"","_relevanssi_hide_post":"","_relevanssi_hide_content":"","_relevanssi_pin_for_all":"","_relevanssi_pin_keywords":"","_relevanssi_unpin_keywords":"","_relevanssi_related_keywords":"","_relevanssi_related_include_ids":"","_relevanssi_related_exclude_ids":"","_relevanssi_related_no_append":"","_relevanssi_related_not_related":"","_relevanssi_related_posts":"","_relevanssi_noindex_reason":"","footnotes":""},"product_category":[229],"class_list":["post-16417","product","type-product","status-publish","has-post-thumbnail","hentry","product_category-locaux-de-congelation"],"acf":[],"_links":{"self":[{"href":"https:\/\/www.masterveil-eu.com\/fr\/wp-json\/wp\/v2\/product\/16417","targetHints":{"allow":["GET"]}}],"collection":[{"href":"https:\/\/www.masterveil-eu.com\/fr\/wp-json\/wp\/v2\/product"}],"about":[{"href":"https:\/\/www.masterveil-eu.com\/fr\/wp-json\/wp\/v2\/types\/product"}],"version-history":[{"count":5,"href":"https:\/\/www.masterveil-eu.com\/fr\/wp-json\/wp\/v2\/product\/16417\/revisions"}],"predecessor-version":[{"id":51836,"href":"https:\/\/www.masterveil-eu.com\/fr\/wp-json\/wp\/v2\/product\/16417\/revisions\/51836"}],"wp:featuredmedia":[{"embeddable":true,"href":"https:\/\/www.masterveil-eu.com\/fr\/wp-json\/wp\/v2\/media\/16424"}],"wp:attachment":[{"href":"https:\/\/www.masterveil-eu.com\/fr\/wp-json\/wp\/v2\/media?parent=16417"}],"wp:term":[{"taxonomy":"product_category","embeddable":true,"href":"https:\/\/www.masterveil-eu.com\/fr\/wp-json\/wp\/v2\/product_category?post=16417"}],"curies":[{"name":"wp","href":"https:\/\/api.w.org\/{rel}","templated":true}]}}