{"id":16430,"date":"2024-02-23T14:35:52","date_gmt":"2024-02-23T12:35:52","guid":{"rendered":"https:\/\/www.masterveil-eu.com\/air-curtains\/ac-1000-chambres-froides\/"},"modified":"2024-11-28T15:28:26","modified_gmt":"2024-11-28T13:28:26","slug":"ac-1000-chambres-froides","status":"publish","type":"product","link":"https:\/\/www.masterveil-eu.com\/fr\/rideaux-dair\/ac-1000-chambres-froides\/","title":{"rendered":"AC 1000 &#8211; Chambres froides"},"content":{"rendered":"<h2 class='g-block g-heading'>Informations sur le produit<\/h2>\n\n<h3 class='g-block g-heading'>Caract\u00e9ristiques principales<\/h3>\n\n\n<ul class=\"wp-block-list\">\n<li>D\u00e9velopp\u00e9 pour les chambres froides et les zones r\u00e9frig\u00e9r\u00e9es des magasins.<\/li>\n\n\n\n<li>Applications polyvalentes.<\/li>\n\n\n\n<li>Haute efficacit\u00e9.<\/li>\n\n\n\n<li>Contr\u00f4le efficace de l&#8217;air gr\u00e2ce \u00e0 la technologie du jet de lame Airstop\u00ae.<\/li>\n\n\n\n<li>Plusieurs versions de mod\u00e8les.<\/li>\n\n\n\n<li>Convient pour des hauteurs de porte allant jusqu&#8217;\u00e0 environ 3,2 m\u00e8tres.<\/li>\n<\/ul>\n\n\n\n<p>Choisissez AC 1000 pour une technologie avanc\u00e9e de rideau d&#8217;air, assurant un contr\u00f4le climatique optimal et la protection de vos environnements froids. Contactez-nous pour des solutions sur mesure qui r\u00e9pondent \u00e0 vos besoins sp\u00e9cifiques. <\/p>\n\n\n<h3 class='g-block g-heading'>Donn\u00e9es techniques<\/h3>\n\n\n<figure class=\"wp-block-table\"><table><thead><tr><th><\/th><th><strong>AC 1000-1<\/strong>.14<\/th><th><strong>AC 1000-2<\/strong>.14<\/th><th><strong>\n  <strong>AC 1000<\/strong>\n<\/strong>-3.14<\/th><th><strong>\n  <strong>AC 1000<\/strong>\n<\/strong>-4.14<\/th><th><strong>AC 1000-5<\/strong>.14<\/th><th><strong>\n  <strong>AC 1000<\/strong>\n<\/strong>-6.14<\/th><\/tr><\/thead><tbody><tr><td><strong><strong>Type d&#8217;installation<\/strong><\/strong><\/td><td>Horizontal<\/td><td>Horizontal<\/td><td>Horizontal<\/td><td>Horizontal<\/td><td>Horizontal<\/td><td>Horizontal<\/td><\/tr><tr><td><strong><strong>Hauteur maximale de la porte<\/strong><\/strong> (*)<\/td><td>3,2 m\u00e8tres<\/td><td>3,2 m\u00e8tres<\/td><td>3,2 m\u00e8tres<\/td><td>3,2 m\u00e8tres<\/td><td>3,2 m\u00e8tres<\/td><td>3,2 m\u00e8tres<\/td><\/tr><tr><td><strong><strong>Couleur standard<\/strong><\/strong><\/td><td>RAL 9010<\/td><td>RAL 9010<\/td><td>RAL 9010<\/td><td>RAL 9010<\/td><td>RAL 9010<\/td><td>RAL 9010<\/td><\/tr><tr><td><strong>Longueur<\/strong> du rideau d&#8217;air OL (**)<\/td><td>Largeur de la porte + env. 100mm<\/td><td>Largeur de la porte + env. 100mm<\/td><td>Largeur de la porte + env. 100mm<\/td><td>Largeur de la porte + env. 100mm<\/td><td>Largeur de la porte + env. 100mm<\/td><td>Largeur de la porte + env. 100mm<\/td><\/tr><tr><td><strong>Longueur<\/strong> (\u00e0 partir de)<\/td><td>900mm &#8211;<\/td><td>1100mm &#8211;<\/td><td>1700mm &#8211;<\/td><td>2200mm &#8211;<\/td><td>2700mm &#8211;<\/td><td>3300mm &#8211;<\/td><\/tr><tr><td><strong><strong>Hauteur<\/strong> <\/strong><\/td><td>260mm<\/td><td>260mm<\/td><td>260mm<\/td><td>260mm<\/td><td>260mm<\/td><td>260mm<\/td><\/tr><tr><td><strong><strong>Profondeur<\/strong> <\/strong><\/td><td>340mm<\/td><td>340mm<\/td><td>340mm<\/td><td>340mm<\/td><td>340mm<\/td><td>340mm<\/td><\/tr><tr><td><strong><strong>D\u00e9bit d&#8217;air<\/strong><\/strong><\/td><td>650 m\u00b3\/h<\/td><td>1300 m\u00b3\/h<\/td><td>1950 m\u00b3\/h<\/td><td>2500 m\u00b3\/h<\/td><td>3000 m\u00b3\/h<\/td><td>3600 m\u00b3\/h<\/td><\/tr><tr><td><strong>Embout<\/strong><\/td><td>Airstop<\/td><td>Airstop<\/td><td>Airstop<\/td><td>Airstop<\/td><td>Airstop<\/td><td>Airstop<\/td><\/tr><tr><td><strong><strong>Tension V<\/strong><\/strong><\/td><td>230<\/td><td>230<\/td><td>230<\/td><td>230<\/td><td>230<\/td><td>230<\/td><\/tr><tr><td><strong><strong>Puissance du moteur kW<\/strong><\/strong><\/td><td>0,146<\/td><td>0,292<\/td><td>0,438<\/td><td>0,584<\/td><td>0,730<\/td><td>0,876<\/td><\/tr><tr><td><strong><strong>Courant du moteur A<\/strong><\/strong><\/td><td>1,14<\/td><td>2,28<\/td><td>3,42<\/td><td>4,56<\/td><td>5,7<\/td><td>6,84<\/td><\/tr><tr><td><strong><strong>Fr\u00e9quence Hz<\/strong><\/strong><\/td><td>50<\/td><td>50<\/td><td>50<\/td><td>50<\/td><td>50<\/td><td>50<\/td><\/tr><tr><td><strong>IP<\/strong><\/td><td>4X<\/td><td>4X<\/td><td>4X<\/td><td>4X<\/td><td>4X<\/td><td>4X<\/td><\/tr><\/tbody><tfoot><tr><td><\/td><td><\/td><td><\/td><td><\/td><td><\/td><td><\/td><td><\/td><\/tr><\/tfoot><\/table><figcaption class=\"wp-element-caption\">(*) La hauteur possible de la porte d\u00e9pend de sa largeur.<br>(**) Rideau d&#8217;air horizontal = <strong>OL<\/strong> et Rideau d&#8217;air double debout = <strong>DD<br><\/strong><\/figcaption><\/figure>\n","protected":false},"excerpt":{"rendered":"D\u00e9couvrez une technologie de pointe avec l&#8217;AC 1000, un rideau d&#8217;air compact sp\u00e9cialement con\u00e7u pour les chambres froides et les zones r\u00e9frig\u00e9r\u00e9es des magasins.","protected":false},"featured_media":16445,"menu_order":0,"template":"","meta":{"_acf_changed":false,"_seopress_robots_primary_cat":"none","_seopress_titles_title":"Rideau d'air AC 1000 pour chambres froides %%sep%% Masterveil","_seopress_titles_desc":"Masterveil AC 1000, un rideau d'air compact sp\u00e9cialement con\u00e7u pour les chambres froides et les zones r\u00e9frig\u00e9r\u00e9es des magasins.","_seopress_robots_index":"","_relevanssi_hide_post":"","_relevanssi_hide_content":"","_relevanssi_pin_for_all":"","_relevanssi_pin_keywords":"","_relevanssi_unpin_keywords":"","_relevanssi_related_keywords":"","_relevanssi_related_include_ids":"","_relevanssi_related_exclude_ids":"","_relevanssi_related_no_append":"","_relevanssi_related_not_related":"","_relevanssi_related_posts":"","_relevanssi_noindex_reason":"","footnotes":""},"product_category":[225,231],"class_list":["post-16430","product","type-product","status-publish","has-post-thumbnail","hentry","product_category-ac-1000-fr","product_category-chambres-froides"],"acf":[],"_links":{"self":[{"href":"https:\/\/www.masterveil-eu.com\/fr\/wp-json\/wp\/v2\/product\/16430","targetHints":{"allow":["GET"]}}],"collection":[{"href":"https:\/\/www.masterveil-eu.com\/fr\/wp-json\/wp\/v2\/product"}],"about":[{"href":"https:\/\/www.masterveil-eu.com\/fr\/wp-json\/wp\/v2\/types\/product"}],"version-history":[{"count":5,"href":"https:\/\/www.masterveil-eu.com\/fr\/wp-json\/wp\/v2\/product\/16430\/revisions"}],"predecessor-version":[{"id":31358,"href":"https:\/\/www.masterveil-eu.com\/fr\/wp-json\/wp\/v2\/product\/16430\/revisions\/31358"}],"wp:featuredmedia":[{"embeddable":true,"href":"https:\/\/www.masterveil-eu.com\/fr\/wp-json\/wp\/v2\/media\/16445"}],"wp:attachment":[{"href":"https:\/\/www.masterveil-eu.com\/fr\/wp-json\/wp\/v2\/media?parent=16430"}],"wp:term":[{"taxonomy":"product_category","embeddable":true,"href":"https:\/\/www.masterveil-eu.com\/fr\/wp-json\/wp\/v2\/product_category?post=16430"}],"curies":[{"name":"wp","href":"https:\/\/api.w.org\/{rel}","templated":true}]}}