{"id":11270,"date":"2024-03-05T14:49:05","date_gmt":"2024-03-05T12:49:05","guid":{"rendered":"https:\/\/www.masterveil-eu.com\/luchtgordijn-categorieen\/"},"modified":"2026-02-05T11:57:35","modified_gmt":"2026-02-05T09:57:35","slug":"luchtgordijn-categorieen","status":"publish","type":"page","link":"https:\/\/www.masterveil-eu.com\/nl\/luchtgordijn-categorieen\/","title":{"rendered":"Luchtgordijn categorie\u00ebn"},"content":{"rendered":"\t<div class=\"g-block g-product\">\n\t\t<div class=\"g-s-p-related-product__container\">\n\t\t\t<div class=\"g-product-card\"><a href=\"https:\/\/www.masterveil-eu.com\/nl\/luchtgordijn-categorie\u00ebn\/logistiek-industriele-deuren-luchtgordijnen\/\"><div class=\"g-product-card__image g-product-card-image\"><img loading=\"lazy\" decoding=\"async\" class=\"g-image\" src=\"https:\/\/www.masterveil-eu.com\/app\/uploads\/2024\/03\/masterveil-as-k-terminal-air-curtain-fan-box-1-1366x1001.jpg\" srcset=\"https:\/\/www.masterveil-eu.com\/app\/uploads\/2024\/03\/masterveil-as-k-terminal-air-curtain-fan-box-1-1366x1001.jpg 1366w, https:\/\/www.masterveil-eu.com\/app\/uploads\/2024\/03\/masterveil-as-k-terminal-air-curtain-fan-box-1-683x501.jpg 683w, https:\/\/www.masterveil-eu.com\/app\/uploads\/2024\/03\/masterveil-as-k-terminal-air-curtain-fan-box-1-768x563.jpg 768w, https:\/\/www.masterveil-eu.com\/app\/uploads\/2024\/03\/masterveil-as-k-terminal-air-curtain-fan-box-1-1536x1126.jpg 1536w, https:\/\/www.masterveil-eu.com\/app\/uploads\/2024\/03\/masterveil-as-k-terminal-air-curtain-fan-box-1-910x667.jpg 910w, https:\/\/www.masterveil-eu.com\/app\/uploads\/2024\/03\/masterveil-as-k-terminal-air-curtain-fan-box-1-455x334.jpg 455w, https:\/\/www.masterveil-eu.com\/app\/uploads\/2024\/03\/masterveil-as-k-terminal-air-curtain-fan-box-1-300x220.jpg 300w, https:\/\/www.masterveil-eu.com\/app\/uploads\/2024\/03\/masterveil-as-k-terminal-air-curtain-fan-box-1.jpg 1858w\" sizes=\"auto, (max-width: 1366px) 100vw, 1366px\" width=\"1366\" height=\"1001\" alt=\"Air curtains, aircurtains, air curtain, aircurtain, luchtgordijn, luchtdeur, luchtwand, luchtmes, rideau d'air, Luftschleier, luftrid&aring;er\" style=\"object-position: center center\">\n<\/div><\/a><div class=\"g-product-card__content\"><h3>Air curtains for logistics &amp; industrial doors<\/h3><p>Effective air curtains for Logistics and Industrial doors<\/p><a class=\"g-button g-button--blank g-button--small\" href=\"https:\/\/www.masterveil-eu.com\/nl\/luchtgordijn-categorie\u00ebn\/logistiek-industriele-deuren-luchtgordijnen\/\">Meer lezen<\/a><\/div><\/div><div class=\"g-product-card\"><a href=\"https:\/\/www.masterveil-eu.com\/nl\/luchtgordijn-categorie\u00ebn\/koude-ruimtes\/\"><div class=\"g-product-card__image g-product-card-image\"><img loading=\"lazy\" decoding=\"async\" class=\"g-image\" src=\"https:\/\/www.masterveil-eu.com\/app\/uploads\/2024\/04\/masterveil-ac-1000-air-curtain-over-the-door-to-fruit-and-vegetable-room-1366x911.jpg\" srcset=\"https:\/\/www.masterveil-eu.com\/app\/uploads\/2024\/04\/masterveil-ac-1000-air-curtain-over-the-door-to-fruit-and-vegetable-room-1366x911.jpg 1366w, https:\/\/www.masterveil-eu.com\/app\/uploads\/2024\/04\/masterveil-ac-1000-air-curtain-over-the-door-to-fruit-and-vegetable-room-683x455.jpg 683w, https:\/\/www.masterveil-eu.com\/app\/uploads\/2024\/04\/masterveil-ac-1000-air-curtain-over-the-door-to-fruit-and-vegetable-room-768x512.jpg 768w, https:\/\/www.masterveil-eu.com\/app\/uploads\/2024\/04\/masterveil-ac-1000-air-curtain-over-the-door-to-fruit-and-vegetable-room-1536x1024.jpg 1536w, https:\/\/www.masterveil-eu.com\/app\/uploads\/2024\/04\/masterveil-ac-1000-air-curtain-over-the-door-to-fruit-and-vegetable-room-910x607.jpg 910w, https:\/\/www.masterveil-eu.com\/app\/uploads\/2024\/04\/masterveil-ac-1000-air-curtain-over-the-door-to-fruit-and-vegetable-room-455x303.jpg 455w, https:\/\/www.masterveil-eu.com\/app\/uploads\/2024\/04\/masterveil-ac-1000-air-curtain-over-the-door-to-fruit-and-vegetable-room-300x200.jpg 300w, https:\/\/www.masterveil-eu.com\/app\/uploads\/2024\/04\/masterveil-ac-1000-air-curtain-over-the-door-to-fruit-and-vegetable-room.jpg 1920w\" sizes=\"auto, (max-width: 1366px) 100vw, 1366px\" width=\"1366\" height=\"911\" alt=\"air curtains, aircurtains, air curtain, aircurtain, luchtgordijn, luchtdeur, luchtwand, luchtmes, rideau d'air, Luftschleier, luftrid&aring;er\" style=\"object-position: center center\">\n<\/div><\/a><div class=\"g-product-card__content\"><h3>Air curtains for cold rooms<\/h3><p>Ensure Effective Temperature Regulation with Masterveil air curtains for Cold rooms and other cold zones<\/p><a class=\"g-button g-button--blank g-button--small\" href=\"https:\/\/www.masterveil-eu.com\/nl\/luchtgordijn-categorie\u00ebn\/koude-ruimtes\/\">Meer lezen<\/a><\/div><\/div><div class=\"g-product-card\"><a href=\"https:\/\/www.masterveil-eu.com\/nl\/luchtgordijn-categorie\u00ebn\/diepvriesruimtes-luchtgordijnen\/\"><div class=\"g-product-card__image g-product-card-image\"><img loading=\"lazy\" decoding=\"async\" class=\"g-image\" src=\"https:\/\/www.masterveil-eu.com\/app\/uploads\/2024\/06\/masterveil-powerstream-air-curtain-at-freezer-room-1366x1821.jpg\" srcset=\"https:\/\/www.masterveil-eu.com\/app\/uploads\/2024\/06\/masterveil-powerstream-air-curtain-at-freezer-room-1366x1821.jpg 1366w, https:\/\/www.masterveil-eu.com\/app\/uploads\/2024\/06\/masterveil-powerstream-air-curtain-at-freezer-room-512x683.jpg 512w, https:\/\/www.masterveil-eu.com\/app\/uploads\/2024\/06\/masterveil-powerstream-air-curtain-at-freezer-room-1025x1366.jpg 1025w, https:\/\/www.masterveil-eu.com\/app\/uploads\/2024\/06\/masterveil-powerstream-air-curtain-at-freezer-room-768x1024.jpg 768w, https:\/\/www.masterveil-eu.com\/app\/uploads\/2024\/06\/masterveil-powerstream-air-curtain-at-freezer-room-1152x1536.jpg 1152w, https:\/\/www.masterveil-eu.com\/app\/uploads\/2024\/06\/masterveil-powerstream-air-curtain-at-freezer-room-1536x2048.jpg 1536w, https:\/\/www.masterveil-eu.com\/app\/uploads\/2024\/06\/masterveil-powerstream-air-curtain-at-freezer-room-1920x2560.jpg 1920w, https:\/\/www.masterveil-eu.com\/app\/uploads\/2024\/06\/masterveil-powerstream-air-curtain-at-freezer-room-910x1213.jpg 910w, https:\/\/www.masterveil-eu.com\/app\/uploads\/2024\/06\/masterveil-powerstream-air-curtain-at-freezer-room-683x911.jpg 683w, https:\/\/www.masterveil-eu.com\/app\/uploads\/2024\/06\/masterveil-powerstream-air-curtain-at-freezer-room-455x607.jpg 455w, https:\/\/www.masterveil-eu.com\/app\/uploads\/2024\/06\/masterveil-powerstream-air-curtain-at-freezer-room-225x300.jpg 225w\" sizes=\"auto, (max-width: 1366px) 100vw, 1366px\" width=\"1366\" height=\"1821\" alt=\"air curtains, aircurtains, air curtain, aircurtain, luchtgordijn, luchtdeur, luchtwand, rideau d'air, Luftschleier, luftrid&aring;er\" style=\"object-position: center center\">\n<\/div><\/a><div class=\"g-product-card__content\"><h3>Air curtains for freezer rooms<\/h3><p>Ensuring reliable temperature control in freezer rooms is a strategic safeguard for your business. <\/p><a class=\"g-button g-button--blank g-button--small\" href=\"https:\/\/www.masterveil-eu.com\/nl\/luchtgordijn-categorie\u00ebn\/diepvriesruimtes-luchtgordijnen\/\">Meer lezen<\/a><\/div><\/div><div class=\"g-product-card\"><a href=\"https:\/\/www.masterveil-eu.com\/nl\/luchtgordijn-categorie\u00ebn\/grote-industriele-deuren-luchtgordijnen\/\"><div class=\"g-product-card__image g-product-card-image\"><img loading=\"lazy\" decoding=\"async\" class=\"g-image\" src=\"https:\/\/www.masterveil-eu.com\/app\/uploads\/2024\/08\/masterveil-airstop-horizontal-air-curtain-large-industrial-door-1366x1366.jpg\" srcset=\"https:\/\/www.masterveil-eu.com\/app\/uploads\/2024\/08\/masterveil-airstop-horizontal-air-curtain-large-industrial-door-1366x1366.jpg 1366w, https:\/\/www.masterveil-eu.com\/app\/uploads\/2024\/08\/masterveil-airstop-horizontal-air-curtain-large-industrial-door-683x683.jpg 683w, https:\/\/www.masterveil-eu.com\/app\/uploads\/2024\/08\/masterveil-airstop-horizontal-air-curtain-large-industrial-door-150x150.jpg 150w, https:\/\/www.masterveil-eu.com\/app\/uploads\/2024\/08\/masterveil-airstop-horizontal-air-curtain-large-industrial-door-768x768.jpg 768w, https:\/\/www.masterveil-eu.com\/app\/uploads\/2024\/08\/masterveil-airstop-horizontal-air-curtain-large-industrial-door-1536x1536.jpg 1536w, https:\/\/www.masterveil-eu.com\/app\/uploads\/2024\/08\/masterveil-airstop-horizontal-air-curtain-large-industrial-door-910x910.jpg 910w, https:\/\/www.masterveil-eu.com\/app\/uploads\/2024\/08\/masterveil-airstop-horizontal-air-curtain-large-industrial-door-455x455.jpg 455w, https:\/\/www.masterveil-eu.com\/app\/uploads\/2024\/08\/masterveil-airstop-horizontal-air-curtain-large-industrial-door-300x300.jpg 300w, https:\/\/www.masterveil-eu.com\/app\/uploads\/2024\/08\/masterveil-airstop-horizontal-air-curtain-large-industrial-door-512x512.jpg 512w, https:\/\/www.masterveil-eu.com\/app\/uploads\/2024\/08\/masterveil-airstop-horizontal-air-curtain-large-industrial-door.jpg 1817w\" sizes=\"auto, (max-width: 1366px) 100vw, 1366px\" width=\"1366\" height=\"1366\" alt=\"air curtains, aircurtains, air curtain, aircurtain, luchtgordijn, luchtdeur, luchtwand, rideau d'air, Luftschleier, luftrid&aring;er\" style=\"object-position: center center\">\n<\/div><\/a><div class=\"g-product-card__content\"><h3>Air curtains for large industrial doors<\/h3><p>Powerful air curtains tailor-made for Large Industrial doors<\/p><a class=\"g-button g-button--blank g-button--small\" href=\"https:\/\/www.masterveil-eu.com\/nl\/luchtgordijn-categorie\u00ebn\/grote-industriele-deuren-luchtgordijnen\/\">Meer lezen<\/a><\/div><\/div><div class=\"g-product-card\"><a href=\"https:\/\/www.masterveil-eu.com\/nl\/luchtgordijn-categorie\u00ebn\/ingangen\/\"><div class=\"g-product-card__image g-product-card-image\"><img loading=\"lazy\" decoding=\"async\" class=\"g-image\" src=\"https:\/\/www.masterveil-eu.com\/app\/uploads\/2024\/06\/masterveil-compact-400-air-curtain-at-shopping-center-at-revolving-door-1366x1821.jpg\" srcset=\"https:\/\/www.masterveil-eu.com\/app\/uploads\/2024\/06\/masterveil-compact-400-air-curtain-at-shopping-center-at-revolving-door-1366x1821.jpg 1366w, https:\/\/www.masterveil-eu.com\/app\/uploads\/2024\/06\/masterveil-compact-400-air-curtain-at-shopping-center-at-revolving-door-512x683.jpg 512w, https:\/\/www.masterveil-eu.com\/app\/uploads\/2024\/06\/masterveil-compact-400-air-curtain-at-shopping-center-at-revolving-door-1025x1366.jpg 1025w, https:\/\/www.masterveil-eu.com\/app\/uploads\/2024\/06\/masterveil-compact-400-air-curtain-at-shopping-center-at-revolving-door-768x1024.jpg 768w, https:\/\/www.masterveil-eu.com\/app\/uploads\/2024\/06\/masterveil-compact-400-air-curtain-at-shopping-center-at-revolving-door-1152x1536.jpg 1152w, https:\/\/www.masterveil-eu.com\/app\/uploads\/2024\/06\/masterveil-compact-400-air-curtain-at-shopping-center-at-revolving-door-1536x2048.jpg 1536w, https:\/\/www.masterveil-eu.com\/app\/uploads\/2024\/06\/masterveil-compact-400-air-curtain-at-shopping-center-at-revolving-door-1920x2560.jpg 1920w, https:\/\/www.masterveil-eu.com\/app\/uploads\/2024\/06\/masterveil-compact-400-air-curtain-at-shopping-center-at-revolving-door-910x1213.jpg 910w, https:\/\/www.masterveil-eu.com\/app\/uploads\/2024\/06\/masterveil-compact-400-air-curtain-at-shopping-center-at-revolving-door-683x911.jpg 683w, https:\/\/www.masterveil-eu.com\/app\/uploads\/2024\/06\/masterveil-compact-400-air-curtain-at-shopping-center-at-revolving-door-455x607.jpg 455w, https:\/\/www.masterveil-eu.com\/app\/uploads\/2024\/06\/masterveil-compact-400-air-curtain-at-shopping-center-at-revolving-door-225x300.jpg 225w\" sizes=\"auto, (max-width: 1366px) 100vw, 1366px\" width=\"1366\" height=\"1821\" alt=\"Masterveil Compact 400 Air curtain at Shopping center at revolving door\" style=\"object-position: center center\">\n<\/div><\/a><div class=\"g-product-card__content\"><h3>Air curtains for entrances<\/h3><p>Elevate your property&#039;s aesthetic with top-tier air curtains for entrance doors, designed to impart an exceptional appearance tailored to your specific needs<\/p><a class=\"g-button g-button--blank g-button--small\" href=\"https:\/\/www.masterveil-eu.com\/nl\/luchtgordijn-categorie\u00ebn\/ingangen\/\">Meer lezen<\/a><\/div><\/div><div class=\"g-product-card\"><a href=\"https:\/\/www.masterveil-eu.com\/nl\/luchtgordijn-categorie\u00ebn\/vrachtwagenluchtgordijnen\/\"><div class=\"g-product-card__image g-product-card-image\"><img decoding=\"async\" class=\"g-image\" src=\"https:\/\/www.masterveil-eu.com\/app\/uploads\/2024\/03\/masterveil-mvp-s-air-curtain-at-a-truck.jpg\" srcset=\"https:\/\/www.masterveil-eu.com\/app\/uploads\/2024\/03\/masterveil-mvp-s-air-curtain-at-a-truck.jpg 800w, https:\/\/www.masterveil-eu.com\/app\/uploads\/2024\/03\/masterveil-mvp-s-air-curtain-at-a-truck-683x410.jpg 683w, https:\/\/www.masterveil-eu.com\/app\/uploads\/2024\/03\/masterveil-mvp-s-air-curtain-at-a-truck-768x461.jpg 768w, https:\/\/www.masterveil-eu.com\/app\/uploads\/2024\/03\/masterveil-mvp-s-air-curtain-at-a-truck-455x273.jpg 455w, https:\/\/www.masterveil-eu.com\/app\/uploads\/2024\/03\/masterveil-mvp-s-air-curtain-at-a-truck-300x180.jpg 300w\" sizes=\"(max-width: 800px) 100vw, 800px\" alt=\"Air curtains, aircurtains, air curtain, aircurtain, luchtgordijn, luchtdeur, luchtwand, luchtmes, rideau d'air, Luftschleier, luftrid&aring;er\" style=\"object-position: center center\">\n<\/div><\/a><div class=\"g-product-card__content\"><h3>Truck air curtains<\/h3><p>Effective air curtains for Refrigerated Truck Transport.<\/p><a class=\"g-button g-button--blank g-button--small\" href=\"https:\/\/www.masterveil-eu.com\/nl\/luchtgordijn-categorie\u00ebn\/vrachtwagenluchtgordijnen\/\">Meer lezen<\/a><\/div><\/div>\t\t<\/div>\n\t<\/div>\n\t","protected":false},"excerpt":{"rendered":"","protected":false},"author":1,"featured_media":0,"parent":0,"menu_order":0,"comment_status":"closed","ping_status":"closed","template":"","meta":{"_acf_changed":false,"_seopress_robots_primary_cat":"","_seopress_titles_title":"Masterveil Luchtgordijn Categorie\u00ebn: Ontdek nu ons assortiment","_seopress_titles_desc":"Ontdek Masterveil's diverse luchtgordijncategorie\u00ebn voor elke behoefte. Ontdek oplossingen van hoge kwaliteit, ontworpen voor optimaal comfort en effici\u00ebntie. ","_seopress_robots_index":"","_relevanssi_hide_post":"","_relevanssi_hide_content":"","_relevanssi_pin_for_all":"","_relevanssi_pin_keywords":"","_relevanssi_unpin_keywords":"","_relevanssi_related_keywords":"","_relevanssi_related_include_ids":"","_relevanssi_related_exclude_ids":"","_relevanssi_related_no_append":"","_relevanssi_related_not_related":"","_relevanssi_related_posts":"","_relevanssi_noindex_reason":"","footnotes":""},"class_list":["post-11270","page","type-page","status-publish","hentry"],"acf":[],"_links":{"self":[{"href":"https:\/\/www.masterveil-eu.com\/nl\/wp-json\/wp\/v2\/pages\/11270","targetHints":{"allow":["GET"]}}],"collection":[{"href":"https:\/\/www.masterveil-eu.com\/nl\/wp-json\/wp\/v2\/pages"}],"about":[{"href":"https:\/\/www.masterveil-eu.com\/nl\/wp-json\/wp\/v2\/types\/page"}],"author":[{"embeddable":true,"href":"https:\/\/www.masterveil-eu.com\/nl\/wp-json\/wp\/v2\/users\/1"}],"replies":[{"embeddable":true,"href":"https:\/\/www.masterveil-eu.com\/nl\/wp-json\/wp\/v2\/comments?post=11270"}],"version-history":[{"count":5,"href":"https:\/\/www.masterveil-eu.com\/nl\/wp-json\/wp\/v2\/pages\/11270\/revisions"}],"predecessor-version":[{"id":54281,"href":"https:\/\/www.masterveil-eu.com\/nl\/wp-json\/wp\/v2\/pages\/11270\/revisions\/54281"}],"wp:attachment":[{"href":"https:\/\/www.masterveil-eu.com\/nl\/wp-json\/wp\/v2\/media?parent=11270"}],"curies":[{"name":"wp","href":"https:\/\/api.w.org\/{rel}","templated":true}]}}