{"id":11550,"date":"2024-03-05T14:09:24","date_gmt":"2024-03-05T12:09:24","guid":{"rendered":"https:\/\/www.masterveil-eu.com\/air-curtains\/powerstream-dsb-luchtsluis\/"},"modified":"2026-01-21T12:31:47","modified_gmt":"2026-01-21T10:31:47","slug":"powerstream-dsb-airlock","status":"publish","type":"product","link":"https:\/\/www.masterveil-eu.com\/nl\/luchtgordijnen\/powerstream-dsb-airlock\/","title":{"rendered":"POWERSTREAM DSB AIRLOCK"},"content":{"rendered":"<h2 class='g-block g-heading'>Productinformatie<\/h2>\n\n<h3 class='g-block g-heading'>Belangrijkste kenmerken<\/h3>\n\n\n<ul class=\"wp-block-list\">\n<li>Maximale effici\u00ebntie en laag energieverbruik zijn de sleutelwoorden die het systeem het beste omschrijven.<\/li>\n\n\n\n<li>Speciaal ontworpen voor logistieke vriesomgevingen met verwisselbare onderdelen om de kosten tot een absoluut minimum te beperken.<\/li>\n\n\n\n<li>Ook verkrijgbaar in hygi\u00ebnisch roestvrij staal<\/li>\n\n\n\n<li>Speciaal ontworpen voor verschillende soorten situaties en ruimtes met verschillende vochtigheidsniveaus.<\/li>\n<\/ul>\n\n\n<h3 class='g-block g-heading'>Powerstream\u00ae<\/h3>\n\n\n<p>Het Powerstream\u00ae-systeem bestaat uit een externe ventilator en twee verticale uitblaasmodules. Dit basissysteem wordt standaard ge\u00efnstalleerd aan de vrieskant. In tegenstelling tot de typische Masterveil-aanpak wordt de lengte op maat bereikt door standaardmodules te combineren. De uitblaasmodules bevinden zich links en rechts van de deur.<\/p>\n\n\n<h3 class='g-block g-heading'>Meer functies<\/h3>\n\n\n<ul class=\"wp-block-list\">\n<li>Afhankelijk van de vereisten wordt de isolatieluchtlaag geconditioneerd met een elektrische verwarmingsbatterij, een glycolbatterij of een actieve ontvochtiger.<\/li>\n\n\n\n<li>Dankzij de gepatenteerde functiescheiding in een scheidende en isolerende luchtstraal wordt de energiebehoefte tot een minimum beperkt.<\/li>\n\n\n\n<li>Het hele systeem wordt bestuurd via een schakelkast en kan rechtstreeks worden aangesloten op het gebouwbeheersysteem.<\/li>\n\n\n\n<li>De ventilatoren zijn gebaseerd op EC-technologie in overeenstemming met de nieuwste ErP-voorschriften.<\/li>\n\n\n\n<li>Ze hebben een instelbaar werkpunt, zodat in elk geval een nulpunt wordt aangetoond als bewijs van correcte werking en screening.<\/li>\n\n\n\n<li>De speciaal ontwikkelde nozzles hebben een zeer glad oppervlak om de kleinste turbulentie in de luchtstraal te voorkomen.<\/li>\n<\/ul>\n\n\n<h3 class='g-block g-heading'>Basissysteem uitgebreid met:<\/h3>\n\n\n<p>luchtsluissysteem aan de warme kant voor grote vochtbelastingen, grote temperatuurverschillen of om de effici\u00ebntie van het systeem met 15% te verhogen. Dit uitbreidingssysteem heeft hetzelfde ontwerp, maar slechts \u00e9\u00e9n extra afscheidende luchtstraal.<\/p>\n","protected":false},"excerpt":{"rendered":"Luchtsluissysteem aan de warme kant voor grote vochtbelastingen, grote temperatuurverschillen of om de effici\u00ebntie van het systeem met 15% te verhogen.  ","protected":false},"featured_media":11565,"menu_order":0,"template":"","meta":{"_acf_changed":false,"_seopress_robots_primary_cat":"none","_seopress_titles_title":"Powerstream DSB AIRLOCK: Zeer effici\u00ebnt luchtgordijn voor diepvriesdeuren","_seopress_titles_desc":"Powerstream DSB AIRLOCK, het luchtgordijn met de hoogste effici\u00ebntie en een laag energieverbruik, ontworpen voor vriesdeuren. Bespaar energie en behoud een optimale temperatuur.","_seopress_robots_index":"","_relevanssi_hide_post":"","_relevanssi_hide_content":"","_relevanssi_pin_for_all":"","_relevanssi_pin_keywords":"","_relevanssi_unpin_keywords":"","_relevanssi_related_keywords":"","_relevanssi_related_include_ids":"","_relevanssi_related_exclude_ids":"","_relevanssi_related_no_append":"","_relevanssi_related_not_related":"","_relevanssi_related_posts":"","_relevanssi_noindex_reason":"","footnotes":""},"product_category":[179],"class_list":["post-11550","product","type-product","status-publish","has-post-thumbnail","hentry","product_category-diepvriesruimtes-luchtgordijnen"],"acf":[],"_links":{"self":[{"href":"https:\/\/www.masterveil-eu.com\/nl\/wp-json\/wp\/v2\/product\/11550","targetHints":{"allow":["GET"]}}],"collection":[{"href":"https:\/\/www.masterveil-eu.com\/nl\/wp-json\/wp\/v2\/product"}],"about":[{"href":"https:\/\/www.masterveil-eu.com\/nl\/wp-json\/wp\/v2\/types\/product"}],"version-history":[{"count":5,"href":"https:\/\/www.masterveil-eu.com\/nl\/wp-json\/wp\/v2\/product\/11550\/revisions"}],"predecessor-version":[{"id":51824,"href":"https:\/\/www.masterveil-eu.com\/nl\/wp-json\/wp\/v2\/product\/11550\/revisions\/51824"}],"wp:featuredmedia":[{"embeddable":true,"href":"https:\/\/www.masterveil-eu.com\/nl\/wp-json\/wp\/v2\/media\/11565"}],"wp:attachment":[{"href":"https:\/\/www.masterveil-eu.com\/nl\/wp-json\/wp\/v2\/media?parent=11550"}],"wp:term":[{"taxonomy":"product_category","embeddable":true,"href":"https:\/\/www.masterveil-eu.com\/nl\/wp-json\/wp\/v2\/product_category?post=11550"}],"curies":[{"name":"wp","href":"https:\/\/api.w.org\/{rel}","templated":true}]}}