{"id":2573,"date":"2024-02-29T08:22:18","date_gmt":"2024-02-29T06:22:18","guid":{"rendered":"https:\/\/masterveil.se\/om-oss\/"},"modified":"2024-05-24T14:02:33","modified_gmt":"2024-05-24T12:02:33","slug":"om-oss","status":"publish","type":"page","link":"https:\/\/www.masterveil-eu.com\/sv\/om-oss\/","title":{"rendered":"Om oss"},"content":{"rendered":"<h2 class='g-block g-heading'>Mer om oss<\/h2>\n\n<h3 class='g-block g-heading'>V\u00e5ra f\u00f6rdelar j\u00e4mf\u00f6rt med traditionella l\u00f6sningar<\/h3>\n\n\n<ul class=\"wp-block-list\">\n<li><strong>J\u00e4mn temperatur \u00e5ret om:<\/strong> Stabil inomhustemperatur oavsett om det \u00e4r varmt eller kallt ute. <\/li>\n\n\n\n<li><strong>S\u00e4krare och effektivare logistik:<\/strong> B\u00e4ttre \u00f6verblick och kontroll \u00f6ver \u00f6ppningar och entr\u00e9er. <\/li>\n\n\n\n<li><strong>L\u00e4gre driftskostnader:<\/strong> F\u00e4rre avfrostningscykler och minskat energibehov. <\/li>\n\n\n\n<li><strong>H\u00f6g kvalitet:<\/strong> Effektivitet utan att beh\u00f6va kompensera f\u00f6r v\u00e4rme- eller kylf\u00f6rluster. <\/li>\n\n\n\n<li><strong>\u00d6kad komfort:<\/strong> Optimal inomhusmilj\u00f6 med mindre energi\u00e5tg\u00e5ng. <\/li>\n\n\n\n<li><strong>Flexibla l\u00f6sningar:<\/strong> Skr\u00e4ddarsydda produkter och l\u00f6sningar f\u00f6r varje kunds behov. <\/li>\n\n\n\n<li><strong>Komplett utbud:<\/strong> M\u00f6jlighet att inkludera avfuktningsl\u00f6sningar tillsammans med luftrid\u00e5er.<\/li>\n<\/ul>\n\n\n<h3 class='g-block g-heading'>Airstop <\/h3>\n\n\n<p>Masterveils sortiment av luftrid\u00e5er \u00e4r baserat p\u00e5 den egenutvecklade och h\u00f6gpresterande Airstop -tekniken.<\/p>\n\n\n\n<p>V\u00e5rt Airstop-system finns i tv\u00e5 versioner, beroende p\u00e5 d\u00f6rrtyp, kundkrav och \/ eller typ av applikation:<\/p>\n\n\n\n<ul class=\"wp-block-list\">\n<li>Kompakta modeller med allt inbyggd i luftrid\u00e5n.<\/li>\n\n\n\n<li>Modeller som \u00e4r 100% anpassade till de faktiska f\u00f6ruts\u00e4ttningarna och baseras p\u00e5 en extern placerad fl\u00e4kt och med kanalanslutna luftrid\u00e5trummor.<\/li>\n<\/ul>\n\n\n\n<p>Fl\u00e4kten baseras p\u00e5 EC-teknik i enlighet med de senaste ErP-f\u00f6reskrifterna. Den speciellt utvecklade luftstr\u00e5len anv\u00e4nds f\u00f6r att blockera det naturliga luftutbytet som uppst\u00e5r p\u00e5 grund av temperaturskillnader mellan kallt och varmt.<\/p>\n\n\n\n<p>Fl\u00e4kten styrs via en signal fr\u00e5n d\u00f6rrkontakt, fr\u00e5n transportbandsystemet eller fr\u00e5n byggnadens styrningssystem (0-10V), \u00e4ven intelligenta ERX-reglering baserad p\u00e5 d\u00f6rrposition och 5 olika sensorer kan levereras och garantera en helt automatisk utomhustemperaturreglerad l\u00f6sning med \u00f6kad komfort f\u00f6r dina kunder och personal.<\/p>\n\n\n\n<p>Fl\u00e4kten har ett justerbart driftsl\u00e4ge, s\u00e5 att nollpunkten verifieras i varje fall som bevis p\u00e5 korrekt funktion och optimalt termisk skydd. V\u00e5r kunniga personal har m\u00f6jlighet att finjustera din applikationanl\u00e4ggning i detalj med anemometrar, termologgers, infrar\u00f6da kameror, pythometrar. Allt dokumenteras i ett injusteringsprotokoll &#8211; certifierat av Masterveil f\u00f6r h\u00f6gsta kvalitet.  <\/p>\n\n\n\n<p>Alla systemkoncept har testats av en oberoende institution och effektiviteten bevisades med inertgas m\u00e4tningar. Fr\u00e5ga oss g\u00e4rna om detaljer.<\/p>\n\n\n\n<p>Luftrid\u00e5erna tillverkas projekt-specifika i form och l\u00e4ngd och lackeras i en RAL-f\u00e4rg enligt kundens \u00f6nskem\u00e5l.<\/p>\n\n\n<h3 class='g-block g-heading'>Powerstream\u00ae <\/h3>\n\n\n<p>Detta h\u00f6gtryckssystem f\u00f6r luftrid\u00e5er utvecklades s\u00e4rskilt f\u00f6r anv\u00e4ndning vid d\u00f6rrar mellan stora frysrum i kombination med stora konditionerade framsidor. H\u00e4r \u00e4r funktionen f\u00f6r temperatur- och fuktseparation uppdelad i tv\u00e5 individuella funktioner. Separeringen av de olika temperaturerna s\u00e4kerst\u00e4lls med en f\u00f6rinst\u00e4lld utbl\u00e5sningsvinkel d\u00e4r luftstr\u00f6mmen bl\u00e5ser mot den riktning som luften vill ta naturligt. En annan, patenterad konditionerad luftstr\u00e5le appliceras p\u00e5 separationsluftstr\u00e5len och skyddar frysomr\u00e5det fr\u00e5n intr\u00e4ngande fuktighet. Eftersom detta g\u00f6rs med h\u00f6g effektivitet kallar vi det ett isoleringsluftskikt.<\/p>\n\n\n\n<p>Powerstream\u00ae-systemet best\u00e5r av en extern fl\u00e4kt och tv\u00e5 vertikala utbl\u00e5sningsmoduler. Som standard \u00e4r detta grundl\u00e4ggande system installerat p\u00e5 fryssidan. I motsats till den typiska Masterveil-metoden uppn\u00e5s den skr\u00e4ddarsydda l\u00e4ngden genom att kombinera standardmoduler. Utbl\u00e5sningsmodulerna \u00e4r placerade till v\u00e4nster och h\u00f6ger om d\u00f6rren. <br>Beroende p\u00e5 kraven kan isoleringsluftskiktet konditioneras med en elektrisk v\u00e4rmespole, en glykolspole eller en aktiv avfuktare. Den banbrytande \u00e5tskiljningen av funktioner i separations- och isoleringsluftstr\u00e5le, skyddad av patent, minimeras energif\u00f6rbrukningen till en hittills oslagbar niv\u00e5.<\/p>\n\n\n\n<p>F\u00f6r h\u00f6ga fuktbelastningar, stora temperaturskillnader eller f\u00f6r att \u00f6ka systemets effektivitet kan det grundl\u00e4ggande systemet kompletteras med ett Airlock-system p\u00e5 den varma sidan. Detta f\u00f6rl\u00e4ngningssystem har samma design, men bara en ytterligare separationsluftstr\u00e5le.<\/p>\n\n\n\n<p>Hela systemet styrs via ett styrsystem och kan anslutas direkt till byggnadens styrsystem. Systemet kan styras via en potentiell d\u00f6rrkontakt eller direkt fr\u00e5n byggnadens styrsystem. <\/p>\n\n\n\n<p>Fl\u00e4ktarna \u00e4r baserade p\u00e5 EC-teknik i enlighet med de senaste ErP-reglerna. De har ett justerbart driftl\u00e4ge s\u00e5 att en nollpunkt demonstreras i varje fall som bevis p\u00e5 korrekt funktion och avsk\u00e4rmning. De speciellt utvecklade munstyckena har en mycket sl\u00e4t yta f\u00f6r att undvika minsta turbulens i luftstr\u00e5len.<\/p>\n\n\n\n<p>Alla systemkoncept har testats av en oberoende institution, och effektiviteten \u00e4r bevisad med inertgasm\u00e4tningar. Systemkomponenterna \u00e4r skr\u00e4ddarsydda f\u00f6r specifika projekt och kan vid \u00f6nskem\u00e5l kompletteras med v\u00e5ra framtagna kollisionsskydd, specifikt framtagna f\u00f6r att skydda produkten p\u00e5 b\u00e4sta s\u00e4tt<\/p>\n\n\n<h3 class='g-block g-heading'>V\u00e5ra Samarbeten med akademiska institutioner<\/h3>\n\n\n<p>Masterveil, arbetar aktivt med att bidra till samh\u00e4llets energieffektivitet och f\u00f6respr\u00e5kar proaktiva \u00e5tg\u00e4rder, vi ins\u00e5g tidigt att \u201dm\u00e4ta \u00e4r att veta\u201d och det gav oss en nyckel till att st\u00e4ndigt f\u00f6rb\u00e4ttra v\u00e5ra produkter och arbets\u00e4tt. L\u00e5ngt innan de extrema sv\u00e4ngningarna som nu varit i energipriser och den allt st\u00f6rre medvetenheten som finns i samh\u00e4llet om betydelsen av av att kunna minska verksamheters energif\u00f6rluster valde Masterveil att etablera samarbeten med kunskapscentra som University of Ghent, Peutz, TNO och Sparkling Project. Dessa partnerskap har resulterat i framg\u00e5ngsrika interaktioner och lyckade samarbeten.<\/p>\n","protected":false},"excerpt":{"rendered":"Masterveils sortiment av luftrid\u00e5er \u00e4r baserat p\u00e5 den egenutvecklade och h\u00f6gpresterande Airstop -tekniken. V\u00e5rt Airstop-system finns i tv\u00e5 versioner, beroende p\u00e5 d\u00f6rrtyp, kundkrav och \/ eller typ av applikation: Fl\u00e4kten baseras p\u00e5 EC-teknik i enlighet med de senaste ErP-f\u00f6reskrifterna. Den speciellt utvecklade luftstr\u00e5len anv\u00e4nds f\u00f6r att blockera det naturliga luftutbytet som uppst\u00e5r p\u00e5 grund av&#8230;","protected":false},"author":1,"featured_media":0,"parent":0,"menu_order":0,"comment_status":"closed","ping_status":"closed","template":"","meta":{"_acf_changed":false,"_seopress_robots_primary_cat":"","_seopress_titles_title":"Om Masterveil: Experter p\u00e5 Luftrid\u00e5er","_seopress_titles_desc":"L\u00e4r k\u00e4nna Masterveil, en ledande leverant\u00f6r av innovativa luftrid\u00e5l\u00f6sningar. Uppt\u00e4ck v\u00e5rt uppdrag, v\u00e5ra v\u00e4rderingar och v\u00e5rt engagemang f\u00f6r h\u00e5llbarhet.","_seopress_robots_index":"","_relevanssi_hide_post":"","_relevanssi_hide_content":"","_relevanssi_pin_for_all":"","_relevanssi_pin_keywords":"","_relevanssi_unpin_keywords":"","_relevanssi_related_keywords":"","_relevanssi_related_include_ids":"","_relevanssi_related_exclude_ids":"","_relevanssi_related_no_append":"","_relevanssi_related_not_related":"","_relevanssi_related_posts":"","_relevanssi_noindex_reason":"","footnotes":""},"class_list":["post-2573","page","type-page","status-publish","hentry"],"acf":[],"_links":{"self":[{"href":"https:\/\/www.masterveil-eu.com\/sv\/wp-json\/wp\/v2\/pages\/2573","targetHints":{"allow":["GET"]}}],"collection":[{"href":"https:\/\/www.masterveil-eu.com\/sv\/wp-json\/wp\/v2\/pages"}],"about":[{"href":"https:\/\/www.masterveil-eu.com\/sv\/wp-json\/wp\/v2\/types\/page"}],"author":[{"embeddable":true,"href":"https:\/\/www.masterveil-eu.com\/sv\/wp-json\/wp\/v2\/users\/1"}],"replies":[{"embeddable":true,"href":"https:\/\/www.masterveil-eu.com\/sv\/wp-json\/wp\/v2\/comments?post=2573"}],"version-history":[{"count":0,"href":"https:\/\/www.masterveil-eu.com\/sv\/wp-json\/wp\/v2\/pages\/2573\/revisions"}],"wp:attachment":[{"href":"https:\/\/www.masterveil-eu.com\/sv\/wp-json\/wp\/v2\/media?parent=2573"}],"curies":[{"name":"wp","href":"https:\/\/api.w.org\/{rel}","templated":true}]}}