{"id":3758,"date":"2024-03-05T14:49:05","date_gmt":"2024-03-05T12:49:05","guid":{"rendered":"https:\/\/masterveil.se\/luftridakategorier\/"},"modified":"2024-05-31T08:55:27","modified_gmt":"2024-05-31T06:55:27","slug":"luftridakategorier","status":"publish","type":"page","link":"https:\/\/www.masterveil-eu.com\/sv\/luftridakategorier\/","title":{"rendered":"Luftrid\u00e5kategorier"},"content":{"rendered":"\t<div class=\"g-block g-product\">\n\t\t<div class=\"g-s-p-related-product__container\">\n\t\t\t<div class=\"g-product-card\"><a href=\"https:\/\/www.masterveil-eu.com\/sv\/luftridakategorier\/logistik-industriportar\/\"><div class=\"g-product-card__image g-product-card-image\"><img decoding=\"async\" class=\"g-image\" src=\"https:\/\/www.masterveil-eu.com\/app\/uploads\/2024\/03\/masterveil-as-k-terminal-air-curtain-fan-box-1-1366x1001.jpg\" srcset=\"https:\/\/www.masterveil-eu.com\/app\/uploads\/2024\/03\/masterveil-as-k-terminal-air-curtain-fan-box-1-1366x1001.jpg 1366w, https:\/\/www.masterveil-eu.com\/app\/uploads\/2024\/03\/masterveil-as-k-terminal-air-curtain-fan-box-1-683x501.jpg 683w, https:\/\/www.masterveil-eu.com\/app\/uploads\/2024\/03\/masterveil-as-k-terminal-air-curtain-fan-box-1-768x563.jpg 768w, https:\/\/www.masterveil-eu.com\/app\/uploads\/2024\/03\/masterveil-as-k-terminal-air-curtain-fan-box-1-1536x1126.jpg 1536w, https:\/\/www.masterveil-eu.com\/app\/uploads\/2024\/03\/masterveil-as-k-terminal-air-curtain-fan-box-1-910x667.jpg 910w, https:\/\/www.masterveil-eu.com\/app\/uploads\/2024\/03\/masterveil-as-k-terminal-air-curtain-fan-box-1-455x334.jpg 455w, https:\/\/www.masterveil-eu.com\/app\/uploads\/2024\/03\/masterveil-as-k-terminal-air-curtain-fan-box-1-300x220.jpg 300w, https:\/\/www.masterveil-eu.com\/app\/uploads\/2024\/03\/masterveil-as-k-terminal-air-curtain-fan-box-1.jpg 1858w\" sizes=\"(max-width: 1366px) 100vw, 1366px\" width=\"1366\" height=\"1001\" alt=\"Masterveil Terminal luftrid&aring;system f&ouml;r flera industriportar\" style=\"object-position: center center\">\n<\/div><\/a><div class=\"g-product-card__content\"><h3>Luftrid\u00e5er till Logistik och industriportar<\/h3><p>Varf\u00f6r uppst\u00e5r problem vid \u00f6ppna industriportar?<\/p><a class=\"g-button g-button--blank g-button--small\" href=\"https:\/\/www.masterveil-eu.com\/sv\/luftridakategorier\/logistik-industriportar\/\">L\u00e4s mer<\/a><\/div><\/div><div class=\"g-product-card\"><a href=\"https:\/\/www.masterveil-eu.com\/sv\/luftridakategorier\/kylrum\/\"><div class=\"g-product-card__image g-product-card-image\"><img decoding=\"async\" class=\"g-image\" src=\"https:\/\/www.masterveil-eu.com\/app\/uploads\/2024\/04\/masterveil-ac-1000-air-curtain-over-the-door-to-fruit-and-vegetable-room-1366x911.jpg\" srcset=\"https:\/\/www.masterveil-eu.com\/app\/uploads\/2024\/04\/masterveil-ac-1000-air-curtain-over-the-door-to-fruit-and-vegetable-room-1366x911.jpg 1366w, https:\/\/www.masterveil-eu.com\/app\/uploads\/2024\/04\/masterveil-ac-1000-air-curtain-over-the-door-to-fruit-and-vegetable-room-683x455.jpg 683w, https:\/\/www.masterveil-eu.com\/app\/uploads\/2024\/04\/masterveil-ac-1000-air-curtain-over-the-door-to-fruit-and-vegetable-room-768x512.jpg 768w, https:\/\/www.masterveil-eu.com\/app\/uploads\/2024\/04\/masterveil-ac-1000-air-curtain-over-the-door-to-fruit-and-vegetable-room-1536x1024.jpg 1536w, https:\/\/www.masterveil-eu.com\/app\/uploads\/2024\/04\/masterveil-ac-1000-air-curtain-over-the-door-to-fruit-and-vegetable-room-910x607.jpg 910w, https:\/\/www.masterveil-eu.com\/app\/uploads\/2024\/04\/masterveil-ac-1000-air-curtain-over-the-door-to-fruit-and-vegetable-room-455x303.jpg 455w, https:\/\/www.masterveil-eu.com\/app\/uploads\/2024\/04\/masterveil-ac-1000-air-curtain-over-the-door-to-fruit-and-vegetable-room-300x200.jpg 300w, https:\/\/www.masterveil-eu.com\/app\/uploads\/2024\/04\/masterveil-ac-1000-air-curtain-over-the-door-to-fruit-and-vegetable-room.jpg 1920w\" sizes=\"(max-width: 1366px) 100vw, 1366px\" width=\"1366\" height=\"911\" alt=\"Masterveil AC 1000 luftrid&aring;er installerad ovanf&ouml;r ing&aring;ngen till en kylavdelning f&ouml;r frukt och gr&ouml;nsaker.\" style=\"object-position: center center\">\n<\/div><\/a><div class=\"g-product-card__content\"><h3>Luftrid\u00e5er till kylrum<\/h3><p>Varf\u00f6r uppst\u00e5r problem i kylrum och kylda zoner?<\/p><a class=\"g-button g-button--blank g-button--small\" href=\"https:\/\/www.masterveil-eu.com\/sv\/luftridakategorier\/kylrum\/\">L\u00e4s mer<\/a><\/div><\/div><div class=\"g-product-card\"><a href=\"https:\/\/www.masterveil-eu.com\/sv\/luftridakategorier\/frysrum\/\"><div class=\"g-product-card__image g-product-card-image\"><img decoding=\"async\" class=\"g-image\" src=\"https:\/\/www.masterveil-eu.com\/app\/uploads\/2024\/06\/masterveil-powerstream-air-curtain-at-freezer-room-1366x1821.jpg\" srcset=\"https:\/\/www.masterveil-eu.com\/app\/uploads\/2024\/06\/masterveil-powerstream-air-curtain-at-freezer-room-1366x1821.jpg 1366w, https:\/\/www.masterveil-eu.com\/app\/uploads\/2024\/06\/masterveil-powerstream-air-curtain-at-freezer-room-512x683.jpg 512w, https:\/\/www.masterveil-eu.com\/app\/uploads\/2024\/06\/masterveil-powerstream-air-curtain-at-freezer-room-1025x1366.jpg 1025w, https:\/\/www.masterveil-eu.com\/app\/uploads\/2024\/06\/masterveil-powerstream-air-curtain-at-freezer-room-768x1024.jpg 768w, https:\/\/www.masterveil-eu.com\/app\/uploads\/2024\/06\/masterveil-powerstream-air-curtain-at-freezer-room-1152x1536.jpg 1152w, https:\/\/www.masterveil-eu.com\/app\/uploads\/2024\/06\/masterveil-powerstream-air-curtain-at-freezer-room-1536x2048.jpg 1536w, https:\/\/www.masterveil-eu.com\/app\/uploads\/2024\/06\/masterveil-powerstream-air-curtain-at-freezer-room-1920x2560.jpg 1920w, https:\/\/www.masterveil-eu.com\/app\/uploads\/2024\/06\/masterveil-powerstream-air-curtain-at-freezer-room-910x1213.jpg 910w, https:\/\/www.masterveil-eu.com\/app\/uploads\/2024\/06\/masterveil-powerstream-air-curtain-at-freezer-room-683x911.jpg 683w, https:\/\/www.masterveil-eu.com\/app\/uploads\/2024\/06\/masterveil-powerstream-air-curtain-at-freezer-room-455x607.jpg 455w, https:\/\/www.masterveil-eu.com\/app\/uploads\/2024\/06\/masterveil-powerstream-air-curtain-at-freezer-room-225x300.jpg 225w\" sizes=\"(max-width: 1366px) 100vw, 1366px\" width=\"1366\" height=\"1821\" alt=\"air curtains, aircurtains, air curtain, aircurtain, luchtgordijn, luchtdeur, luchtwand, rideau d'air, Luftschleier, luftrid&aring;er\" style=\"object-position: center center\">\n<\/div><\/a><div class=\"g-product-card__content\"><h3>Luftrid\u00e5er till Frysrum<\/h3><p>Att s\u00e4kerst\u00e4lla en p\u00e5litlig temperaturkontroll i frysrum \u00e4r en strategisk f\u00f6rs\u00e4kring f\u00f6r verksamheten.<\/p><a class=\"g-button g-button--blank g-button--small\" href=\"https:\/\/www.masterveil-eu.com\/sv\/luftridakategorier\/frysrum\/\">L\u00e4s mer<\/a><\/div><\/div><div class=\"g-product-card\"><a href=\"https:\/\/www.masterveil-eu.com\/sv\/luftridakategorier\/stora-industriportar\/\"><div class=\"g-product-card__image g-product-card-image\"><img decoding=\"async\" class=\"g-image\" src=\"https:\/\/www.masterveil-eu.com\/app\/uploads\/2024\/08\/masterveil-airstop-horizontal-air-curtain-large-industrial-door-1366x1366.jpg\" srcset=\"https:\/\/www.masterveil-eu.com\/app\/uploads\/2024\/08\/masterveil-airstop-horizontal-air-curtain-large-industrial-door-1366x1366.jpg 1366w, https:\/\/www.masterveil-eu.com\/app\/uploads\/2024\/08\/masterveil-airstop-horizontal-air-curtain-large-industrial-door-683x683.jpg 683w, https:\/\/www.masterveil-eu.com\/app\/uploads\/2024\/08\/masterveil-airstop-horizontal-air-curtain-large-industrial-door-150x150.jpg 150w, https:\/\/www.masterveil-eu.com\/app\/uploads\/2024\/08\/masterveil-airstop-horizontal-air-curtain-large-industrial-door-768x768.jpg 768w, https:\/\/www.masterveil-eu.com\/app\/uploads\/2024\/08\/masterveil-airstop-horizontal-air-curtain-large-industrial-door-1536x1536.jpg 1536w, https:\/\/www.masterveil-eu.com\/app\/uploads\/2024\/08\/masterveil-airstop-horizontal-air-curtain-large-industrial-door-910x910.jpg 910w, https:\/\/www.masterveil-eu.com\/app\/uploads\/2024\/08\/masterveil-airstop-horizontal-air-curtain-large-industrial-door-455x455.jpg 455w, https:\/\/www.masterveil-eu.com\/app\/uploads\/2024\/08\/masterveil-airstop-horizontal-air-curtain-large-industrial-door-300x300.jpg 300w, https:\/\/www.masterveil-eu.com\/app\/uploads\/2024\/08\/masterveil-airstop-horizontal-air-curtain-large-industrial-door-512x512.jpg 512w, https:\/\/www.masterveil-eu.com\/app\/uploads\/2024\/08\/masterveil-airstop-horizontal-air-curtain-large-industrial-door.jpg 1817w\" sizes=\"(max-width: 1366px) 100vw, 1366px\" width=\"1366\" height=\"1366\" alt=\"Ovanliggande Masterveil Airstop luftrid&aring; till en industriport\" style=\"object-position: center center\">\n<\/div><\/a><div class=\"g-product-card__content\"><h3>Luftrid\u00e5er till Stora Industriportar<\/h3><p>Kraftfulla luftrid\u00e5er skr\u00e4ddarsydda f\u00f6r stora industriportar<\/p><a class=\"g-button g-button--blank g-button--small\" href=\"https:\/\/www.masterveil-eu.com\/sv\/luftridakategorier\/stora-industriportar\/\">L\u00e4s mer<\/a><\/div><\/div><div class=\"g-product-card\"><a href=\"https:\/\/www.masterveil-eu.com\/sv\/luftridakategorier\/entreer\/\"><div class=\"g-product-card__image g-product-card-image\"><img decoding=\"async\" class=\"g-image\" src=\"https:\/\/www.masterveil-eu.com\/app\/uploads\/2024\/06\/masterveil-compact-400-air-curtain-at-shopping-center-at-revolving-door-1366x1821.jpg\" srcset=\"https:\/\/www.masterveil-eu.com\/app\/uploads\/2024\/06\/masterveil-compact-400-air-curtain-at-shopping-center-at-revolving-door-1366x1821.jpg 1366w, https:\/\/www.masterveil-eu.com\/app\/uploads\/2024\/06\/masterveil-compact-400-air-curtain-at-shopping-center-at-revolving-door-512x683.jpg 512w, https:\/\/www.masterveil-eu.com\/app\/uploads\/2024\/06\/masterveil-compact-400-air-curtain-at-shopping-center-at-revolving-door-1025x1366.jpg 1025w, https:\/\/www.masterveil-eu.com\/app\/uploads\/2024\/06\/masterveil-compact-400-air-curtain-at-shopping-center-at-revolving-door-768x1024.jpg 768w, https:\/\/www.masterveil-eu.com\/app\/uploads\/2024\/06\/masterveil-compact-400-air-curtain-at-shopping-center-at-revolving-door-1152x1536.jpg 1152w, https:\/\/www.masterveil-eu.com\/app\/uploads\/2024\/06\/masterveil-compact-400-air-curtain-at-shopping-center-at-revolving-door-1536x2048.jpg 1536w, https:\/\/www.masterveil-eu.com\/app\/uploads\/2024\/06\/masterveil-compact-400-air-curtain-at-shopping-center-at-revolving-door-1920x2560.jpg 1920w, https:\/\/www.masterveil-eu.com\/app\/uploads\/2024\/06\/masterveil-compact-400-air-curtain-at-shopping-center-at-revolving-door-910x1213.jpg 910w, https:\/\/www.masterveil-eu.com\/app\/uploads\/2024\/06\/masterveil-compact-400-air-curtain-at-shopping-center-at-revolving-door-683x911.jpg 683w, https:\/\/www.masterveil-eu.com\/app\/uploads\/2024\/06\/masterveil-compact-400-air-curtain-at-shopping-center-at-revolving-door-455x607.jpg 455w, https:\/\/www.masterveil-eu.com\/app\/uploads\/2024\/06\/masterveil-compact-400-air-curtain-at-shopping-center-at-revolving-door-225x300.jpg 225w\" sizes=\"(max-width: 1366px) 100vw, 1366px\" width=\"1366\" height=\"1821\" alt=\"Masterveil Compact 400 Luftrid&aring;er vid k&ouml;pcentrum innanf&ouml;r en karuselld&ouml;rr\" style=\"object-position: center center\">\n<\/div><\/a><div class=\"g-product-card__content\"><h3>Luftrid\u00e5er till Entr\u00e9er<\/h3><p>H\u00f6gkvalitativa luftrid\u00e5er f\u00f6r entr\u00e9d\u00f6rrar som ger din fastighet ett exceptionellt utseende \u2013 designade exakt efter dina behov.<\/p><a class=\"g-button g-button--blank g-button--small\" href=\"https:\/\/www.masterveil-eu.com\/sv\/luftridakategorier\/entreer\/\">L\u00e4s mer<\/a><\/div><\/div><div class=\"g-product-card\"><a href=\"https:\/\/www.masterveil-eu.com\/sv\/luftridakategorier\/lastbilsrida\/\"><div class=\"g-product-card__image g-product-card-image\"><img decoding=\"async\" class=\"g-image\" src=\"https:\/\/www.masterveil-eu.com\/app\/uploads\/2024\/03\/masterveil-mvp-s-air-curtain-at-a-truck.jpg\" srcset=\"https:\/\/www.masterveil-eu.com\/app\/uploads\/2024\/03\/masterveil-mvp-s-air-curtain-at-a-truck.jpg 800w, https:\/\/www.masterveil-eu.com\/app\/uploads\/2024\/03\/masterveil-mvp-s-air-curtain-at-a-truck-683x410.jpg 683w, https:\/\/www.masterveil-eu.com\/app\/uploads\/2024\/03\/masterveil-mvp-s-air-curtain-at-a-truck-768x461.jpg 768w, https:\/\/www.masterveil-eu.com\/app\/uploads\/2024\/03\/masterveil-mvp-s-air-curtain-at-a-truck-455x273.jpg 455w, https:\/\/www.masterveil-eu.com\/app\/uploads\/2024\/03\/masterveil-mvp-s-air-curtain-at-a-truck-300x180.jpg 300w\" sizes=\"(max-width: 800px) 100vw, 800px\" alt=\"Masterveil luftrid&aring; i en lastbil f&ouml;r kylvaror\" style=\"object-position: center center\">\n<\/div><\/a><div class=\"g-product-card__content\"><h3>Luftrid\u00e5er till Lastbilar<\/h3><p>Effektiva luftrid\u00e5er f\u00f6r kylda lastbilstransporter.<\/p><a class=\"g-button g-button--blank g-button--small\" href=\"https:\/\/www.masterveil-eu.com\/sv\/luftridakategorier\/lastbilsrida\/\">L\u00e4s mer<\/a><\/div><\/div>\t\t<\/div>\n\t<\/div>\n\t","protected":false},"excerpt":{"rendered":"","protected":false},"author":1,"featured_media":0,"parent":0,"menu_order":0,"comment_status":"closed","ping_status":"closed","template":"","meta":{"_acf_changed":false,"_seopress_robots_primary_cat":"","_seopress_titles_title":"Masterveils olika kategorier av luftrid\u00e5er","_seopress_titles_desc":"Masterveil har luftrid\u00e5er f\u00f6r entr\u00e9er, frysrum, kylrum, logistik och industriportar, lastbilar samt luftrid\u00e5er f\u00f6r stora portar.","_seopress_robots_index":"","_relevanssi_hide_post":"","_relevanssi_hide_content":"","_relevanssi_pin_for_all":"","_relevanssi_pin_keywords":"","_relevanssi_unpin_keywords":"","_relevanssi_related_keywords":"","_relevanssi_related_include_ids":"","_relevanssi_related_exclude_ids":"","_relevanssi_related_no_append":"","_relevanssi_related_not_related":"","_relevanssi_related_posts":"","_relevanssi_noindex_reason":"","footnotes":""},"class_list":["post-3758","page","type-page","status-publish","hentry"],"acf":[],"_links":{"self":[{"href":"https:\/\/www.masterveil-eu.com\/sv\/wp-json\/wp\/v2\/pages\/3758","targetHints":{"allow":["GET"]}}],"collection":[{"href":"https:\/\/www.masterveil-eu.com\/sv\/wp-json\/wp\/v2\/pages"}],"about":[{"href":"https:\/\/www.masterveil-eu.com\/sv\/wp-json\/wp\/v2\/types\/page"}],"author":[{"embeddable":true,"href":"https:\/\/www.masterveil-eu.com\/sv\/wp-json\/wp\/v2\/users\/1"}],"replies":[{"embeddable":true,"href":"https:\/\/www.masterveil-eu.com\/sv\/wp-json\/wp\/v2\/comments?post=3758"}],"version-history":[{"count":1,"href":"https:\/\/www.masterveil-eu.com\/sv\/wp-json\/wp\/v2\/pages\/3758\/revisions"}],"predecessor-version":[{"id":10823,"href":"https:\/\/www.masterveil-eu.com\/sv\/wp-json\/wp\/v2\/pages\/3758\/revisions\/10823"}],"wp:attachment":[{"href":"https:\/\/www.masterveil-eu.com\/sv\/wp-json\/wp\/v2\/media?parent=3758"}],"curies":[{"name":"wp","href":"https:\/\/api.w.org\/{rel}","templated":true}]}}