{"id":2019,"date":"2024-02-23T11:00:22","date_gmt":"2024-02-23T09:00:22","guid":{"rendered":"https:\/\/masterveil.se\/luftridaer\/other\/compact-330v\/"},"modified":"2026-04-11T19:38:35","modified_gmt":"2026-04-11T17:38:35","slug":"compact-330v","status":"publish","type":"product","link":"https:\/\/www.masterveil-eu.com\/sv\/luftridaer\/compact-330v\/","title":{"rendered":"COMPACT 330 luftrid\u00e5 &#8211; Logistikportar"},"content":{"rendered":"<h2 class='g-block g-heading'>COMPACT 330 luftrid\u00e5 &#8211; Produktinformation<\/h2>\n\n<h3 class='g-block g-heading'>Nyckelfunktioner<\/h3>\n\n\n<ul class=\"wp-block-list\">\n<li>Effektivt skydd mot kallras.<\/li>\n\n\n\n<li>Justerbart munstycke f\u00f6r anpassad luftfl\u00f6deskontroll.<\/li>\n\n\n\n<li>Airstop-teknik f\u00f6r effektiv styrning av luftstr\u00e5len.<\/li>\n\n\n\n<li>Skr\u00e4ddarsydd rid\u00e5l\u00e4ngd mellan 1200 och 3000 mm.<\/li>\n\n\n\n<li>F\u00f6r porth\u00f6jder p\u00e5 upp till 3 meter.<\/li>\n\n\n\n<li>G\u00e5r att f\u00e5 i valfri RAL-kul\u00f6r eller i rostfritt utf\u00f6rande.<\/li>\n<\/ul>\n\n\n<h3 class='g-block g-heading'>Upplev optimal klimatkontroll med den h\u00f6gpresterande uppv\u00e4rmda horisontella luftrid\u00e5n COMPACT 330<\/h3>\n\n\n<p>V\u00e4lj COMPACT 330 f\u00f6r en uppv\u00e4rmd horisontell luftrid\u00e5 som kombinerar elegant estetik med h\u00f6g prestanda. Kontakta oss idag f\u00f6r att utforska hur denna l\u00f6sning kan skr\u00e4ddarsys f\u00f6r att uppfylla dina specifika behov och s\u00e4kerst\u00e4lla optimal klimatkontroll och energieffektivitet.<\/p>\n\n\n<h3 class='g-block g-heading'>COMPACT 330 luftrid\u00e5 &#8211; Tekniska data<\/h3>\n\n\n<figure class=\"wp-block-table\"><table><thead><tr><th><\/th><th><strong>Compact 330<\/strong>-2.14<\/th><th><strong>Compact 330<\/strong>-3.14<\/th><th><strong>Compact 330<\/strong>-4.14<\/th><th>Compact 330-5.14<\/th><th><strong>Compact 330<\/strong>-6.14<\/th><\/tr><\/thead><tbody><tr><td><strong>Typ av installation<\/strong><\/td><td>Ovanliggande<\/td><td>Ovanliggande<\/td><td>Ovanliggande<\/td><td>Ovanliggande<\/td><td>Ovanliggande<\/td><\/tr><tr><td><strong>Max d\u00f6rrh\u00f6jd<\/strong> (*)<\/td><td>3 meter<\/td><td>3 meter<\/td><td>3 meter<\/td><td>3 meter<\/td><td>3 meter<\/td><\/tr><tr><td><strong>Standard kul\u00f6r<\/strong><\/td><td>RAL 9010<\/td><td>RAL 9010<\/td><td>RAL 9010<\/td><td>RAL 9010<\/td><td>RAL 9010<\/td><\/tr><tr><td><strong>L\u00e4ngd<\/strong> OL-luftrid\u00e5 (**)<\/td><td>D\u00f6rrbredd +ca 100mm<\/td><td>D\u00f6rrbredd +ca 100mm<\/td><td>D\u00f6rrbredd +ca 100mm<\/td><td>D\u00f6rrbredd +ca 100mm<\/td><td>D\u00f6rrbredd +ca 100mm<\/td><\/tr><tr><td><strong>L\u00e4ngd<\/strong><\/td><td>1200-1300mm<\/td><td>1400-1700mm<\/td><td>1800-2300mm<\/td><td>2400-2650mm<\/td><td>2750-3000mm<\/td><\/tr><tr><td><strong>H\u00f6jd<\/strong><\/td><td>330mm<\/td><td>330mm<\/td><td>330mm<\/td><td>330mm<\/td><td>330mm<\/td><\/tr><tr><td><strong>Djup<\/strong><\/td><td>430mm<\/td><td>430mm<\/td><td>430mm<\/td><td>430mm<\/td><td>430mm<\/td><\/tr><tr><td><strong>Luftfl\u00f6de<\/strong><\/td><td>1300 m\u00b3\/h<\/td><td>1950 m\u00b3\/h<\/td><td>2500 m\u00b3\/h<\/td><td>3000 m\u00b3\/h<\/td><td>3600 m\u00b3\/h<\/td><\/tr><tr><td><strong>Munstycke<\/strong><\/td><td>Airstop<\/td><td>Airstop<\/td><td>Airstop<\/td><td>Airstop<\/td><td>Airstop<\/td><\/tr><tr><td><strong>Sp\u00e4nning V<\/strong><\/td><td>230<\/td><td>230<\/td><td>230<\/td><td>230<\/td><td>230<\/td><\/tr><tr><td><strong>Motoreffekt kW<\/strong><\/td><td>0,292<\/td><td>0,438<\/td><td>0,584<\/td><td>0,730<\/td><td>0,867<\/td><\/tr><tr><td><strong>Motorstr\u00f6m A<\/strong><\/td><td>2,28<\/td><td>3,42<\/td><td>4,56<\/td><td>5,7<\/td><td>6,84<\/td><\/tr><tr><td><strong>Frekvens Hz<\/strong><\/td><td>50<\/td><td>50<\/td><td>50<\/td><td>50<\/td><td>50<\/td><\/tr><tr><td><strong>IP<\/strong><\/td><td>40<\/td><td>40<\/td><td>40<\/td><td>40<\/td><td>40<\/td><\/tr><\/tbody><tfoot><tr><td><\/td><td><\/td><td><\/td><td><\/td><td><\/td><td><\/td><\/tr><\/tfoot><\/table><figcaption class=\"wp-element-caption\">(*) D\u00f6rrh\u00f6jden som \u00e4r m\u00f6jlig beror p\u00e5 bredden p\u00e5 d\u00f6rren.<br>(**) Ovanliggande luftrid\u00e5 = <strong>OL<\/strong> och Dubbla st\u00e5ende luftrid\u00e5er = <strong>DS<\/strong><\/figcaption><\/figure>\n","protected":false},"excerpt":{"rendered":"En h\u00f6gpresterande, elegant luftrid\u00e5, perfekt f\u00f6r effektiv klimatkontroll och energieffektivitet.","protected":false},"featured_media":6073,"menu_order":0,"template":"","meta":{"_acf_changed":false,"_seopress_robots_primary_cat":"none","_seopress_titles_title":"Luftrid\u00e5 COMPACT 330 f\u00f6r Lager och Logistikportar","_seopress_titles_desc":"En h\u00f6gpresterande, elegant luftrid\u00e5 fr\u00e5n Masterveil, perfekt f\u00f6r effektiv klimatkontroll och energieffektivitet.","_seopress_robots_index":"","_relevanssi_hide_post":"","_relevanssi_hide_content":"","_relevanssi_pin_for_all":"","_relevanssi_pin_keywords":"","_relevanssi_unpin_keywords":"","_relevanssi_related_keywords":"","_relevanssi_related_include_ids":"","_relevanssi_related_exclude_ids":"","_relevanssi_related_no_append":"","_relevanssi_related_not_related":"","_relevanssi_related_posts":"","_relevanssi_noindex_reason":"","footnotes":""},"product_category":[148,100],"class_list":["post-2019","product","type-product","status-publish","has-post-thumbnail","hentry","product_category-compact-330","product_category-logistik-industriportar"],"acf":[],"_links":{"self":[{"href":"https:\/\/www.masterveil-eu.com\/sv\/wp-json\/wp\/v2\/product\/2019","targetHints":{"allow":["GET"]}}],"collection":[{"href":"https:\/\/www.masterveil-eu.com\/sv\/wp-json\/wp\/v2\/product"}],"about":[{"href":"https:\/\/www.masterveil-eu.com\/sv\/wp-json\/wp\/v2\/types\/product"}],"version-history":[{"count":5,"href":"https:\/\/www.masterveil-eu.com\/sv\/wp-json\/wp\/v2\/product\/2019\/revisions"}],"predecessor-version":[{"id":63441,"href":"https:\/\/www.masterveil-eu.com\/sv\/wp-json\/wp\/v2\/product\/2019\/revisions\/63441"}],"wp:featuredmedia":[{"embeddable":true,"href":"https:\/\/www.masterveil-eu.com\/sv\/wp-json\/wp\/v2\/media\/6073"}],"wp:attachment":[{"href":"https:\/\/www.masterveil-eu.com\/sv\/wp-json\/wp\/v2\/media?parent=2019"}],"wp:term":[{"taxonomy":"product_category","embeddable":true,"href":"https:\/\/www.masterveil-eu.com\/sv\/wp-json\/wp\/v2\/product_category?post=2019"}],"curies":[{"name":"wp","href":"https:\/\/api.w.org\/{rel}","templated":true}]}}