{"id":2078,"date":"2024-02-23T14:07:18","date_gmt":"2024-02-23T12:07:18","guid":{"rendered":"https:\/\/masterveil.se\/luftridaer\/other\/coldchain-temperature-protection-solution-for-trucks\/"},"modified":"2025-05-24T17:19:34","modified_gmt":"2025-05-24T15:19:34","slug":"mvp-s-999","status":"publish","type":"product","link":"https:\/\/www.masterveil-eu.com\/sv\/luftridaer\/mvp-s-999\/","title":{"rendered":"MVP-S 999 luftrid\u00e5 &#8211; Lastbilar"},"content":{"rendered":"<h2 class='g-block g-heading'>MVP-S 999 luftrid\u00e5 &#8211; Produktinformation<\/h2>\n\n<h3 class='g-block g-heading'>F\u00f6rdelar<\/h3>\n\n\n<p>En h\u00f6geffektiv luftrid\u00e5 skapas av en fl\u00e4kt som med h\u00f6g hastighet driver luften genom v\u00e5rt avancerade knivmunstycke. Detta munstycke separerar temperaturzonen i lastutrymmet fr\u00e5n den omgivande luften. Lasthanteringen kan d\u00e4rmed ske smidigt utan hinder, vilket eliminerar behovet av hindrande plastremsor eller gardiner som skulle blockera sikten.<\/p>\n\n\n\n<ul class=\"wp-block-list\">\n<li>Mycket effektivt temperaturskydd f\u00f6r kylbilar.<\/li>\n\n\n\n<li>Platsbesparande l\u00f6sning.<\/li>\n\n\n\n<li>Exceptionellt h\u00f6g verkningsgrad.<\/li>\n\n\n\n<li>F\u00f6r \u00f6ppningsbredder mellan 1000-2600 mm.<\/li>\n\n\n\n<li>Fr\u00e4mjar effektiv lasthantering.<\/li>\n\n\n\n<li>Skapar en f\u00f6rb\u00e4ttrad arbetsmilj\u00f6 utan hinder.<\/li>\n<\/ul>\n\n\n<h3 class='g-block g-heading'>MVP-S 999 luftrid\u00e5 &#8211; Tekniska data<\/h3>\n\n\n<figure class=\"wp-block-table\"><table><thead><tr><th><\/th><th>MVP-S 999-1<\/th><th>MVP-S 999-2<\/th><\/tr><\/thead><tbody><tr><td><strong>Typ av installation<\/strong><\/td><td>Ovanliggande<\/td><td>Ovanliggande<\/td><\/tr><tr><td><strong>Standard kul\u00f6r<\/strong><\/td><td>Aluminium<\/td><td>Aluminium<\/td><\/tr><tr><td><strong>L\u00e4ngd<\/strong><\/td><td>1000-1300mm<\/td><td>2000-2600mm<\/td><\/tr><tr><td><strong>H\u00f6jd<\/strong><\/td><td>100mm<\/td><td>100mm<\/td><\/tr><tr><td><strong>Djup<\/strong><\/td><td>350mm<\/td><td>350mm<\/td><\/tr><tr><td><strong>Luftfl\u00f6de<\/strong><\/td><td>600 m\u00b3\/h<\/td><td>1200 m\u00b3\/h<\/td><\/tr><tr><td><strong>Munstycke<\/strong><\/td><td>Airstop<\/td><td>Airstop<\/td><\/tr><tr><td><strong>Sp\u00e4nning V<\/strong><\/td><td>24VDC<\/td><td>24VDC<\/td><\/tr><tr><td><strong>Motoreffekt kW<\/strong><\/td><td>0,106<\/td><td>0,212<\/td><\/tr><tr><td><strong>Motorstr\u00f6m A<\/strong><\/td><td>5<\/td><td>10<\/td><\/tr><tr><td><strong>IP<\/strong><\/td><td>42<\/td><td>42<\/td><\/tr><\/tbody><tfoot><tr><td><\/td><td><\/td><td><\/td><\/tr><\/tfoot><\/table><\/figure>\n","protected":false},"excerpt":{"rendered":"MVP-S 999, en luftrid\u00e5 till lastbilar, luftrid\u00e5n har bara en byggh\u00f6jd p\u00e5 100 mm. Rid\u00e5n \u00e4r gjord f\u00f6r att h\u00e5lla kvar kylan i lastutrymmen i lastbilar och hj\u00e4lper till att h\u00e5lla en konstant temperatur utan att kompromissa med lasth\u00f6jden. S\u00e4kerst\u00e4ll en obruten kylkedja med denna kompakta och effektiva l\u00f6sning.","protected":false},"featured_media":6064,"menu_order":0,"template":"","meta":{"_acf_changed":false,"_seopress_robots_primary_cat":"none","_seopress_titles_title":"MVP-S 999 en luftrid\u00e5 f\u00f6r lastbilar %%sep%% Masterveil","_seopress_titles_desc":"MVP-S 999 \u00e4r den optimala l\u00f6sningen f\u00f6r att skydda kylda lastutrymmen i lastbilar. Luftrid\u00e5n p\u00e5verkar knappt lasth\u00f6jden och s\u00e4kerst\u00e4ller en konstant temperatur.","_seopress_robots_index":"","_relevanssi_hide_post":"","_relevanssi_hide_content":"","_relevanssi_pin_for_all":"","_relevanssi_pin_keywords":"","_relevanssi_unpin_keywords":"","_relevanssi_related_keywords":"","_relevanssi_related_include_ids":"","_relevanssi_related_exclude_ids":"","_relevanssi_related_no_append":"","_relevanssi_related_not_related":"","_relevanssi_related_posts":"","_relevanssi_noindex_reason":"","footnotes":""},"product_category":[130],"class_list":["post-2078","product","type-product","status-publish","has-post-thumbnail","hentry","product_category-lastbilsrida"],"acf":[],"_links":{"self":[{"href":"https:\/\/www.masterveil-eu.com\/sv\/wp-json\/wp\/v2\/product\/2078","targetHints":{"allow":["GET"]}}],"collection":[{"href":"https:\/\/www.masterveil-eu.com\/sv\/wp-json\/wp\/v2\/product"}],"about":[{"href":"https:\/\/www.masterveil-eu.com\/sv\/wp-json\/wp\/v2\/types\/product"}],"version-history":[{"count":5,"href":"https:\/\/www.masterveil-eu.com\/sv\/wp-json\/wp\/v2\/product\/2078\/revisions"}],"predecessor-version":[{"id":39139,"href":"https:\/\/www.masterveil-eu.com\/sv\/wp-json\/wp\/v2\/product\/2078\/revisions\/39139"}],"wp:featuredmedia":[{"embeddable":true,"href":"https:\/\/www.masterveil-eu.com\/sv\/wp-json\/wp\/v2\/media\/6064"}],"wp:attachment":[{"href":"https:\/\/www.masterveil-eu.com\/sv\/wp-json\/wp\/v2\/media?parent=2078"}],"wp:term":[{"taxonomy":"product_category","embeddable":true,"href":"https:\/\/www.masterveil-eu.com\/sv\/wp-json\/wp\/v2\/product_category?post=2078"}],"curies":[{"name":"wp","href":"https:\/\/api.w.org\/{rel}","templated":true}]}}