{"id":2087,"date":"2024-02-23T14:35:52","date_gmt":"2024-02-23T12:35:52","guid":{"rendered":"https:\/\/masterveil.se\/?post_type=product&#038;p=2087"},"modified":"2025-05-24T17:43:20","modified_gmt":"2025-05-24T15:43:20","slug":"ac-1000-kylrum","status":"publish","type":"product","link":"https:\/\/www.masterveil-eu.com\/sv\/luftridaer\/ac-1000-kylrum\/","title":{"rendered":"AC 1000 luftrid\u00e5 &#8211; Kylrum"},"content":{"rendered":"<h2 class='g-block g-heading'>AC 1000 luftrid\u00e5 &#8211; Produktinformation<\/h2>\n\n<h3 class='g-block g-heading'>Nyckelfunktioner<\/h3>\n\n\n<ul class=\"wp-block-list\">\n<li>Utvecklad f\u00f6r kylrum och kylda omr\u00e5den<\/li>\n\n\n\n<li>M\u00e5ngsidiga anv\u00e4ndningsomr\u00e5den<\/li>\n\n\n\n<li>H\u00f6g effektivitet<\/li>\n\n\n\n<li>Effektiv luftstyrning genom Airstop-teknik<\/li>\n\n\n\n<li>Flera modellversioner<\/li>\n\n\n\n<li>F\u00f6r porth\u00f6jder p\u00e5 upp till ca 3,2 meter.<\/li>\n<\/ul>\n\n\n\n<p>V\u00e4lj AC 1000 f\u00f6r avancerad luftrid\u00e5teknik, vilket s\u00e4kerst\u00e4ller optimal klimatkontroll och skydd f\u00f6r dina kylmilj\u00f6er. Kontakta oss f\u00f6r skr\u00e4ddarsydda l\u00f6sningar som uppfyller dina specifika behov.<\/p>\n\n\n<h3 class='g-block g-heading'>AC 1000 luftrid\u00e5 &#8211; Tekniska data<\/h3>\n\n\n<figure class=\"wp-block-table\"><table><thead><tr><th><\/th><th><strong>AC 1000<\/strong>-1.14<\/th><th><strong>AC 1000<\/strong>-2.14<\/th><th><strong><strong>AC 1000<\/strong><\/strong>-3.14<\/th><th><strong><strong>AC 1000<\/strong><\/strong>-4.14<\/th><th><strong>AC 1000<\/strong>-5.14<\/th><th><strong><strong>AC 1000<\/strong><\/strong>-6.14<\/th><\/tr><\/thead><tbody><tr><td><strong>Typ av installation<\/strong><\/td><td>Ovanliggande<\/td><td>Ovanliggande<\/td><td>Ovanliggande<\/td><td>Ovanliggande<\/td><td>Ovanliggande<\/td><td>Ovanliggande<\/td><\/tr><tr><td><strong>Max d\u00f6rrh\u00f6jd<\/strong> (*)<\/td><td>3,2 meter<\/td><td>3,2 meter<\/td><td>3,2 meter<\/td><td>3,2 meter<\/td><td>3,2 meter<\/td><td>3,2 meter<\/td><\/tr><tr><td><strong>Standard kul\u00f6r<\/strong><\/td><td>RAL 9010<\/td><td>RAL 9010<\/td><td>RAL 9010<\/td><td>RAL 9010<\/td><td>RAL 9010<\/td><td>RAL 9010<\/td><\/tr><tr><td><strong>L\u00e4ngd<\/strong>&nbsp;OL-luftrid\u00e5 (**)<\/td><td>D\u00f6rrbredd +ca 100mm<\/td><td>D\u00f6rrbredd +ca 100mm<\/td><td>D\u00f6rrbredd +ca 100mm<\/td><td>D\u00f6rrbredd +ca 100mm<\/td><td>D\u00f6rrbredd +ca 100mm<\/td><td>D\u00f6rrbredd +ca 100mm<\/td><\/tr><tr><td><strong>L\u00e4ngd<\/strong> (Fr\u00e5n)<\/td><td>900mm &#8211;<\/td><td>1100mm &#8211;<\/td><td>1700mm &#8211;<\/td><td>2200mm &#8211;<\/td><td>2700mm &#8211;<\/td><td>3300mm &#8211;<\/td><\/tr><tr><td><strong>H\u00f6jd<\/strong><\/td><td>260mm<\/td><td>260mm<\/td><td>260mm<\/td><td>260mm<\/td><td>260mm<\/td><td>260mm<\/td><\/tr><tr><td><strong>Djup<\/strong><\/td><td>340mm<\/td><td>340mm<\/td><td>340mm<\/td><td>340mm<\/td><td>340mm<\/td><td>340mm<\/td><\/tr><tr><td><strong>Luftfl\u00f6de<\/strong><\/td><td>650 m\u00b3\/h<\/td><td>1300 m\u00b3\/h<\/td><td>1950 m\u00b3\/h<\/td><td>2500 m\u00b3\/h<\/td><td>3000 m\u00b3\/h<\/td><td>3600 m\u00b3\/h<\/td><\/tr><tr><td><strong>Munstycke<\/strong><\/td><td>Airstop<\/td><td>Airstop<\/td><td>Airstop<\/td><td>Airstop<\/td><td>Airstop<\/td><td>Airstop<\/td><\/tr><tr><td><strong>Sp\u00e4nning V<\/strong><\/td><td>230<\/td><td>230<\/td><td>230<\/td><td>230<\/td><td>230<\/td><td>230<\/td><\/tr><tr><td><strong>Motoreffekt kW<\/strong><\/td><td>0,146<\/td><td>0,292<\/td><td>0,438<\/td><td>0,584<\/td><td>0,730<\/td><td>0,876<\/td><\/tr><tr><td><strong>Motorstr\u00f6m A<\/strong><\/td><td>1,14<\/td><td>2,28<\/td><td>3,42<\/td><td>4,56<\/td><td>5,7<\/td><td>6,84<\/td><\/tr><tr><td><strong>Frekvens Hz<\/strong><\/td><td>50<\/td><td>50<\/td><td>50<\/td><td>50<\/td><td>50<\/td><td>50<\/td><\/tr><tr><td><strong>IP<\/strong><\/td><td>4X<\/td><td>4X<\/td><td>4X<\/td><td>4X<\/td><td>4X<\/td><td>4X<\/td><\/tr><\/tbody><tfoot><tr><td><\/td><td><\/td><td><\/td><td><\/td><td><\/td><td><\/td><td><\/td><\/tr><\/tfoot><\/table><figcaption class=\"wp-element-caption\">(*) D\u00f6rrh\u00f6jden som \u00e4r m\u00f6jlig beror p\u00e5 bredden p\u00e5 d\u00f6rren.<br>(**) Ovanliggande luftrid\u00e5 =&nbsp;<strong>OL<\/strong>&nbsp;och Dubbla st\u00e5ende luftrid\u00e5er =&nbsp;<strong>DS<\/strong><\/figcaption><\/figure>\n","protected":false},"excerpt":{"rendered":"Effektiv luftrid\u00e5 f\u00f6r kylrum och kylda utrymmen.","protected":false},"featured_media":6052,"menu_order":0,"template":"","meta":{"_acf_changed":false,"_seopress_robots_primary_cat":"none","_seopress_titles_title":"AC 1000 luftrid\u00e5 f\u00f6r kylrum %%sep%% Masterveil","_seopress_titles_desc":"Effektiv och popul\u00e4r luftrid\u00e5 f\u00f6r kylrum och till kylda utrymmen i butiker.","_seopress_robots_index":"","_relevanssi_hide_post":"","_relevanssi_hide_content":"","_relevanssi_pin_for_all":"","_relevanssi_pin_keywords":"","_relevanssi_unpin_keywords":"","_relevanssi_related_keywords":"","_relevanssi_related_include_ids":"","_relevanssi_related_exclude_ids":"","_relevanssi_related_no_append":"","_relevanssi_related_not_related":"","_relevanssi_related_posts":"","_relevanssi_noindex_reason":"","footnotes":""},"product_category":[145,97],"class_list":["post-2087","product","type-product","status-publish","has-post-thumbnail","hentry","product_category-ac-1000","product_category-kylrum"],"acf":[],"_links":{"self":[{"href":"https:\/\/www.masterveil-eu.com\/sv\/wp-json\/wp\/v2\/product\/2087","targetHints":{"allow":["GET"]}}],"collection":[{"href":"https:\/\/www.masterveil-eu.com\/sv\/wp-json\/wp\/v2\/product"}],"about":[{"href":"https:\/\/www.masterveil-eu.com\/sv\/wp-json\/wp\/v2\/types\/product"}],"version-history":[{"count":4,"href":"https:\/\/www.masterveil-eu.com\/sv\/wp-json\/wp\/v2\/product\/2087\/revisions"}],"predecessor-version":[{"id":39159,"href":"https:\/\/www.masterveil-eu.com\/sv\/wp-json\/wp\/v2\/product\/2087\/revisions\/39159"}],"wp:featuredmedia":[{"embeddable":true,"href":"https:\/\/www.masterveil-eu.com\/sv\/wp-json\/wp\/v2\/media\/6052"}],"wp:attachment":[{"href":"https:\/\/www.masterveil-eu.com\/sv\/wp-json\/wp\/v2\/media?parent=2087"}],"wp:term":[{"taxonomy":"product_category","embeddable":true,"href":"https:\/\/www.masterveil-eu.com\/sv\/wp-json\/wp\/v2\/product_category?post=2087"}],"curies":[{"name":"wp","href":"https:\/\/api.w.org\/{rel}","templated":true}]}}