{"id":2341,"date":"2024-02-27T15:03:44","date_gmt":"2024-02-27T13:03:44","guid":{"rendered":"https:\/\/masterveil.se\/air-curtains\/other\/portalen\/"},"modified":"2025-05-24T17:39:10","modified_gmt":"2025-05-24T15:39:10","slug":"portal-300","status":"publish","type":"product","link":"https:\/\/www.masterveil-eu.com\/sv\/luftridaer\/portal-300\/","title":{"rendered":"PORTAL 300 luftrid\u00e5 &#8211; L\u00e5gbyggt fl\u00e4ktaggregat"},"content":{"rendered":"<h2 class='g-block g-heading'>PORTAL 300 luftrid\u00e5 &#8211; Produktinformation<\/h2>\n\n<h3 class='g-block g-heading'>Anpassningsbar med Airstop-luftrid\u00e5er f\u00f6r \u00f6verl\u00e4gsen prestanda<\/h3>\n\n\n<p>Den eleganta boxen \u00e4r utrustad med fl\u00e4kt, vattenbatteri och panelfilter. Boxen ansluts till dubbla st\u00e5ende luftrid\u00e5trummor och kan anpassas efter \u00f6nskad bredd och h\u00f6jd. Den kan monteras som en del av undertaket, ovan undertaket eller vara helt frist\u00e5ende.<\/p>\n\n\n\n<p>Portal 300 \u00e4r utrustad med v\u00e5rt unika Airstop munstycke med knivstr\u00e5leteknik, vilket ger h\u00f6gre verkningsgrad \u00e4n traditionella luftrid\u00e5er.<\/p>\n\n\n<h3 class='g-block g-heading'>Nyckelfunktioner<\/h3>\n\n\n<ul class=\"wp-block-list\">\n<li>Kompakt luftrid\u00e5aggregat.<\/li>\n\n\n\n<li>Enkel underh\u00e5llsservice underifr\u00e5n.<\/li>\n\n\n\n<li>Ovanliggande aggregat med sidobl\u00e5sande trummor.<\/li>\n\n\n\n<li>Airstop-munstycke med knivstr\u00e5leteknik.<\/li>\n\n\n\n<li>Tystg\u00e5ende med utm\u00e4rkt motst\u00e5ndskraft.<\/li>\n\n\n\n<li>M\u00f6jlighet att montera luftrid\u00e5aggregatet p\u00e5 h\u00f6gkant.<\/li>\n\n\n\n<li>Passar f\u00f6r d\u00f6rrh\u00f6jder p\u00e5 upp till cirka 2,8 meter och en bredd p\u00e5 upp till cirka 2,7 meter.<\/li>\n\n\n\n<li>G\u00e5r att f\u00e5 i valfri RAL-kul\u00f6r eller i rostfritt utf\u00f6rande.<\/li>\n<\/ul>\n\n\n\n<p>Portal 300, din l\u00f6sning f\u00f6r effektiv klimatkontroll med avancerad teknologi. Kontakta oss f\u00f6r skr\u00e4ddarsydda alternativ som m\u00f6ter dina specifika behov.<\/p>\n\n\n<h3 class='g-block g-heading'>PORTAL 300 luftrid\u00e5 &#8211; Tekniska data<\/h3>\n\n\n<figure class=\"wp-block-table\"><table><thead><tr><th><\/th><th><strong>Portal 300<\/strong>-4.16<\/th><\/tr><\/thead><tbody><tr><td><strong>Typ av installation<\/strong><\/td><td>Aggregat med sidobl\u00e5sande rid\u00e5trummor<\/td><\/tr><tr><td><strong><strong>Max d\u00f6rrh\u00f6jd<\/strong><sub>&nbsp;<\/sub>(*)<\/strong><\/td><td>2,8 meter<\/td><\/tr><tr><td><strong>Standard kul\u00f6r<\/strong><\/td><td>RAL 9010<\/td><\/tr><tr><td><strong>L\u00e4ngd<\/strong>&nbsp;DS-rid\u00e5trummor (**)<\/td><td>D\u00f6rrh\u00f6jd +ca 50mm<\/td><\/tr><tr><td><strong>Diameter<\/strong>&nbsp;DS-rid\u00e5trummor (***)<\/td><td>250mm<\/td><\/tr><tr><td><strong>L\u00e4ngd<\/strong> (Aggregat)<\/td><td>2000mm<\/td><\/tr><tr><td><strong>H\u00f6jd<\/strong> (Aggregat)<\/td><td>300mm<\/td><\/tr><tr><td><strong>Djup<\/strong> (Aggregat) <\/td><td>900mm<\/td><\/tr><tr><td><strong>Luftfl\u00f6de<\/strong><\/td><td>4300m\u00b3\/h<\/td><\/tr><tr><td><strong>Munstycke<\/strong><\/td><td>Airstop<\/td><\/tr><tr><td><strong>Sp\u00e4nning V<\/strong><\/td><td>230<\/td><\/tr><tr><td><strong>Motoreffekt kW<\/strong><\/td><td>2,9<\/td><\/tr><tr><td><strong>Motorstr\u00f6m A<\/strong><\/td><td>12,8<\/td><\/tr><tr><td><strong>Frekvens Hz<\/strong><\/td><td>50<\/td><\/tr><tr><td><strong>IP<\/strong><\/td><td>54<\/td><\/tr><\/tbody><tfoot><tr><td><\/td><td><\/td><\/tr><\/tfoot><\/table><figcaption class=\"wp-element-caption\">(*) D\u00f6rrh\u00f6jden som \u00e4r m\u00f6jlig beror p\u00e5 bredden p\u00e5 d\u00f6rren.<br>(**) Ovanliggande rid\u00e5trumma =&nbsp;<strong>OL<\/strong>&nbsp;och Dubbla st\u00e5ende rid\u00e5trummor =&nbsp;<strong>DS<\/strong><br>(***) Diameter = Anslutnings storlek p\u00e5 rid\u00e5trumman<\/figcaption><\/figure>\n","protected":false},"excerpt":{"rendered":"Portalen representerar en framg\u00e5ngsrik sammansm\u00e4ltning av aggregatmodellernas kraft i en smidig design. H\u00e4r kombineras det b\u00e4sta fr\u00e5n tv\u00e5 olika tekniker f\u00f6r att skapa en exceptionell l\u00f6sning.","protected":false},"featured_media":2904,"menu_order":0,"template":"","meta":{"_acf_changed":false,"_seopress_robots_primary_cat":"none","_seopress_titles_title":"Luftrid\u00e5 Portal 300 %%sep%% Masterveil","_seopress_titles_desc":"Kompakt och effektivt luftrid\u00e5aggregat med avancerade Airstop luftrid\u00e5er.","_seopress_robots_index":"","_relevanssi_hide_post":"","_relevanssi_hide_content":"","_relevanssi_pin_for_all":"","_relevanssi_pin_keywords":"","_relevanssi_unpin_keywords":"","_relevanssi_related_keywords":"","_relevanssi_related_include_ids":"","_relevanssi_related_exclude_ids":"","_relevanssi_related_no_append":"","_relevanssi_related_not_related":"","_relevanssi_related_posts":"","_relevanssi_noindex_reason":"","footnotes":""},"product_category":[79],"class_list":["post-2341","product","type-product","status-publish","has-post-thumbnail","hentry","product_category-entreer"],"acf":[],"_links":{"self":[{"href":"https:\/\/www.masterveil-eu.com\/sv\/wp-json\/wp\/v2\/product\/2341","targetHints":{"allow":["GET"]}}],"collection":[{"href":"https:\/\/www.masterveil-eu.com\/sv\/wp-json\/wp\/v2\/product"}],"about":[{"href":"https:\/\/www.masterveil-eu.com\/sv\/wp-json\/wp\/v2\/types\/product"}],"version-history":[{"count":4,"href":"https:\/\/www.masterveil-eu.com\/sv\/wp-json\/wp\/v2\/product\/2341\/revisions"}],"predecessor-version":[{"id":39154,"href":"https:\/\/www.masterveil-eu.com\/sv\/wp-json\/wp\/v2\/product\/2341\/revisions\/39154"}],"wp:featuredmedia":[{"embeddable":true,"href":"https:\/\/www.masterveil-eu.com\/sv\/wp-json\/wp\/v2\/media\/2904"}],"wp:attachment":[{"href":"https:\/\/www.masterveil-eu.com\/sv\/wp-json\/wp\/v2\/media?parent=2341"}],"wp:term":[{"taxonomy":"product_category","embeddable":true,"href":"https:\/\/www.masterveil-eu.com\/sv\/wp-json\/wp\/v2\/product_category?post=2341"}],"curies":[{"name":"wp","href":"https:\/\/api.w.org\/{rel}","templated":true}]}}