{"id":2699,"date":"2024-03-05T12:46:11","date_gmt":"2024-03-05T10:46:11","guid":{"rendered":"https:\/\/masterveil.se\/?post_type=product&#038;p=2699"},"modified":"2026-01-21T12:34:26","modified_gmt":"2026-01-21T10:34:26","slug":"powerstream-dsb-comfort","status":"publish","type":"product","link":"https:\/\/www.masterveil-eu.com\/sv\/luftridaer\/powerstream-dsb-comfort\/","title":{"rendered":"POWERSTREAM DSB COMFORT luftrid\u00e5"},"content":{"rendered":"<h3 class='g-block g-heading'>Huvudfunktioner<\/h3>\n\n\n<ul class=\"wp-block-list\">\n<li>Speciellt anpassad f\u00f6r anv\u00e4ndning vid d\u00f6rrar mellan stora frysar i kombination med stora tempererade fr\u00e4mre rum<\/li>\n\n\n\n<li>Maximal effektivitet och l\u00e5g energif\u00f6rbrukning<\/li>\n\n\n\n<li>Skr\u00e4ddarsydd och modul\u00e4r design<\/li>\n\n\n\n<li>Finns \u00e4ven i en hygienisk design i rostfritt st\u00e5l<\/li>\n<\/ul>\n\n\n<h3 class='g-block g-heading'>Powerstream\u00ae<\/h3>\n\n\n<p>Tack vare den patenterade uppdelningen av funktioner i separations- och isoleringsluftstr\u00e5len minskas energibehovet till ett minimum. Som standard \u00e4r grundsystemet installerat p\u00e5 fryssidan. Till skillnad fr\u00e5n den typiska Masterveil-installationen n\u00e5s den skr\u00e4ddarsydda l\u00e4ngden genom att kombinera standardmoduler. Utbl\u00e5sningsmodulerna \u00e4r placerade till v\u00e4nster och h\u00f6ger om d\u00f6rren. Beroende p\u00e5 kraven \u00e4r isoleringsluftskiktet utformat med elektrisk v\u00e4rme, ett vattenbatteri (Glykol) eller en aktiv avfuktare. <strong>Powerstream DSB comfort<\/strong> installeras p\u00e5 den varma sidan och utrustas med en ML1350-isoleringluftstr\u00e5le.<\/p>\n\n\n<h4 class='g-block g-heading'>\u00d6vriga egenskaper<\/h4>\n\n\n<ul class=\"wp-block-list\">\n<li>Hela systemet styrs via ett styrsk\u00e5p vilket kan anslutas till byggnadens styrsystem.<\/li>\n\n\n\n<li>Fl\u00e4ktarna \u00e4r baserade p\u00e5 EC-teknik i enlighet med de senaste ErP-f\u00f6reskrifterna.<\/li>\n\n\n\n<li>De har ett justerbart driftl\u00e4ge, s\u00e5 att en nollpunkt uppn\u00e5s i varje installation vilket \u00e4r ett bevis p\u00e5 korrekt funktion.<\/li>\n\n\n\n<li>De speciellt utvecklade munstyckena har en mycket j\u00e4mn yta f\u00f6r att undvika minsta turbulens i luftstr\u00e5len.<\/li>\n<\/ul>\n","protected":false},"excerpt":{"rendered":"Detta unika h\u00f6gtrycks-luftrid\u00e5system utvecklades speciellt f\u00f6r anv\u00e4ndning vid d\u00f6rrar mellan stora frysar i kombination med stora tempererade fr\u00e4mre rum.","protected":false},"featured_media":5705,"menu_order":0,"template":"","meta":{"_acf_changed":false,"_seopress_robots_primary_cat":"none","_seopress_titles_title":"Powerstream DSB Comfort: Effektiv luftrid\u00e5 f\u00f6r frysportar","_seopress_titles_desc":"Powerstream DSB Comfort: Den energieffektiva luftrid\u00e5n f\u00f6r frysar. Maximera effektivitet, bibeh\u00e5ll temperaturer och minska kostnader.","_seopress_robots_index":"","_relevanssi_hide_post":"","_relevanssi_hide_content":"","_relevanssi_pin_for_all":"","_relevanssi_pin_keywords":"","_relevanssi_unpin_keywords":"","_relevanssi_related_keywords":"","_relevanssi_related_include_ids":"","_relevanssi_related_exclude_ids":"","_relevanssi_related_no_append":"","_relevanssi_related_not_related":"","_relevanssi_related_posts":"","_relevanssi_noindex_reason":"","footnotes":""},"product_category":[98],"class_list":["post-2699","product","type-product","status-publish","has-post-thumbnail","hentry","product_category-frysrum"],"acf":[],"_links":{"self":[{"href":"https:\/\/www.masterveil-eu.com\/sv\/wp-json\/wp\/v2\/product\/2699","targetHints":{"allow":["GET"]}}],"collection":[{"href":"https:\/\/www.masterveil-eu.com\/sv\/wp-json\/wp\/v2\/product"}],"about":[{"href":"https:\/\/www.masterveil-eu.com\/sv\/wp-json\/wp\/v2\/types\/product"}],"version-history":[{"count":5,"href":"https:\/\/www.masterveil-eu.com\/sv\/wp-json\/wp\/v2\/product\/2699\/revisions"}],"predecessor-version":[{"id":51832,"href":"https:\/\/www.masterveil-eu.com\/sv\/wp-json\/wp\/v2\/product\/2699\/revisions\/51832"}],"wp:featuredmedia":[{"embeddable":true,"href":"https:\/\/www.masterveil-eu.com\/sv\/wp-json\/wp\/v2\/media\/5705"}],"wp:attachment":[{"href":"https:\/\/www.masterveil-eu.com\/sv\/wp-json\/wp\/v2\/media?parent=2699"}],"wp:term":[{"taxonomy":"product_category","embeddable":true,"href":"https:\/\/www.masterveil-eu.com\/sv\/wp-json\/wp\/v2\/product_category?post=2699"}],"curies":[{"name":"wp","href":"https:\/\/api.w.org\/{rel}","templated":true}]}}