{"id":2778,"date":"2024-03-05T14:40:15","date_gmt":"2024-03-05T12:40:15","guid":{"rendered":"https:\/\/masterveil.se\/air-curtains\/powerstream-dsb\/"},"modified":"2026-01-21T12:33:45","modified_gmt":"2026-01-21T10:33:45","slug":"powerstream-dsb","status":"publish","type":"product","link":"https:\/\/www.masterveil-eu.com\/sv\/luftridaer\/powerstream-dsb\/","title":{"rendered":"POWERSTREAM DSB luftrid\u00e5"},"content":{"rendered":"<h2 class='g-block g-heading'>POWERSTREAM DSB luftrid\u00e5 &#8211; Produktinformation<\/h2>\n\n<h3 class='g-block g-heading'>Huvudegenskaper<\/h3>\n\n\n<ul class=\"wp-block-list\">\n<li>Skr\u00e4ddarsydd modul\u00e4r design<\/li>\n\n\n\n<li>S\u00e4rskilt utformad f\u00f6r fryslogistikmilj\u00f6er med utbytbara komponenter f\u00f6r att h\u00e5lla kostnaderna s\u00e5 l\u00e5ga som m\u00f6jligt.<\/li>\n\n\n\n<li>Speciellt utformad f\u00f6r olika typer av situationer och omr\u00e5den med olika niv\u00e5er av fuktbelastning.<\/li>\n\n\n\n<li>Finns \u00e4ven i hygieniskt rostfritt st\u00e5l.<\/li>\n<\/ul>\n\n\n<h3 class='g-block g-heading'>Powerstream\u00ae<\/h3>\n\n\n<p>Powerstream\u00ae-systemet best\u00e5r av en extern fl\u00e4kt och tv\u00e5 vertikala utloppsmoduler. Som standard \u00e4r detta grundsystem installerat p\u00e5 fryssidan. I motsats till den typiska Masterveil-metoden uppn\u00e5s den skr\u00e4ddarsydda l\u00e4ngden genom att kombinera standardmoduler. Utbl\u00e5sningsmodulerna \u00e4r placerade till v\u00e4nster och h\u00f6ger om d\u00f6rren.<\/p>\n\n\n<h3 class='g-block g-heading'>\u00d6vriga egenskaper<\/h3>\n\n\n<ul class=\"wp-block-list\">\n<li>Beroende p\u00e5 kraven konditioneras isoleringsluftskiktet med ett elektriskt v\u00e4rmebatteri, ett glykolbatteri eller en aktiv avfuktare.<\/li>\n\n\n\n<li>Tack vare den patenterade uppdelningen av funktionerna i en separerande och en isolerande luftstr\u00e5le reduceras energibehovet till ett minimum.<\/li>\n\n\n\n<li>Hela systemet styrs via ett styrsk\u00e5p och kan anslutas direkt till fastighetens ledningssystem.<\/li>\n\n\n\n<li>Fl\u00e4ktarna \u00e4r baserade p\u00e5 EC-teknik i enlighet med de senaste ErP-reglerna.<\/li>\n\n\n\n<li>De har ett justerbart driftl\u00e4ge s\u00e5 att en nollpunkt demonstreras i varje fall som bevis p\u00e5 korrekt funktion och avsk\u00e4rmning.<\/li>\n\n\n\n<li>De speciellt utvecklade munstyckena har en mycket sl\u00e4t yta f\u00f6r att undvika minsta turbulens i luftstr\u00e5len.<\/li>\n<\/ul>\n","protected":false},"excerpt":{"rendered":"Uppn\u00e5 h\u00f6gsta effektivitet och l\u00e4gsta energif\u00f6rbrukning med denna luftrid\u00e5 f\u00f6r frysutrymmen","protected":false},"featured_media":11253,"menu_order":0,"template":"","meta":{"_acf_changed":false,"_seopress_robots_primary_cat":"none","_seopress_titles_title":"POWERSTREAM DSB: Energieffektiv luftrid\u00e5 f\u00f6r frysd\u00f6rrar","_seopress_titles_desc":"Optimera din frysrums prestanda med Powerstream DSB luftrid\u00e5. Luftrid\u00e5 med h\u00f6g effektivitet och l\u00e5g energif\u00f6rbrukning f\u00f6r effektiv temperaturkontroll.","_seopress_robots_index":"","_relevanssi_hide_post":"","_relevanssi_hide_content":"","_relevanssi_pin_for_all":"","_relevanssi_pin_keywords":"","_relevanssi_unpin_keywords":"","_relevanssi_related_keywords":"","_relevanssi_related_include_ids":"","_relevanssi_related_exclude_ids":"","_relevanssi_related_no_append":"","_relevanssi_related_not_related":"","_relevanssi_related_posts":"","_relevanssi_noindex_reason":"","footnotes":""},"product_category":[98],"class_list":["post-2778","product","type-product","status-publish","has-post-thumbnail","hentry","product_category-frysrum"],"acf":[],"_links":{"self":[{"href":"https:\/\/www.masterveil-eu.com\/sv\/wp-json\/wp\/v2\/product\/2778","targetHints":{"allow":["GET"]}}],"collection":[{"href":"https:\/\/www.masterveil-eu.com\/sv\/wp-json\/wp\/v2\/product"}],"about":[{"href":"https:\/\/www.masterveil-eu.com\/sv\/wp-json\/wp\/v2\/types\/product"}],"version-history":[{"count":5,"href":"https:\/\/www.masterveil-eu.com\/sv\/wp-json\/wp\/v2\/product\/2778\/revisions"}],"predecessor-version":[{"id":51830,"href":"https:\/\/www.masterveil-eu.com\/sv\/wp-json\/wp\/v2\/product\/2778\/revisions\/51830"}],"wp:featuredmedia":[{"embeddable":true,"href":"https:\/\/www.masterveil-eu.com\/sv\/wp-json\/wp\/v2\/media\/11253"}],"wp:attachment":[{"href":"https:\/\/www.masterveil-eu.com\/sv\/wp-json\/wp\/v2\/media?parent=2778"}],"wp:term":[{"taxonomy":"product_category","embeddable":true,"href":"https:\/\/www.masterveil-eu.com\/sv\/wp-json\/wp\/v2\/product_category?post=2778"}],"curies":[{"name":"wp","href":"https:\/\/api.w.org\/{rel}","templated":true}]}}