{"id":2808,"date":"2024-03-01T07:48:31","date_gmt":"2024-03-01T05:48:31","guid":{"rendered":"https:\/\/masterveil.se\/air-curtains\/as-k\/"},"modified":"2026-03-03T15:37:05","modified_gmt":"2026-03-03T13:37:05","slug":"as-k-frysrum","status":"publish","type":"product","link":"https:\/\/www.masterveil-eu.com\/sv\/luftridaer\/as-k-frysrum\/","title":{"rendered":"AS-K luftrid\u00e5 &#8211; Frysrum"},"content":{"rendered":"<h2 class='g-block g-heading'>AS-K luftrid\u00e5 &#8211; Produktinformation<\/h2>\n\n<h3 class='g-block g-heading'>Flexibel och energieffektiv luftrid\u00e5l\u00f6sning f\u00f6r frysrum<\/h3>\n\n<h4 class='g-block g-heading'>Luftrid\u00e5trummor<\/h4>\n\n\n<p>Till AS-K- frysrum finns rid\u00e5trummorna i storlek fr\u00e5n \u2300250 till \u2300400.<\/p>\n\n\n\n<p>F\u00f6r mindre eller st\u00f6rre luftm\u00e4ngder erbjuder vi standardmodellerna S. \u2300250, S. \u2300315 och S. \u2300400. Vi har \u00e4ven cirkul\u00e4ra rid\u00e5trummor (C. \u2300250, C. \u2300315 och C. \u2300400) f\u00f6r specifika installationskrav, samt fyrkantiga och rektangul\u00e4ra modeller (F.250, F.315 och F.400) f\u00f6r att passa unika f\u00f6ruts\u00e4ttningar. F\u00f6r installationer med begr\u00e4nsad h\u00f6jd, exempelvis mellan innertak och d\u00f6rr\u00f6ppning, kan vi konstruera luftrid\u00e5trummor med l\u00e5g byggh\u00f6jd.<\/p>\n\n\n\n<p>Vi erbjuder ocks\u00e5 flexibilitet i installationen. Spirokanalen fr\u00e5n fl\u00e4ktaggregatet kan anslutas p\u00e5 valfri plats p\u00e5 luftrid\u00e5trumman, och trumman kan utrustas med ett f\u00f6rl\u00e4ngt munstycke f\u00f6r enkel integration med undertak.<\/p>\n\n\n\n<p><strong>Kontakta oss:<\/strong><\/p>\n\n\n\n<p>Om du har speciella installationsbehov, tveka inte att kontakta oss. Vi hj\u00e4lper dig g\u00e4rna att hitta den perfekta luftrid\u00e5l\u00f6sningen.<\/p>\n\n\n<h4 class='g-block g-heading'>Nyckelfunktioner<\/h4>\n\n\n<ul class=\"wp-block-list\">\n<li>V\u00e4lj mellan fem olika storlekar p\u00e5 fl\u00e4ktaggregat, med kapacitet fr\u00e5n 3500 m\u00b3\/h upp till 7000 m\u00b3\/h.<\/li>\n\n\n\n<li>Installera sidobl\u00e5sande eller \u00f6verliggande luftrid\u00e5er, beroende p\u00e5 dina preferenser och behov.<\/li>\n\n\n\n<li>Den frist\u00e5ende fl\u00e4ktenheten levererar h\u00f6g prestanda och h\u00f6g drifts\u00e4kerhet.<\/li>\n\n\n\n<li>Den avancerade airstop-teknologin ger effektiv kontroll av luftstr\u00e5len.<\/li>\n\n\n\n<li>V\u00e4lj mellan elektrisk uppv\u00e4rmning eller utan uppv\u00e4rmning.<\/li>\n\n\n\n<li>Enheten har kapacitet att driva en eller flera luftrid\u00e5er, vilket ger \u00f6kad flexibilitet.<\/li>\n\n\n\n<li>Passar f\u00f6r d\u00f6rrh\u00f6jder upp till cirka 5 meter.<\/li>\n\n\n\n<li>G\u00e5r att f\u00e5 i valfri RAL-kul\u00f6r eller rostfritt utf\u00f6rande.<\/li>\n<\/ul>\n\n\n<h3 class='g-block g-heading'>AS-K luftrid\u00e5 &#8211; Tekniska data<\/h3>\n\n\n<figure class=\"wp-block-table\"><table><thead><tr><th><\/th><th>AS 531K<\/th><th>AS 535K<\/th><th>AS 40K<\/th><th>AS 45K<\/th><th>AS 50K<\/th><\/tr><\/thead><tbody><tr><td><strong>Typ av installation<\/strong><\/td><td>Aggregat med kanalanslutna rid\u00e5trummor<\/td><td>Aggregat med kanalanslutna rid\u00e5trummor<\/td><td>Aggregat med kanalanslutna rid\u00e5trummor<\/td><td>Aggregat med kanalanslutna rid\u00e5trummor<\/td><td>Aggregat med kanalanslutna rid\u00e5trummor<\/td><\/tr><tr><td><strong><strong>Max d\u00f6rrh\u00f6jd<\/strong><sub>&nbsp;<\/sub>(*)<\/strong><\/td><td>5 meter<\/td><td>5 meter<\/td><td>5 meter<\/td><td>5 meter<\/td><td>5 meter<\/td><\/tr><tr><td><strong>Standard kul\u00f6r<\/strong> (Rid\u00e5trummor)<\/td><td>RAL 9010<\/td><td>RAL 9010<\/td><td>RAL 9010<\/td><td>RAL 9010<\/td><td>RAL 9010<\/td><\/tr><tr><td><strong>Standard material&nbsp;<\/strong>(Fl\u00e4ktaggregat)<\/td><td>Galvat<\/td><td>Galvat<\/td><td>Galvat<\/td><td>Galvat<\/td><td>Galvat<\/td><\/tr><tr><td><strong>L\u00e4ngd<\/strong>&nbsp;OL-rid\u00e5trumma (**)<\/td><td>D\u00f6rrbredd +ca 100mm<\/td><td>D\u00f6rrbredd +ca 100mm<\/td><td>D\u00f6rrbredd +ca 100mm<\/td><td>D\u00f6rrbredd +ca 100mm<\/td><td>D\u00f6rrbredd +ca 100mm<\/td><\/tr><tr><td><strong>L\u00e4ngd<\/strong>&nbsp;DS-rid\u00e5trummor (**)<\/td><td>D\u00f6rrh\u00f6jd +ca 50mm<\/td><td>D\u00f6rrh\u00f6jd +ca 50mm<\/td><td>D\u00f6rrh\u00f6jd +ca 50mmm<\/td><td>D\u00f6rrh\u00f6jd +ca 50mm<\/td><td>D\u00f6rrh\u00f6jd +ca 50mm<\/td><\/tr><tr><td><strong>Diameter<\/strong>&nbsp;OL-rid\u00e5trumma (***)<\/td><td>250mm<\/td><td>315mm<\/td><td>315mm<\/td><td>400mm<\/td><td>400mm<\/td><\/tr><tr><td><strong>Diameter<\/strong>&nbsp;DS-rid\u00e5trummor (***)<\/td><td>250mm<\/td><td>250mm<\/td><td>250mm<\/td><td>315mm<\/td><td>315mm<\/td><\/tr><tr><td><strong>L\u00e4ngd<\/strong> (Aggregat)<\/td><td>Se ritning<\/td><td>Se ritning<\/td><td>Se ritning<\/td><td>Se ritning<\/td><td>Se ritning<\/td><\/tr><tr><td><strong>H\u00f6jd<\/strong> (Aggregat)<\/td><td>Se ritning<\/td><td>Se ritning<\/td><td>Se ritning<\/td><td>Se ritning<\/td><td>Se ritning<\/td><\/tr><tr><td><strong>Djup<\/strong> (Aggregat) <\/td><td>Se ritning<\/td><td>Se ritning<\/td><td>Se ritning<\/td><td>Se ritning<\/td><td>Se ritning<\/td><\/tr><tr><td><strong>Luftfl\u00f6de<\/strong><\/td><td>3 500 m\u00b3\/h<\/td><td>4 000 m\u00b3\/h<\/td><td>5 000 m\u00b3\/h<\/td><td>6 000 m\u00b3\/h<\/td><td>7 000 m\u00b3\/h<\/td><\/tr><tr><td><strong>Munstycke<\/strong><\/td><td>Airstop<\/td><td>Airstop<\/td><td>Airstop<\/td><td>Airstop<\/td><td>Airstop<\/td><\/tr><tr><td><strong>Sp\u00e4nning V<\/strong><\/td><td>400<\/td><td>400<\/td><td>400<\/td><td>400<\/td><td>400<\/td><\/tr><tr><td><strong>Motoreffekt kW<\/strong><\/td><td>2,5<\/td><td>2,5<\/td><td>2,3<\/td><td>3,5<\/td><td>5,2<\/td><\/tr><tr><td><strong>Motorstr\u00f6m A<\/strong><\/td><td>3,9<\/td><td>3,8<\/td><td>3,5<\/td><td>5,4<\/td><td>8<\/td><\/tr><tr><td><strong>Frekvens Hz<\/strong><\/td><td>50<\/td><td>50<\/td><td>50<\/td><td>50<\/td><td>50<\/td><\/tr><tr><td><strong>IP<\/strong><\/td><td>54<\/td><td>54<\/td><td>54<\/td><td>54<\/td><td>54<\/td><\/tr><\/tbody><tfoot><tr><td><\/td><td><\/td><td><\/td><td><\/td><td><\/td><td><\/td><\/tr><\/tfoot><\/table><figcaption class=\"wp-element-caption\">(*) D\u00f6rrh\u00f6jden som \u00e4r m\u00f6jlig beror p\u00e5 bredden p\u00e5 d\u00f6rren.<br>(**) Ovanliggande rid\u00e5trumma =&nbsp;<strong>OL<\/strong>&nbsp;och Dubbla st\u00e5ende rid\u00e5trummor =&nbsp;<strong>DS<\/strong><br>(***) Diameter = Anslutnings storlek p\u00e5 rid\u00e5trumman<\/figcaption><\/figure>\n","protected":false},"excerpt":{"rendered":"Optimalt termiskt skydd f\u00f6r \u00f6ppningar till medelstora frysrum","protected":false},"featured_media":5749,"menu_order":0,"template":"","meta":{"_acf_changed":false,"_seopress_robots_primary_cat":"none","_seopress_titles_title":"AS-K Luftrid\u00e5er f\u00f6r Frysrum | Masterveil","_seopress_titles_desc":"Masterveils AS-K luftrid\u00e5er \u00e4r designade f\u00f6r att skydda ditt frysta lager och optimera prestandan i dina frysrum.","_seopress_robots_index":"","_relevanssi_hide_post":"","_relevanssi_hide_content":"","_relevanssi_pin_for_all":"","_relevanssi_pin_keywords":"","_relevanssi_unpin_keywords":"","_relevanssi_related_keywords":"","_relevanssi_related_include_ids":"","_relevanssi_related_exclude_ids":"","_relevanssi_related_no_append":"","_relevanssi_related_not_related":"","_relevanssi_related_posts":"","_relevanssi_noindex_reason":"","footnotes":""},"product_category":[146,98],"class_list":["post-2808","product","type-product","status-publish","has-post-thumbnail","hentry","product_category-as-k-externt-flakt-aggregat","product_category-frysrum"],"acf":[],"_links":{"self":[{"href":"https:\/\/www.masterveil-eu.com\/sv\/wp-json\/wp\/v2\/product\/2808","targetHints":{"allow":["GET"]}}],"collection":[{"href":"https:\/\/www.masterveil-eu.com\/sv\/wp-json\/wp\/v2\/product"}],"about":[{"href":"https:\/\/www.masterveil-eu.com\/sv\/wp-json\/wp\/v2\/types\/product"}],"version-history":[{"count":5,"href":"https:\/\/www.masterveil-eu.com\/sv\/wp-json\/wp\/v2\/product\/2808\/revisions"}],"predecessor-version":[{"id":58362,"href":"https:\/\/www.masterveil-eu.com\/sv\/wp-json\/wp\/v2\/product\/2808\/revisions\/58362"}],"wp:featuredmedia":[{"embeddable":true,"href":"https:\/\/www.masterveil-eu.com\/sv\/wp-json\/wp\/v2\/media\/5749"}],"wp:attachment":[{"href":"https:\/\/www.masterveil-eu.com\/sv\/wp-json\/wp\/v2\/media?parent=2808"}],"wp:term":[{"taxonomy":"product_category","embeddable":true,"href":"https:\/\/www.masterveil-eu.com\/sv\/wp-json\/wp\/v2\/product_category?post=2808"}],"curies":[{"name":"wp","href":"https:\/\/api.w.org\/{rel}","templated":true}]}}