{"id":2845,"date":"2024-02-29T17:51:41","date_gmt":"2024-02-29T15:51:41","guid":{"rendered":"https:\/\/masterveil.se\/air-curtains\/as-k-3\/"},"modified":"2025-05-24T17:37:36","modified_gmt":"2025-05-24T15:37:36","slug":"as-k-entreer","status":"publish","type":"product","link":"https:\/\/www.masterveil-eu.com\/sv\/luftridaer\/as-k-entreer\/","title":{"rendered":"AS-K luftrid\u00e5 &#8211; Entr\u00e9er"},"content":{"rendered":"<h2 class='g-block g-heading'>AS-K luftrid\u00e5 &#8211; Produktinformation<\/h2>\n\n<h3 class='g-block g-heading'>Flexibel och energieffektiv luftrid\u00e5l\u00f6sning f\u00f6r entr\u00e9er<\/h3>\n\n<h4 class='g-block g-heading'>Luftrid\u00e5trummor<\/h4>\n\n\n<p>Till AS-K \u2013 Entr\u00e9er \u00e4r standardstorleken f\u00f6r luftrid\u00e5trummor \u2300315 mm f\u00f6r ovanliggande montage och \u2300250 mm f\u00f6r dubbla st\u00e5ende luftrid\u00e5trummor.<br><br>F\u00f6r mindre eller st\u00f6rre luftm\u00e4ngder erbjuder vi standardmodellerna S.\u2300250, S.\u2300315 och S.\u2300400. Vi har \u00e4ven cirkul\u00e4ra rid\u00e5trummor (C.\u2300250, C.\u2300315 och C.\u2300400) f\u00f6r specifika installationskrav, samt fyrkantiga och rektangul\u00e4ra modeller (F.250, F.315 och F.400) f\u00f6r att passa unika f\u00f6ruts\u00e4ttningar. F\u00f6r installationer med begr\u00e4nsad h\u00f6jd, exempelvis mellan innertak och d\u00f6rr\u00f6ppning, kan vi konstruera luftrid\u00e5trummor med l\u00e5g byggh\u00f6jd.<\/p>\n\n\n\n<p>Vi erbjuder ocks\u00e5 flexibilitet i installationen. Spirokanalen fr\u00e5n fl\u00e4ktaggregatet kan anslutas p\u00e5 valfri plats p\u00e5 luftrid\u00e5trumman, och trumman kan utrustas med ett f\u00f6rl\u00e4ngt munstycke f\u00f6r enkel integration med undertak.<\/p>\n\n\n\n<p><strong>Kontakta oss:<\/strong><br>Om du har speciella installationsbehov, tveka inte att kontakta oss. Vi hj\u00e4lper dig g\u00e4rna att hitta den perfekta luftrid\u00e5l\u00f6sningen.<\/p>\n\n\n<h4 class='g-block g-heading'>Nyckelfunktioner<\/h4>\n\n\n<ul class=\"wp-block-list\">\n<li>V\u00e4lj mellan tre olika storlekar p\u00e5 fl\u00e4ktaggregat, med kapacitet fr\u00e5n 5000 m\u00b3\/h upp till 7000 m\u00b3\/h.<\/li>\n\n\n\n<li>Installera sidobl\u00e5sande eller ovanliggande luftrid\u00e5er, beroende p\u00e5 dina preferenser och behov.<\/li>\n\n\n\n<li>Den frist\u00e5ende fl\u00e4ktenheten levererar h\u00f6g prestanda och h\u00f6g drifts\u00e4kerhet.<\/li>\n\n\n\n<li>Den avancerade airstop-teknologin ger effektiv kontroll av luftstr\u00e5len.<\/li>\n\n\n\n<li>V\u00e4lj mellan elektrisk uppv\u00e4rmning eller vattenuppv\u00e4rmning.<\/li>\n\n\n\n<li>L\u00f6sningen med vattenuppv\u00e4rmning inkluderar luftfilter f\u00f6r optimal luftkvalitet.<\/li>\n\n\n\n<li>Enheten har kapacitet att driva en eller flera luftrid\u00e5er, vilket ger \u00f6kad flexibilitet.<\/li>\n\n\n\n<li>Passar f\u00f6r d\u00f6rrh\u00f6jder upp till cirka 5 meter.<\/li>\n\n\n\n<li>G\u00e5r att f\u00e5 i valfri RAL-kul\u00f6r eller rostfritt utf\u00f6rande.<\/li>\n<\/ul>\n\n\n<h3 class='g-block g-heading'>AS-K luftrid\u00e5 &#8211; Tekniska data<\/h3>\n\n\n<figure class=\"wp-block-table\"><table><thead><tr><th><\/th><th>AS 40K<\/th><th>AS 45K<\/th><th>AS 50K<\/th><\/tr><\/thead><tbody><tr><td><strong>Typ av installation<\/strong><\/td><td>Aggregat med kanalanslutna rid\u00e5trummor<\/td><td>Aggregat med kanalanslutna rid\u00e5trummor<\/td><td>Aggregat med kanalanslutna rid\u00e5trummor<\/td><\/tr><tr><td><strong>Max d\u00f6rrh\u00f6jd<sub>&nbsp;<\/sub>(*)<\/strong><\/td><td>5 meter<\/td><td>5 meter<\/td><td>5 meter<\/td><\/tr><tr><td><strong>Standard kul\u00f6r<\/strong>&nbsp;(Rid\u00e5trummor)<\/td><td>RAL 9010<\/td><td>RAL 9010<\/td><td>RAL 9010<\/td><\/tr><tr><td><strong>Standard material&nbsp;<\/strong>(Fl\u00e4ktaggregat)<\/td><td>Galvat<\/td><td>Galvat<\/td><td>Galvat<\/td><\/tr><tr><td><strong>L\u00e4ngd<\/strong>&nbsp;OL-rid\u00e5trumma (**)<\/td><td>D\u00f6rrbredd +ca 100mm<\/td><td>D\u00f6rrbredd +ca 100mm<\/td><td>D\u00f6rrbredd +ca 100mm<\/td><\/tr><tr><td><strong>L\u00e4ngd<\/strong>&nbsp;DS-rid\u00e5trummor (**)<\/td><td>D\u00f6rrh\u00f6jd +ca 50mmm<\/td><td>D\u00f6rrh\u00f6jd +ca 50mm<\/td><td>D\u00f6rrh\u00f6jd +ca 50mm<\/td><\/tr><tr><td><strong>Diameter<\/strong>&nbsp;OL-rid\u00e5trumma (***)<\/td><td>250-315mm<\/td><td>250-400mm<\/td><td>250-400mm<\/td><\/tr><tr><td><strong>Diameter<\/strong>&nbsp;DS-rid\u00e5trummor (***)<\/td><td>250mm<\/td><td>250-315mm<\/td><td>250-315mm<\/td><\/tr><tr><td><strong>L\u00e4ngd<\/strong>&nbsp;(Aggregat)<\/td><td>Se ritning<\/td><td>Se ritning<\/td><td>Se ritning<\/td><\/tr><tr><td><strong>H\u00f6jd<\/strong>&nbsp;(Aggregat)<\/td><td>Se ritning<\/td><td>Se ritning<\/td><td>Se ritning<\/td><\/tr><tr><td><strong>Djup<\/strong>&nbsp;(Aggregat)<\/td><td>Se ritning<\/td><td>Se ritning<\/td><td>Se ritning<\/td><\/tr><tr><td><strong>Luftfl\u00f6de<\/strong><\/td><td>5 000 m\u00b3\/h<\/td><td>6 000 m\u00b3\/h<\/td><td>7 000 m\u00b3\/h<\/td><\/tr><tr><td><strong>Munstycke<\/strong><\/td><td>Airstop<\/td><td>Airstop<\/td><td>Airstop<\/td><\/tr><tr><td><strong>Sp\u00e4nning V<\/strong><\/td><td>400<\/td><td>400<\/td><td>400<\/td><\/tr><tr><td><strong>Motoreffekt kW<\/strong><\/td><td>2,3<\/td><td>3,5<\/td><td>5,2<\/td><\/tr><tr><td><strong>Motorstr\u00f6m A<\/strong><\/td><td>3,5<\/td><td>5,4<\/td><td>8<\/td><\/tr><tr><td><strong>Frekvens Hz<\/strong><\/td><td>50<\/td><td>50<\/td><td>50<\/td><\/tr><tr><td><strong>IP<\/strong><\/td><td>54<\/td><td>54<\/td><td>54<\/td><\/tr><\/tbody><tfoot><tr><td><\/td><td><\/td><td><\/td><td><\/td><\/tr><\/tfoot><\/table><figcaption class=\"wp-element-caption\">(*) D\u00f6rrh\u00f6jden som \u00e4r m\u00f6jlig beror p\u00e5 bredden p\u00e5 d\u00f6rren.<br>(**) Ovanliggande rid\u00e5trumma =&nbsp;<strong>OL<\/strong>&nbsp;och Dubbla st\u00e5ende rid\u00e5trummor =&nbsp;<strong>DS<\/strong><br>(***) Diameter = Anslutnings storlek p\u00e5 rid\u00e5trumman beroende p\u00e5 antal rid\u00e5trummor till samma fl\u00e4kt och vilken luftm\u00e4ngd vi ha till varje d\u00f6rr<\/figcaption><\/figure>\n","protected":false},"excerpt":{"rendered":"Effektiva luftrid\u00e5l\u00f6sningar f\u00f6r medelstora och stora entr\u00e9er","protected":false},"featured_media":5895,"menu_order":0,"template":"","meta":{"_acf_changed":false,"_seopress_robots_primary_cat":"none","_seopress_titles_title":"Skapa en Inbjudande Entr\u00e9 med Masterveils AS K Luftrid\u00e5er","_seopress_titles_desc":"Masterveils AS-K luftrid\u00e5er \u00e4r designade f\u00f6r att ge optimal klimatkontroll med en elegant och modern design vid entr\u00e9er","_seopress_robots_index":"","_relevanssi_hide_post":"","_relevanssi_hide_content":"","_relevanssi_pin_for_all":"","_relevanssi_pin_keywords":"","_relevanssi_unpin_keywords":"","_relevanssi_related_keywords":"","_relevanssi_related_include_ids":"","_relevanssi_related_exclude_ids":"","_relevanssi_related_no_append":"","_relevanssi_related_not_related":"","_relevanssi_related_posts":"","_relevanssi_noindex_reason":"","footnotes":""},"product_category":[146,79],"class_list":["post-2845","product","type-product","status-publish","has-post-thumbnail","hentry","product_category-as-k-externt-flakt-aggregat","product_category-entreer"],"acf":[],"_links":{"self":[{"href":"https:\/\/www.masterveil-eu.com\/sv\/wp-json\/wp\/v2\/product\/2845","targetHints":{"allow":["GET"]}}],"collection":[{"href":"https:\/\/www.masterveil-eu.com\/sv\/wp-json\/wp\/v2\/product"}],"about":[{"href":"https:\/\/www.masterveil-eu.com\/sv\/wp-json\/wp\/v2\/types\/product"}],"version-history":[{"count":4,"href":"https:\/\/www.masterveil-eu.com\/sv\/wp-json\/wp\/v2\/product\/2845\/revisions"}],"predecessor-version":[{"id":39152,"href":"https:\/\/www.masterveil-eu.com\/sv\/wp-json\/wp\/v2\/product\/2845\/revisions\/39152"}],"wp:featuredmedia":[{"embeddable":true,"href":"https:\/\/www.masterveil-eu.com\/sv\/wp-json\/wp\/v2\/media\/5895"}],"wp:attachment":[{"href":"https:\/\/www.masterveil-eu.com\/sv\/wp-json\/wp\/v2\/media?parent=2845"}],"wp:term":[{"taxonomy":"product_category","embeddable":true,"href":"https:\/\/www.masterveil-eu.com\/sv\/wp-json\/wp\/v2\/product_category?post=2845"}],"curies":[{"name":"wp","href":"https:\/\/api.w.org\/{rel}","templated":true}]}}