{"id":5074,"date":"2024-04-11T07:12:30","date_gmt":"2024-04-11T05:12:30","guid":{"rendered":"https:\/\/masterveil.se\/air-curtains\/nattgardin-rullgardin\/"},"modified":"2025-02-07T15:38:50","modified_gmt":"2025-02-07T13:38:50","slug":"nattgardin-rullgardin","status":"publish","type":"product","link":"https:\/\/www.masterveil-eu.com\/sv\/luftridaer\/nattgardin-rullgardin\/","title":{"rendered":"NATTGARDIN &#8211; Rullgardin (Endast den skandinaviska marknaden)"},"content":{"rendered":"<h2 class='g-block g-heading'>Produktinformation<\/h2>\n\n<h3 class='g-block g-heading'>Funktioner och f\u00f6rdelar<\/h3>\n\n\n<ul class=\"wp-block-list\">\n<li><strong>Temperaturkontroll:<\/strong> Nattgardinen hj\u00e4lper till att bibeh\u00e5lla en j\u00e4mn och optimal temperatur inuti kylrummet eller frukt- och gr\u00f6nsaksrummet under natten, vilket \u00e4r avg\u00f6rande f\u00f6r att bevara produktens kvalitet och f\u00e4rskhet.<\/li>\n\n\n\n<li><strong>Energieffektivitet:<\/strong> Genom att isolera det kylda utrymmet fr\u00e5n omgivande milj\u00f6f\u00f6rh\u00e5llanden minskar nattgardinen energif\u00f6rluster och hj\u00e4lper till att minska driftskostnaderna f\u00f6r kylsystemet.<\/li>\n\n\n\n<li><strong>Anpassningsbarhet:<\/strong> Nattgardinen kan anpassas efter olika storlekar och typer av kylda utrymmen f\u00f6r att s\u00e4kerst\u00e4lla en effektiv t\u00e4ckning och optimal f\u00f6rvaring av produkterna under natten.<\/li>\n<\/ul>\n\n\n\n<p>Denna nattgardin f\u00f6r kylda utrymmen en viktig del av butikens temperaturkontroll som bidrar till att bevara produkternas kvalitet och f\u00e4rskhet samt minska energif\u00f6rbrukningen och driftskostnaderna.<\/p>\n","protected":false},"excerpt":{"rendered":"Nattgardin f\u00f6r matbutiker &#8211; det perfekta valet f\u00f6r frukt- och gr\u00f6nt, mejerirum och charkavdelningar.","protected":false},"featured_media":6054,"menu_order":0,"template":"","meta":{"_acf_changed":false,"_seopress_robots_primary_cat":"none","_seopress_titles_title":"","_seopress_titles_desc":"","_seopress_robots_index":"","_relevanssi_hide_post":"","_relevanssi_hide_content":"","_relevanssi_pin_for_all":"","_relevanssi_pin_keywords":"","_relevanssi_unpin_keywords":"","_relevanssi_related_keywords":"","_relevanssi_related_include_ids":"","_relevanssi_related_exclude_ids":"","_relevanssi_related_no_append":"","_relevanssi_related_not_related":"","_relevanssi_related_posts":"","_relevanssi_noindex_reason":"","footnotes":""},"product_category":[150],"class_list":["post-5074","product","type-product","status-publish","has-post-thumbnail","hentry","product_category-nattgardin"],"acf":[],"_links":{"self":[{"href":"https:\/\/www.masterveil-eu.com\/sv\/wp-json\/wp\/v2\/product\/5074","targetHints":{"allow":["GET"]}}],"collection":[{"href":"https:\/\/www.masterveil-eu.com\/sv\/wp-json\/wp\/v2\/product"}],"about":[{"href":"https:\/\/www.masterveil-eu.com\/sv\/wp-json\/wp\/v2\/types\/product"}],"version-history":[{"count":2,"href":"https:\/\/www.masterveil-eu.com\/sv\/wp-json\/wp\/v2\/product\/5074\/revisions"}],"predecessor-version":[{"id":33785,"href":"https:\/\/www.masterveil-eu.com\/sv\/wp-json\/wp\/v2\/product\/5074\/revisions\/33785"}],"wp:featuredmedia":[{"embeddable":true,"href":"https:\/\/www.masterveil-eu.com\/sv\/wp-json\/wp\/v2\/media\/6054"}],"wp:attachment":[{"href":"https:\/\/www.masterveil-eu.com\/sv\/wp-json\/wp\/v2\/media?parent=5074"}],"wp:term":[{"taxonomy":"product_category","embeddable":true,"href":"https:\/\/www.masterveil-eu.com\/sv\/wp-json\/wp\/v2\/product_category?post=5074"}],"curies":[{"name":"wp","href":"https:\/\/api.w.org\/{rel}","templated":true}]}}