{"id":5077,"date":"2024-04-11T07:17:47","date_gmt":"2024-04-11T05:17:47","guid":{"rendered":"https:\/\/masterveil.se\/air-curtains\/nattgardin-rullport\/"},"modified":"2025-02-07T15:40:06","modified_gmt":"2025-02-07T13:40:06","slug":"nattgardin-rullport","status":"publish","type":"product","link":"https:\/\/www.masterveil-eu.com\/sv\/luftridaer\/nattgardin-rullport\/","title":{"rendered":"Isolerad nattgardin &#8211; Rullport (Endast den skandinaviska marknaden)"},"content":{"rendered":"<h2 class='g-block g-heading'>Produktinformation<\/h2>\n\n<h3 class='g-block g-heading'>Funktioner och f\u00f6rdelar<\/h3>\n\n\n<ul class=\"wp-block-list\">\n<li><strong>Isolerade aluminiumlameller:<\/strong> Dessa lameller ger utm\u00e4rkt isolering och hj\u00e4lper till att h\u00e5lla din \u00f6nskade temperatur.<\/li>\n\n\n\n<li><strong>Automatiskt stopp av luftrid\u00e5n n\u00e4r nattrid\u00e5n \u00e4r st\u00e4ngd:<\/strong> Detta s\u00e4kerst\u00e4ller att luftrid\u00e5n inte g\u00e5r i on\u00f6dan n\u00e4r nattrid\u00e5n \u00e4r st\u00e4ngd, vilket sparar energi.<\/li>\n\n\n\n<li><strong>Somfy-motorer:<\/strong> Somfy-motorer \u00e4r k\u00e4nda f\u00f6r sin tillf\u00f6rlitlighet och tysta drift.<\/li>\n\n\n\n<li><strong>Skr\u00e4ddarsys p\u00e5 best\u00e4llning:<\/strong> Nattgardinen kan tillverkas i valfri storlek f\u00f6r att passa dina specifika behov.<\/li>\n\n\n\n<li><strong>Avtagbar glidskena i mitten f\u00f6r stora \u00f6ppningar:<\/strong> Detta m\u00f6jligg\u00f6r enkel \u00e5tkomst till utrymmet bakom nattgardinen.<\/li>\n<\/ul>\n\n\n\n<p>Denna isolerade nattgardin f\u00f6r kylda utrymmen en viktig del av butikens temperaturkontroll som bidrar till att bevara produkternas kvalitet och f\u00e4rskhet samt minska energif\u00f6rbrukningen och driftskostnaderna.<\/p>\n\n\n<h3 class='g-block g-heading'>Tekniska data<\/h3>\n\n\n<figure class=\"wp-block-table\"><table><thead><tr><th><\/th><th>ALUGIX-55-MV-1<\/th><th>ALUGIX-55-MV-2<\/th><th>ALUGIX-55-MV-3<\/th><\/tr><\/thead><tbody><tr><td>Storlek DxH mm<\/td><td>300&#215;300<\/td><td>300&#215;300<\/td><td>300&#215;300<\/td><\/tr><tr><td>L\u00e4ngd mm<\/td><td>Skr\u00e4ddarsys &lt;3000mm<\/td><td>Skr\u00e4ddarsys 3000-5000mm<\/td><td>Skr\u00e4ddarsys &gt;5000mm<\/td><\/tr><tr><td>Vikt<\/td><td>Ca 18 kg\/m<\/td><td>Ca 18 kg\/m<\/td><td>Ca 18 kg\/m<\/td><\/tr><tr><td>Sp\u00e4nning V<\/td><td>230<\/td><td>230<\/td><td>230<\/td><\/tr><tr><td>Motoreffekt kW<\/td><td>0,390<\/td><td>0,430<\/td><td>x<\/td><\/tr><tr><td>Motorstr\u00f6m A<\/td><td>3,4<\/td><td>3,8<\/td><td>x<\/td><\/tr><tr><td>Frekvens Hz<\/td><td>50<\/td><td>50<\/td><td>x<\/td><\/tr><tr><td>IP<\/td><td>44<\/td><td>44<\/td><td>44<\/td><\/tr><tr><td>Ljud (dBA)<\/td><td>65<\/td><td>67<\/td><td>x<\/td><\/tr><\/tbody><tfoot><tr><td><\/td><td><\/td><td><\/td><td><\/td><\/tr><\/tfoot><\/table><\/figure>\n","protected":false},"excerpt":{"rendered":"Isolerad nattgardin f\u00f6r frukt- och gr\u00f6nt, mejerirum och charkavdelningar i matbutiker.","protected":false},"featured_media":5421,"menu_order":0,"template":"","meta":{"_acf_changed":false,"_seopress_robots_primary_cat":"none","_seopress_titles_title":"","_seopress_titles_desc":"Isolerad nattgardin f\u00f6r frukt- och gr\u00f6nt, mejerirum och charkavdelningar i matbutiker.","_seopress_robots_index":"","_relevanssi_hide_post":"","_relevanssi_hide_content":"","_relevanssi_pin_for_all":"","_relevanssi_pin_keywords":"","_relevanssi_unpin_keywords":"","_relevanssi_related_keywords":"","_relevanssi_related_include_ids":"","_relevanssi_related_exclude_ids":"","_relevanssi_related_no_append":"","_relevanssi_related_not_related":"","_relevanssi_related_posts":"9150,7697,30151,6227,6253,6213","_relevanssi_noindex_reason":"","footnotes":""},"product_category":[150],"class_list":["post-5077","product","type-product","status-publish","has-post-thumbnail","hentry","product_category-nattgardin"],"acf":[],"_links":{"self":[{"href":"https:\/\/www.masterveil-eu.com\/sv\/wp-json\/wp\/v2\/product\/5077","targetHints":{"allow":["GET"]}}],"collection":[{"href":"https:\/\/www.masterveil-eu.com\/sv\/wp-json\/wp\/v2\/product"}],"about":[{"href":"https:\/\/www.masterveil-eu.com\/sv\/wp-json\/wp\/v2\/types\/product"}],"version-history":[{"count":1,"href":"https:\/\/www.masterveil-eu.com\/sv\/wp-json\/wp\/v2\/product\/5077\/revisions"}],"predecessor-version":[{"id":33786,"href":"https:\/\/www.masterveil-eu.com\/sv\/wp-json\/wp\/v2\/product\/5077\/revisions\/33786"}],"wp:featuredmedia":[{"embeddable":true,"href":"https:\/\/www.masterveil-eu.com\/sv\/wp-json\/wp\/v2\/media\/5421"}],"wp:attachment":[{"href":"https:\/\/www.masterveil-eu.com\/sv\/wp-json\/wp\/v2\/media?parent=5077"}],"wp:term":[{"taxonomy":"product_category","embeddable":true,"href":"https:\/\/www.masterveil-eu.com\/sv\/wp-json\/wp\/v2\/product_category?post=5077"}],"curies":[{"name":"wp","href":"https:\/\/api.w.org\/{rel}","templated":true}]}}